{"id":18,"date":"2014-10-01T16:15:05","date_gmt":"2014-10-01T14:15:05","guid":{"rendered":"http:\/\/people.unil.ch\/monikasalzbrunn\/?page_id=18"},"modified":"2014-10-07T18:57:11","modified_gmt":"2014-10-07T16:57:11","slug":"research","status":"publish","type":"page","link":"https:\/\/people.unil.ch\/monikasalzbrunn\/research\/","title":{"rendered":"Research"},"content":{"rendered":"<p style=\"text-align: justify\"><strong>Undocumented Mobility (Tunisia-Switzerland) and Digital-Cultural Ressources after the &#8220;Arab \u00a0Spring&#8221;<\/strong>\u00a0Project funded by the Swiss National\u00a0Science Foundation\u00a02014-2017<\/p>\n<p style=\"text-align: justify\"><strong>(In)visible islam in the city:\u00a0Material and Immaterial expressions of Muslim\u00a0practices within urban spaces in Switzerland\u00a0<\/strong>Project funded by the Swiss National\u00a0Science Foundation\u00a02013-2016<\/p>\n<p style=\"text-align: justify\"><strong>Anthropology of the Street: Paris &#8211; Tokyo<\/strong> Project funded by the Research Ministry of Japan 2011-2015<\/p>\n<p style=\"text-align: justify\"><strong>International Migration Europe &#8211; China: Shifting Politics of Belonging<\/strong> Project funded by the European Commission 2010-2013<\/p>\n<p style=\"text-align: justify\"><strong>R\u00e9seaux sociaux transnationaux: l&#8217;occupation de l&#8217;espace public par les confr\u00e9ries soufies aux Etats-Unis et en Europe (Suisse, France, Italie, Allemagne)<\/strong><\/p>\n<p style=\"text-align: justify\"><strong>Les carnavals euro-m\u00e9diterran\u00e9ens entre subversion et folklorisation<\/strong> Project\u00a0funded by the\u00a0MuCEM (Mus\u00e9e des Cultures Euro-M\u00e9diterran\u00e9ennes, Marseille) 2013-2014<\/p>\n<p style=\"text-align: justify\"><strong>Ruhr Area and Istanbul: The Economies of Urban Diversity <\/strong>Project funded in the realm of the Global Young Faculty\/Foundation Mercator 2009-2013<\/p>\n","protected":false},"excerpt":{"rendered":"<p>Undocumented Mobility (Tunisia-Switzerland) and Digital-Cultural Ressources after the &#8220;Arab \u00a0Spring&#8221;\u00a0Project funded by the Swiss National\u00a0Science Foundation\u00a02014-2017 (In)visible islam in the city:\u00a0Material and Immaterial expressions of Muslim\u00a0practices within urban spaces in Switzerland\u00a0Project funded by the Swiss National\u00a0Science Foundation\u00a02013-2016 Anthropology of the Street: Paris &#8211; Tokyo Project funded by the Research Ministry of Japan 2011-2015 International Migration &hellip; <\/p>\n<p class=\"link-more\"><a href=\"https:\/\/people.unil.ch\/monikasalzbrunn\/research\/\" class=\"more-link\">Continue reading<span class=\"screen-reader-text\"> &#8220;Research&#8221;<\/span><\/a><\/p>\n","protected":false},"author":1001008,"featured_media":0,"parent":0,"menu_order":4,"comment_status":"closed","ping_status":"closed","template":"","meta":{"_seopress_robots_primary_cat":"","_seopress_titles_title":"","_seopress_titles_desc":"","_seopress_robots_index":"","footnotes":""},"class_list":["post-18","page","type-page","status-publish"],"_links":{"self":[{"href":"https:\/\/people.unil.ch\/monikasalzbrunn\/wp-json\/wp\/v2\/pages\/18","targetHints":{"allow":["GET"]}}],"collection":[{"href":"https:\/\/people.unil.ch\/monikasalzbrunn\/wp-json\/wp\/v2\/pages"}],"about":[{"href":"https:\/\/people.unil.ch\/monikasalzbrunn\/wp-json\/wp\/v2\/types\/page"}],"author":[{"embeddable":true,"href":"https:\/\/people.unil.ch\/monikasalzbrunn\/wp-json\/wp\/v2\/users\/1001008"}],"replies":[{"embeddable":true,"href":"https:\/\/people.unil.ch\/monikasalzbrunn\/wp-json\/wp\/v2\/comments?post=18"}],"version-history":[{"count":0,"href":"https:\/\/people.unil.ch\/monikasalzbrunn\/wp-json\/wp\/v2\/pages\/18\/revisions"}],"wp:attachment":[{"href":"https:\/\/people.unil.ch\/monikasalzbrunn\/wp-json\/wp\/v2\/media?parent=18"}],"curies":[{"name":"wp","href":"https:\/\/api.w.org\/{rel}","templated":true}]}}