{"id":22,"date":"2014-10-01T16:16:32","date_gmt":"2014-10-01T14:16:32","guid":{"rendered":"http:\/\/people.unil.ch\/monikasalzbrunn\/?page_id=22"},"modified":"2023-06-21T19:15:07","modified_gmt":"2023-06-21T17:15:07","slug":"media","status":"publish","type":"page","link":"https:\/\/people.unil.ch\/monikasalzbrunn\/media\/","title":{"rendered":"Media"},"content":{"rendered":"<p>2023 : TV5 Monde\/RTS Objectif Monde Hebdo : Panama, on a travers\u00e9 l\u2019enfer vert. 10 juin. <a href=\"https:\/\/www.tv5monde.com\/emissions\/episode\/objectif-monde-lhebdo-panama-on-a-traverse-l-enfer-vert\">https:\/\/www.tv5monde.com\/emissions\/episode\/objectif-monde-lhebdo-panama-on-a-traverse-l-enfer-vert<\/a><\/p>\n<p><a href=\"https:\/\/www.rts.ch\/play\/tv\/objectif-monde-lhebdo\/video\/panama--on-a-traverse-lenfer-vert?urn=urn:rts:video:14075550\">https:\/\/www.rts.ch\/play\/tv\/objectif-monde-lhebdo\/video\/panama&#8211;on-a-traverse-lenfer-vert?urn=urn:rts:video:14075550<\/a><\/p>\n<p>2023\u00a0: 150 ans du Carnaval de Nice &#8211; Retours de colloque. <a href=\"https:\/\/audioblog.arteradio.com\/blog\/153992\/podcast\/200246\/34-150-ans-du-carnaval-de-nice-retours-de-colloque\">Emission ETHNO-VIBRO &#8211; Audio Blog ArteRadio &#8211; 15.03.2023 (Annie Sidro, Laurent-Sebastien Fournier, Monika Salzbrunn, Federica Moretti et Ana\u00efs Vaillant.<\/a> <a href=\"https:\/\/audioblog.arteradio.com\/blog\/153992\/podcast\/200246\/34-150-ans-du-carnaval-de-nice-retours-de-colloque\">https:\/\/audioblog.arteradio.com\/blog\/153992\/podcast\/200246\/34-150-ans-du-carnaval-de-nice-retours-de-colloque<\/a><\/p>\n<p>2021\u00a0: Femmes de sciences. Portrait de Monika Salzbrunn dans l\u2019exposition interactive organis\u00e9e par le Service de M\u00e9diation Culturelle de l\u2019Unil. <a href=\"https:\/\/wp.unil.ch\/dehautelutte\/1044-2\/\">https:\/\/wp.unil.ch\/dehautelutte\/1044-2\/<\/a><\/p>\n<p>2021\u00a0: Femmes de sciences\u00a0: Travail p\u00e9dagogique de Monika Salzbrunn avec des \u00e9l\u00e8ves du Coll\u00e8ge de l\u2019Elys\u00e9e sur l\u2019anthropologue Edith Turner, pour le Service de M\u00e9diation Culturelle de l\u2019Unil. <a href=\"https:\/\/wp.unil.ch\/dehautelutte\/edith-turner\/\">https:\/\/wp.unil.ch\/dehautelutte\/edith-turner\/<\/a><\/p>\n<p>17 f\u00e9vrier 2021\u00a0: Monika Salzbrunn est l\u2019invit\u00e9e de l\u2019\u00e9mission \u00ab\u00a0Brouhaha\u00a0\u00bb consacr\u00e9e au carnaval. [En ligne] https:\/\/www.rts.ch\/play\/radio\/brouhaha\/audio\/le-carnaval?id=11946320<\/p>\n<p>6 octobre 2019: <strong>&#8220;Diversit\u00e4tssensibilit\u00e4t in der Kulturpolitik&#8221;<\/strong>, Web-Talk organis\u00e9 par\u00a0Kulturpolitische Gesellschaft (en allemand). [En ligne] https:\/\/www.youtube.com\/watch?v=dDwzszLeY3c&amp;list=PLnYMRojixOEQqVzNLS8BNwrn2mDD0XZBW<\/p>\n<p>Printemps 2019: <strong>&#8220;Die Religi\u00f6sit\u00e4t nimmt ab, die Debatte dar\u00fcber zu&#8221;<\/strong>\u00a0Gesunde Stadt &#8211; Fr\u00fcling 2019 (en allemand). [En ligne] https:\/\/www.unil.ch\/issr\/files\/live\/sites\/issr\/files\/shared\/2._Chercheurs\/Salzbrunn_Monika\/Medias\/11_Gesunde_Stadt_2_16.pdf<\/p>\n<p>February 28th 2017<br \/>\nLes territoires de la f\u00eate (2\/4), France Culture.<br \/>\nDe la satire carnavalesque \u00e0 la revendication : quand la f\u00eate devient politique<br \/>\n<a href=\"https:\/\/www.franceculture.fr\/emissions\/culturesmonde\/les-territoires-de-la-fete-24-de-la-satire-carnavalesque-la-revendication\">&gt;&gt;Listen to the program <\/a><\/p>\n<p>April 28th 2015 \u00a0 \u00a0 \u00a0 \u00a0 \u00a0 \u00a0 \u00a0 \u00a0 \u00a0 \u00a0 \u00a0 \u00a0 \u00a0 \u00a0 \u00a0 \u00a0 \u00a0 \u00a0 \u00a0 \u00a0 \u00a0 \u00a0 \u00a0 \u00a0 \u00a0 \u00a0 \u00a0 \u00a0 \u00a0 \u00a0 \u00a0 \u00a0 \u00a0 \u00a0 \u00a0 \u00a0 \u00a0 \u00a0 \u00a0 \u00a0 \u00a0 \u00a0 \u00a0 \u00a0 \u00a0 \u00a0 \u00a0 \u00a0 \u00a0 \u00a0 \u00a0 \u00a0 \u00a0 \u00a0 \u00a0 \u00a0 \u00a0 \u00a0 \u00a0 \u00a0 \u00a0 \u00a0Musulmane et citoyenne,\u00a0program\u00a0&#8220;Babylone&#8221;, Espace 2, RTS. \u00a0 \u00a0 \u00a0 \u00a0 \u00a0 \u00a0 \u00a0 \u00a0 \u00a0 \u00a0 \u00a0 \u00a0 \u00a0 \u00a0 \u00a0 \u00a0 \u00a0 \u00a0 \u00a0 \u00a0 \u00a0 \u00a0Intervention by Monika Salzbrunn<br \/>\n<a href=\"https:\/\/www.rts.ch\/espace-2\/programmes\/babylone\/6699247-babylone-du-28-04-2015.html#6699246\">&gt;&gt; Listen to the program<\/a><\/p>\n<p>April 27th 2015 \u00a0 \u00a0 \u00a0 \u00a0 \u00a0 \u00a0 \u00a0 \u00a0 \u00a0 \u00a0 \u00a0 \u00a0 \u00a0 \u00a0 \u00a0 \u00a0 \u00a0 \u00a0 \u00a0 \u00a0 \u00a0 \u00a0 \u00a0 \u00a0 \u00a0 \u00a0 \u00a0 \u00a0 \u00a0 \u00a0 \u00a0 \u00a0 \u00a0 \u00a0 \u00a0 \u00a0 \u00a0 \u00a0 \u00a0 \u00a0 \u00a0 \u00a0 \u00a0 \u00a0 \u00a0 \u00a0 \u00a0 \u00a0 \u00a0 \u00a0 \u00a0 \u00a0 \u00a0 \u00a0 \u00a0 \u00a0 \u00a0 \u00a0 \u00a0 \u00a0 \u00a0 \u00a0 \u00a0 \u00a0 \u00a0 \u00a0 \u00a0Salaam la Suisse (1\/5), program &#8220;A vue d&#8217;esprit&#8221;, Espace 2, RTS. \u00a0 \u00a0 \u00a0 \u00a0 \u00a0 \u00a0 \u00a0 \u00a0 \u00a0 \u00a0 \u00a0 \u00a0 \u00a0 \u00a0 \u00a0 \u00a0 \u00a0 \u00a0 \u00a0 \u00a0 \u00a0Intervention by Monika Salzbrunn \u00a0 \u00a0 \u00a0 \u00a0 \u00a0 \u00a0 \u00a0 \u00a0 \u00a0 \u00a0 \u00a0 \u00a0 \u00a0 \u00a0 \u00a0 \u00a0 \u00a0 \u00a0 \u00a0 \u00a0 \u00a0 \u00a0 \u00a0 \u00a0 \u00a0 \u00a0 \u00a0 \u00a0 \u00a0 \u00a0 \u00a0 \u00a0 \u00a0 \u00a0 \u00a0 \u00a0 \u00a0 \u00a0 \u00a0 \u00a0 \u00a0 \u00a0 \u00a0 \u00a0 \u00a0 \u00a0 \u00a0 \u00a0 \u00a0 \u00a0 \u00a0 \u00a0 \u00a0\u00a0<a href=\"https:\/\/www.rts.ch\/espace-2\/programmes\/a-vue-d-esprit\/6696623-a-vue-d-esprit-du-27-04-2015.html\">&gt;&gt; Listen to the program<\/a><\/p>\n<p>September 2014<br \/>\n<span style=\"color: #000000\">Un regard aff\u00fbt\u00e9 sur la diversit\u00e9. Caf\u00e9 gourmand avec Monika Salzbrunn, Allez savoir num\u00e9ro 58<\/span><br \/>\n<a href=\"https:\/\/wp.unil.ch\/allezsavoir\/un-regard-affute-sur-la-diversite\/\"><span style=\"color: #000000\"> &gt;&gt; Read article<\/span><\/a><\/p>\n<p>November 18th 2013 \u00a0 \u00a0 \u00a0 \u00a0 \u00a0 \u00a0 \u00a0 \u00a0 \u00a0 \u00a0 \u00a0 \u00a0 \u00a0 \u00a0 \u00a0 \u00a0 \u00a0 \u00a0 \u00a0 \u00a0 \u00a0 \u00a0 \u00a0 \u00a0 \u00a0 \u00a0 \u00a0 \u00a0 \u00a0 \u00a0 \u00a0 \u00a0 \u00a0 \u00a0 \u00a0 \u00a0 \u00a0 \u00a0 \u00a0 \u00a0 \u00a0 \u00a0 \u00a0 \u00a0 \u00a0 \u00a0 \u00a0 \u00a0 \u00a0 \u00a0 \u00a0 \u00a0 \u00a0 \u00a0 \u00a0 \u00a0 \u00a0<span style=\"color: #000000\">Introductory speech by Monika Salzbrunn for &#8220;The Religious Studies Project&#8221; at the ISSR\u00a0\u00a0\u00a0 conference in Turku from June 27th to 30th 2013<\/span><br \/>\n<span style=\"color: #000000\"> &gt;&gt; <a style=\"color: #000000\" href=\"https:\/\/www.unil.ch\/files\/live\/\/sites\/issrc\/files\/shared\/2._Chercheurs\/Salzbrunn_Monika\/Medias\/Monika_Salzbrunn_on_Religion_Migration_and_Diaspora.mp3\">Listen to the program<\/a><\/span><\/p>\n<p><span style=\"color: #000000\">August 31st 2012<\/span><br \/>\n<span style=\"color: #000000\"> Au nom de l&#8217;autre, program &#8220;A vue d&#8217;esprit&#8221;, Espace 2, RTS.<\/span><br \/>\n<span style=\"color: #000000\"> Intervention by Monika Salzbrunn<\/span><br \/>\n<span style=\"color: #000000\"> &gt;&gt; <a style=\"color: #000000\" href=\"https:\/\/podcast-audio.rts.ch\/espace-2\/programmes\/a-vue-d-esprit\/2012\/a-vue-d-esprit_20120831_full_a-vue-d-esprit_fc5c88ed-987a-45c0-bc92-781b5e0e310d-128k.mp3\">Download podcast of the program<\/a><\/span><\/p>\n<p><span style=\"color: #000000\">August 28th 2012<\/span><br \/>\n<span style=\"color: #000000\"> Au nom de l&#8217;autre, program\u00a0&#8220;A vue d&#8217;esprit&#8221;, Espace 2, RTS.<\/span><br \/>\n<span style=\"color: #000000\"> Intervention by Monika Salzbrunn<\/span><br \/>\n<span style=\"color: #000000\"> &gt;&gt;\u00a0<a style=\"color: #000000\" href=\"https:\/\/podcast-audio.rts.ch\/espace-2\/programmes\/a-vue-d-esprit\/2012\/a-vue-d-esprit_20120828_full_a-vue-d-esprit_ad799702-8817-4f93-a4c3-de4e8968c6e6-128k.mp3\">Download podcast of the program<\/a><\/span><\/p>\n<p><span style=\"color: #000000\">May 2011<\/span><br \/>\n<span style=\"color: #000000\"> Le terrain, un antidote aux pr\u00e9jug\u00e9s<\/span><br \/>\n<span style=\"color: #000000\"> Interview with Monika Salzbrunn, L&#8217;uniscope<\/span><br \/>\n<span style=\"color: #000000\"> &gt;&gt;\u00a0<a style=\"color: #000000\" href=\"https:\/\/www.unil.ch\/files\/live\/\/sites\/issrc\/files\/shared\/2._Chercheurs\/Salzbrunn_Monika\/Medias\/Uniscope_mai_2011.pdf\">Read the article<\/a><\/span><\/p>\n<p><span style=\"color: #000000\">December 13th 2010<\/span><br \/>\n<span style=\"color: #000000\"> UNIL : les cours sur l&#8217;islam trouvent leur public<\/span><br \/>\n<span style=\"color: #000000\"> Interview by Monika Salzbrunn, ProtestInfo<\/span><br \/>\n<span style=\"color: #000000\"> &gt;&gt;\u00a0Read the article<\/span><\/p>\n<p><span style=\"color: #000000\">May 2nd 2010<\/span><br \/>\n<span style=\"color: #000000\"> Quand les religions bougent<\/span><br \/>\n<span style=\"color: #000000\"> Interview by Monika Salzbrunn, RSR (program \u00ab Hautes Fr\u00e9quences \u00bb)<\/span><br \/>\n<span style=\"color: #000000\"> &gt;&gt; <a style=\"color: #000000\" href=\"https:\/\/podcast.rsr.ch\/media\/la1ere\/hautes-frequences\/hautes-frequences20100502-200000.mp3\">Listen to the program<\/a><\/span><\/p>\n<p><span style=\"color: #000000\">February 20th 2009<\/span><br \/>\n<span style=\"color: #000000\"> Die deutsche Soziologin Monika Salzbrunn spricht \u00fcber Karneval in Paris und K\u00f6ln<\/span><br \/>\n<span style=\"color: #000000\"> Eine Sendung von Barbara Schmickler, RFI German Edition.<\/span><\/p>\n<p><span style=\"color: #000000\">Mars 3rd 2008<\/span><br \/>\n<span style=\"color: #000000\"> Globalisierungskritik, wie weiter? Antwort#37<\/span><br \/>\n<span style=\"color: #000000\"> Berliner Gazette, Logbuch.<\/span><br \/>\n<span style=\"color: #000000\"> &gt;&gt; <a style=\"color: #000000\" href=\"https:\/\/berlinergazette.de\/globalisierungskritik-wie-weiter-antwort-37\/\">Get to know more<\/a><\/span><\/p>\n<p><span style=\"color: #000000\">January 18th 2008<\/span><br \/>\n<span style=\"color: #000000\"> Jugendliche und Jugendpolitik in Deutschland und Frankreich. Die Soziologin Monika Salzbrunn ist Studiogast bei der deutschen Redaktion von Radio France Internationale<\/span><br \/>\n<span style=\"color: #000000\"> RFI\u00a0German Edition.<\/span><\/p>\n<p><span style=\"color: #000000\">December 17th 2007<\/span><br \/>\n<span style=\"color: #000000\"> Die Zukunft der Sozialwissenschaften in Deutschland und Frankreich. Interview mit Monika Salzbrunn aus Anlass des geplanten Umzugs der EHESS<\/span><br \/>\n<span style=\"color: #000000\"> RFI German Edition\u00a0(a program by\u00a0Joachim Lippold).<\/span><\/p>\n<p><span style=\"color: #000000\">December 11th 2006<\/span><br \/>\n<span style=\"color: #000000\"> Muslims in France<\/span><br \/>\n<span style=\"color: #000000\"> Interview by Monika Salzbrunn, The Media Line, Jerusalem.<\/span><\/p>\n<p><span style=\"color: #000000\">April 25th to 29th 2005<\/span><br \/>\n<span style=\"color: #000000\"> Religions africaines en Europe<\/span><br \/>\n<span style=\"color: #000000\"> 5 interviews with\u00a0Monika Salzbrunn and Sandra Fancello, a program by\u00a0Jacques Mouriquand, RSR (A vue d\u2019esprit, Espace 2).<\/span><\/p>\n","protected":false},"excerpt":{"rendered":"<p>2023 : TV5 Monde\/RTS Objectif Monde Hebdo : Panama, on a travers\u00e9 l\u2019enfer vert. 10 juin. https:\/\/www.tv5monde.com\/emissions\/episode\/objectif-monde-lhebdo-panama-on-a-traverse-l-enfer-vert https:\/\/www.rts.ch\/play\/tv\/objectif-monde-lhebdo\/video\/panama&#8211;on-a-traverse-lenfer-vert?urn=urn:rts:video:14075550 2023\u00a0: 150 ans du Carnaval de Nice &#8211; Retours de colloque. Emission ETHNO-VIBRO &#8211; Audio Blog ArteRadio &#8211; 15.03.2023 (Annie Sidro, Laurent-Sebastien Fournier, Monika Salzbrunn, Federica Moretti et Ana\u00efs Vaillant. https:\/\/audioblog.arteradio.com\/blog\/153992\/podcast\/200246\/34-150-ans-du-carnaval-de-nice-retours-de-colloque 2021\u00a0: Femmes de sciences. Portrait de &hellip; <\/p>\n<p class=\"link-more\"><a href=\"https:\/\/people.unil.ch\/monikasalzbrunn\/media\/\" class=\"more-link\">Continue reading<span class=\"screen-reader-text\"> &#8220;Media&#8221;<\/span><\/a><\/p>\n","protected":false},"author":1001008,"featured_media":0,"parent":0,"menu_order":7,"comment_status":"closed","ping_status":"closed","template":"","meta":{"_seopress_robots_primary_cat":"","_seopress_titles_title":"","_seopress_titles_desc":"","_seopress_robots_index":"","footnotes":""},"class_list":["post-22","page","type-page","status-publish"],"_links":{"self":[{"href":"https:\/\/people.unil.ch\/monikasalzbrunn\/wp-json\/wp\/v2\/pages\/22","targetHints":{"allow":["GET"]}}],"collection":[{"href":"https:\/\/people.unil.ch\/monikasalzbrunn\/wp-json\/wp\/v2\/pages"}],"about":[{"href":"https:\/\/people.unil.ch\/monikasalzbrunn\/wp-json\/wp\/v2\/types\/page"}],"author":[{"embeddable":true,"href":"https:\/\/people.unil.ch\/monikasalzbrunn\/wp-json\/wp\/v2\/users\/1001008"}],"replies":[{"embeddable":true,"href":"https:\/\/people.unil.ch\/monikasalzbrunn\/wp-json\/wp\/v2\/comments?post=22"}],"version-history":[{"count":0,"href":"https:\/\/people.unil.ch\/monikasalzbrunn\/wp-json\/wp\/v2\/pages\/22\/revisions"}],"wp:attachment":[{"href":"https:\/\/people.unil.ch\/monikasalzbrunn\/wp-json\/wp\/v2\/media?parent=22"}],"curies":[{"name":"wp","href":"https:\/\/api.w.org\/{rel}","templated":true}]}}