{"id":91,"date":"2014-10-07T19:32:36","date_gmt":"2014-10-07T17:32:36","guid":{"rendered":"http:\/\/people.unil.ch\/monikasalzbrunn\/?page_id=91"},"modified":"2024-11-29T16:05:56","modified_gmt":"2024-11-29T15:05:56","slug":"edited-books-and-journals","status":"publish","type":"page","link":"https:\/\/people.unil.ch\/monikasalzbrunn\/publications\/edited-books-and-journals\/","title":{"rendered":"Edited books and\u00a0journals"},"content":{"rendered":"<div class=\"biblio_title\">\n<p><a href=\"https:\/\/journals.openedition.org\/remi\/13169\" target=\"_blank\" rel=\"noopener\"><span class=\"biblio_title\">2019 (with <\/span><span class=\"biblio_author\">Aterianus-Owanga Alice<\/span>, <span class=\"biblio_author\">Djebbari Elina<\/span>, <span class=\"biblio_author\">Ellinghaus Birgit<\/span>, <span class=\"biblio_author\">Younan Nadia<\/span>, <span class=\"biblio_author\">Rodriguez Quinones Ana Laura<\/span>, <span class=\"biblio_author\">Jim\u00e9nez Sedano Livia<\/span>, <span class=\"biblio_author\">Gauthier \u00c9glantine<\/span>, <span class=\"biblio_author\">Rinaudo Christian)<\/span> (eds.): <span class=\"biblio_title\">Danses, musiques et (trans)nationalismes<\/span>. <span class=\"biblio_relatedItemTitle\">Revue europ\u00e9enne des migrations internationales<\/span>, <span class=\"biblio_volume\">35 <\/span>(<span class=\"biblio_number\">3-4<\/span>).<\/a><\/p>\n<\/div>\n<div><\/div>\n<div>\n<div><\/div>\n<p><a href=\"https:\/\/journals.openedition.org\/lectures\/33737\" target=\"_blank\" rel=\"noopener\">2019 (with Amiotte-Suchet Laurent) (eds.): L\u2019\u00e9v\u00e9nement (im)pr\u00e9visible. Mobilisations politiques et dynamiques religieuses, Paris: Editions Beauchesne.<\/a><\/p>\n<\/div>\n<div><\/div>\n<p><a href=\"https:\/\/journals.openedition.org\/assr\/49507\" target=\"_blank\" rel=\"noopener\">2019 (ed.): L\u2019islam (in)visible en ville. Appartenances et engagements dans l\u2019espace urbain, Geneva: Labor et Fides.<\/a><\/p>\n<p><a href=\"https:\/\/journals.openedition.org\/eps\/10213\" target=\"_blank\" rel=\"noopener\">2018 (with Ortar Nathalie, Stock Mathis) (eds.): Migrations, circulations, mobilit\u00e9s. Nouveaux enjeux \u00e9pist\u00e9mologiques et conceptuels \u00e0 l\u2019\u00e9preuve du terrain. Aix-en-Provence: Presses Universitaires de Provence.<\/a><\/p>\n<p><a href=\"https:\/\/journals.openedition.org\/civilisations\/4703\" target=\"_blank\" rel=\"noopener\">2018 (with Cappone Stefania) (eds.): A l\u2019\u00e9coute des transnationalisations religieuses\/Sounding religious transnationalism. Civilisations, 67, Institut de sociologie de l&#8217;Universit\u00e9 Libre de Bruxelles.<\/a><\/p>\n<p><a href=\"https:\/\/www.researchgate.net\/publication\/282868558_The_Economies_of_Urban_Diversity\" target=\"_blank\" rel=\"noopener\">2013 (with\u00a0Darja Reuschke, Korinna Sch\u00f6nh\u00e4rl) (eds.): The Economies of Urban Diversity. Ruhr Area and Istanbul. New York: Palgrave Macmillan.<\/a><\/p>\n<p><a href=\"https:\/\/books.openedition.org\/pur\/13533?lang=fr\" target=\"_blank\" rel=\"noopener\">2010 (with Ivan Sainsaulieu et Laurent Amiotte-Suchet) (eds.): Faire communaut\u00e9 en soci\u00e9t\u00e9. Dynamique des appartenances collectives. Rennes: Presses Universitaires de Rennes, 250 p.<\/a><\/p>\n<p><a href=\"https:\/\/www.transcript-publishing.com\/978-3-89942-835-3\/the-making-of-world-society\/\" target=\"_blank\" rel=\"noopener\">2008 (with Remus Gabriel Anghel, Eva Gerhartz, Gilberto Rescher) (eds.): The Making of World Society. Perspectives from Transnational Research. Bielefeld: transcript\/transaction publishers.<\/a><\/p>\n<p><a href=\"https:\/\/espritcritique.hypotheses.org\/184\" target=\"_blank\" rel=\"noopener\">2007 (with Jean-Louis Laville, Ivan Sainsaulieu) (eds.): La communaut\u00e9 n\u2019est pas le communautarisme. Num\u00e9ro de la revue internationale de sociologie et de sciences sociales online, Esprit critique, Automne, 10, No.1.<\/a><\/p>\n<p>1997 (with Jens Petersen-Thumser) (eds.): Lib\u00e9rer le potentiel d&#8217;auto-aide en d\u00e9centralisant les mesures de politique sociale. Conf\u00e9rence internationale (Mbalmayo, Cameroun). Berlin: DES, 283 p.<\/p>\n<p>1995 (with Youssouf Diallo, Gudrun Lachenmann) (eds.): Bulletin de l\u2019APAD, No. 10, D\u00e9cembre, 117 p.<\/p>\n<p>In preparation (with Laurent Amiotte-Suchet): L&#8217;\u00e9v\u00e9nement en religion. Rennes: Presses Universitaires de Rennes.<\/p>\n","protected":false},"excerpt":{"rendered":"<p>2019 (with Aterianus-Owanga Alice, Djebbari Elina, Ellinghaus Birgit, Younan Nadia, Rodriguez Quinones Ana Laura, Jim\u00e9nez Sedano Livia, Gauthier \u00c9glantine, Rinaudo Christian) (eds.): Danses, musiques et (trans)nationalismes. Revue europ\u00e9enne des migrations internationales, 35 (3-4). 2019 (with Amiotte-Suchet Laurent) (eds.): L\u2019\u00e9v\u00e9nement (im)pr\u00e9visible. Mobilisations politiques et dynamiques religieuses, Paris: Editions Beauchesne. 2019 (ed.): L\u2019islam (in)visible en ville. Appartenances &hellip; <\/p>\n<p class=\"link-more\"><a href=\"https:\/\/people.unil.ch\/monikasalzbrunn\/publications\/edited-books-and-journals\/\" class=\"more-link\">Continue reading<span class=\"screen-reader-text\"> &#8220;Edited books and\u00a0journals&#8221;<\/span><\/a><\/p>\n","protected":false},"author":1001008,"featured_media":0,"parent":15,"menu_order":2,"comment_status":"closed","ping_status":"closed","template":"","meta":{"_seopress_robots_primary_cat":"","_seopress_titles_title":"","_seopress_titles_desc":"","_seopress_robots_index":"","footnotes":""},"class_list":["post-91","page","type-page","status-publish"],"_links":{"self":[{"href":"https:\/\/people.unil.ch\/monikasalzbrunn\/wp-json\/wp\/v2\/pages\/91","targetHints":{"allow":["GET"]}}],"collection":[{"href":"https:\/\/people.unil.ch\/monikasalzbrunn\/wp-json\/wp\/v2\/pages"}],"about":[{"href":"https:\/\/people.unil.ch\/monikasalzbrunn\/wp-json\/wp\/v2\/types\/page"}],"author":[{"embeddable":true,"href":"https:\/\/people.unil.ch\/monikasalzbrunn\/wp-json\/wp\/v2\/users\/1001008"}],"replies":[{"embeddable":true,"href":"https:\/\/people.unil.ch\/monikasalzbrunn\/wp-json\/wp\/v2\/comments?post=91"}],"version-history":[{"count":5,"href":"https:\/\/people.unil.ch\/monikasalzbrunn\/wp-json\/wp\/v2\/pages\/91\/revisions"}],"predecessor-version":[{"id":359,"href":"https:\/\/people.unil.ch\/monikasalzbrunn\/wp-json\/wp\/v2\/pages\/91\/revisions\/359"}],"up":[{"embeddable":true,"href":"https:\/\/people.unil.ch\/monikasalzbrunn\/wp-json\/wp\/v2\/pages\/15"}],"wp:attachment":[{"href":"https:\/\/people.unil.ch\/monikasalzbrunn\/wp-json\/wp\/v2\/media?parent=91"}],"curies":[{"name":"wp","href":"https:\/\/api.w.org\/{rel}","templated":true}]}}