{"id":93,"date":"2014-10-07T19:33:34","date_gmt":"2014-10-07T17:33:34","guid":{"rendered":"http:\/\/people.unil.ch\/monikasalzbrunn\/?page_id=93"},"modified":"2024-11-29T16:26:58","modified_gmt":"2024-11-29T15:26:58","slug":"articles-published-in-international-peer-reviewed-journals","status":"publish","type":"page","link":"https:\/\/people.unil.ch\/monikasalzbrunn\/publications\/articles-published-in-international-peer-reviewed-journals\/","title":{"rendered":"Articles published in international peer-reviewed journals"},"content":{"rendered":"<p><a style=\"font-size: 1rem\" href=\"https:\/\/www.researchgate.net\/publication\/347416245_The_Twenty-First-Century_Reinvention_of_Carnival_Rituals_in_Paris_and_Cherbourg\" target=\"_blank\" rel=\"noopener\"><span class=\"biblio_title\">in Press: The Twenty-First-Century Reinvention of Carnival Rituals in Paris and Cherbourg: Extending the Boundaries of Belonging via Politicized Ritual, <\/span><span class=\"biblio_relatedItemTitle\">Journal of Festive Studies<\/span><span class=\"biblio_peer\">.<\/span><\/a><\/p>\n<p><a href=\"https:\/\/rfmv.u-bordeaux-montaigne.fr\/numeros\/4\/articles\/05-la-camera-comme-forme-dempowerment-dans-la-mise-en-scene-de-soi\/#:~:text=La%20cam%C3%A9ra%20et%20la%20mise%20en%20sc%C3%A8ne%20de%20soi&amp;text=27)%20revient%20sur%20la%20mani%C3%A8re,de%20l'observation%20film%C3%A9e%20%C2%BB.\" target=\"_blank\" rel=\"noopener\">2020: <span class=\"biblio_title\">La cam\u00e9ra comme forme d\u2019empowerment dans la mise en sc\u00e8ne de soi. Retournement des stigmates sur la migration par la mode mise en images.<\/span> <span class=\"biblio_relatedItemTitle\">Revue Fran\u00e7aise des M\u00e9thodes Visuelles<\/span> <\/a><span class=\"biblio_number\">4.<\/span><\/p>\n<p><a href=\"https:\/\/journals.openedition.org\/remi\/13204\" target=\"_blank\" rel=\"noopener\"><span class=\"biblio_title\">2019 (with <span class=\"biblio_author\">Aterianus-Owanga Alice<\/span> and <span class=\"biblio_author\">Djebbari Elina):\u00a0<\/span> Introduction : Pistes pour une anthropologie des performances musico-chor\u00e9graphiques en contexte transnational.<\/span> <span class=\"biblio_relatedItemTitle\">Revue europ\u00e9enne des migrations internationales<\/span>, <span class=\"biblio_volume\">35<\/span> (<span class=\"biblio_number\">3-4<\/span>) pp. <span class=\"biblio_pages\">15-32<\/span><span class=\"biblio_peer\">.<\/span><\/a><\/p>\n<p><a href=\"https:\/\/journals.openedition.org\/remi\/13289#:~:text=Ce%20festival%20offre%20des%20concerts,sa%20diversit%C3%A9%20et%20son%20unit%C3%A9.\" target=\"_blank\" rel=\"noopener\"><span class=\"biblio_title\">2019 (with <span class=\"biblio_author\">Ellinghaus Birgit<\/span>): Musique et migration : le carnaval de Cologne comme \u00e9tat d\u2019esprit.<\/span> <span class=\"biblio_relatedItemTitle\">Revue europ\u00e9enne des migrations internationales<\/span>, <span class=\"biblio_volume\">35<\/span> (<span class=\"biblio_number\">3-4<\/span>) pp. <span class=\"biblio_pages\">33-40. <\/span><\/a><\/p>\n<div><\/div>\n<p id=\"reference-BIB_6E02698B9C73\"><a href=\"https:\/\/revues.ulaval.ca\/ojs\/index.php\/anthropen\/article\/view\/30581\" target=\"_blank\" rel=\"noopener\">2019: Artivisme. Anthropen. Le dictionnaire francophone d&#8217;anthropologie ancr\u00e9 dans le contemporain.<\/a><\/p>\n<p><a href=\"https:\/\/journals.openedition.org\/civilisations\/4721\" target=\"_blank\" rel=\"noopener\">2018 (with Capone Stefania): Introduction. A l\u2019\u00e9coute des transnationalisations religieuses,\u00a0 Civilisations, 67 pp. 11-21.<\/a><\/p>\n<p><a href=\"https:\/\/tidsskrift.dk\/tcp\/article\/view\/105288\" target=\"_blank\" rel=\"noopener\">2018 (with Dellwo Barbara and Besen\u00e7on Sylvain): Analyzing participatory cultural practices in a medium-scale Swiss town: How multiple belongings are constructed and consolidated through an interactive film-making process, Conjunctions, 5 (1).<\/a><\/p>\n<p><a href=\"https:\/\/revues.ulaval.ca\/ojs\/index.php\/anthropen\/article\/view\/30647\" target=\"_blank\" rel=\"noopener\">2017: Migration. Anthropen. Le dictionnaire francophone d&#8217;anthropologie ancr\u00e9 dans le contemporain.<\/a><\/p>\n<p><a href=\"https:\/\/journals.openedition.org\/remi\/8282\" target=\"_blank\" rel=\"noopener\">2017: Shifting Theories, Methods and Topics: Monika Salzbrunn talks with Ludger Pries about 30 Years of Migration Studies, in: Revue Europ\u00e9enne des Migrations Internationales, vol. 32, no. 3-4, pp. 231-247.<\/a><\/p>\n<p><a href=\"https:\/\/www.ceeol.com\/search\/article-detail?id=459119\" target=\"_blank\" rel=\"noopener\">2016: When the Mosque Goes Beethoven: Expressing Religious Belongings through Music. COMPASO \u2013 Journal of Comparative Research in Anthropology and Sociology, vol. 7 (no. 1) pp. 59-74.<\/a><\/p>\n<p><a href=\"https:\/\/journals.openedition.org\/remi\/8282\" target=\"_blank\" rel=\"noopener\">2016: Shifting Theories, Methods and Topics: Monika Salzbrunn talks with Ludger Pries about 30 Years of Migration Studies, Revue Europ\u00e9enne des Migrations Internationales, vol. 32 (3-4), pp. 231-247.<\/a><\/p>\n<p><a href=\"https:\/\/journals.openedition.org\/ifha\/8187\" target=\"_blank\" rel=\"noopener\">2015: (Compte rendu) Harald Kleinschmidt, Migration und Integration. Theoretische und historische Perspektiven. M\u00fcnster: Westf\u00e4lisches Dampfboot (Theorie und Geschichte der b\u00fcrgerlichen Gesellschaft), 2011, 191 p., Revue de l\u2019Institut fran\u00e7ais d\u2019histoire en Allemagne (online) p. 3.<\/a><\/p>\n<p><a href=\"https:\/\/shs.cairn.info\/revue-afrique-contemporaine1-2015-2-page-37?lang=fr\" target=\"_blank\" rel=\"noopener\">2015 (with Souiah Farida and Mastrangelo Simon): Les \u00ab br\u00fbleurs \u00bb de fronti\u00e8res dans la musique tunisienne : la migration non document\u00e9e au prisme de chansons de rap et de mezoued, Afrique contemporaine, 2 (254), pp. 37-56.<\/a><\/p>\n<p>2015: Religion und Migration \u2013 methodische Zug\u00e4nge und konzeptuelle \u00dcberlegungen zum Ereignis. Zeitschrift f\u00fcr Missionswissenschaft und Religionswissenschaft, 3-4 pp. 179-189.<\/p>\n<p><a href=\"https:\/\/journals.sagepub.com\/doi\/10.1177\/0037768614524308\" target=\"_blank\" rel=\"noopener\">2014: Appartenances en f\u00eate: entre l\u2019ordinaire et le spectaculaire, in: Social Compass, vol. 61, no. 2, pp. 250-260.<\/a><\/p>\n<p><a href=\"https:\/\/www.tandfonline.com\/doi\/full\/10.1080\/1070289X.2013.841581\" target=\"_blank\" rel=\"noopener\">2014: How diverse is Cologne Carnival? How migrants appropriate popular art spaces, in: Identities, vol. 21, no. 1, pp. 92-106.<\/a><\/p>\n<p><a href=\"https:\/\/www.jstor.org\/stable\/24643101\" target=\"_blank\" rel=\"noopener\">2013: Wrestling With The Swiss: African Transnational Migration In Europe And The US Put On Stage, in: Urban Anthropology\u00a0and Studies of Cultural Systems and World Economic Development: vol. 42, no. 1,2, pp. 135-169.<\/a><\/p>\n<p><a href=\"https:\/\/journals.openedition.org\/theoremes\/442\" target=\"_blank\" rel=\"noopener\">2013 (with von Weichs Raphaela): Sacred Music, Sacred Journeys: What Makes an Event Postcolonial?, in: Th\u00e9oR\u00e8mes, 4, pp. 1-11.<\/a><\/p>\n<p><a href=\"https:\/\/doc.rero.ch\/record\/290648\" target=\"_blank\" rel=\"noopener\">2012: Gebietskartierung: Vielfalt\/Diversity\/Diversit\u00e9, in: Soziologische Revue, 35. Jg., pp. 375-394.<\/a><\/p>\n<p><a href=\"https:\/\/www.tandfonline.com\/doi\/full\/10.1080\/00497878.2012.691823\" target=\"_blank\" rel=\"noopener\">2012: Performing Gender and Religion: The Veil&#8217;s Impact on Boundary-Making Processes in France, Women&#8217;s Studies: An interdisciplinary journal, 41:6, 682-705.<\/a><\/p>\n<p><a href=\"https:\/\/shs.cairn.info\/revue-migrations-societe-2011-1-page-175?lang=fr\" target=\"_blank\" rel=\"noopener\">2011: Mobilisation des ressources culturelles et participation politique: l\u2019apport des cultural studies \u00e0 l\u2019analyse des rapports sociaux dans un contexte festif, Migrations et Soci\u00e9t\u00e9, Vol. 23, no. 133, January-February\u00a02011, edited\u00a0by Daniel Bertaux, Catherine Delcroix and Roland Pfefferkorn, pp. 175-192.<\/a><\/p>\n<p><a href=\"https:\/\/brill.com\/display\/book\/edcoll\/9783657773305\/BP000011.xml\" target=\"_blank\" rel=\"noopener\">2011: Belonging als Performance in Paris und Cherbourg: versteckte Semantiken des Karnevals, in: Alzheimer, Heidrun et al. (eds.): Jahrbuch f\u00fcr europ\u00e4ische Ethnologie 2011. Frankreich. Paderborn: Sch\u00f6ningh. pp. 145-172.<\/a><\/p>\n<p><a href=\"https:\/\/shs.cairn.info\/revue-europeenne-des-migrations-internationales-2008-2-page-23?lang=fr\" target=\"_blank\" rel=\"noopener\">2008 (with Thomas Lacroix and Leyla Sall): Les Marocains et S\u00e9n\u00e9galais de France, permanences et \u00e9volution des relations transnationales, in: Revue Europ\u00e9enne des Migrations Internationales, 24\/2, pp. 23-43.<\/a><\/p>\n<p><a href=\"https:\/\/shs.cairn.info\/revue-horizons-strategiques-2007-2-page-43?lang=fr\" target=\"_blank\" rel=\"noopener\">2007: Entre autonomie et insertion. Les grands dispositifs de la politique de la jeunesse et de la famille en Allemagne, Horizons Strat\u00e9giques, avril 2007, pp. 43-69.\u00a0<\/a><\/p>\n<p><a href=\"https:\/\/epe.lac-bac.gc.ca\/100\/201\/300\/esprit_critique\/html_pdf\/2009\/v12n02\/Dossiers\/article.asp@t03code=65&amp;varticle=esp1001article05&amp;vrep=1001\" target=\"_blank\" rel=\"noopener\">2007: Enjeux de construction des r\u00f4les communautaires dans l\u2019espace urbain: le cas du quartier de Belleville \u00e0 Paris, in: Ivan Sainsaulieu and Monika Salzbrunn (eds.), Esprit critique, Automne, 10, No. 1: La communaut\u00e9 n\u2019est pas le communautarisme.\u00a0<\/a><\/p>\n<p><a href=\"https:\/\/epe.lac-bac.gc.ca\/100\/201\/300\/esprit_critique\/html_pdf\/2007\/v10n01\/publications\/1001\/esp1001article01.pdf\" target=\"_blank\" rel=\"noopener\">2007 (with Ivan Sainsaulieu): La communaut\u00e9 n\u2019est pas le communautarisme, in: Ivan Sainsaulieu and Monika Salzbrunn (eds.), Esprit critique, Automne, 10, No. 1.\u00a0<\/a><\/p>\n<p>2005 (with\u00a0Julien Laflaqui\u00e8re, Sylvie Gangloff, Claire Scopsi, Thomas Guignard, Ralitza Soultanova, Virginie Beaujouan and Dana Diminescu): Archiver le Web sur les migrations: quelles approches techniques et scientifiques \u2013 rapport d\u2019\u00e9tape, in:\u00a0Migrance 23, 1er trimestre, pp. 72-93.<\/p>\n<p><a href=\"https:\/\/www.jstor.org\/stable\/pdf\/1581508.pdf\" target=\"_blank\" rel=\"noopener\">2004: The Occupation of Public Space Through Religious and Political Events: How Senegalese Migrants became a Part of Harlem, New York, in:\u00a0Journal of Religion in Africa, 32, 2\u00a0, pp. 468-492.<\/a><\/p>\n<p>2002: L\u2019impatto delle reti transnazionali degli emigrati sulle le elezioni presidenziali in Senegal nel 2000, in: afriche e orienti, No.3, anno IV, pp. 138-149.<\/p>\n<p><a href=\"https:\/\/www.persee.fr\/doc\/homig_1142-852x_2002_num_1239_1_3890\" target=\"_blank\" rel=\"noopener\">2002: La campagne pr\u00e9sidentielle s\u00e9n\u00e9galaise en France, in: Hommes et Migrations, No. 1239, September-October, pp. 49-53.<\/a><\/p>\n<p><a href=\"https:\/\/journals.openedition.org\/apad\/801\" target=\"_blank\" rel=\"noopener\">1996: Leaders paysans et autorit\u00e9s religieuses comme courtiers du d\u00e9veloppement en milieu rural s\u00e9n\u00e9galais. Contribution au Colloque de l\u2019APAD \u00e0 l\u2019Universit\u00e9 de Stuttgart-Hohenheim, from 5th to 8th june, &#8220;Le d\u00e9veloppement n\u00e9goci\u00e9: courtiers, savoirs, technologies&#8221;, in: Bulletin de l\u2019APAD, No. 11, pp. 108-128.<\/a><\/p>\n","protected":false},"excerpt":{"rendered":"<p>in Press: The Twenty-First-Century Reinvention of Carnival Rituals in Paris and Cherbourg: Extending the Boundaries of Belonging via Politicized Ritual, Journal of Festive Studies. 2020: La cam\u00e9ra comme forme d\u2019empowerment dans la mise en sc\u00e8ne de soi. Retournement des stigmates sur la migration par la mode mise en images. Revue Fran\u00e7aise des M\u00e9thodes Visuelles 4. &hellip; <\/p>\n<p class=\"link-more\"><a href=\"https:\/\/people.unil.ch\/monikasalzbrunn\/publications\/articles-published-in-international-peer-reviewed-journals\/\" class=\"more-link\">Continue reading<span class=\"screen-reader-text\"> &#8220;Articles published in international peer-reviewed journals&#8221;<\/span><\/a><\/p>\n","protected":false},"author":1001008,"featured_media":0,"parent":15,"menu_order":4,"comment_status":"closed","ping_status":"closed","template":"","meta":{"_seopress_robots_primary_cat":"","_seopress_titles_title":"","_seopress_titles_desc":"","_seopress_robots_index":"","footnotes":""},"class_list":["post-93","page","type-page","status-publish"],"_links":{"self":[{"href":"https:\/\/people.unil.ch\/monikasalzbrunn\/wp-json\/wp\/v2\/pages\/93","targetHints":{"allow":["GET"]}}],"collection":[{"href":"https:\/\/people.unil.ch\/monikasalzbrunn\/wp-json\/wp\/v2\/pages"}],"about":[{"href":"https:\/\/people.unil.ch\/monikasalzbrunn\/wp-json\/wp\/v2\/types\/page"}],"author":[{"embeddable":true,"href":"https:\/\/people.unil.ch\/monikasalzbrunn\/wp-json\/wp\/v2\/users\/1001008"}],"replies":[{"embeddable":true,"href":"https:\/\/people.unil.ch\/monikasalzbrunn\/wp-json\/wp\/v2\/comments?post=93"}],"version-history":[{"count":1,"href":"https:\/\/people.unil.ch\/monikasalzbrunn\/wp-json\/wp\/v2\/pages\/93\/revisions"}],"predecessor-version":[{"id":362,"href":"https:\/\/people.unil.ch\/monikasalzbrunn\/wp-json\/wp\/v2\/pages\/93\/revisions\/362"}],"up":[{"embeddable":true,"href":"https:\/\/people.unil.ch\/monikasalzbrunn\/wp-json\/wp\/v2\/pages\/15"}],"wp:attachment":[{"href":"https:\/\/people.unil.ch\/monikasalzbrunn\/wp-json\/wp\/v2\/media?parent=93"}],"curies":[{"name":"wp","href":"https:\/\/api.w.org\/{rel}","templated":true}]}}