{"id":95,"date":"2014-10-07T19:34:23","date_gmt":"2014-10-07T17:34:23","guid":{"rendered":"http:\/\/people.unil.ch\/monikasalzbrunn\/?page_id=95"},"modified":"2024-11-29T16:31:05","modified_gmt":"2024-11-29T15:31:05","slug":"articles-published-in-other-journals","status":"publish","type":"page","link":"https:\/\/people.unil.ch\/monikasalzbrunn\/publications\/articles-published-in-other-journals\/","title":{"rendered":"Articles published in other journals"},"content":{"rendered":"<p><a href=\"https:\/\/www.academia.edu\/100326354\/Appartenances_multiples_Chants_de_Soufis_danses_folkloriques_et_cloches_vaudoises\" target=\"_blank\" rel=\"noopener\">2016: Appartenances multiples. Chants de Soufis, danses folkloriques et cloches vaudoises 2016-05. terra cognita, 28.<\/a><\/p>\n<p>2014: La recherche empirique dans le domaine des religions. Nouveaux enjeux, nouvelles m\u00e9thodes, in: Bulletin, Schweizer Akademie f\u00fcr Geistes- und Sozialwissenschaften, Dossier \u201cReligionen in unserer Gesellschaft\u201d, 1\/2014, pp. 38-39.<\/p>\n<p><a href=\"https:\/\/eterna.unibas.ch\/bulletin\/article\/view\/906\" target=\"_blank\" rel=\"noopener\">2011 (with Mallory Schneuwly Purdie):\u00a0Manifestations de l\u2019islam dans les espaces urbains, in: SGMOIK\/SSMOCI Bulletin, No. 32, Spring, Muslime in der Schweiz\/Musulmans en Suisse, pp. 9-12.<\/a><\/p>\n<p><a href=\"https:\/\/www.persee.fr\/doc\/geoas_1266-4618_2005_num_29_1_2319#geoas_1266-4618_2005_num_29_1_T1_0118_0000\" target=\"_blank\" rel=\"noopener\">2005: L\u2019\u00e9v\u00e9nement comme moyen d\u2019expression religieuse et politique: la marche bleue d\u2019Abdoulaye Wade et la marche des Mourides \u00e0 Harlem ou comment les conditions d\u2019acc\u00e8s \u00e0 l\u2019espace public outre-atlantique concurrencent l\u2019Europe, in: G\u00e9ographes associ\u00e9s\/AFDG, No. 29, Actes de G\u00e9oforum 2004 Poitiers, Les migrations internationales: conna\u00eetre et comprendre, pp. 118-120.<\/a><\/p>\n<p><a href=\"https:\/\/www.researchgate.net\/publication\/277072328_Transnational_Senegalese_Politics_in_France\" target=\"_blank\" rel=\"noopener\">2002: Transnational Senegalese Politics in France, in: ISIM-Newsletter, No. 10, July, Institute for Study of Islam in the Modern World, Leiden\/NL.<\/a><\/p>\n<p>2001: Entre voiles et crucifix &#8211; Les politiques allemandes et fran\u00e7aises d\u2019int\u00e9gration, en particulier \u00e0 l\u2019\u00e9gard de la population musulmane, in: La Transmission du savoir dans le monde musulman p\u00e9riph\u00e9rique, No. 20 Paris: EHESS\/CNRS, Programme de recherches interdisciplinaires sur le monde musulman p\u00e9riph\u00e9rique, pp. 48-77.<\/p>\n<p><a href=\"https:\/\/www.taylorfrancis.com\/chapters\/edit\/10.4324\/9781003087205-16\/hybridization-religious-political-practices-amongst-west-african-migrants-europe-monika-salzbrunn\" target=\"_blank\" rel=\"noopener\">2001: Hybridisation of Religious Practices amongst Westafrican Migrants in Europe, in: Istanbuler Almanach, ed. by Orient-Institut der DMG, Abteilung Istanbul\/TK, pp. 95-98.\u00a0<\/a><\/p>\n<p>1999: Constructions identitaires de Musulmans en Nouvelle Z\u00e9lande, en particulier dans le Mouvement Tabl\u00eegh\u00ee Jam\u00e2\u2019at, dans un contexte de localisation et globalisation de syst\u00e8mes de r\u00e9f\u00e9rence, in: La Transmission du savoir dans le monde musulman p\u00e9riph\u00e9rique, No. 19. Paris: EHESS\/CNRS, Programme de recherches interdisciplinaires sur le monde musulman p\u00e9riph\u00e9rique, pp. 145-152.<\/p>\n<p><a href=\"https:\/\/serval.unil.ch\/fr\/notice\/serval:BIB_E25471636FA6\" target=\"_blank\" rel=\"noopener\">1996: Organisations paysannes, confr\u00e9ries islamiques et structures \u00e9tatiques dans le processus de transformation au S\u00e9n\u00e9gal: deux \u00e9tudes de village au Sine-Saloum, in: La Transmission du savoir dans le monde musulman p\u00e9riph\u00e9rique, No. 16. Paris: EHESS\/CNRS, Programme de recherches interdisciplinaires sur le monde musulman p\u00e9riph\u00e9rique, pp. 17-29.<\/a><\/p>\n","protected":false},"excerpt":{"rendered":"<p>2016: Appartenances multiples. Chants de Soufis, danses folkloriques et cloches vaudoises 2016-05. terra cognita, 28. 2014: La recherche empirique dans le domaine des religions. Nouveaux enjeux, nouvelles m\u00e9thodes, in: Bulletin, Schweizer Akademie f\u00fcr Geistes- und Sozialwissenschaften, Dossier \u201cReligionen in unserer Gesellschaft\u201d, 1\/2014, pp. 38-39. 2011 (with Mallory Schneuwly Purdie):\u00a0Manifestations de l\u2019islam dans les espaces urbains, &hellip; <\/p>\n<p class=\"link-more\"><a href=\"https:\/\/people.unil.ch\/monikasalzbrunn\/publications\/articles-published-in-other-journals\/\" class=\"more-link\">Continue reading<span class=\"screen-reader-text\"> &#8220;Articles published in other journals&#8221;<\/span><\/a><\/p>\n","protected":false},"author":1001008,"featured_media":0,"parent":15,"menu_order":5,"comment_status":"closed","ping_status":"closed","template":"","meta":{"_seopress_robots_primary_cat":"","_seopress_titles_title":"","_seopress_titles_desc":"","_seopress_robots_index":"","footnotes":""},"class_list":["post-95","page","type-page","status-publish"],"_links":{"self":[{"href":"https:\/\/people.unil.ch\/monikasalzbrunn\/wp-json\/wp\/v2\/pages\/95","targetHints":{"allow":["GET"]}}],"collection":[{"href":"https:\/\/people.unil.ch\/monikasalzbrunn\/wp-json\/wp\/v2\/pages"}],"about":[{"href":"https:\/\/people.unil.ch\/monikasalzbrunn\/wp-json\/wp\/v2\/types\/page"}],"author":[{"embeddable":true,"href":"https:\/\/people.unil.ch\/monikasalzbrunn\/wp-json\/wp\/v2\/users\/1001008"}],"replies":[{"embeddable":true,"href":"https:\/\/people.unil.ch\/monikasalzbrunn\/wp-json\/wp\/v2\/comments?post=95"}],"version-history":[{"count":2,"href":"https:\/\/people.unil.ch\/monikasalzbrunn\/wp-json\/wp\/v2\/pages\/95\/revisions"}],"predecessor-version":[{"id":364,"href":"https:\/\/people.unil.ch\/monikasalzbrunn\/wp-json\/wp\/v2\/pages\/95\/revisions\/364"}],"up":[{"embeddable":true,"href":"https:\/\/people.unil.ch\/monikasalzbrunn\/wp-json\/wp\/v2\/pages\/15"}],"wp:attachment":[{"href":"https:\/\/people.unil.ch\/monikasalzbrunn\/wp-json\/wp\/v2\/media?parent=95"}],"curies":[{"name":"wp","href":"https:\/\/api.w.org\/{rel}","templated":true}]}}