{"id":99,"date":"2014-10-07T19:36:13","date_gmt":"2014-10-07T17:36:13","guid":{"rendered":"http:\/\/people.unil.ch\/monikasalzbrunn\/?page_id=99"},"modified":"2023-06-21T18:38:02","modified_gmt":"2023-06-21T16:38:02","slug":"films","status":"publish","type":"page","link":"https:\/\/people.unil.ch\/monikasalzbrunn\/publications\/films\/","title":{"rendered":"Films"},"content":{"rendered":"<p align=\"justify\"><span lang=\"en-GB\">2023: Cr\u00e9er, r\u00e9sister, exister. Formes d\u2019engagement artiviste au Cameroun, aux Etats-Unis, en France et en Italie. 1h15 minutes<br \/>\n<\/span><\/p>\n<p align=\"justify\"><span lang=\"en-GB\">2023: Messa Partigiana. 11 minutes<br \/>\n<\/span><\/p>\n<p align=\"justify\">2023: Avec Raphaela von Weichs: Street.<\/p>\n<p>2022\u00a0: Artivisme et r\u00e9sistance cr\u00e9atives: nouvelles m\u00e9thodes de recherche et alliances entre l\u2019art et activisme\/Artivism and Creative Resistances: New Research Methods and New Alliances between Art and Activism. Final conference film<\/p>\n<p align=\"justify\"><span lang=\"en-GB\">2018: avec Pascal Bernhardt: Defil\u00e9 Maddalena La Superba.<\/span><\/p>\n<p align=\"justify\"><span lang=\"en-GB\">2010: Sainte Marthe en f\u00eate(s). 22 minutes. DVD<\/span><\/p>\n<p align=\"justify\"><span lang=\"en-GB\">2010: Les carnavals de Cherbourg et de Paris. DVD<\/span><\/p>\n","protected":false},"excerpt":{"rendered":"<p>2023: Cr\u00e9er, r\u00e9sister, exister. Formes d\u2019engagement artiviste au Cameroun, aux Etats-Unis, en France et en Italie. 1h15 minutes 2023: Messa Partigiana. 11 minutes 2023: Avec Raphaela von Weichs: Street. 2022\u00a0: Artivisme et r\u00e9sistance cr\u00e9atives: nouvelles m\u00e9thodes de recherche et alliances entre l\u2019art et activisme\/Artivism and Creative Resistances: New Research Methods and New Alliances between Art &hellip; <\/p>\n<p class=\"link-more\"><a href=\"https:\/\/people.unil.ch\/monikasalzbrunn\/publications\/films\/\" class=\"more-link\">Continue reading<span class=\"screen-reader-text\"> &#8220;Films&#8221;<\/span><\/a><\/p>\n","protected":false},"author":1001008,"featured_media":0,"parent":15,"menu_order":7,"comment_status":"closed","ping_status":"closed","template":"","meta":{"_seopress_robots_primary_cat":"","_seopress_titles_title":"","_seopress_titles_desc":"","_seopress_robots_index":"","footnotes":""},"class_list":["post-99","page","type-page","status-publish"],"_links":{"self":[{"href":"https:\/\/people.unil.ch\/monikasalzbrunn\/wp-json\/wp\/v2\/pages\/99","targetHints":{"allow":["GET"]}}],"collection":[{"href":"https:\/\/people.unil.ch\/monikasalzbrunn\/wp-json\/wp\/v2\/pages"}],"about":[{"href":"https:\/\/people.unil.ch\/monikasalzbrunn\/wp-json\/wp\/v2\/types\/page"}],"author":[{"embeddable":true,"href":"https:\/\/people.unil.ch\/monikasalzbrunn\/wp-json\/wp\/v2\/users\/1001008"}],"replies":[{"embeddable":true,"href":"https:\/\/people.unil.ch\/monikasalzbrunn\/wp-json\/wp\/v2\/comments?post=99"}],"version-history":[{"count":0,"href":"https:\/\/people.unil.ch\/monikasalzbrunn\/wp-json\/wp\/v2\/pages\/99\/revisions"}],"up":[{"embeddable":true,"href":"https:\/\/people.unil.ch\/monikasalzbrunn\/wp-json\/wp\/v2\/pages\/15"}],"wp:attachment":[{"href":"https:\/\/people.unil.ch\/monikasalzbrunn\/wp-json\/wp\/v2\/media?parent=99"}],"curies":[{"name":"wp","href":"https:\/\/api.w.org\/{rel}","templated":true}]}}