{"id":28,"date":"2012-08-29T10:30:23","date_gmt":"2012-08-29T08:30:23","guid":{"rendered":"http:\/\/people.unil.ch\/nathaliechevre\/?page_id=28"},"modified":"2025-10-27T12:55:02","modified_gmt":"2025-10-27T11:55:02","slug":"cv","status":"publish","type":"page","link":"https:\/\/people.unil.ch\/nathaliechevre\/cv\/","title":{"rendered":"CV"},"content":{"rendered":"<p>Je suis \u00e9cotoxicologue, actuellement Professeure associ\u00e9e \u00e0 l \u2018Universit\u00e9 de Lausanne. Mon domaine de recherche porte sur le risque des m\u00e9langes de substances chimiques sur l\u2019environnement.<\/p>\n<p>J&rsquo;ai une formation d\u2019ing\u00e9nieure en environnement de l\u2019EPFL (<a href=\"https:\/\/enac.epfl.ch\">enac.epfl.ch<\/a>) . J&rsquo;ai ensuite poursuivi par une th\u00e8se en \u00e9cotoxicologie, puis par un post-doctorat \u00e0 Montr\u00e9al, au sein d\u2019Environnement Canada (<a href=\"https:\/\/www.ec.gc.ca\">www.ec.gc.ca<\/a>). Apr\u00e8s 5 ans \u00e0 l\u2019Eawag (<a href=\"https:\/\/www.eawag.ch\">www.eawag.ch<\/a>) \u00e0 Z\u00fcrich, je travaille \u00e0 l\u2019Universit\u00e9 de Lausanne depuis 2006. De 2008 \u00e0 2013, j&rsquo;ai coordonn\u00e9 le projet Fonds National L\u00e9man 21 sur la gestion durable des syst\u00e8mes lacustres (<a href=\"https:\/\/www.leman21.ch\">www.leman21.ch<\/a>).<\/p>\n","protected":false},"excerpt":{"rendered":"<p>Je suis \u00e9cotoxicologue, actuellement Professeure associ\u00e9e \u00e0 l \u2018Universit\u00e9 de Lausanne. Mon domaine de recherche porte sur le risque des m\u00e9langes de substances chimiques sur l\u2019environnement. J&rsquo;ai une formation d\u2019ing\u00e9nieure en environnement de l\u2019EPFL (enac.epfl.ch) . J&rsquo;ai ensuite poursuivi par une th\u00e8se en \u00e9cotoxicologie, puis par un post-doctorat \u00e0 Montr\u00e9al, au sein d\u2019Environnement Canada (www.ec.gc.ca). &hellip; <\/p>\n<p class=\"link-more\"><a href=\"https:\/\/people.unil.ch\/nathaliechevre\/cv\/\" class=\"more-link\">Continuer la lecture<span class=\"screen-reader-text\"> de &laquo;&nbsp;CV&nbsp;&raquo;<\/span><\/a><\/p>\n","protected":false},"author":63,"featured_media":0,"parent":0,"menu_order":6,"comment_status":"closed","ping_status":"closed","template":"","meta":{"_seopress_robots_primary_cat":"","_seopress_titles_title":"","_seopress_titles_desc":"","_seopress_robots_index":"","footnotes":""},"class_list":["post-28","page","type-page","status-publish"],"_links":{"self":[{"href":"https:\/\/people.unil.ch\/nathaliechevre\/wp-json\/wp\/v2\/pages\/28","targetHints":{"allow":["GET"]}}],"collection":[{"href":"https:\/\/people.unil.ch\/nathaliechevre\/wp-json\/wp\/v2\/pages"}],"about":[{"href":"https:\/\/people.unil.ch\/nathaliechevre\/wp-json\/wp\/v2\/types\/page"}],"author":[{"embeddable":true,"href":"https:\/\/people.unil.ch\/nathaliechevre\/wp-json\/wp\/v2\/users\/63"}],"replies":[{"embeddable":true,"href":"https:\/\/people.unil.ch\/nathaliechevre\/wp-json\/wp\/v2\/comments?post=28"}],"version-history":[{"count":1,"href":"https:\/\/people.unil.ch\/nathaliechevre\/wp-json\/wp\/v2\/pages\/28\/revisions"}],"predecessor-version":[{"id":517,"href":"https:\/\/people.unil.ch\/nathaliechevre\/wp-json\/wp\/v2\/pages\/28\/revisions\/517"}],"wp:attachment":[{"href":"https:\/\/people.unil.ch\/nathaliechevre\/wp-json\/wp\/v2\/media?parent=28"}],"curies":[{"name":"wp","href":"https:\/\/api.w.org\/{rel}","templated":true}]}}