{"id":6,"date":"2012-08-28T15:11:19","date_gmt":"2012-08-28T13:11:19","guid":{"rendered":"http:\/\/people.unil.ch\/nathaliechevre\/?page_id=6"},"modified":"2019-01-21T17:57:14","modified_gmt":"2019-01-21T16:57:14","slug":"axes-de-recherche","status":"publish","type":"page","link":"https:\/\/people.unil.ch\/nathaliechevre\/","title":{"rendered":"Axes de recherche"},"content":{"rendered":"<p><strong><span style=\"color: #000080\">Evaluation du risque des micropolluants<\/span><\/strong><\/p>\n<p>De nombreuses substances, pesticides produits pharmaceutiques, m\u00e9taux, &#8230; sont pr\u00e9sentes dans notre environnement. Ces substances peuvent engendrer des effets non n\u00e9gligeables sur la biosc\u00e9nose. Dans cette optique, je m&rsquo;int\u00e9resse au d\u00e9veloppement de nouveaux outils adapt\u00e9s pour \u00e9valuer le risque des substances et permettant de d\u00e9terminer rapidement les polluants, ou les m\u00e9langes de polluants, les plus probl\u00e9matiques pour l&rsquo;environnement.<\/p>\n<p><strong><span style=\"color: #000080\">M\u00e9tabolisme urbain: les micropolluants dans le cycle de l&rsquo;eau<\/span><\/strong><\/p>\n<p>Une ville peut \u00eatre vue comme un organisme vivant, consommant des \u00ab\u00a0aliments\u00a0\u00bb et rejetant des \u00ab\u00a0d\u00e9chets\u00a0\u00bb. Parmi les \u00e9l\u00e9ments essentiels \u00e0 la survie de cet organisme figure l&rsquo;eau, dont la gestion, aussi bien quantitative que qualitative, doit \u00eatre planifi\u00e9e \u00e0 long-terme. Dans ce cadre, je me propose d&rsquo;\u00e9tudier l&rsquo;aspect qualitatif de l&rsquo;eau, focalis\u00e9e sur les micropolluants, et de d\u00e9terminer des crit\u00e8res qui permettent son utilisation \u00ab\u00a0durable\u00a0\u00bb, \u00e0 la fois comme milieu de vie pour les organismes et comme source d&rsquo;eau potable.<\/p>\n<p><strong><span style=\"color: #000080\">Politique environnementale<\/span><\/strong><\/p>\n<p>Afin de prot\u00e9ger l&rsquo;environnement contre les pressions anthropiques, par exemple les polluants, il est important d&rsquo;\u00e9tablir des r\u00e8gles strictes quant \u00e0 leur \u00e9mission dans l&rsquo;environnement. Dans ce cadre, je m&rsquo;int\u00e9resse au d\u00e9veloppement de crit\u00e8res de qualit\u00e9 pour l&rsquo;environnement, mais \u00e9galement aux aspects sociaux, territoriaux ou \u00e9thiques li\u00e9s \u00e0 la protection de l&rsquo;environnement.<\/p>\n","protected":false},"excerpt":{"rendered":"<p>Evaluation du risque des micropolluants De nombreuses substances, pesticides produits pharmaceutiques, m\u00e9taux, &#8230; sont pr\u00e9sentes dans notre environnement. Ces substances peuvent engendrer des effets non n\u00e9gligeables sur la biosc\u00e9nose. Dans cette optique, je m&rsquo;int\u00e9resse au d\u00e9veloppement de nouveaux outils adapt\u00e9s pour \u00e9valuer le risque des substances et permettant de d\u00e9terminer rapidement les polluants, ou les &hellip; <\/p>\n<p class=\"link-more\"><a href=\"https:\/\/people.unil.ch\/nathaliechevre\/\" class=\"more-link\">Continuer la lecture<span class=\"screen-reader-text\"> de &laquo;&nbsp;Axes de recherche&nbsp;&raquo;<\/span><\/a><\/p>\n","protected":false},"author":63,"featured_media":0,"parent":0,"menu_order":0,"comment_status":"closed","ping_status":"closed","template":"","meta":{"_seopress_robots_primary_cat":"","_seopress_titles_title":"","_seopress_titles_desc":"","_seopress_robots_index":"","footnotes":""},"class_list":["post-6","page","type-page","status-publish"],"_links":{"self":[{"href":"https:\/\/people.unil.ch\/nathaliechevre\/wp-json\/wp\/v2\/pages\/6","targetHints":{"allow":["GET"]}}],"collection":[{"href":"https:\/\/people.unil.ch\/nathaliechevre\/wp-json\/wp\/v2\/pages"}],"about":[{"href":"https:\/\/people.unil.ch\/nathaliechevre\/wp-json\/wp\/v2\/types\/page"}],"author":[{"embeddable":true,"href":"https:\/\/people.unil.ch\/nathaliechevre\/wp-json\/wp\/v2\/users\/63"}],"replies":[{"embeddable":true,"href":"https:\/\/people.unil.ch\/nathaliechevre\/wp-json\/wp\/v2\/comments?post=6"}],"version-history":[{"count":0,"href":"https:\/\/people.unil.ch\/nathaliechevre\/wp-json\/wp\/v2\/pages\/6\/revisions"}],"wp:attachment":[{"href":"https:\/\/people.unil.ch\/nathaliechevre\/wp-json\/wp\/v2\/media?parent=6"}],"curies":[{"name":"wp","href":"https:\/\/api.w.org\/{rel}","templated":true}]}}