{"id":10,"date":"2019-04-12T10:08:06","date_gmt":"2019-04-12T08:08:06","guid":{"rendered":"http:\/\/people.unil.ch\/olivierstucky\/?page_id=10"},"modified":"2019-04-14T08:49:00","modified_gmt":"2019-04-14T06:49:00","slug":"reseaux","status":"publish","type":"page","link":"https:\/\/people.unil.ch\/olivierstucky\/reseaux\/","title":{"rendered":"R\u00e9seaux"},"content":{"rendered":"<h6>GrEBD \u2013 Groupe d&rsquo;\u00e9tude sur la BD<\/h6>\n<p>L\u2019objectif du GrEBD est de d\u00e9velopper et de promouvoir la recherche acad\u00e9mique sur la bande dessin\u00e9e dans une perspective interdisciplinaire, notamment en \u00e9tudiant ce moyen d\u2019expression dans ses aspects formels, narratologiques, historiques et culturels. Les activit\u00e9s du GrEBD comprennent l\u2019organisation de cours de niveau Bachelor et Master, de conf\u00e9rences publiques, d\u2019\u00e9v\u00e9nements scientifiques et d\u2019expositions.<\/p>\n<p><a href=\"https:\/\/www.unil.ch\/grebd\" target=\"_blank\" rel=\"noopener noreferrer\">https:\/\/www.unil.ch\/grebd<\/a><\/p>\n<h6>R\u00e9NaF \u2013R\u00e9seau des Narratologues Francophones<\/h6>\n<p>Le r\u00e9seau des narratologues francophones (R\u00e9NaF) \u00e9largit la port\u00e9e du r\u00e9seau romand de narratologie (RRN) et renforce son ancrage institutionnel au sein de l\u2019Universit\u00e9 de Lausanne en confiant sa gestion au p\u00f4le de narratologie transm\u00e9diale (NaTrans). Ce r\u00e9seau a pour but de recenser les chercheurs francophones contribuant \u00e0 faire avancer la th\u00e9orie du r\u00e9cit, quel que soit leur ancrage disciplinaire et leur institution de rattachement. Il vise \u00e9galement \u00e0 offrir un lieu de dialogue et de promotion de la recherche encourageant la poursuite et le renforcement d\u2019une tradition francophone dans le domaine de la th\u00e9orie du r\u00e9cit, tout en cr\u00e9ant des synergies avec le r\u00e9seau europ\u00e9en de narratologie (<a href=\"https:\/\/www.narratology.net\/\">ENN<\/a>) et l\u2019International Society for the Study of Narrative (<a href=\"https:\/\/narrative.georgetown.edu\/\">ISSN<\/a>).<\/p>\n<p><a href=\"https:\/\/www.unil.ch\/narratologie\/renaf\" target=\"_blank\" rel=\"noopener noreferrer\">https:\/\/www.unil.ch\/narratologie\/renaf<\/a><\/p>\n<h6>NaTrans \u2013 P\u00f4le de Narratologie Transm\u00e9diale<\/h6>\n<p>Le P\u00f4le de narratologie transm\u00e9diale (NaTrans) est un groupe de recherche rattach\u00e9 institutionnellement au <a href=\"https:\/\/www.unil.ch\/cet\/home.html\">Centre d\u2019\u00e9tudes th\u00e9\u00e2trales (CET)<\/a> de la Facult\u00e9 des Lettres de l\u2019Universit\u00e9 de Lausanne. Il est par ailleurs li\u00e9 aux activit\u00e9s du <a href=\"https:\/\/wp.unil.ch\/grebd\/\">Groupe d\u2019\u00e9tude sur la bande dessin\u00e9e (GrEBD)<\/a>. La <a href=\"https:\/\/www.lhn.uni-hamburg.de\/article\/narration-various-media\">narratologie transm\u00e9diale<\/a> s\u2019inscrit dans le prolongement de la th\u00e9orie du r\u00e9cit telle qu\u2019elle a \u00e9merg\u00e9, en tant que discipline scientifique, \u00e0 partir des ann\u00e9es 1960, tout en relevant le d\u00e9fi conceptuel de l\u2019\u00e9largissement de son p\u00e9rim\u00e8tre vers diff\u00e9rents m\u00e9dias, notamment dramatiques, graphiques et audio-visuels, qui sont de plus en plus enchev\u00eatr\u00e9s et coordonn\u00e9s au sein de la culture contemporaine.<\/p>\n<p><a href=\"https:\/\/www.unil.ch\/narratologie\/natrans\" target=\"_blank\" rel=\"noopener noreferrer\">https:\/\/www.unil.ch\/narratologie\/natrans<\/a><\/p>\n","protected":false},"excerpt":{"rendered":"<p>GrEBD \u2013 Groupe d&rsquo;\u00e9tude sur la BD L\u2019objectif du GrEBD est de d\u00e9velopper et de promouvoir la recherche acad\u00e9mique sur la bande dessin\u00e9e dans une perspective interdisciplinaire, notamment en \u00e9tudiant ce moyen d\u2019expression dans ses aspects formels, narratologiques, historiques et<\/p>\n","protected":false},"author":1001094,"featured_media":0,"parent":0,"menu_order":0,"comment_status":"closed","ping_status":"closed","template":"","meta":{"_seopress_robots_primary_cat":"","_seopress_titles_title":"","_seopress_titles_desc":"","_seopress_robots_index":"","footnotes":""},"class_list":["post-10","page","type-page","status-publish"],"_links":{"self":[{"href":"https:\/\/people.unil.ch\/olivierstucky\/wp-json\/wp\/v2\/pages\/10","targetHints":{"allow":["GET"]}}],"collection":[{"href":"https:\/\/people.unil.ch\/olivierstucky\/wp-json\/wp\/v2\/pages"}],"about":[{"href":"https:\/\/people.unil.ch\/olivierstucky\/wp-json\/wp\/v2\/types\/page"}],"author":[{"embeddable":true,"href":"https:\/\/people.unil.ch\/olivierstucky\/wp-json\/wp\/v2\/users\/1001094"}],"replies":[{"embeddable":true,"href":"https:\/\/people.unil.ch\/olivierstucky\/wp-json\/wp\/v2\/comments?post=10"}],"version-history":[{"count":0,"href":"https:\/\/people.unil.ch\/olivierstucky\/wp-json\/wp\/v2\/pages\/10\/revisions"}],"wp:attachment":[{"href":"https:\/\/people.unil.ch\/olivierstucky\/wp-json\/wp\/v2\/media?parent=10"}],"curies":[{"name":"wp","href":"https:\/\/api.w.org\/{rel}","templated":true}]}}