{"id":62,"date":"2019-04-14T11:44:05","date_gmt":"2019-04-14T09:44:05","guid":{"rendered":"http:\/\/people.unil.ch\/olivierstucky\/?page_id=62"},"modified":"2019-04-14T12:14:52","modified_gmt":"2019-04-14T10:14:52","slug":"reconfiguring-comics-in-our-digital-era","status":"publish","type":"page","link":"https:\/\/people.unil.ch\/olivierstucky\/reconfiguring-comics-in-our-digital-era\/","title":{"rendered":"Reconfiguring Comics in our Digital Era"},"content":{"rendered":"<article id=\"post-1670\" class=\"post-1670 page type-page status-publish hentry\">\n<header class=\"entry-header\">Ma th\u00e8se de doctorat s&rsquo;inscrit dans le cadre d&rsquo;un projet interdisciplinaire financ\u00e9 par le Fond National Suisse de la recherche scientifique, mettant en collaboration l&rsquo;Universit\u00e9 de Lausanne (UNIL) et l&rsquo;\u00c9cole polytechnique f\u00e9d\u00e9rale de Lausanne (EPFL).<\/p>\n<p class=\"entry-title\">(Bourse FNS Sinergia : CRSII5_180359)<\/p>\n<\/header>\n<div class=\"entry-content clearfix\">\n<p><strong>Collaborateurs<br \/>\n<\/strong><\/p>\n<ul>\n<li>Responsables\n<ul>\n<li>Sabine S\u00fcsstrunk (EPFL, laboratoire d\u2019images et repr\u00e9sentation visuelle)<\/li>\n<li>Mathieu Salzman (EPFL, laboratoire de vision par ordinateur)<\/li>\n<li>Rapha\u00ebl Baroni (UNIL, Lettres, EFLE)<\/li>\n<\/ul>\n<\/li>\n<li>Doctorants\n<ul>\n<li>Ga\u00eblle Kovaliv (UNIL)<\/li>\n<li>Olivier Stucky (UNIL)<\/li>\n<li>Deblina Bhattacharjee (EPFL)<\/li>\n<li>Bahar Aydemir (EPFL)<\/li>\n<li>Ihsan Utlu (EPFL)<\/li>\n<\/ul>\n<\/li>\n<li>Collaborateur scientifique\n<ul>\n<li>Seungryong Kim (EPFL)<\/li>\n<\/ul>\n<\/li>\n<li>Assistant scientifique\n<ul>\n<li>Joachim Hugonot (EPFL)<\/li>\n<\/ul>\n<\/li>\n<\/ul>\n<p><strong>Descriptif du projet<br \/>\n<\/strong>(r\u00e9dig\u00e9 par Rapha\u00ebl Baroni)<strong><br \/>\n<\/strong><\/p>\n<p>La BD constitue une partie importante de notre patrimoine culturel. Au fil des ans, elle s\u2019est diffus\u00e9e sur des supports vari\u00e9s, allant des r\u00e9cits publi\u00e9s dans la presse, \u00e0 des albums ou des romans graphiques, une m\u00eame histoire \u00e9tant souvent diffus\u00e9e dans plusieurs formats. Malheureusement, le transfert d\u2019une BD d\u2019un format \u00e0 un autre est un processus long et co\u00fbteux, exigeant que l\u2019artiste recompose son travail pour chaque support. \u00c0 l\u2019\u00e8re num\u00e9rique, les auteurs, qui continuent de privil\u00e9gier des techniques de production traditionnelles, doivent transf\u00e9rer leur travail dans une diversit\u00e9 croissante de formats, notamment les \u00e9crans des smartphones et des tablettes. Le but de ce projet est de faciliter le processus de reconfiguration des BD. En particulier, nous visons \u00e0 :<\/p>\n<ol>\n<li>analyser l\u2019histoire et les enjeux du processus de reconfiguration de la BD en fonction de diff\u00e9rents supports, analogiques et num\u00e9riques\u00a0;<\/li>\n<li>\u00e9laborer des algorithmes pour aider les artistes dans le processus de reconfiguration des images en fonction des contraintes des supports ;<\/li>\n<li>\u00e9tudier l\u2019impact des reconfigurations sur les acteurs de la BD.<\/li>\n<\/ol>\n<p>Sur le plan culturel, il s\u2019agit de mesurer l\u2019impact des technologies num\u00e9riques sur la BD europ\u00e9enne, tout en tenant compte du fait que la transition vers les \u00e9crans n\u2019est qu\u2019une \u00e9tape dans un processus de reconfiguration observable depuis les origines du m\u00e9dia. Pour r\u00e9pondre \u00e0 ce besoin, nous allons compl\u00e9ter notre recherche par des enqu\u00eates de terrain impliquant des interviews avec des auteurs et des \u00e9diteurs impliqu\u00e9s dans cette \u00e9volution. Du c\u00f4t\u00e9 de l\u2019informatique visuelle, tandis que l\u2019\u00e9tat de l\u2019art reste confin\u00e9 \u00e0 la d\u00e9tection de cases, de textes et de bo\u00eetes d\u00e9limitant des caract\u00e8res, nous fournirons des segmentations d\u00e9taill\u00e9es d\u2019\u00e9l\u00e9ments graphiques (personnages, objets) et de notions de 3D. Nos r\u00e9sultats auront un impact non seulement sur l\u2019industrie de la BD, mais aussi sur la compr\u00e9hension de son histoire, sur la mus\u00e9ographie (en offrant de nouvelles fa\u00e7ons d\u2019afficher et d\u2019interagir avec les BD), et sur les humanit\u00e9s num\u00e9riques (en offrant de nouveaux moyens d\u2019indexation de grands corpus num\u00e9ris\u00e9s). \u00c0 travers une campagne de num\u00e9risation du fonds Ghebali, il s\u2019agit aussi de valoriser les archives du Centre BD de la ville de Lausanne.<\/p>\n<\/div>\n<\/article>\n","protected":false},"excerpt":{"rendered":"<p>Ma th\u00e8se de doctorat s&rsquo;inscrit dans le cadre d&rsquo;un projet interdisciplinaire financ\u00e9 par le Fond National Suisse de la recherche scientifique, mettant en collaboration l&rsquo;Universit\u00e9 de Lausanne (UNIL) et l&rsquo;\u00c9cole polytechnique f\u00e9d\u00e9rale de Lausanne (EPFL). (Bourse FNS Sinergia : CRSII5_180359)<\/p>\n","protected":false},"author":1001094,"featured_media":0,"parent":0,"menu_order":0,"comment_status":"closed","ping_status":"closed","template":"","meta":{"_seopress_robots_primary_cat":"","_seopress_titles_title":"","_seopress_titles_desc":"","_seopress_robots_index":"","footnotes":""},"class_list":["post-62","page","type-page","status-publish"],"_links":{"self":[{"href":"https:\/\/people.unil.ch\/olivierstucky\/wp-json\/wp\/v2\/pages\/62","targetHints":{"allow":["GET"]}}],"collection":[{"href":"https:\/\/people.unil.ch\/olivierstucky\/wp-json\/wp\/v2\/pages"}],"about":[{"href":"https:\/\/people.unil.ch\/olivierstucky\/wp-json\/wp\/v2\/types\/page"}],"author":[{"embeddable":true,"href":"https:\/\/people.unil.ch\/olivierstucky\/wp-json\/wp\/v2\/users\/1001094"}],"replies":[{"embeddable":true,"href":"https:\/\/people.unil.ch\/olivierstucky\/wp-json\/wp\/v2\/comments?post=62"}],"version-history":[{"count":0,"href":"https:\/\/people.unil.ch\/olivierstucky\/wp-json\/wp\/v2\/pages\/62\/revisions"}],"wp:attachment":[{"href":"https:\/\/people.unil.ch\/olivierstucky\/wp-json\/wp\/v2\/media?parent=62"}],"curies":[{"name":"wp","href":"https:\/\/api.w.org\/{rel}","templated":true}]}}