{"id":8,"date":"2019-04-12T10:08:06","date_gmt":"2019-04-12T08:08:06","guid":{"rendered":"http:\/\/people.unil.ch\/olivierstucky\/?page_id=8"},"modified":"2019-04-15T16:54:56","modified_gmt":"2019-04-15T14:54:56","slug":"publications","status":"publish","type":"page","link":"https:\/\/people.unil.ch\/olivierstucky\/publications\/","title":{"rendered":"Publications"},"content":{"rendered":"<h6>Article publi\u00e9s<\/h6>\n<p>Olivier Stucky, \u00ab\u00a0La Voix de Proust. Des influences de <em>\u00c0 la recherche du temps perdu<\/em> sur la construction des notions de narration et de voix narrative chez G\u00e9rard Genette\u00a0\u00bb, <em>Cahiers de Narratologie <\/em>[En ligne]<em>, <\/em>31 | 2016. <a href=\"https:\/\/journals.openedition.org\/narratologie\/7613\" target=\"_blank\" rel=\"noopener noreferrer\">Acc\u00e9der \u00e0 l&rsquo;article<\/a><\/p>\n<h6>Th\u00e8se (en cours)<\/h6>\n<p>Olivier Stucky, \u00ab\u00a0Reconfigurations narratives en bande dessin\u00e9e. Arch\u00e9ologie des ph\u00e9nom\u00e8nes de transferts m\u00e9diatiques par le prisme de la num\u00e9risation dans la production europ\u00e9enne\u00a0\u00bb, sous la direction du Prof. Rapha\u00ebl Baroni, Facult\u00e9 des Lettres, Universit\u00e9 de Lausanne.<\/p>\n<h6>M\u00e9moire<\/h6>\n<p>Olivier Stucky, \u00ab\u00a0De quoi <em>Du litt\u00e9raire au filmique<\/em> est-il la narratologie ? Entre th\u00e9orie du cin\u00e9ma et narratologie compar\u00e9e : trois questions pos\u00e9es \u00e0 la narratologie filmique d&rsquo;Andr\u00e9 Gaudreault\u00a0\u00bb, sous la direction du Prof. Alain Boillat, Section d&rsquo;Histoire et esth\u00e9tique du cin\u00e9ma, Facult\u00e9 des Lettres, Universit\u00e9 de Lausanne, Janvier 2016.<\/p>\n<p>&nbsp;<\/p>\n","protected":false},"excerpt":{"rendered":"<p>Article publi\u00e9s Olivier Stucky, \u00ab\u00a0La Voix de Proust. Des influences de \u00c0 la recherche du temps perdu sur la construction des notions de narration et de voix narrative chez G\u00e9rard Genette\u00a0\u00bb, Cahiers de Narratologie [En ligne], 31 | 2016. Acc\u00e9der<\/p>\n","protected":false},"author":1001094,"featured_media":0,"parent":0,"menu_order":0,"comment_status":"closed","ping_status":"closed","template":"","meta":{"_seopress_robots_primary_cat":"","_seopress_titles_title":"","_seopress_titles_desc":"","_seopress_robots_index":"","footnotes":""},"class_list":["post-8","page","type-page","status-publish"],"_links":{"self":[{"href":"https:\/\/people.unil.ch\/olivierstucky\/wp-json\/wp\/v2\/pages\/8","targetHints":{"allow":["GET"]}}],"collection":[{"href":"https:\/\/people.unil.ch\/olivierstucky\/wp-json\/wp\/v2\/pages"}],"about":[{"href":"https:\/\/people.unil.ch\/olivierstucky\/wp-json\/wp\/v2\/types\/page"}],"author":[{"embeddable":true,"href":"https:\/\/people.unil.ch\/olivierstucky\/wp-json\/wp\/v2\/users\/1001094"}],"replies":[{"embeddable":true,"href":"https:\/\/people.unil.ch\/olivierstucky\/wp-json\/wp\/v2\/comments?post=8"}],"version-history":[{"count":0,"href":"https:\/\/people.unil.ch\/olivierstucky\/wp-json\/wp\/v2\/pages\/8\/revisions"}],"wp:attachment":[{"href":"https:\/\/people.unil.ch\/olivierstucky\/wp-json\/wp\/v2\/media?parent=8"}],"curies":[{"name":"wp","href":"https:\/\/api.w.org\/{rel}","templated":true}]}}