{"id":9,"date":"2019-04-12T10:08:06","date_gmt":"2019-04-12T08:08:06","guid":{"rendered":"http:\/\/people.unil.ch\/olivierstucky\/?page_id=9"},"modified":"2019-06-02T16:34:07","modified_gmt":"2019-06-02T14:34:07","slug":"conferences","status":"publish","type":"page","link":"https:\/\/people.unil.ch\/olivierstucky\/conferences\/","title":{"rendered":"Conf\u00e9rences"},"content":{"rendered":"<h6>Conf\u00e9rences \u00e0 venir<\/h6>\n<h6>Conf\u00e9rences pass\u00e9es<\/h6>\n<p>30 mai 2019 \u2013 \u00ab\u00a0Theoretical and Methodological Issues of Narrative Reconfiguration in Comics\u00a0\u00bb, <em>The Society for the Study of Narrative annual conference,<\/em> Universidad de Navarra.<br \/>\n03 oct. 2017 \u2013 \u00ab\u00a0Th\u00e9orie, objet de la th\u00e9orie, l\u2019objet de la th\u00e9orie du cin\u00e9ma\u00a0\u00bb, <em>Conf\u00e9rences de l&rsquo;OrPhi<\/em>, Universit\u00e9 de Lausanne.<br \/>\n26 oct. 2014 \u2013 \u00ab\u00a0Narratologue cherche philosophe pour relation durable\u00a0\u00bb, <em>Les \u00e9tudiants en philo lisent<\/em>, Universit\u00e9 de Lausanne.<\/p>\n<p>&nbsp;<\/p>\n","protected":false},"excerpt":{"rendered":"<p>Conf\u00e9rences \u00e0 venir Conf\u00e9rences pass\u00e9es 30 mai 2019 \u2013 \u00ab\u00a0Theoretical and Methodological Issues of Narrative Reconfiguration in Comics\u00a0\u00bb, The Society for the Study of Narrative annual conference, Universidad de Navarra. 03 oct. 2017 \u2013 \u00ab\u00a0Th\u00e9orie, objet de la th\u00e9orie, l\u2019objet<\/p>\n","protected":false},"author":1001094,"featured_media":0,"parent":0,"menu_order":0,"comment_status":"closed","ping_status":"closed","template":"","meta":{"_seopress_robots_primary_cat":"","_seopress_titles_title":"","_seopress_titles_desc":"","_seopress_robots_index":"","footnotes":""},"class_list":["post-9","page","type-page","status-publish"],"_links":{"self":[{"href":"https:\/\/people.unil.ch\/olivierstucky\/wp-json\/wp\/v2\/pages\/9","targetHints":{"allow":["GET"]}}],"collection":[{"href":"https:\/\/people.unil.ch\/olivierstucky\/wp-json\/wp\/v2\/pages"}],"about":[{"href":"https:\/\/people.unil.ch\/olivierstucky\/wp-json\/wp\/v2\/types\/page"}],"author":[{"embeddable":true,"href":"https:\/\/people.unil.ch\/olivierstucky\/wp-json\/wp\/v2\/users\/1001094"}],"replies":[{"embeddable":true,"href":"https:\/\/people.unil.ch\/olivierstucky\/wp-json\/wp\/v2\/comments?post=9"}],"version-history":[{"count":0,"href":"https:\/\/people.unil.ch\/olivierstucky\/wp-json\/wp\/v2\/pages\/9\/revisions"}],"wp:attachment":[{"href":"https:\/\/people.unil.ch\/olivierstucky\/wp-json\/wp\/v2\/media?parent=9"}],"curies":[{"name":"wp","href":"https:\/\/api.w.org\/{rel}","templated":true}]}}