{"id":25,"date":"2016-07-08T17:00:49","date_gmt":"2016-07-08T15:00:49","guid":{"rendered":"http:\/\/people.unil.ch\/pascalst-amour\/?page_id=25"},"modified":"2023-12-06T07:23:00","modified_gmt":"2023-12-06T06:23:00","slug":"articles-publies","status":"publish","type":"page","link":"https:\/\/people.unil.ch\/pascalst-amour\/articles-publies\/","title":{"rendered":"Publications"},"content":{"rendered":"\n<h2 class=\"wp-block-heading\">Selected<\/h2>\n\n\n<ul>\n<li>St-Amour, Pascal (2024), &#8220;V<a href=\"https:\/\/www.sciencedirect.com\/science\/article\/pii\/S0167629623001194\">aluing Life over the Life Cycle<\/a>&#8220;, <em>Journal of Health Economics<\/em>, <strong>93<\/strong>, January.<\/li>\n<\/ul>\n<ul>\n<li>\n<p><span lang=\"EN-GB\">Hugonnier, Julien, Florian Pelgrin and Pascal St-Amour (2022), &#8220;Valuing Life as an Asset, as a Statistic, and at Gunpoint&#8221; , <em>The Economic Journal<\/em>, <strong>132<\/strong>(643), April, 1095&#8211;1122,\u00a0<\/span>\u00a0\u00a0(<a href=\"https:\/\/people.unil.ch\/pascalst-amour\/files\/2021\/08\/20200319_online_appendix.pdf\">online appendix<\/a>).<\/p>\n<\/li>\n<li>\n<p>Hugonnier, Julien, Florian Pelgrin and Pascal St-Amour, &#8220;Closing Down the Shop: Optimal Health and Wealth Dynamics Near the End of Life&#8221;, <em>Health Economics<\/em>, <strong>29<\/strong>(2), February 2020, 138-153.<\/p>\n<\/li>\n<li>\n<p>Pascal St-Amour, &#8220;The Lifetime Dynamics of Health and Wealth&#8221;, <a href=\"https:\/\/economics.oxfordre.com\/page\/recently-published\/\"><em>Oxford Research Encyclopedia in Economics and Finance<\/em><\/a>, June 2018.<\/p>\n<\/li>\n<li>\n<p>Pelgrin, Florian, and Pascal St-Amour, &#8220;Life Cycle Responses to Health Insurance Status&#8221;, <em>Journal of Health Economics<\/em>, <strong>49<\/strong>, 76-96, September, 2016<\/p>\n<\/li>\n<li>\n<p>Hugonnier, Julien, Florian Pelgrin and Pascal St-Amour, \u201cHealth and (other) Asset Holdings\u201d,\u00a0<i>Review of Economic Studies<\/i>, <strong>80<\/strong>(2), April 2013, 663-710<\/p>\n<\/li>\n<li>\n<p>Dionne, Georges, Pascal St-Amour and D\u00e9sir\u00e9 Vencatachellum, \u201cAsymmetric Information and Adverse Selection in Mauritian Slave Auctions\u201d,\u00a0<i>Review of Economic Studies<\/i>,\u00a0<b>76<\/b>(4), October 2009, 1269-1295<\/p>\n<\/li>\n<li>\n<p>Normandin, Michel and Pascal St-Amour, \u201cAn Empirical Analysis of Aggregate Household Portfolios\u201d,\u00a0<i>Journal of Banking and Finance\u00a0<\/i>,\u00a0<b>32<\/b>(8), August 2008, 1583-1597<\/p>\n<\/li>\n<li>\n<p>Normandin, Michel and Pascal St-Amour, \u201cRecursive Measures of Total Wealth and Portfolio Return\u201d,\u00a0<i>Applied Financial Economics\u00a0<\/i>,\u00a0<b>15<\/b>(4), February 15, 2005 , 287-291<\/p>\n<\/li>\n<li>\n<p>Gordon, Stephen and Pascal St-Amour, \u201cAsset Returns with State-Dependent Risk Preferences\u201d,\u00a0<i>Journal of Business and Economic Statistics<\/i>,\u00a0<b>22<\/b>(3), July 2004, 241-252<\/p>\n<\/li>\n<li>\n<p>Chenny, Shirley, Pascal St-Amour and D\u00e9sir\u00e9 Vencatathellum,\u201cSlave Prices from Succession and Bankruptcy Sales in Mauritius, 1825\u20131827\u201d,\u00a0<i>Explorations in Economic History<\/i>,\u00a0<b>40<\/b>(4), October 2003, 419-442<\/p>\n<\/li>\n<li>\n<p>Breton, Mich\u00e8le, Pascal St-Amour and D\u00e9sir\u00e9 Vencatachellum, \u201cDynamic production teams with strategic behavior\u201d,\u00a0<i>Journal of Economic Dynamics and Control<\/i>,\u00a0<b>27<\/b>(5), March 2003, 875-905<\/p>\n<\/li>\n<li>\n<p>Normandin, Michel and Pascal St-Amour, \u201cCanadian Consumption and Portfolio Shares\u201d,\u00a0<i>Canadian Journal of Economics<\/i>, <strong>35<\/strong>(4), November 2002, 737-756<\/p>\n<\/li>\n<li>\n<p>Gordon, Stephen and Pascal St-Amour, \u201cA Preference Regime Model of Bear and Bull Markets\u201d,\u00a0<i>American Economic Review<\/i>,\u00a0<b>90<\/b>(4), September 2000, 1019-1033<\/p>\n<\/li>\n<li>Normandin, Michel and Pascal St-Amour, \u201cSubstitution, Risk Aversion, Taste Shocks and Equity Premia\u201d,\u00a0<i>Journal of Applied Econometrics<\/i>,\u00a0<b>13<\/b>, 265-281, 1998<\/li>\n<\/ul>\n\n\n<h2 class=\"wp-block-heading\">Other publications<\/h2>\n\n\n\n<ul class=\"wp-block-list\">\n<li>St-Amour, P\u00e9n\u00e9lope, Pascal St-Amour, Joliat GR,&nbsp;Eckert A, Labgaa I, Roulin D, Demartines N, Melloul E. Impact of ERAS compliance on the delay between surgery and adjuvant chemotherapy in hepatobiliary and pancreatic malignancies.&nbsp;<em>Langenbecks Arch Surg.<\/em>&nbsp;2020 Nov;405(7):959-966. doi: 10.1007\/s00423-020-01981-1. Epub 2020 Sep 11. PMID:&nbsp;<a href=\"tel:32918147\">32918147<\/a>; PMCID: PMC7541355.<\/li>\n\n\n\n<li>Breton, Mich\u00e8le, Pascal St-Amour and D\u00e9sir\u00e9 Vencatachellum, &#8220;Birds of a feather: Teams as a Screening Mechanism&#8221;, <em>Proceedings of the 8th International Symposium on Dynamic Games and Applications<\/em>. Maastricht, the Netherlands July 1998, p. 116-124.<\/li>\n\n\n\n<li>Chevet, Jean-Michel and Pascal St-Amour, \u00abL\u2019int\u00e9gration du march\u00e9 du bl\u00e9 en France aux XVIII<sup>e<\/sup>&nbsp;et XIX<sup>e<\/sup>&nbsp;si\u00e8cles,&nbsp;<em>Cahiers d\u2019\u00c9conomie et Sociologies Rurales<\/em>,&nbsp;22, 151-175, 1992.<\/li>\n\n\n\n<li>Chevet, Jean-Michel and Pascal St-Amour, \u00abL\u2019int\u00e9gration du march\u00e9 du bl\u00e9 en France au XIX<sup>e<\/sup>&nbsp;si\u00e8cle.\u00bb&nbsp;&nbsp;<em>Histoire et Mesures<\/em>,&nbsp;I \u00bd, 93-119, 1991.<\/li>\n\n\n\n<li>St-Amour, Pascal, \u00abLes fluctuations des prix du bl\u00e9 lors des crises de subsistance\u00bb,&nbsp;<em>Cahiers d\u2019\u00c9conomie et Sociologie Rurales<\/em>,&nbsp;21, 25-44, 1991.<\/li>\n<\/ul>\n","protected":false},"excerpt":{"rendered":"<p>Selected St-Amour, Pascal (2024), &#8220;Valuing Life over the Life Cycle&#8220;, Journal of Health Economics, 93, January. Hugonnier, Julien, Florian Pelgrin and Pascal St-Amour (2022), &#8220;Valuing Life as an Asset, as a Statistic, and at Gunpoint&#8221; , The Economic Journal, 132(643), April, 1095&#8211;1122,\u00a0\u00a0\u00a0(online appendix). Hugonnier, Julien, Florian Pelgrin and Pascal St-Amour, &#8220;Closing Down the Shop: Optimal &hellip; <\/p>\n<p class=\"link-more\"><a href=\"https:\/\/people.unil.ch\/pascalst-amour\/articles-publies\/\" class=\"more-link\">Continue reading<span class=\"screen-reader-text\"> &#8220;Publications&#8221;<\/span><\/a><\/p>\n","protected":false},"author":1001067,"featured_media":0,"parent":0,"menu_order":0,"comment_status":"closed","ping_status":"closed","template":"","meta":{"_seopress_robots_primary_cat":"","_seopress_titles_title":"","_seopress_titles_desc":"","_seopress_robots_index":"","footnotes":""},"class_list":["post-25","page","type-page","status-publish"],"_links":{"self":[{"href":"https:\/\/people.unil.ch\/pascalst-amour\/wp-json\/wp\/v2\/pages\/25","targetHints":{"allow":["GET"]}}],"collection":[{"href":"https:\/\/people.unil.ch\/pascalst-amour\/wp-json\/wp\/v2\/pages"}],"about":[{"href":"https:\/\/people.unil.ch\/pascalst-amour\/wp-json\/wp\/v2\/types\/page"}],"author":[{"embeddable":true,"href":"https:\/\/people.unil.ch\/pascalst-amour\/wp-json\/wp\/v2\/users\/1001067"}],"replies":[{"embeddable":true,"href":"https:\/\/people.unil.ch\/pascalst-amour\/wp-json\/wp\/v2\/comments?post=25"}],"version-history":[{"count":0,"href":"https:\/\/people.unil.ch\/pascalst-amour\/wp-json\/wp\/v2\/pages\/25\/revisions"}],"wp:attachment":[{"href":"https:\/\/people.unil.ch\/pascalst-amour\/wp-json\/wp\/v2\/media?parent=25"}],"curies":[{"name":"wp","href":"https:\/\/api.w.org\/{rel}","templated":true}]}}