{"id":32,"date":"2016-07-08T18:19:38","date_gmt":"2016-07-08T16:19:38","guid":{"rendered":"http:\/\/people.unil.ch\/pascalst-amour\/?page_id=32"},"modified":"2025-09-15T15:42:40","modified_gmt":"2025-09-15T13:42:40","slug":"teaching","status":"publish","type":"page","link":"https:\/\/people.unil.ch\/pascalst-amour\/teaching\/","title":{"rendered":"Teaching"},"content":{"rendered":"<h3>Courses:<\/h3>\n<ul>\n<li>Macroeconomics, Master&#8217;s, 1st year, Economics (joint with Gianluca Benigno), <a href=\"https:\/\/moodle.unil.ch\/course\/view.php?id=34421\">course webpage<\/a><\/li>\n<li>Public Finance, Bachelor, 3rd year, Economics, <a href=\"https:\/\/moodle.unil.ch\/course\/view.php?id=34419\">course webpage<\/a><\/li>\n<li>Macro II, Bachelor, 3rd year, Economics, <a href=\"https:\/\/moodle.unil.ch\/course\/view.php?id=34418\">course webpage<\/a><\/li>\n<li>Macro Finance, Master&#8217;s, 2nd year, Economics (not offered), <a href=\"https:\/\/moodle.unil.ch\/mod\/page\/view.php?id=877007&amp;forceview=1\">course webpage<\/a><\/li>\n<li>Advanced Policy Analysis Seminar, PhD, 2nd year, Economics (not offered), <a href=\"https:\/\/moodle.unil.ch\/course\/view.php?id=20828\">course webpage<\/a><\/li>\n<\/ul>\n<h3>Supervision, PhD:<\/h3>\n<ul>\n<li>Yannis Mesquida, PhD, University of Lausanne, `Retirement and Health-Related Decisions over the Life Cycle&#8217;, director, Completed, February 2019.<\/li>\n<li>Louis Alain Sign\u00e9, Ph.D. University of Lausanne, `Studies on the Interactions between Health and Financial Allocations\u2019, co-director with Florian Pelgrin, completed September 2014.<\/li>\n<li>Stefano Puddu, Ph.D. University of Lausanne, `Essays on Rational Bubbles\u2019, director, completed May 2012.<\/li>\n<li>Ivan Jaccard, Ph.D. University of Lausanne, `Asset Pricing, Real Estate Markets and the Business Cycle: A General Equilibrium Approach\u2019, director, completed 2006.<\/li>\n<\/ul>\n<h3>Supervision, MSc:<\/h3>\n<ul>\n<li>Lo\u00efc Brunner, `Impact of tarif change in Switzerland on imaging exams quantity&#8217;, co-director with Karine Moschetti, completed summer 2020.<\/li>\n<li>Florian Vranken, `Determinants and effects of benzodiapezine and Z-drugs consumption initiation: An analysis of claims data&#8217;, co-director with Joachim Marti, completed summer 2020.<\/li>\n<li>Audrey Ledermann, MScE, `Taux d\u2019Int\u00e9r\u00eat N\u00e9gatifs: Impacts Economiques et Financiers \u2013 Le\u00a0Cas de la Banque Cantonale de Gen\u00e8ve&#8217;, University of Lausanne, co-director,\u00a0July 2016.<\/li>\n<li>Patrick Helbling, MScE, University of Lausanne, `Scarring and Stigma Effects of Job\u00a0Displacement: US Evidence from the Displaced Worker Survey&#8217;, June 2016.<\/li>\n<li>Julien Blatt, MScF, University of Lausanne, `Impact of Health-Related Shocks in the Context of a Dynamic Asset Pricing Model&#8217;, June 2014.<\/li>\n<li>Avdyl Ramaj, MScE, University of Lausanne, `Economic Analysis and Policies on Tobacco Consumption\u2019, February 2014.<\/li>\n<li>Xiyuan Li, MScF, `The High Reserve Holding in China: What\u2019s is the Explanation\u2019, University of Lausanne, September 2011.<\/li>\n<li>Pascal Anderegg, MScF, `Impact on Banking of Regulation Reform in OTC Derivatives Market\u2019, \u00a0University of Lausanne, June 2011.<\/li>\n<li>Yun Wu, MScE, `Testing US-East Asian Risk Preferences with CCAPM\u2019, University of Lausanne, June 2010.<\/li>\n<li>Line Barmaz, MScE, `Tax Competition among Swiss Cantons\u2019, \u00a0University of Lausanne, June 2010.<\/li>\n<li>Sylviane Chassot, MScE, `Household Price Elasticity of Electricity\u2019, University of Lausanne, June 2010.<\/li>\n<li>Marcel Probst, MScE, `The Business Cycle, Health, and Wealth: A Dynamic Analysis for the USA\u2019, University of Lausanne, June 2010.<\/li>\n<li>Maki Bissig, MScE, University of Lausanne, `The Impact of Decentralization on Economic Growth: An Analysis of the Transmission Channels\u2019, director, \u00a0June 2007.<\/li>\n<li>Sarah Jacquier, MScE, University of Lausanne, `The Energy Market in Switzerland\u2019, director, \u00a0June 2008.<\/li>\n<li>Van M. Bui, MScE, University of Lausanne, `An Empirical Analysis of the Relation between Debt and Growth in Developing Countries\u2019, supervisor, completed 2005.<\/li>\n<\/ul>\n","protected":false},"excerpt":{"rendered":"<p>Courses: Macroeconomics, Master&#8217;s, 1st year, Economics (joint with Gianluca Benigno), course webpage Public Finance, Bachelor, 3rd year, Economics, course webpage Macro II, Bachelor, 3rd year, Economics, course webpage Macro Finance, Master&#8217;s, 2nd year, Economics (not offered), course webpage Advanced Policy Analysis Seminar, PhD, 2nd year, Economics (not offered), course webpage Supervision, PhD: Yannis Mesquida, PhD, &hellip; <\/p>\n<p class=\"link-more\"><a href=\"https:\/\/people.unil.ch\/pascalst-amour\/teaching\/\" class=\"more-link\">Continue reading<span class=\"screen-reader-text\"> &#8220;Teaching&#8221;<\/span><\/a><\/p>\n","protected":false},"author":1001067,"featured_media":0,"parent":0,"menu_order":0,"comment_status":"closed","ping_status":"closed","template":"","meta":{"_seopress_robots_primary_cat":"","_seopress_titles_title":"","_seopress_titles_desc":"","_seopress_robots_index":"","footnotes":""},"class_list":["post-32","page","type-page","status-publish"],"_links":{"self":[{"href":"https:\/\/people.unil.ch\/pascalst-amour\/wp-json\/wp\/v2\/pages\/32","targetHints":{"allow":["GET"]}}],"collection":[{"href":"https:\/\/people.unil.ch\/pascalst-amour\/wp-json\/wp\/v2\/pages"}],"about":[{"href":"https:\/\/people.unil.ch\/pascalst-amour\/wp-json\/wp\/v2\/types\/page"}],"author":[{"embeddable":true,"href":"https:\/\/people.unil.ch\/pascalst-amour\/wp-json\/wp\/v2\/users\/1001067"}],"replies":[{"embeddable":true,"href":"https:\/\/people.unil.ch\/pascalst-amour\/wp-json\/wp\/v2\/comments?post=32"}],"version-history":[{"count":4,"href":"https:\/\/people.unil.ch\/pascalst-amour\/wp-json\/wp\/v2\/pages\/32\/revisions"}],"predecessor-version":[{"id":605,"href":"https:\/\/people.unil.ch\/pascalst-amour\/wp-json\/wp\/v2\/pages\/32\/revisions\/605"}],"wp:attachment":[{"href":"https:\/\/people.unil.ch\/pascalst-amour\/wp-json\/wp\/v2\/media?parent=32"}],"curies":[{"name":"wp","href":"https:\/\/api.w.org\/{rel}","templated":true}]}}