{"id":104,"date":"2022-06-09T16:10:21","date_gmt":"2022-06-09T14:10:21","guid":{"rendered":"https:\/\/people.unil.ch\/patrickclastres\/?page_id=104"},"modified":"2025-12-11T15:58:01","modified_gmt":"2025-12-11T14:58:01","slug":"direction-de-these","status":"publish","type":"page","link":"https:\/\/people.unil.ch\/patrickclastres\/en\/direction-de-these\/","title":{"rendered":"Theses direction"},"content":{"rendered":"<p class=\"has-medium-font-size\"><strong>Theses defended<\/strong><\/p>\n\n\n\n<p><strong>Arthur Gallois (2025)<\/strong>\u00a0:\u00a0<em>The National Sports Committee and the French Olympic Committee from 1918 to 1975<\/em>. Doctoral theses in Movement and Sport Sciences and in Contemporary History. Co-supervision with Prof. Emmanuel Bellanger (University Paris 1 - Panth\u00e9on Sorbonne)<\/p>\n\n\n\n<p><strong>Fran\u00e7ois Bourmaud (2022)<\/strong>\u00a0: <em>The British and the development of sports in France (1814-1914). A history of cultural transfers<\/em>. Doctoral theses in Contemporary History and Movement and Sport Sciences. Co-supervision with Prof. Fabrice Bensimon (Sorbonne University)<\/p>\n\n\n\n<p><strong>Lidia Lesnykh (2021)<\/strong>&nbsp;: <em>International university sport and the challenge of autonomy (1919-1961)<\/em>. Doctoral theses in Movement and Sport Sciences<\/p>\n\n\n\n<p><strong>Quentin Tonnerre (2021)<\/strong>&nbsp;: <em>In the stands of prestige. Swiss diplomacy and the challenges of international sport (1919-1981)<\/em>. Doctoral theses in Movement and Sport Sciences. Co-supervision with Prof. Janick Marina Schaufelbuehl (University of Lausanne, IEP)<\/p>\n\n\n\n<p><\/p>\n\n\n\n<p class=\"has-medium-font-size\"><strong>Theses in progress<\/strong><\/p>\n\n\n\n<p><strong>Jean-Michel Faidit (since 2025)<\/strong>,&nbsp;<em>Hippolyte Triat (1812\u20131881), gymnasium director, and his work for sports halls<\/em>, Doctoral thesis in sports history. Co-supervised by Prof. Xavier Pujadas-Mart\u00ed.<\/p>\n\n\n\n<p><strong>Juan Manuel Montoro (since 2024)<\/strong>,&nbsp;<em>Kosovo: sporting and cultural ways to achieve international agency<\/em>, Doctoral theses in Movement and Sport Sciences<\/p>\n\n\n\n<p><strong>Romain Crunchant (since 2022)<\/strong>&nbsp;:&nbsp;<em>French mountaineering in the Himalayas: a media story<\/em>. Doctoral theses in Contemporary History.  Co-directed with Prof. \u00c9douard Lynch (Universit\u00e9 Lyon 2)<\/p>\n\n\n\n<p><strong>Rapha\u00ebl Benbouhou (since 2021)<\/strong>&nbsp;: <em>Franco-Spanish relations through football. Circulations, imaginations and diplomacies<\/em>, Doctoral theses in Iberian Studies and in Movement and Sport Sciences. Co-supervision with Prof. Marie Franco (University Sorbonne Nouvelle)<\/p>\n\n\n\n<p><strong>Helena Klima (since 2018)<\/strong>\u00a0: <em>The IOC under the presidency of Avery Brundage (1952-1972)<\/em>, Doctoral theses in Movement and Sport Sciences<\/p>\n\n\n\n<p><\/p>","protected":false},"excerpt":{"rendered":"<p>Th\u00e8ses soutenues Arthur Gallois (2025)\u00a0:\u00a0Le Comit\u00e9 National des Sports et le Comit\u00e9 Olympique Fran\u00e7ais de 1918 \u00e0 1975. Th\u00e8se de doctorat en Sciences du mouvement et du sport et en &hellip; <\/p>","protected":false},"author":1001129,"featured_media":0,"parent":0,"menu_order":0,"comment_status":"closed","ping_status":"closed","template":"","meta":{"_seopress_robots_primary_cat":"","_seopress_titles_title":"","_seopress_titles_desc":"","_seopress_robots_index":"","footnotes":""},"class_list":["post-104","page","type-page","status-publish"],"_links":{"self":[{"href":"https:\/\/people.unil.ch\/patrickclastres\/en\/wp-json\/wp\/v2\/pages\/104","targetHints":{"allow":["GET"]}}],"collection":[{"href":"https:\/\/people.unil.ch\/patrickclastres\/en\/wp-json\/wp\/v2\/pages"}],"about":[{"href":"https:\/\/people.unil.ch\/patrickclastres\/en\/wp-json\/wp\/v2\/types\/page"}],"author":[{"embeddable":true,"href":"https:\/\/people.unil.ch\/patrickclastres\/en\/wp-json\/wp\/v2\/users\/1001129"}],"replies":[{"embeddable":true,"href":"https:\/\/people.unil.ch\/patrickclastres\/en\/wp-json\/wp\/v2\/comments?post=104"}],"version-history":[{"count":1,"href":"https:\/\/people.unil.ch\/patrickclastres\/en\/wp-json\/wp\/v2\/pages\/104\/revisions"}],"predecessor-version":[{"id":740,"href":"https:\/\/people.unil.ch\/patrickclastres\/en\/wp-json\/wp\/v2\/pages\/104\/revisions\/740"}],"wp:attachment":[{"href":"https:\/\/people.unil.ch\/patrickclastres\/en\/wp-json\/wp\/v2\/media?parent=104"}],"curies":[{"name":"wp","href":"https:\/\/api.w.org\/{rel}","templated":true}]}}