{"id":108,"date":"2022-06-09T16:18:22","date_gmt":"2022-06-09T14:18:22","guid":{"rendered":"https:\/\/people.unil.ch\/patrickclastres\/?page_id=108"},"modified":"2024-06-03T19:38:37","modified_gmt":"2024-06-03T17:38:37","slug":"membre-de-jurys-de-these","status":"publish","type":"page","link":"https:\/\/people.unil.ch\/patrickclastres\/en\/membre-de-jurys-de-these\/","title":{"rendered":"Member of thesis and research supervision accreditation juries"},"content":{"rendered":"<p style=\"font-size:24px\"><strong>2024<\/strong><\/p>\n\n\n\n<p><strong>Serge Vaucelle<\/strong>, <em>Playing, Practising, Training. A Cultural History of Sporting Performance<\/em>, Qualification to Supervise Research in Sports Science, University of Toulouse, defended on 12 April 2024 under the supervision of Jean Saint-Martin. Other members of the jury: Pierre-Yves Beaurepaire, Daphn\u00e9 Bolz, Olivier Chovaux, Philippe Terral and Georges Vigarello.<\/p>\n\n\n\n<p><\/p>\n\n\n\n<p style=\"font-size:24px\"><strong>2022<\/strong><\/p>\n\n\n\n<p><strong>Francois-Ren\u00e9 Julliard<\/strong>, <em>\u2018This medal is for Black America.\u2019 Black American Olympic athletes, between sporting excellence and the struggle for equality (1896\u20131984)<\/em>, Doctoral thesis in Contemporary History, Clermont Auvergne University, defended on 16 December 2022 under the supervision of Fabien Conord and Caroline Rolland-Diamond (Paris 10 University). Other members of the jury: Justine Faure, \u00c9ric Agbessi, Thomas J. Sugrue and Laurence Cossu-Beaumont.<\/p>\n\n\n\n<p><strong>Rachel Ozerkevich<\/strong>, <em>Aestheticizing sport : representations of athletes in France, 1881-1914<\/em>, Doctoral theses in Art History, University of North Carolina at Chapel Hill, defended on May 3, 2022 under the direction of Daniel J. Sherman. Other members of the jury: Jennifer Bauer, Eduardo Douglas, Gordon Hughes, Donald Reid.<\/p>\n\n\n\n<p><strong>Zineb Belmaati-Cherkaoui<\/strong>, <em>The geopolitical stakes of the Mediterranean sports worlds: the Mediterranean Games<\/em>, Doctoral theses in Sports Science under the supervision of Olivier le No\u00e9 and Pascal Charitas, University of Paris 10 (co-director), expected to be defended on 5 September 2022. Other members of the jury: Daphn\u00e9 Bolz, Dominique Connan, Marion Fontaine, Claude Kemo-Keimbou<\/p>\n\n\n\n<p><strong>Cl\u00e9ment Astruc<\/strong>, <em>Brazilian football around the world. Issues of international projection through sport (1945-1979)<\/em>, Doctoral thesis in Contemporary History under the supervision of Olivier Compagnon and Fabien Archambault, Paris 3 and Paris 1 - Panth\u00e9on Sorbonne (co-supervision), expected to be defended on 21 October 2022. Other members of the jury: Justine Faure, Laurent Vidal, Bernardo Buarque, Pascale Goetschel&nbsp;<\/p>\n\n\n\n<p style=\"font-size:24px\"><strong>2021<\/strong><\/p>\n\n\n\n<p><strong>Lorenzo Jalabert d\u2019Amado<\/strong>, <em>The origins of the World Cup: Montevideo 1930. Mass culture: political uses of sport and national construction<\/em>, Doctoral thesis in Contemporary History under the supervision of Olivier Compagnon and Denis Merklen, Universit\u00e9 Paris 3 (co-director), defended on 18 October 2021. Position: Rapporteur of the thesis project. Other members of the jury: Fabien Archambault, Daphn\u00e9 Bolz, Gerardo Caetano, William Gasparini.<\/p>\n\n\n\n<p><strong>Lionel Pabion<\/strong>, <em>Sport in the military? The military training societies in France: militarised leisure activities (1880s - 1930s)<\/em>, Doctoral thesis in Contemporary History under the supervision of \u00c9douard Lynch, Universit\u00e9 Lyon 2, defended on 12 November 2021. Position: Rapporteur of the thesis project. Other members of the jury: Anne Rasmussen, Olivier Chovaux, Emmanuel Saint-Fuscien, Daphn\u00e9 Bolz<\/p>\n\n\n\n<p style=\"font-size:24px\"><strong>2020<\/strong><\/p>\n\n\n\n<p><strong>Florys Castan-Vicente<\/strong>, <em>A body of one's own? Physical activities and feminism during the 'first wave' (France, late 19th century - late 1930s)<\/em>, Doctoral thesis in Contemporary History under the supervision of Pascal Ory, Universit\u00e9 Paris 1 - Panth\u00e9on Sorbonne, defended on 23 November 2020. Position: Rapporteur of the thesis project. Other members of the jury: Christine Bard, Ana\u00efs Bohuon, Daphn\u00e9 Bolz, Pascale G\u0153tschel.<\/p>\n\n\n\n<p style=\"font-size:24px\"><strong>2019<\/strong><\/p>\n\n\n\n<p><strong>Daniel de Souza Malanski, <\/strong><em>Narratives of Brazil \u2013 Brazilian Identity representations in International Mega-Events \u2013 the cases of the 2014 FIFA World Cup and the 2016 Summer Olympics<\/em>, Doctoral thesis in Artistic and Cultural History under the supervision of Catherine Bertho-Lavenir and Emilio Fern\u00e1ndez, Universit\u00e9 Sorbonne Paris Cit\u00e9 and Universitat Autonoma de Barcelona (cotutelle), defended on 29 May 2019. Position: Rapporteur of the thesis project. Other members of the jury: \u00c9velyne Cohen, Vinicius Mariano De Carvalho, Arnaud Richard.<\/p>\n\n\n\n<p><strong>Claire Nicolas<\/strong>, <em>Sport, Citizenship and Gender in West Africa: A Comparative Social and Political History of Youth in Ghana and C\u00f4te d'Ivoire in the 20th Century<\/em>, Doctoral thesis in political science and sports science under the supervision of Richard Ban\u00e9gas and Nicolas Bancel, Institut d'\u00e9tudes politiques de Paris and Universit\u00e9 de Lausanne (cotutelle), defended on 17 December 2019. Other members of the jury: Ana\u00efs Bohuon, Anne Hugon, Alexander Keese, Anne Marcellini.<\/p>\n\n\n\n<p style=\"font-size:24px\"><strong>2018<\/strong><\/p>\n\n\n\n<p><strong>S\u00e9bastien Moreau<\/strong>, <em>Sports meetings. A social and cultural history of sport in Reims, a center of national and European sport (1918-1939), <\/em>Doctoral thesis in Contemporary History under the supervision of Christophe Charle, Universit\u00e9 Paris 1, defended in September 2018. Other members of the jury: St\u00e9phane Beaud, Marion Fontaine, Manuel Schott\u00e9, Denis Scuto<\/p>\n\n\n\n<p><strong>Lucie H\u00e9meury<\/strong>, <em>The Untraceable Pact. Sport, Peronism and Society in Argentina 1946-1955<\/em>, Th\u00e8se de doctorat en Histoire contemporaine sous la direction d&rsquo;Olivier Compagnon, Universit\u00e9 Sorbonne Paris Cit\u00e9, soutenue le 11 d\u00e9cembre 2018. Fonction&nbsp;: Rapporteur du projet de th\u00e8se. Autres membres du jury&nbsp;: Fabien Archambault, Marcela Ferrari, Denis Merklen, Danielle Tartakowsky.<\/p>\n\n\n\n<p style=\"font-size:24px\"><strong>2016<\/strong><\/p>\n\n\n\n<p><strong>Sylvain Dufraisse<\/strong>, <em>The \"Heroes of Sport\": The Making of the Soviet Sports Elite (1934-1980)<\/em>, Doctoral thesis in Contemporary History under the supervision of Marie-Pierre Rey, Universit\u00e9 Paris 1 - Panth\u00e9on Sorbonne, defended on 12 March 2016. Position: Rapporteur of the thesis project. Other members of the jury: Sophie C\u0153ur\u00e9, Martine Mespoulet, Pascal Ory.<\/p>\n\n\n\n<p><\/p>\n\n\n\n<p><\/p>\n\n\n\n<p><\/p>\n\n\n\n<p><\/p>\n\n\n\n<p><\/p>","protected":false},"excerpt":{"rendered":"<p>2024 Serge Vaucelle, Jouer, S\u2019Exercer, S\u2019Entra\u00eener. Une Histoire Culturelle de la Performance Sportive, Habilitation \u00e0 Diriger des Recherches en Sciences du sport, Universit\u00e9 de Toulouse, soutenue le 12 avril 2024 &hellip; <\/p>","protected":false},"author":1001129,"featured_media":0,"parent":0,"menu_order":0,"comment_status":"closed","ping_status":"closed","template":"","meta":{"_seopress_robots_primary_cat":"","_seopress_titles_title":"","_seopress_titles_desc":"","_seopress_robots_index":"","footnotes":""},"class_list":["post-108","page","type-page","status-publish"],"_links":{"self":[{"href":"https:\/\/people.unil.ch\/patrickclastres\/en\/wp-json\/wp\/v2\/pages\/108","targetHints":{"allow":["GET"]}}],"collection":[{"href":"https:\/\/people.unil.ch\/patrickclastres\/en\/wp-json\/wp\/v2\/pages"}],"about":[{"href":"https:\/\/people.unil.ch\/patrickclastres\/en\/wp-json\/wp\/v2\/types\/page"}],"author":[{"embeddable":true,"href":"https:\/\/people.unil.ch\/patrickclastres\/en\/wp-json\/wp\/v2\/users\/1001129"}],"replies":[{"embeddable":true,"href":"https:\/\/people.unil.ch\/patrickclastres\/en\/wp-json\/wp\/v2\/comments?post=108"}],"version-history":[{"count":3,"href":"https:\/\/people.unil.ch\/patrickclastres\/en\/wp-json\/wp\/v2\/pages\/108\/revisions"}],"predecessor-version":[{"id":471,"href":"https:\/\/people.unil.ch\/patrickclastres\/en\/wp-json\/wp\/v2\/pages\/108\/revisions\/471"}],"wp:attachment":[{"href":"https:\/\/people.unil.ch\/patrickclastres\/en\/wp-json\/wp\/v2\/media?parent=108"}],"curies":[{"name":"wp","href":"https:\/\/api.w.org\/{rel}","templated":true}]}}