{"id":111,"date":"2022-06-09T16:19:32","date_gmt":"2022-06-09T14:19:32","guid":{"rendered":"https:\/\/people.unil.ch\/patrickclastres\/?page_id=111"},"modified":"2025-12-11T10:57:47","modified_gmt":"2025-12-11T09:57:47","slug":"theses-soutenues","status":"publish","type":"page","link":"https:\/\/people.unil.ch\/patrickclastres\/en\/theses-soutenues\/","title":{"rendered":"Theses defended"},"content":{"rendered":"<p><strong>Arthur Gallois (2025)<\/strong>\u00a0: <em>The National Sports Committee and the French Olympic Committee from 1918 to 1975<\/em>. Doctoral theses in Movement and Sport Sciences and in Contemporary History. Co-supervision with Prof. Emmanuel Bellanger (University Paris 1 - Panth\u00e9on Sorbonne)<\/p>\n\n\n\n<p><strong>Fran\u00e7ois Bourmaud (2022)<\/strong>&nbsp;: <em>The British and the development of sports in France (1814-1914). A history of cultural transfers<\/em>. Doctoral theses in Contemporary History and Movement and Sport Sciences. Co-supervision with Prof. Fabrice Bensimon (Sorbonne University)<\/p>\n\n\n\n<p><strong>Lidia Lesnykh (2021)<\/strong>&nbsp;: <em>International university sport and the challenge of autonomy (1919-1961)<\/em>. Doctoral theses in Movement and Sport Sciences<\/p>\n\n\n\n<p><strong>Quentin Tonnerre (2021)<\/strong>&nbsp;: <em>In the stands of prestige. Swiss diplomacy and the challenges of international sport (1919-1981)<\/em>. Doctoral theses in Movement and Sport Sciences. Co-supervision with Prof. Janick Marina Schaufelbuehl (University of Lausanne, IEP)<\/p>","protected":false},"excerpt":{"rendered":"<p>Arthur Gallois (2025)\u00a0: Le Comit\u00e9 National des Sports et le Comit\u00e9 Olympique Fran\u00e7ais de 1918 \u00e0 1975. Th\u00e8se de doctorat en Sciences du mouvement et du sport et en Histoire &hellip; <\/p>","protected":false},"author":1001129,"featured_media":0,"parent":0,"menu_order":0,"comment_status":"closed","ping_status":"closed","template":"","meta":{"_seopress_robots_primary_cat":"","_seopress_titles_title":"","_seopress_titles_desc":"","_seopress_robots_index":"","footnotes":""},"class_list":["post-111","page","type-page","status-publish"],"_links":{"self":[{"href":"https:\/\/people.unil.ch\/patrickclastres\/en\/wp-json\/wp\/v2\/pages\/111","targetHints":{"allow":["GET"]}}],"collection":[{"href":"https:\/\/people.unil.ch\/patrickclastres\/en\/wp-json\/wp\/v2\/pages"}],"about":[{"href":"https:\/\/people.unil.ch\/patrickclastres\/en\/wp-json\/wp\/v2\/types\/page"}],"author":[{"embeddable":true,"href":"https:\/\/people.unil.ch\/patrickclastres\/en\/wp-json\/wp\/v2\/users\/1001129"}],"replies":[{"embeddable":true,"href":"https:\/\/people.unil.ch\/patrickclastres\/en\/wp-json\/wp\/v2\/comments?post=111"}],"version-history":[{"count":1,"href":"https:\/\/people.unil.ch\/patrickclastres\/en\/wp-json\/wp\/v2\/pages\/111\/revisions"}],"predecessor-version":[{"id":728,"href":"https:\/\/people.unil.ch\/patrickclastres\/en\/wp-json\/wp\/v2\/pages\/111\/revisions\/728"}],"wp:attachment":[{"href":"https:\/\/people.unil.ch\/patrickclastres\/en\/wp-json\/wp\/v2\/media?parent=111"}],"curies":[{"name":"wp","href":"https:\/\/api.w.org\/{rel}","templated":true}]}}