{"id":32,"date":"2022-04-21T14:01:22","date_gmt":"2022-04-21T12:01:22","guid":{"rendered":"https:\/\/people.unil.ch\/patrickclastres\/?page_id=32"},"modified":"2022-06-09T16:50:12","modified_gmt":"2022-06-09T14:50:12","slug":"interventions-dans-les-medias","status":"publish","type":"page","link":"https:\/\/people.unil.ch\/patrickclastres\/en\/interventions-dans-les-medias\/","title":{"rendered":"Involvment with the media"},"content":{"rendered":"<p>I have been invited to speak on television, on the radio or in the written press on various subjects that have been in the news, in particular on Olympism, sports cultures, the geopolitics of sport and on human rights.<\/p>","protected":false},"excerpt":{"rendered":"<p>J&rsquo;ai \u00e9t\u00e9 invit\u00e9 \u00e0 m&rsquo;exprimer \u00e0 la t\u00e9l\u00e9vision, \u00e0 la radio ou dans la presse \u00e9crite sur diff\u00e9rents sujets qui ont fait l&rsquo;actualit\u00e9, en particulier sur l&rsquo;olympisme, les cultures sportives, &hellip; <\/p>","protected":false},"author":1001130,"featured_media":0,"parent":0,"menu_order":0,"comment_status":"closed","ping_status":"closed","template":"","meta":{"_seopress_robots_primary_cat":"","_seopress_titles_title":"","_seopress_titles_desc":"","_seopress_robots_index":"","footnotes":""},"class_list":["post-32","page","type-page","status-publish"],"_links":{"self":[{"href":"https:\/\/people.unil.ch\/patrickclastres\/en\/wp-json\/wp\/v2\/pages\/32","targetHints":{"allow":["GET"]}}],"collection":[{"href":"https:\/\/people.unil.ch\/patrickclastres\/en\/wp-json\/wp\/v2\/pages"}],"about":[{"href":"https:\/\/people.unil.ch\/patrickclastres\/en\/wp-json\/wp\/v2\/types\/page"}],"author":[{"embeddable":true,"href":"https:\/\/people.unil.ch\/patrickclastres\/en\/wp-json\/wp\/v2\/users\/1001130"}],"replies":[{"embeddable":true,"href":"https:\/\/people.unil.ch\/patrickclastres\/en\/wp-json\/wp\/v2\/comments?post=32"}],"version-history":[{"count":0,"href":"https:\/\/people.unil.ch\/patrickclastres\/en\/wp-json\/wp\/v2\/pages\/32\/revisions"}],"wp:attachment":[{"href":"https:\/\/people.unil.ch\/patrickclastres\/en\/wp-json\/wp\/v2\/media?parent=32"}],"curies":[{"name":"wp","href":"https:\/\/api.w.org\/{rel}","templated":true}]}}