{"id":402,"date":"2024-05-27T19:22:07","date_gmt":"2024-05-27T17:22:07","guid":{"rendered":"https:\/\/people.unil.ch\/patrickclastres\/?page_id=402"},"modified":"2025-12-11T11:47:45","modified_gmt":"2025-12-11T10:47:45","slug":"histoire-olympique-de-1894-a-2016","status":"publish","type":"page","link":"https:\/\/people.unil.ch\/patrickclastres\/en\/histoire-olympique-de-1894-a-2016\/","title":{"rendered":"Olympic history from 1894 to 2016"},"content":{"rendered":"<h1 class=\"wp-block-heading\" style=\"font-size:18px\"><\/h1>\n\n\n\n<p><strong>Olympic history<\/strong><\/p>\n\n\n\n<p>David Glaser, \u00ab\u00a0<a href=\"https:\/\/genevemonde.ch\/documents\/01katsfx5rxrtfnbxz3zbzbjsp\">Entretien avec Patrick Clastres (5\/5) Du franquisme \u00e0 la premi\u00e8re femme \u00e0 la t\u00eate du CIO, le leadership olympique change<\/a>\u00ab\u00a0, geneveMonde.ch, 18 novembre 2025<\/p>\n\n\n\n<p>David Glaser, \u00ab\u00a0<a href=\"https:\/\/genevemonde.ch\/documents\/01katpw5900kremw9cf1c4r8s2\">Entretien avec Patrick Clastres (4\/5) Coubertin, les \u00c9tats et le CIO, un si\u00e8cle de Jeux entre id\u00e9al et puissance<\/a>\u00ab\u00a0, geneveMonde.ch, 18 novembre 2025<\/p>\n\n\n\n<p>David Glaser, \u00ab\u00a0<a href=\"https:\/\/genevemonde.ch\/documents\/01katjk6z8xnhvhfd2ffj7yvvn\">Entretien avec Patrick Clastres (3\/5) L\u2019Olympisme, une id\u00e9ologie universelle construite sur un h\u00e9ritage s\u00e9lectif<\/a>\u00ab\u00a0, geneveMonde.ch, 18 novembre 2025<\/p>\n\n\n\n<p>David Glaser, \u00ab\u00a0<a href=\"https:\/\/genevemonde.ch\/documents\/01kak7gfc9v7hjqsd9bqhw21k6\">Entretien avec Patrick Clastres (2\/5) Coubertin, la SDN et la bataille pour le contr\u00f4le du sport mondial<\/a>\u00ab\u00a0, geneveMonde.ch, 21 novembre 2025<\/p>\n\n\n\n<p>David Glaser, \u00ab\u00a0<a href=\"https:\/\/genevemonde.ch\/documents\/01kak4ra50367xxfet1qgwdavn\">Entretien avec Patrick Clastres (1\/5) La naissance des Jeux modernes, comment Coubertin trouve refuge en Suisse<\/a>\u00ab\u00a0, geneveMonde.ch, 18 novembre 2025<\/p>\n\n\n\n<p>Thymot\u00e9 Pinon, \u00ab\u00a0<a href=\"https:\/\/www.lequipe.fr\/Respire\/Va-savoir\/Actualites\/Depuis-quand-les-athletes-s-enveloppent-ils-dans-leur-drapeau-apres-une-medaille\/1593035\">Depuis quand les athl\u00e8tes s&rsquo;enveloppent-ils dans leur drapeau apr\u00e8s une m\u00e9daille ?<\/a>\u00ab\u00a0, L&rsquo;\u00c9quipe.fr, 15 septembre 2025<\/p>\n\n\n\n<p>Intervention dans Sport-Premi\u00e8re, \u00ab\u00a0<a href=\"https:\/\/www.rts.ch\/audio-podcast\/2025\/audio\/grand-entretien-une-heure-avec-patrick-clastres-28921534.html\">Grand entretien: une heure avec Patrick Clastres<\/a>\u00ab\u00a0, 21 juin 2025<\/p>\n\n\n\n<p>Birthe Pedersen, \u00ab\u00a0<a href=\"https:\/\/www.kristeligt-dagblad.dk\/udland\/ol-er-mere-end-sport-men-hvor-meget-fylder-de-olympiske-vaerdier-i-legene-historiker-ol\">OL er mere end sport. Men hvor meget fylder de olympiske v\u00e6rdier i Legene?<\/a>\u00ab\u00a0, Kristeligt Dagblad, 1er ao\u00fbt 2024<\/p>\n\n\n\n<p>Bruno Texier, \u00ab\u00a0Patrick Clastres ou la contre-histoire des JO par les archives\u00a0\u00bb, <em>Archimag<\/em>, n\u00b0386, juillet-ao\u00fbt 2025<\/p>\n\n\n\n<p>Mustapha Kessous, \u00ab\u00a0<a href=\"https:\/\/www.lemonde.fr\/sport\/article\/2024\/07\/30\/l-afrique-l-anneau-manquant-des-jeux_6261537_3242.html?lmd_medium=al&amp;lmd_campaign=envoye-par-appli&amp;lmd_creation=ios&amp;lmd_source=mail\">L\u2019Afrique, l\u2019anneau manquant des Jeux<\/a>\u00ab\u00a0, Le Monde, 30 juillet 2024<\/p>\n\n\n\n<p>Sophie Leclanch\u00e9, \u00ab\u00a0<a href=\"\/\/\/Users\/rbenbouh\/Downloads\/CAHIER%202607%20JO%20POLITIQUE.pdf\">Les Jeux, une ar\u00e8ne politique aussi<\/a>\u00ab\u00a0, La Montagne, 26 juillet 2024<\/p>\n\n\n\n<p>Patrick Clastres, \" <a href=\"https:\/\/www.lemonde.fr\/sport\/article\/2024\/07\/26\/jo-2024-les-ceremonies-olympiques-fabriquent-l-histoire-en-meme-temps-qu-elles-la-trahissent_6258429_3242.html\">Les c\u00e9r\u00e9monies olympiques fabriquent l\u2019histoire en m\u00eame temps qu\u2019elles la trahissent<\/a> \u00bb, Le Monde, 26 juillet 2024<\/p>\n\n\n\n<p>Ivano Maiorella, \u00ab\u00a0<a href=\"https:\/\/www.articolo21.org\/2024\/07\/che-giochi-saranno-il-nazionalismo-le-ambiguita-e-i-demoni-del-cio-intervista-a-patrick-clastres-storico-dello-sport-universita-di-losanna\/\">Che Giochi saranno? Il nazionalismo, le ambiguit\u00e0 e i \u201cdemoni\u201d del Cio. Intervista a Patrick Clastres, storico dello sport, Universit\u00e0 di Losanna<\/a>\u00ab\u00a0, Articolo 21, 23 juillet 2024<\/p>\n\n\n\n<p>L\u00e9onard De Carlo, \u00ab\u00a0<a href=\"https:\/\/www.la-croix.com\/international\/paris-2024-la-treve-olympique-a-t-elle-encore-un-sens-20240718#:~:text=L'id%C3%A9e%20de%20tr%C3%AAve%20olympique,par%20la%20rencontre%20sportive%20internationale.\">Paris 2024 : la tr\u00eave olympique a-t-elle encore un sens ?<\/a>\u00ab\u00a0, La Croix, 19 juillet 2024<\/p>\n\n\n\n<p>Interview \u00e0 Radio Vatican, \u00ab\u00a0<a href=\"https:\/\/www.vaticannews.va\/fr\/podcast\/le-journaux-a-la-demande\/2024\/07\/journal-de-08h30-19-07-2024.html\">Journal de 08h30<\/a>\u00ab\u00a0, 19 juillet 2024<\/p>\n\n\n\n<p>\u00ab\u00a0<a href=\"https:\/\/www.vaticannews.va\/fr\/podcast\/les-dossiers-de-la-redaction\/2024\/07\/treve-jeux-olympique-ouverte-paris-la-madeleine.html\">La tr\u00eave olympique, un espoir de paix trop souvent d\u00e9\u00e7u<\/a>\u00ab\u00a0, Radio Vatican, 19 juillet 2024<\/p>\n\n\n\n<p>Intervention de Patrick Clastres dans l&rsquo;\u00e9mission <em>Des racines et des ailes<\/em>, \u00ab\u00a0<a href=\"https:\/\/www.france.tv\/france-3\/des-racines-et-des-ailes\/6199727-1924-2024-ces-jeux-olympiques-qui-ont-change-la-france.html\">1924-2024 : ces Jeux olympiques qui ont chang\u00e9 la France<\/a>\u00ab\u00a0, <em>France 3<\/em>, 17 juillet 2024 (diffus\u00e9e en replay jusqu&rsquo;au 25 juillet 2026)<\/p>\n\n\n\n<p>Patrick Clastres, \" <a href=\"https:\/\/www.lemonde.fr\/sport\/article\/2024\/07\/17\/paris-2024-le-choix-des-sports-olympiques-un-instrument-de-pouvoir-pour-le-cio_6251344_3242.html\">Le choix des sports olympiques, un instrument de pouvoir pour le CIO<\/a> \u00bb, Le Monde, 17 juillet 2024<\/p>\n\n\n\n<p>\u00ab\u00a0<a href=\"https:\/\/www.youtube.com\/watch?v=jqBuK9QPG5c\">Che cosa rimane dei Giochi e dell&rsquo;ideale olimpico? Intervista a Patrick Clastres<\/a>\u00ab\u00a0, UISP APS &#8211; Redazione Nazionale, juillet 2024<\/p>\n\n\n\n<p>\u00ab\u00a0<a href=\"https:\/\/www.uisp.it\/nazionale\/pagina\/patrick-clastres-i-cavalieri-del-xx-secolo-e-il-ruolo-dello-sport-dlite\">Patrick Clastres: i cavalieri del XX secolo e il ruolo dello sport d&rsquo;\u00e9lite<\/a>\u00ab\u00a0, UISP APS &#8211; Redazione Nazionale, 6 juillet 2024<\/p>\n\n\n\n<p>Patrick Clastres, \" <a href=\"https:\/\/www.lemonde.fr\/sport\/article\/2024\/07\/03\/paris-2024-les-athletes-olympiques-ne-sont-pas-des-demi-citoyens_6246179_3242.html\">Les athl\u00e8tes olympiques ne sont pas des demi-citoyens<\/a> \u00bb, Le Monde, 3 juillet 2024<\/p>\n\n\n\n<p>Interview \u00e0 UispNazionale, <a href=\"https:\/\/www.youtube.com\/watch?v=88WQOERdShI\">Che cosa rimane dei Giochi e dell&rsquo;ideale olimpico? Intervista a Patrick Clastres<\/a>, 27 juin 2024<\/p>\n\n\n\n<p>Thomas Adamson, \u00ab\u00a0<a href=\"https:\/\/fox5sandiego.com\/news\/world-news\/ap-international\/ap-heres-why-the-olympics-have-a-french-connection-and-it-aint-just-paris-2024\/\">Here\u2019s why the Olympics have a French connection (and it ain\u2019t just Paris 2024)<\/a>\u00ab\u00a0, Associated Press, 27 juin 2024<\/p>\n\n\n\n<p>Patrick Clastres, \" <a href=\"https:\/\/www.lemonde.fr\/sport\/article\/2024\/06\/26\/paris-2024-les-valeurs-olympiques-ont-elles-un-sens_6243811_3242.html\">Les valeurs olympiques ont-elles un sens ?<\/a> \u00bb, Le Monde, 26 juin 2024<\/p>\n\n\n\n<p>Patrick Clastres, \u00ab\u00a0Le CIO, association priv\u00e9e \u00e0 l&rsquo;\u00e9gal d&rsquo;un \u00c9tat\u00a0\u00bb, Le Monde Sport &amp; Vie hors-s\u00e9rie, L\u2019Histoire du sport, juin 2024, p. 64-65<\/p>\n\n\n\n<p>Patrick Clastres, La traiettoria del CIO, Aspenia, GIochi di pace e di guerra, n\u00b02, 2024, p. 64-71<\/p>\n\n\n\n<p>\u00ab\u00a0<a href=\"https:\/\/pce.iafor.org\/conference-report-and-intelligence-briefing-pce-pcah2024\/#3\">Politics in the Olympics: Sports, States, and the IOC, and How We Are Related<\/a>\u00ab\u00a0, dans l&rsquo;article Conference Report and Intelligence Briefing: PCE\/PCAH2024, pce.iafor.org, juin 2024<\/p>\n\n\n\n<p>Patrick Clastres, Le CIO, association priv\u00e9e \u00e0 l&rsquo;\u00e9gal d&rsquo;un \u00c9tat, Sport &amp; Vie. L&rsquo;Histoire du sport, juin 2024<\/p>\n\n\n\n<p>Lucie Bouteloup, 7 Pastilles olympiques (Olympisme, Valeurs olympiques\/paralympiques, Anneaux, Tr\u00eave olympique, Devise, Serment, L\u2019essentiel c\u2019est de participer), RFI, mai-juin 2024<\/p>\n\n\n\n<p>Mathieu van Berchem, <a href=\"https:\/\/www.swissinfo.ch\/fre\/histoire\/la-tr%C3%AAve-olympique-du-mythe-%C3%A0-la-dure-r%C3%A9alit%C3%A9\/78286851\">La tr\u00eave olympique, du mythe \u00e0 la dure r\u00e9alit\u00e9<\/a>, swissinfo.ch, 31 mai 2024<\/p>\n\n\n\n<p>Intervention \u00e0 l&rsquo;\u00e9mission <em>Escala en Par\u00eds<\/em>, \u00ab\u00a0<a href=\"https:\/\/www.rfi.fr\/es\/programas\/escala-en-par%C3%ADs\/20240710-sab%C3%ADan-que-el-relevo-de-la-antorcha-ol%C3%ADmpica-no-es-una-tradici%C3%B3n-griega-sino-una-invenci%C3%B3n-nazi?utm_slink=rfi.my%2FAlmG\">\u00bfSab\u00edan que el relevo de la antorcha ol\u00edmpica no es una tradici\u00f3n griega sino una invenci\u00f3n nazi?<\/a>\u00ab\u00a0, RFI (espagnol), 22 mai 2024<\/p>\n\n\n\n<p>Patrick Clastres, \"&nbsp;<a href=\"https:\/\/www.lemonde.fr\/sport\/article\/2024\/05\/08\/paris-2024-le-parcours-de-la-flamme-est-une-maniere-de-faire-voyager-la-marque-olympique-aux-frais-des-contribuables_6232151_3242.html\">Le parcours de la flamme olympique&nbsp;: du nazisme au marketing du CIO<\/a><a href=\"https:\/\/www.lemonde.fr\/sport\/article\/2024\/04\/24\/paris-2024-le-cio-conserve-son-hegemonie-sur-la-planete-des-sports-olympiques_6229612_3242.html\">&nbsp;<\/a>\u00bb, Le Monde, 8 mai 2024<\/p>\n\n\n\n<p>H\u00e9l\u00e8ne Combis, <a href=\"https:\/\/www.radiofrance.fr\/franceculture\/podcasts\/l-info-culturelle-reportages-enquetes-analyses\/flamme-olympique-et-mystification-historique-2295806\">Flamme olympique et mystification historique<\/a>, France culture, 8 mai 2024<\/p>\n\n\n\n<p>J\u00e9r\u00f4me Gicquel, \u00ab\u00a0<a href=\"https:\/\/www.20minutes.fr\/societe\/4090163-20240507-jo-paris-2024-monde-guerre-treve-olympique-lieu\">JO de Paris 2024 : Dans un monde en guerre, la tr\u00eave olympique aura-t-elle lieu ?<\/a>\u00ab\u00a0, 20minutes.fr, 7 mai 2024<\/p>\n\n\n\n<p>Jeanne Biard, Interview sur la flamme olympique, Agence de presse radio A2PRL, mai 2024<\/p>\n\n\n\n<p>Patrick Clastres, \" <a href=\"\/\/\/Users\/rbenbouh\/Downloads\/DOSSIER%2005%20ENCART%20%20BULL%20NAT..pdf\">Le CIO doit en finir avec son pass\u00e9 conservateur et mieux tenir \u00e0 P. 20 distance les nationalismes et les dictatures<\/a> \u00bb, <em>EPS et soci\u00e9t\u00e9<\/em>, dossier n\u00b05, 30 avril 2024, L&rsquo;avenir des Jeux olympiques et paralympiques en d\u00e9bat, p. 20-22<\/p>\n\n\n\n<p>Patrick Clastres, \"&nbsp;<a href=\"https:\/\/www.lemonde.fr\/sport\/article\/2024\/04\/24\/paris-2024-le-cio-conserve-son-hegemonie-sur-la-planete-des-sports-olympiques_6229612_3242.html\">The IOC maintains its hegemony over the world of Olympic sports<\/a>&nbsp;\u00bb, Le Monde, 24 April 2024<\/p>\n\n\n\n<p>Michel Bezbakh, \u00ab&nbsp;<a href=\"https:\/\/www.telerama.fr\/debats-reportages\/l-amateurisme-aux-jeux-olympiques-histoire-d-une-valeur-moins-noble-qu-on-ne-le-croit-7020137.php\">Amateurism at the Olympic Games: a less noble value than you might think&nbsp;<\/a>\u00bb, T\u00e9l\u00e9rama, 22 April 2024<\/p>\n\n\n\n<p>Marie Martirossian,&nbsp;<a href=\"https:\/\/www.francebleu.fr\/emissions\/l-invite-de-8h15-france-bleu-normandie-seine-maritime-eure\/jo-paris-2024-tous-les-athletes-olympiques-ont-un-message-a-faire-passer-analyse-un-historien-rouennais-5835403\">\u00ab \u00ab&nbsp;Tous les athl\u00e8tes olympiques ont un message \u00e0 faire passer&nbsp;\u00bb, analyse un historien rouennais<\/a>, France Bleu Normandie, 17 April 2024<\/p>\n\n\n\n<p>Patrick Clastres,&nbsp;<a href=\"https:\/\/www.lemonde.fr\/sport\/article\/2024\/04\/03\/paris-2024-les-membres-du-cio-des-personnalites-cooptees-et-peu-representatives-de-la-diversite_6225763_3242.html\">\u00ab IOC members: co-opted personalities who are hardly representative of diversity \u00bb<\/a>, Le Monde, 3 April 2024<\/p>\n\n\n\n<p>\u00ab&nbsp;Aux sources de l\u2019\u00e9difice olympique&nbsp;\u00bb,&nbsp;<strong>Droits et libert\u00e9s. Revue de la Ligue des droits de l\u2019Homme<\/strong>, avril 2024, n\u00b0 205, p. 28-30<\/p>\n\n\n\n<p>Patrick Clastres,&nbsp;<a href=\"https:\/\/www.lemonde.fr\/sport\/article\/2023\/11\/22\/paris-2024-la-treve-olympique-une-tradition-inventee-par-le-comite-international-olympique_6201642_3242.html?lmd_medium=al&amp;lmd_campaign=envoye-par-appli&amp;lmd_creation=ios&amp;lmd_source=mail\">\u00ab&nbsp;La tr\u00eave olympique, une tradition invent\u00e9e par le Comit\u00e9 international olympique<\/a>\u00ab&nbsp;, Le Monde, 22 novembre 2023<\/p>\n\n\n\n<p>Patrick Clastres,&nbsp;<a href=\"https:\/\/www.lemonde.fr\/sport\/article\/2024\/03\/08\/paris-2024-l-olympisme-face-au-defi-de-la-parite_6220814_3242.html\">\u00ab The Olympics and the challenge of parity \u00bb<\/a>, Le Monde, 8 March 2024<\/p>\n\n\n\n<p>Patrick Clastres,&nbsp;\u00ab <a href=\"https:\/\/www.lemonde.fr\/sport\/article\/2024\/03\/19\/paris-2024-tous-les-ingredients-sont-reunis-pour-rejouer-un-episode-de-la-longue-histoire-des-boycotts-olympiques_6222898_3242.html\">Tous les ingr\u00e9dients sont r\u00e9unis pour rejouer un \u00e9pisode de la longue histoire des boycotts olympiques<\/a> \u00bb, Le Monde, 8 mars 2024<\/p>\n\n\n\n<p>Patrick Clastres,&nbsp;<a href=\"https:\/\/www.lemonde.fr\/sport\/article\/2024\/02\/22\/paris-2024-de-quoi-le-cio-est-il-le-nom_6217871_3242.html\">\u00ab What is the IOC called? \u00bb<\/a>, Le Monde, 22 February 2024<\/p>\n\n\n\n<p>Patrick Clastres,&nbsp;<a href=\"https:\/\/www.lemonde.fr\/sport\/article\/2024\/01\/31\/paris-2024-a-l-instar-du-formidable-propagandiste-que-fut-pierre-de-coubertin-le-cio-est-devenu-expert-en-marketing-historiographique_6214038_3242.html\">\u00ab How the IOC is trying to write its own history \u00bb<\/a>, Le Monde, 31 January 2024<\/p>\n\n\n\n<p>Estelle Faure et Marie Bernardeau,&nbsp;<a href=\"https:\/\/www.francetvinfo.fr\/replay-radio\/france-info-junior\/franceinfo-junior-quand-et-pourquoi-a-t-on-cree-la-flamme-olympique_6284319.html\">franceinfo junior. When and why was the Olympic flame created?<\/a>,&nbsp;<em>France Info<\/em>, 10 January 2024<\/p>\n\n\n\n<p>Robert Frosi, \u00ab&nbsp;<a href=\"https:\/\/ici.radio-canada.ca\/sports\/2028885\/treve-olympique-mythe-realite-guerre?partageApp=rcca_appmobile_appinfo_android\">The Olympic truce: myth or reality?<\/a><a href=\"https:\/\/ici.radio-canada.ca\/sports\/2028885\/treve-olympique-mythe-realite-guerre?partageApp=rcca_appmobile_appinfo_android\">?<\/a>\u00ab&nbsp;,&nbsp;<em>Radio-Canada<\/em>, Monday 27 November 2023<\/p>\n\n\n\n<p>Laurent Huguenin-\u00c9lie,&nbsp;<em>RTS<\/em>, Histoire vivante, \u00ab&nbsp;<a href=\"https:\/\/www.rts.ch\/audio-podcast\/2022\/audio\/jo-les-grands-classiques-des-jeux-olympiques-de-1980-a-nos-jours-5-5-25798782.html\">Les grands classiques des jeux olympiques, de 1980 \u00e0 nos jours&nbsp;<\/a>\u00bb (5\/5), 4 f\u00e9vrier 2022<\/p>\n\n\n\n<p>Laurent Huguenin-\u00c9lie,&nbsp;<em>RTS<\/em>, Histoire vivante, \u00ab&nbsp;<a href=\"https:\/\/www.rts.ch\/audio-podcast\/2022\/audio\/jo-les-grands-classiques-des-jeux-olympiques-1936-1976-4-5-25798499.html\">Les grands classiques des jeux olympiques, 1936-1976<\/a>&nbsp;\u00bb (4\/5), 3 f\u00e9vrier 2022<\/p>\n\n\n\n<p>\u00ab&nbsp;<a href=\"https:\/\/www.rts.ch\/play\/radio\/forum\/audio\/la-visite-symbolique-de-xi-jinping-au-musee-olympique-a-lausanne?id=8299216\">La visite symbolique de Xi Jinping au Mus\u00e9e olympique \u00e0 Lausanne&nbsp;<\/a>\u00bb,&nbsp;<em>RTS<\/em>, Forum, 18 janvier 2017<\/p>\n\n\n\n<p>\"The Olympic movement cannot be a conservatory for sports that have fallen by the wayside\",&nbsp;<em>Le Matin Dimanche<\/em>, 23 May 2021<\/p>\n\n\n\n<p>Alexis Czaja, \"Thomas Bach's Olympic obsession\",&nbsp;<em>Lib\u00e9ration<\/em>, 13 May 2021<\/p>\n\n\n\n<p>Patrick Clastres, \"&nbsp;<a href=\"https:\/\/www.letemps.ch\/sport\/survivre-lolympisme-accomplir-mue-democratique\">To survive, the IOC must undergo a democratic transformation&nbsp;<\/a>\u00bb,&nbsp;<em>Le Temps<\/em>&nbsp;(Geneva), 12 January 2021<\/p>\n\n\n\n<p>Manon Germond, \u00ab&nbsp;<a href=\"https:\/\/avisdexperts.ch\/videos\/view\/10014\">The IOC inaugurates the Olympic House for its 125th<sup>e<\/sup>&nbsp;anniversary&nbsp;<\/a>\u00bb,&nbsp;<em>RTS<\/em>, \u00ab\u00a0Le 19h30\u00a0\u00bb, 22 June 2019<\/p>\n\n\n\n<p>Jean-Michel Crosnier,&nbsp;<em>Les Clionautes<\/em>, 21 October 2015, \u00ab&nbsp;<a href=\"https:\/\/www.clionautes.org\/spip.php?page=article&amp;id_article=3530\">The Olympic Empire&nbsp;<\/a>\u00bb<\/p>\n\n\n\n<p><\/p>\n\n\n\n<p><strong>Athens 1896<\/strong><\/p>\n\n\n\n<p>Adrien P\u00e9cout,&nbsp;<em>Le Monde<\/em>, 9 avril 2016, \u00ab&nbsp;1896, ann\u00e9e 0 du sport&nbsp;\u00bb<\/p>\n\n\n\n<p><\/p>\n\n\n\n<p><strong>Paris 1900<\/strong><\/p>\n\n\n\n<p>Clarisse Duppr\u00e9, \u00ab&nbsp;<a href=\"https:\/\/www.arte.tv\/fr\/videos\/102063-005-A\/au-bois-de-boulogne-les-jeux-n-en-valent-pas-la-chandelle\/\">In the Bois de Boulogne, games are not worth the candle (1900)&nbsp;<\/a>\u00bb,&nbsp;<em>ARTE<\/em>, TV show \u00ab\u00a0Invitation au voyage\u00a0\u00bb, 12 Fabruary 2021<\/p>\n\n\n\n<p>Patrick Clastres, \"The 1900 Paris Games. An athletic exhibition\", France 2 Television, 15 May 2020, JT 13h<\/p>\n\n\n\n<p><\/p>\n\n\n\n<p><strong>IOC headquarters in Lausanne (1915)<\/strong><\/p>\n\n\n\n<p><a href=\"https:\/\/avisdexperts.ch\/videos\/view\/10739\">Why did Lausanne become the Olympic capital?<\/a>, RTS, \u00ab\u00a0Forum\u00a0\u00bb, 18 January 2020<\/p>\n\n\n\n<p><\/p>\n\n\n\n<p><strong>Berlin 1916<\/strong><\/p>\n\n\n\n<p>\u00ab&nbsp;<a href=\"https:\/\/www.france24.com\/fr\/20160804-jeux-olympiques-1916-berlin-annulation-premiere-guerre-mondiale-pierre-coubertin-allemagne\">1916 Olympics in Berlin: the story of the Olympics that never happened&nbsp;<\/a>\u00bb,&nbsp;<em>France 24.com<\/em>, 4 August 2016<\/p>\n\n\n\n<p><\/p>\n\n\n\n<p><strong>Paris 1924<\/strong><\/p>\n\n\n\n<p>Gwena\u00eblle Coupez, France Bleu,&nbsp;<em>1h en France<\/em>, \u00ab&nbsp;<a href=\"https:\/\/www.francebleu.fr\/emissions\/une-heure-en-france\/paris-1924\">Que reste-t-il des JO de 1924 \u00e0 Paris&nbsp;?&nbsp;<\/a>\u00bb, 14 September 2017<\/p>\n\n\n\n<p>France T\u00e9l\u00e9visions, \u00ab&nbsp;<a href=\"https:\/\/france3-regions.francetvinfo.fr\/paris-ile-de-france\/paris\/grand-paris\/paris-2024-jo-paris-c-est-deja-longue-histoire-1285357.html\">The 1924 Paris Games&nbsp;<\/a>\u00bb, September 2017<\/p>\n\n\n\n<p>Thibaut Sardier, Grand Paris D\u00e9veloppement, \"The transformations of Paris following the Olympic Games of 1900 and 1924\"<\/p>\n\n\n\n<p>RFI,&nbsp;<a href=\"https:\/\/www.rfi.fr\/emission\/20170813-paris-exposition-jeux-ete-1924-hotel-ville-2024\">summer chronicles Paris 2024<\/a>, 13 August 2017<\/p>\n\n\n\n<p><\/p>\n\n\n\n<p><strong>Berlin 1936<\/strong><\/p>\n\n\n\n<p>Patrick Clastres, \"Alfred Nakache, insubmersible\",&nbsp;<em>L\u2019Humanit\u00e9 Dimanche<\/em>, 2 July 2020, p. 68-73<\/p>\n\n\n\n<p>Rapha\u00eble Botte, \u00ab\u00a0The 1936 Berlin Games \u00bb, Mon Quotidien, Fabruary 2020<\/p>\n\n\n\n<p>Laure Philippon (r\u00e9al.) , \u00ab&nbsp;<a href=\"https:\/\/rmcdecouverte.bfmtv.com\/emission\/secrets-j-o-berlin\/\">Inside the secrets of the Berlin Olympics&nbsp;<\/a>\u00bb, Pallas T\u00e9l\u00e9vision (juin 2016), RMC D\u00e9couverte, 29 July 2016<\/p>\n\n\n\n<p><\/p>\n\n\n\n<p><strong>Grenoble 1968<\/strong><\/p>\n\n\n\n<p>Laurence Jourdan,&nbsp;<em>France's games. Grenoble 1968<\/em>, France T\u00e9l\u00e9visions et Zadig Productions, Fabruary 2018<\/p>\n\n\n\n<p><\/p>\n\n\n\n<p><strong>Mexico 1968<\/strong><\/p>\n\n\n\n<p>Expert for S\u00e9bastien Marmin (director) &amp; St\u00e9phane Feret (producer), documentary on Tommie Smith, Productions ETYK EMOTION\/Luga Films Luxemburg, 2018<\/p>\n\n\n\n<p>Steve Roth, RTS2,&nbsp;<em>At the heart of sport<\/em>, \u00ab\u00a0Mexico 68 fifty years on\u00a0\u00bb, 3 November 2018<\/p>\n\n\n\n<p><\/p>\n\n\n\n<p><strong>Montreal 1976<\/strong><\/p>\n\n\n\n<p>Patrick Clastres, \"&nbsp;<a href=\"https:\/\/www.humanite.fr\/nadia-comaneci-le-prix-de-la-perfection-612139\">Comaneci. The price of perfection&nbsp;<\/a>\u00bb,&nbsp;<em>L\u2019Humanit\u00e9 Dimanche<\/em>, History pages, 21-27 July 2016, p. 76-80<\/p>\n\n\n\n<p><\/p>\n\n\n\n<p><strong>Moscow 1980<\/strong><\/p>\n\n\n\n<p>Denis M\u00e9n\u00e9trier, \u00ab\u00a0President Carter and the boycott of the Moscow Olympics \u00bb,&nbsp;<em>France TV<\/em><\/p>\n\n\n\n<p><\/p>\n\n\n\n<p><strong>Atlanta 1996<\/strong><\/p>\n\n\n\n<p>Charles Haquet, \u00ab&nbsp;<a href=\"https:\/\/www.lexpress.fr\/actualite\/monde\/amerique-nord\/la-geopolitique-des-jo-4-5-atlanta-1996-l-heure-des-supremacistes_2156045.html\">Atlanta 1996 Olympic Games&nbsp;<\/a>\u00bb, L\u2019Express, 15 August 2021<\/p>\n\n\n\n<p>\u00ab&nbsp;<a href=\"https:\/\/www.rts.ch\/la-1ere\/programmes\/forum\/7918618-forum-du-11-08-2016.html\">1996: Atlanta, when business becomes king<\/a>&nbsp;\u00bb (Interview by Christian Favre),&nbsp;<em>RTS<\/em>, Forum, 11 August 2016<\/p>\n\n\n\n<p><\/p>\n\n\n\n<p><strong>Athens 2004<\/strong><\/p>\n\n\n\n<p>CLASTRES Patrick, \u00ab&nbsp;<a href=\"https:\/\/www.rts.ch\/la-1ere\/programmes\/forum\/7920457-forum-du-12-08-2016.html\">2004: Athens, the factory of ruins&nbsp;<\/a>\u00bb (Interview by Christian Favre),&nbsp;<em>RTS<\/em>, Forum, 12 August 2016<\/p>\n\n\n\n<p><\/p>\n\n\n\n<p><strong>Beijing 2008<\/strong><\/p>\n\n\n\n<p>Cyril Pluyette, \"Beijing 2008\", L'Express, July 2021<\/p>","protected":false},"excerpt":{"rendered":"<p>Histoire olympique David Glaser, \u00ab\u00a0Entretien avec Patrick Clastres (5\/5) Du franquisme \u00e0 la premi\u00e8re femme \u00e0 la t\u00eate du CIO, le leadership olympique change\u00ab\u00a0, geneveMonde.ch, 18 novembre 2025 David Glaser, &hellip; <\/p>","protected":false},"author":1001129,"featured_media":0,"parent":0,"menu_order":0,"comment_status":"closed","ping_status":"closed","template":"","meta":{"_seopress_robots_primary_cat":"","_seopress_titles_title":"","_seopress_titles_desc":"","_seopress_robots_index":"","footnotes":""},"class_list":["post-402","page","type-page","status-publish"],"_links":{"self":[{"href":"https:\/\/people.unil.ch\/patrickclastres\/en\/wp-json\/wp\/v2\/pages\/402","targetHints":{"allow":["GET"]}}],"collection":[{"href":"https:\/\/people.unil.ch\/patrickclastres\/en\/wp-json\/wp\/v2\/pages"}],"about":[{"href":"https:\/\/people.unil.ch\/patrickclastres\/en\/wp-json\/wp\/v2\/types\/page"}],"author":[{"embeddable":true,"href":"https:\/\/people.unil.ch\/patrickclastres\/en\/wp-json\/wp\/v2\/users\/1001129"}],"replies":[{"embeddable":true,"href":"https:\/\/people.unil.ch\/patrickclastres\/en\/wp-json\/wp\/v2\/comments?post=402"}],"version-history":[{"count":4,"href":"https:\/\/people.unil.ch\/patrickclastres\/en\/wp-json\/wp\/v2\/pages\/402\/revisions"}],"predecessor-version":[{"id":736,"href":"https:\/\/people.unil.ch\/patrickclastres\/en\/wp-json\/wp\/v2\/pages\/402\/revisions\/736"}],"wp:attachment":[{"href":"https:\/\/people.unil.ch\/patrickclastres\/en\/wp-json\/wp\/v2\/media?parent=402"}],"curies":[{"name":"wp","href":"https:\/\/api.w.org\/{rel}","templated":true}]}}