{"id":506,"date":"2024-06-18T11:35:41","date_gmt":"2024-06-18T09:35:41","guid":{"rendered":"https:\/\/people.unil.ch\/patrickclastres\/?page_id=506"},"modified":"2024-06-18T11:51:17","modified_gmt":"2024-06-18T09:51:17","slug":"chroniques-olympiques-2024","status":"publish","type":"page","link":"https:\/\/people.unil.ch\/patrickclastres\/en\/chroniques-olympiques-2024\/","title":{"rendered":"2024 Olympic Chronicles"},"content":{"rendered":"<p>Le Prof. Patrick Clastres r\u00e9dige jusqu&rsquo;en septembre 2024 une s\u00e9rie de 18 chroniques olympiques publi\u00e9es dans le journal fran\u00e7ais\u00a0<em>Le Monde\u00a0<\/em>et sur\u00a0<a href=\"https:\/\/www.lemonde.fr\/signataires\/patrick-clastres\/\" target=\"_blank\" rel=\"noreferrer noopener\">le site internet du journal<\/a>\u00a0tous les quinze jours.<\/p>","protected":false},"excerpt":{"rendered":"<p>Le Prof. Patrick Clastres r\u00e9dige jusqu&rsquo;en septembre 2024 une s\u00e9rie de 18 chroniques olympiques publi\u00e9es dans le journal fran\u00e7ais\u00a0Le Monde\u00a0et sur\u00a0le site internet du journal\u00a0tous les quinze jours.<\/p>","protected":false},"author":1001129,"featured_media":0,"parent":0,"menu_order":0,"comment_status":"closed","ping_status":"closed","template":"","meta":{"_seopress_robots_primary_cat":"","_seopress_titles_title":"","_seopress_titles_desc":"","_seopress_robots_index":"","footnotes":""},"class_list":["post-506","page","type-page","status-publish"],"_links":{"self":[{"href":"https:\/\/people.unil.ch\/patrickclastres\/en\/wp-json\/wp\/v2\/pages\/506","targetHints":{"allow":["GET"]}}],"collection":[{"href":"https:\/\/people.unil.ch\/patrickclastres\/en\/wp-json\/wp\/v2\/pages"}],"about":[{"href":"https:\/\/people.unil.ch\/patrickclastres\/en\/wp-json\/wp\/v2\/types\/page"}],"author":[{"embeddable":true,"href":"https:\/\/people.unil.ch\/patrickclastres\/en\/wp-json\/wp\/v2\/users\/1001129"}],"replies":[{"embeddable":true,"href":"https:\/\/people.unil.ch\/patrickclastres\/en\/wp-json\/wp\/v2\/comments?post=506"}],"version-history":[{"count":2,"href":"https:\/\/people.unil.ch\/patrickclastres\/en\/wp-json\/wp\/v2\/pages\/506\/revisions"}],"predecessor-version":[{"id":521,"href":"https:\/\/people.unil.ch\/patrickclastres\/en\/wp-json\/wp\/v2\/pages\/506\/revisions\/521"}],"wp:attachment":[{"href":"https:\/\/people.unil.ch\/patrickclastres\/en\/wp-json\/wp\/v2\/media?parent=506"}],"curies":[{"name":"wp","href":"https:\/\/api.w.org\/{rel}","templated":true}]}}