{"id":624,"date":"2025-04-02T10:06:19","date_gmt":"2025-04-02T08:06:19","guid":{"rendered":"https:\/\/people.unil.ch\/patrickclastres\/?page_id=624"},"modified":"2025-04-02T10:10:18","modified_gmt":"2025-04-02T08:10:18","slug":"livre-histoire-des-jo","status":"publish","type":"page","link":"https:\/\/people.unil.ch\/patrickclastres\/en\/livre-histoire-des-jo\/","title":{"rendered":"Book History of the Olympic Games"},"content":{"rendered":"<p>Depuis leur r\u00e9invention \u00e0 Paris et \u00e0 Ath\u00e8nes \u00e0 la fin du XIXe si\u00e8cle, les Jeux olympiques semblent refl\u00e9ter la marche du monde. En fait, ils progressent \u00e0 leur propre rythme, quadriennal, et ils ne sont jamais qu\u2019un interlude pos\u00e9 dans les interstices des \u00c9tats, des soci\u00e9t\u00e9s et des \u00e9conomies. Faire l\u2019histoire de leur aventure mondiale n\u00e9cessite un pr\u00e9alable : mettre \u00e0 distance le roman olympique con\u00e7u par le CIO.<\/p>\n\n\n\n<p>Tout est parti de l\u2019id\u00e9e messianique imagin\u00e9e en 1892 par Pierre de Coubertin : contribuer \u00e0 la paix des nations par la comp\u00e9tition sportive. Pour d\u00e9fendre son id\u00e9al contre les ing\u00e9rences politiques et commerciales, ce jeune aristocrate parisien a th\u00e9oris\u00e9 la neutralit\u00e9 de l\u2019\u00ab olympisme \u00bb. Une contre-soci\u00e9t\u00e9 d\u2019\u00e9chelle mondiale est apparue avec sa capitale et son gouvernement, sa g\u00e9ographie et sa diplomatie, son administration et sa l\u00e9gislation. Depuis 130 ans, le CIO bataille contre les f\u00e9d\u00e9rations internationales pour imposer son h\u00e9g\u00e9monie. Pour appr\u00e9hender la diffusion des JO d\u2019Ath\u00e8nes en 1896 jusqu\u2019\u00e0 Paris en 2024, et d\u00e9crypter l\u2019olympisation des soci\u00e9t\u00e9s voulue par le CIO, une m\u00eame trame est propos\u00e9e au lecteur : l\u2019imbrication des enjeux politiques et sportifs, la concurrence des jeux alternatifs, la comp\u00e9tition entre villes candidates, les portraits des pr\u00e9sidents successifs du CIO, les c\u00e9r\u00e9monies d\u2019ouverture comme romans nationaux, le programme olympique au prisme des cultures corporelles, le dopage et la corruption, les oppositions \u00e0 l\u2019organisation des Jeux, la hi\u00e9rarchie sportive des \u00c9tats, les trajectoires de vie des champions et championnes, les freins et avanc\u00e9es des droits humains dans le sport.<\/p>\n\n\n\n<p><a href=\"https:\/\/s3.eu-west-3.amazonaws.com\/nova-pur-production\/upload\/documents_1\/139eae46-34fc-4073-87a2-74cbccf58555.pdf\"><strong>Table des mati\u00e8res <\/strong><\/a><\/p>\n\n\n\n<p><a href=\"https:\/\/s3.eu-west-3.amazonaws.com\/nova-pur-production\/upload\/documents_1\/1a8a518e-9bd4-4c2b-9b0d-06b531ffcb29.pdf\"><strong>Introduction g\u00e9n\u00e9rale<\/strong><\/a><\/p>\n\n\n\n<p><a href=\"https:\/\/pur-editions.fr\/product\/10036\/les-jeux-olympiques-de-1892-a-2024\">Achat possible du livre depuis le site de l&rsquo;\u00e9diteur<\/a><\/p>\n\n\n\n<p><\/p>","protected":false},"excerpt":{"rendered":"<p>Depuis leur r\u00e9invention \u00e0 Paris et \u00e0 Ath\u00e8nes \u00e0 la fin du XIXe si\u00e8cle, les Jeux olympiques semblent refl\u00e9ter la marche du monde. En fait, ils progressent \u00e0 leur propre &hellip; <\/p>","protected":false},"author":1001129,"featured_media":0,"parent":0,"menu_order":0,"comment_status":"closed","ping_status":"closed","template":"","meta":{"_seopress_robots_primary_cat":"","_seopress_titles_title":"","_seopress_titles_desc":"","_seopress_robots_index":"","footnotes":""},"class_list":["post-624","page","type-page","status-publish"],"_links":{"self":[{"href":"https:\/\/people.unil.ch\/patrickclastres\/en\/wp-json\/wp\/v2\/pages\/624","targetHints":{"allow":["GET"]}}],"collection":[{"href":"https:\/\/people.unil.ch\/patrickclastres\/en\/wp-json\/wp\/v2\/pages"}],"about":[{"href":"https:\/\/people.unil.ch\/patrickclastres\/en\/wp-json\/wp\/v2\/types\/page"}],"author":[{"embeddable":true,"href":"https:\/\/people.unil.ch\/patrickclastres\/en\/wp-json\/wp\/v2\/users\/1001129"}],"replies":[{"embeddable":true,"href":"https:\/\/people.unil.ch\/patrickclastres\/en\/wp-json\/wp\/v2\/comments?post=624"}],"version-history":[{"count":3,"href":"https:\/\/people.unil.ch\/patrickclastres\/en\/wp-json\/wp\/v2\/pages\/624\/revisions"}],"predecessor-version":[{"id":629,"href":"https:\/\/people.unil.ch\/patrickclastres\/en\/wp-json\/wp\/v2\/pages\/624\/revisions\/629"}],"wp:attachment":[{"href":"https:\/\/people.unil.ch\/patrickclastres\/en\/wp-json\/wp\/v2\/media?parent=624"}],"curies":[{"name":"wp","href":"https:\/\/api.w.org\/{rel}","templated":true}]}}