{"id":82,"date":"2022-06-09T15:43:44","date_gmt":"2022-06-09T13:43:44","guid":{"rendered":"https:\/\/people.unil.ch\/patrickclastres\/?page_id=82"},"modified":"2024-07-30T15:14:50","modified_gmt":"2024-07-30T13:14:50","slug":"enjeux-contemporains-du-sport-et-de-lolympisme","status":"publish","type":"page","link":"https:\/\/people.unil.ch\/patrickclastres\/en\/enjeux-contemporains-du-sport-et-de-lolympisme\/","title":{"rendered":"Contemporary issues in sport and Olympism"},"content":{"rendered":"<p><\/p>\n\n\n\n<p><strong>\u00ab <a href=\"https:\/\/www.institutfrancais.de\/fr\/bonn\/event\/quand-le-sport-devient-politique-la-diplomatie-sportive-en-france-et-en-allemagne-25309#\/\">When sport becomes political: Sports diplomacy in Germany and France<\/a> \u00bb<\/strong>, online, 4 June 2024, French Institute in Bonn<\/p>\n\n\n\n<p><strong><a href=\"https:\/\/www.sciencespo.fr\/fr\/evenements\/la-diplomatie-sportive-et-les-jeux-de-paris-2024\">\"Sports diplomacy and the Paris 2024 Games\"<\/a><\/strong>, Paris, 4 April 2023, Paris Institute of Political Studies<\/p>\n\n\n\n<p><strong>\u00ab<\/strong> <strong>The world according to the IOC in 2023 and the repercussions of the war in Ukraine<\/strong> <strong>\u00bb<\/strong>, Ecole pratique des hautes \u00e9tudes commerciales \/ ICD Business School, Paris, 29 March 2023<\/p>\n\n\n\n<p><strong>\u00ab<\/strong> <strong>The conflict in Ukraine and international sport<\/strong> <strong>\u00bb<\/strong>, Sport Management School, Lausanne, 7 March 2023<\/p>\n\n\n\n<p><strong>\u00ab\u00a0The world according to the International Olympic Committee\u00a0\u00bb<\/strong>, Paris, 19 May 2022 MENJS General Inspectors' Seminar<\/p>\n\n\n\n<p><strong>\u00ab&nbsp;Et si le CIO \u00e9tait beaucoup plus en danger et r\u00e9actif qu\u2019on ne se l\u2019imaginait ?&nbsp;\u00bb<\/strong>, Paris\/Le Tremplin, 24 June 2021, First meetings on sports forecasting<\/p>\n\n\n\n<p><strong>\u00ab&nbsp;G\u00e9opolitique et olympisme&nbsp;d\u2019Ath\u00e8nes 2004 \u00e0 Paris 2024 \u00bb<\/strong>Nantes, 18 October 2018, 7th<sup>e<\/sup> Colloque Sport et recherche en Pays de Loire, \u00ab&nbsp;Sports, recherches et performances\u2026 \u00e0 l\u2019horizon 2024&nbsp;\u00bb, conf\u00e9rencier invit\u00e9<\/p>\n\n\n\n<p><strong>\u00ab&nbsp;Sport et droits civiques&nbsp;: JO Berlin 36, JO Mexico 68, NBA 2017&nbsp;\u00bb<\/strong>, UNIL-HEC, 30 novembre 2017, \u00c9v\u00e9nement \u00ab&nbsp;Raise the Bar&nbsp;\u00bb<\/p>\n\n\n\n<p><strong>\u00ab&nbsp;Et si les jeux olympiques n\u2019\u00e9taient pas \u00e9ternels&nbsp;!&nbsp;\u00bb<\/strong>, Paris, 15 mai 2017, F\u00e9d\u00e9ration fran\u00e7aise des clubs omnisports, cycle de conf\u00e9rences \u00ab&nbsp;Culture Sport&nbsp;\u00bb<\/p>\n\n\n\n<p><strong>\u00ab&nbsp;L\u2019ann\u00e9e sportive et olympique 2016. Un bilan g\u00e9opolitique&nbsp;\u00bb,<\/strong> Paris, 7 f\u00e9vrier 2017, Institut national du sport, de l\u2019expertise et de la performance (INSEP), Cycle de conf\u00e9rences du Master \u00ab&nbsp;Sport, expertise, performance de haut niveau&nbsp;\u00bb<\/p>","protected":false},"excerpt":{"rendered":"<p>\u00ab Quand le sport devient politique: La diplomatie sportive en Allemagne et en France \u00bb, en ligne, 4 juin 2024, Institut Fran\u00e7ais de Bonn \u00ab La diplomatie sportive et les &hellip; <\/p>","protected":false},"author":1001129,"featured_media":0,"parent":0,"menu_order":0,"comment_status":"closed","ping_status":"closed","template":"","meta":{"_seopress_robots_primary_cat":"","_seopress_titles_title":"","_seopress_titles_desc":"","_seopress_robots_index":"","footnotes":""},"class_list":["post-82","page","type-page","status-publish"],"_links":{"self":[{"href":"https:\/\/people.unil.ch\/patrickclastres\/en\/wp-json\/wp\/v2\/pages\/82","targetHints":{"allow":["GET"]}}],"collection":[{"href":"https:\/\/people.unil.ch\/patrickclastres\/en\/wp-json\/wp\/v2\/pages"}],"about":[{"href":"https:\/\/people.unil.ch\/patrickclastres\/en\/wp-json\/wp\/v2\/types\/page"}],"author":[{"embeddable":true,"href":"https:\/\/people.unil.ch\/patrickclastres\/en\/wp-json\/wp\/v2\/users\/1001129"}],"replies":[{"embeddable":true,"href":"https:\/\/people.unil.ch\/patrickclastres\/en\/wp-json\/wp\/v2\/comments?post=82"}],"version-history":[{"count":3,"href":"https:\/\/people.unil.ch\/patrickclastres\/en\/wp-json\/wp\/v2\/pages\/82\/revisions"}],"predecessor-version":[{"id":547,"href":"https:\/\/people.unil.ch\/patrickclastres\/en\/wp-json\/wp\/v2\/pages\/82\/revisions\/547"}],"wp:attachment":[{"href":"https:\/\/people.unil.ch\/patrickclastres\/en\/wp-json\/wp\/v2\/media?parent=82"}],"curies":[{"name":"wp","href":"https:\/\/api.w.org\/{rel}","templated":true}]}}