{"id":90,"date":"2022-06-09T15:47:54","date_gmt":"2022-06-09T13:47:54","guid":{"rendered":"https:\/\/people.unil.ch\/patrickclastres\/?page_id=90"},"modified":"2025-12-11T11:45:03","modified_gmt":"2025-12-11T10:45:03","slug":"histoire-des-jeux-olympiques-et-des-relations-internationales","status":"publish","type":"page","link":"https:\/\/people.unil.ch\/patrickclastres\/en\/histoire-des-jeux-olympiques-et-des-relations-internationales\/","title":{"rendered":"History of the Olympic Games and International Relations"},"content":{"rendered":"<p>8 September 2025: at the invitation of Denis de Rougemont High School in Neuch\u00e2tel, \u2018Writing the history of the Olympic Games and the IOC inseparably (1892-2024)\u2019, at Neuch\u00e2tel<\/p>\n\n\n\n<p>27 June 2024: participation in the symposium Sports Policies and Mega-Sporting Events: Putting Citizens Back in the Game, \u2018Who Really Are the Members of the IOC (1894-1972)? Prosopography of a Transnational, Conservative and Authoritarian Elite,\u2019 University of Strasbourg, Maison Interuniversitaire des Sciences de l'Homme d'Alsace<\/p>\n\n\n\n<p>17 June 2024: at the invitation of the University of Orl\u00e9ans, as part of the doctoral and HDR graduation ceremony: \u2018Becoming a sports historian\u2019, at Orl\u00e9ans<\/p>\n\n\n\n<p>14 June 2024: at the invitation of IAFOR at the Maison de la Chimie, \" <a href=\"https:\/\/pcah.iafor.org\/pcah2024\/#programme\">Olympic Games: the Parallel World of the IOC<\/a> \", at Paris<\/p>\n\n\n\n<p>13 to 17 June 2024: participation in Conference Report and Intelligence Briefing: PCE\/PCAH2024, \"\u00a0<a href=\"https:\/\/www.youtube.com\/watch?v=PovoljoYNDI\">Olympism and International Relations from Pierre de Coubertin to the Present<\/a>\"\u00a0, at Paris<\/p>\n\n\n\n<p><strong>\u00ab <a href=\"https:\/\/www.amisdejaures-toulouse.info\/caf%C3%A9jaur%C3%A8s\">Olympic Games: the parallel world of the IOC, or how the International Olympic Committee (IOC) writes its own history<\/a> \u00bb<\/strong>, 6 June 2024, at the invitation of the Toulouse Association of Friends of Jean-Jaur\u00e8s<\/p>\n\n\n\n<p>\"Writing the global history of the Olympic Games\", Paris, Camille S\u00e9e High School, 6 May 2024<\/p>\n\n\n\n<p><strong>\u00ab <a href=\"https:\/\/www.fabula.org\/actualites\/118762\/seminaire-d-actualite-de-la-recherche-orleans-rencontre-avec-patrick-clastre.html\"><strong>Writing the history of international sport and the Olympic Games<\/strong><\/a> \u00bb<\/strong>, 17 April 2024, Current Research Seminar, hosted by the Pollen Laboratory at the University of Orl\u00e9ans<\/p>\n\n\n\n<p><strong>\u00ab&nbsp;<\/strong><a href=\"https:\/\/www.ac-reims.fr\/jeux-olympiques-le-monde-selon-le-cio-126483\"><strong>Olympic Games: the world according to the IOC&nbsp;<\/strong><\/a><strong>\u00bb<\/strong>, 11 April 2024, at the invitation of the Strasbourg Education Authority<\/p>\n\n\n\n<p><strong>\u00ab&nbsp;<\/strong><a href=\"https:\/\/www.youtube.com\/watch?v=SinHr8mzWHw\"><strong>Paris 1924: the Games of modern sport&nbsp;<\/strong><\/a><strong>\u00bb<\/strong>, 5 April 2024, at the Petit Palais in Paris to close the \"Paris de la modernit\u00e9\" conference series<\/p>\n\n\n\n<p><strong>\u00ab&nbsp;<a href=\"https:\/\/unipop.fr\/wp-content\/uploads\/2023\/09\/Unipop-Histoire-programme-2023-2024-page-31.pdf\">Olympic Games: the world according to the IOC&nbsp;<\/a>\u00bb<\/strong>, 25 March 2024, at the invitation of the Pessac Film History Festival<\/p>\n\n\n\n<p><a href=\"https:\/\/www.ijf.org\/news\/show\/judo-and-olympism-conference\"><strong>\u00ab Judo and Olympism \u00bb<\/strong><\/a>, Thursday 1<sup>st<\/sup> February 2024, at the invitation of the French Judo Academy<\/p>\n\n\n\n<p><strong><strong>\u00ab<\/strong> The globalisation of sport from the 1880s to the mid-1930s: cultures, events and institutions<\/strong> <strong>\u00bb<\/strong>Monday 26 June 2023, Association des Professeurs d'Histoire et de G\u00e9ographie, virtual caf\u00e9<\/p>\n\n\n\n<p><strong>\u00ab<\/strong> <strong>Introduction. What do we know today about the Cold War in sport?<\/strong> <strong>\u00bb<\/strong>, Nantes, Tuesday 28 March 2023, Conference <em>What the Cold War did to world sport<\/em><\/p>\n\n\n\n<p><strong>\u00ab\u00a0The Olympic Games in Athens in 1896, between tradition and modernity\u00a0\u00bb<\/strong>, Lausanne, 24 May 2022, UNIL, HELIOS Association<\/p>\n\n\n\n<p><strong>\u00ab\u00a0The prosopography of IOC members, 1894-1972\u00a0\u00bb<\/strong>. Lausanne, 7 April 2022, UNIL, Research Day 2022 of the Faculty of Social and Political Sciences<\/p>\n\n\n\n<p><strong>\u00ab\u00a0Sports betting and the 1900 and 1924 Olympic Games\u00a0\u00bb<\/strong>, Paris, 29 March 2022, National Federation of Guide Interpreters and speakers, webinar<\/p>\n\n\n\n<p><strong><strong>\u00ab<\/strong><\/strong> <strong>Olympism and Cold War: how to review scientific literature? \u00bb<\/strong>, Olympia (Greece), 15-21 november 2021, International Olympic Academy, 28<sup>th<\/sup> International seminar on Olympic studies for postgraduate students, supervising professor<\/p>\n\n\n\n<p><strong>\u00ab\u00a0The opening ceremonies of the Olympic Games (1960-2021). From national novels to the global media age \u00bb<\/strong>, Lausanne, Olympic Museum, 10 November 2021, UNIL\/VSQ\/ULB, METIS Autumn Graduate School 2021 \u00ab Spectacle and spectacular in the contemporary era\u00a0\u00bb<\/p>\n\n\n\n<p><strong><strong>\u00ab<\/strong><\/strong> <strong>Olympism and Cold War: which history?<\/strong> <strong>\u00bb<\/strong>, Olympia (Greece), 24 septembre 2020, International Olympic Academy, 27<sup>th<\/sup> International seminar on Olympic studies for postgraduate students, supervising professor<\/p>\n\n\n\n<p><strong>\u00ab\u00a0Teaching the history of sport: the example of the Olympic Games \u00bb<\/strong>, Blois, 10 September 2020, Rendez-Vous de l'Histoire<\/p>\n\n\n\n<p><strong>\u00ab\u00a0The history of the Olympic Games\u00a0\u00bb<\/strong>, Paris, 3 February 2020, La Villette, Olympic and Paralympic Week, guest speaker invited by Rector Gilles P\u00e9cout<\/p>\n\n\n\n<p><strong>\u00ab\u00a0Olympism and the Cold War: social, cultural and political history\u00a0\u00bb<\/strong>, Lausanne, 2 October 2019, UNIL, Faculty of Arts, master's seminar with Prof. Philippe Kaenel \u00ab\u00a0The Cold War and Switzerland: arts and cultures \u00bb<\/p>\n\n\n\n<p><strong>\u00ab\u00a0The establishment of the IOC in Lausanne (1906-1946). A multi-scalar history\u00a0\u00bb<\/strong>, Lausanne, 23 November 2017, UNIL-SSP, CRHIM research seminar \u00ab\u00a0Global cities, globalisation of cities\u00a0\u00bb<\/p>\n\n\n\n<p><strong>\u00ab The Olympic Games, globalisation and modernity since 1896\u00a0\u00bb<\/strong>, Dijon, 31 October 2017, 17th<sup>e<\/sup> ACAPS International Conference, guest speaker (plenary session)<\/p>\n\n\n\n<p><strong>\u00ab\u00a0The Olympic arena from 1905 to 1916, between peace and war\u00a0\u00bb<\/strong>, Lausanne, 28 Fabruary 2017, UNIL-SSP, CRHIM research seminar \u00ab\u00a0The origins of war: political, economic and social issues\u00a0\u00bb<\/p>\n\n\n\n<p><strong>\u00ab A stadium that never dies: the Panathenaic Stadium (330 BC - 2004)\u00a0\u00bb<\/strong>, Lausanne, 26 January 2017, Olympic Museum, \u00ab\u00a0Stades dating\u00a0\u00bb<\/p>\n\n\n\n<p><strong>\"Red Army. A documentary by Gabe Polsky (2014)\"<\/strong>, Rouen, 18 January 2017, Cin\u00e9-Sport Festival<\/p>\n\n\n\n<p><strong>\"The Olympic Empire\"<\/strong>, Blois, 9 October 2015, Les Rendez-Vous de l'Histoire, 2015 edition \"Empires\", Cartes blanches: <a href=\"https:\/\/www.rdv-histoire.com\/edition-2015-les-empires\/l-empire-olympique-par-patrick-clastres\">https:\/\/www.rdv-histoire.com\/edition-2015-les-empires\/l-empire-olympique-par-patrick-clastres<\/a><\/p>\n\n\n\n<p><strong>\"Red Army. A documentary by Gabe Polsky (2014)\"<\/strong>, Blois, 9 October 2015, Les Rendez-Vous de l'Histoire, 2015 edition \"Empires\", conference-debate: <a href=\"https:\/\/www.rdv-histoire.com\/edition-2015-les-empires\/red-army\">https:\/\/www.rdv-histoire.com\/edition-2015-les-empires\/red-army<\/a><\/p>","protected":false},"excerpt":{"rendered":"<p>8 septembre 2025 : \u00e0 l&rsquo;invitation du lyc\u00e9e Denis de Rougemont \u00e0 Neuch\u00e2tel, \u00ab\u00a0Faire l&rsquo;histoire des JO et du CIO indissociablement (1892-2024)\u00a0\u00bb, \u00e0 Neuch\u00e2tel 27 juin 2024 : participation au &hellip; <\/p>","protected":false},"author":1001129,"featured_media":0,"parent":0,"menu_order":0,"comment_status":"closed","ping_status":"closed","template":"","meta":{"_seopress_robots_primary_cat":"","_seopress_titles_title":"","_seopress_titles_desc":"","_seopress_robots_index":"","footnotes":""},"class_list":["post-90","page","type-page","status-publish"],"_links":{"self":[{"href":"https:\/\/people.unil.ch\/patrickclastres\/en\/wp-json\/wp\/v2\/pages\/90","targetHints":{"allow":["GET"]}}],"collection":[{"href":"https:\/\/people.unil.ch\/patrickclastres\/en\/wp-json\/wp\/v2\/pages"}],"about":[{"href":"https:\/\/people.unil.ch\/patrickclastres\/en\/wp-json\/wp\/v2\/types\/page"}],"author":[{"embeddable":true,"href":"https:\/\/people.unil.ch\/patrickclastres\/en\/wp-json\/wp\/v2\/users\/1001129"}],"replies":[{"embeddable":true,"href":"https:\/\/people.unil.ch\/patrickclastres\/en\/wp-json\/wp\/v2\/comments?post=90"}],"version-history":[{"count":5,"href":"https:\/\/people.unil.ch\/patrickclastres\/en\/wp-json\/wp\/v2\/pages\/90\/revisions"}],"predecessor-version":[{"id":734,"href":"https:\/\/people.unil.ch\/patrickclastres\/en\/wp-json\/wp\/v2\/pages\/90\/revisions\/734"}],"wp:attachment":[{"href":"https:\/\/people.unil.ch\/patrickclastres\/en\/wp-json\/wp\/v2\/media?parent=90"}],"curies":[{"name":"wp","href":"https:\/\/api.w.org\/{rel}","templated":true}]}}