{"id":93,"date":"2022-06-09T15:50:27","date_gmt":"2022-06-09T13:50:27","guid":{"rendered":"https:\/\/people.unil.ch\/patrickclastres\/?page_id=93"},"modified":"2024-06-06T14:42:18","modified_gmt":"2024-06-06T12:42:18","slug":"pierre-de-coubertin","status":"publish","type":"page","link":"https:\/\/people.unil.ch\/patrickclastres\/en\/pierre-de-coubertin\/","title":{"rendered":"Pierre de Coubertin"},"content":{"rendered":"<p>Plenary lecture at the invitation of the Historical and Scientific Works Committee: \" <a href=\"https:\/\/ludocorpus.org\/congres-corps-sport-et-jeux-aubervilliers-du-21-au-24-mai-2024\/amp\/\">Antiquity, chivalry and modernity in Pierre de Coubertin<\/a> \", 23 May 2024 at 5 pm in Paris<\/p>\n\n\n\n<p>\u2018The Religions of Pierre de Coubertin from Rome to Olympia (1870\u20131938)\u2019, Le Havre, Protestant Temple, 8 April 2024<\/p>\n\n\n\n<p>\u2018The Religions of Pierre de Coubertin of the Catholic Institute at the Olympia Memorial (1883-1938)\u2019, Catholic Institute of Paris, 2 April 2024<\/p>\n\n\n\n<p><strong>\u00ab&nbsp;<\/strong><a href=\"https:\/\/www.revue-eps.com\/index.php?lg=fr&amp;id_nav=5&amp;id_bloc_liaison=4&amp;id_fiche=6235\"><strong>Pierre de Coubertin and Paschal Grousset: sporting cultures, political cultures&nbsp;<\/strong><\/a><strong>\u00bb,<\/strong> 14 March 2024, at the invitation of the University of Cergy-Pontoise<\/p>\n\n\n\n<p><strong>\"Pierre de Coubertin and the chivalry of sport\"<\/strong>, Paris, 15 March 2022, National Federation of Guide Interpreters and Lecturers, webinar<\/p>\n\n\n\n<p><strong>\u201cPierre de Coubertin\u2019s Olympic diplomacy\u201d<\/strong>, Lausanne, 9 Fabruary 2022, ISSUL, 13th Annual Congress 2022 Swiss Society of Sport Science<\/p>\n\n\n\n<p><strong>\u201cPierre de Coubertin (1863-1937): how to historicize the concept of autonomy of sport and olympics?\u201d<\/strong>, Olympia (Greece), 15-21 november 2021, International Olympic Academy, 28<sup>th<\/sup> International seminar on Olympic studies for postgraduate students, supervising professor<\/p>\n\n\n\n<p><strong>\u201cThe autonomy of sport according to&nbsp;Pierre de Coubertin\u201d<\/strong>, Lisbonne, 15 september 2021, European Committee for Sports History (CESH), Congress Lectio<\/p>\n\n\n\n<p><strong>\u201cIs&nbsp;Pierre de Coubertin (1863-1937) a political thinker?\u201d<\/strong>, Olympia (Greece), 21 September 2020, International Olympic Academy, 27<sup>th<\/sup> International seminar on Olympic studies for postgraduate students, supervising professor<\/p>\n\n\n\n<p><strong>\"Pierre de Coubertin and the modern Olympic Games. The invention of a global sporting tradition\",<\/strong> Lausanne, 3 December 2019, UNIL, IASA lecture series \"Journey between ancient outfits and modern games\"<\/p>\n\n\n\n<p><strong>\"Pierre de Coubertin's gender and the Olympic gender regime?\"<\/strong>, Rouen, 10 December 2018, University of Rouen, CETAPS, guest speaker<\/p>\n\n\n\n<p><strong>\"The religions of Pierre de Coubertin\"<\/strong>Lausanne, 15 March 2018, UNIL, Lake Geneva Institute of Practical Theology, Series of lectures by Prof. Olivier Bauer \"Sport and religion\"<\/p>\n\n\n\n<p><strong>\"Pierre de Coubertin's gender and the gender of sports before 1914. An Olympic gender regime?\"<\/strong>, Lausanne, 24 May 2017, UNIL-SSP, Gender Studies Centre research seminar<\/p>\n\n\n\n<p><strong>\"The values of sport according to Pierre de Coubertin. A past that won't go away\"<\/strong>Brussels, 28 April 2017, Royal Academy of Belgium, symposium on \"Doping and the values of sport\", guest speaker<\/p>","protected":false},"excerpt":{"rendered":"<p>Conf\u00e9rence pl\u00e9ni\u00e8re \u00e0 l\u2019invitation du Comit\u00e9 des travaux historiques et scientifiques : \u00ab Antiquit\u00e9, chevalerie et modernit\u00e9 chez Pierre de Coubertin \u00bb, 23 mai 2024 \u00e0 17h \u00e0 Paris \u00ab &hellip; <\/p>","protected":false},"author":1001129,"featured_media":0,"parent":0,"menu_order":0,"comment_status":"closed","ping_status":"closed","template":"","meta":{"_seopress_robots_primary_cat":"","_seopress_titles_title":"","_seopress_titles_desc":"","_seopress_robots_index":"","footnotes":""},"class_list":["post-93","page","type-page","status-publish"],"_links":{"self":[{"href":"https:\/\/people.unil.ch\/patrickclastres\/en\/wp-json\/wp\/v2\/pages\/93","targetHints":{"allow":["GET"]}}],"collection":[{"href":"https:\/\/people.unil.ch\/patrickclastres\/en\/wp-json\/wp\/v2\/pages"}],"about":[{"href":"https:\/\/people.unil.ch\/patrickclastres\/en\/wp-json\/wp\/v2\/types\/page"}],"author":[{"embeddable":true,"href":"https:\/\/people.unil.ch\/patrickclastres\/en\/wp-json\/wp\/v2\/users\/1001129"}],"replies":[{"embeddable":true,"href":"https:\/\/people.unil.ch\/patrickclastres\/en\/wp-json\/wp\/v2\/comments?post=93"}],"version-history":[{"count":3,"href":"https:\/\/people.unil.ch\/patrickclastres\/en\/wp-json\/wp\/v2\/pages\/93\/revisions"}],"predecessor-version":[{"id":492,"href":"https:\/\/people.unil.ch\/patrickclastres\/en\/wp-json\/wp\/v2\/pages\/93\/revisions\/492"}],"wp:attachment":[{"href":"https:\/\/people.unil.ch\/patrickclastres\/en\/wp-json\/wp\/v2\/media?parent=93"}],"curies":[{"name":"wp","href":"https:\/\/api.w.org\/{rel}","templated":true}]}}