{"id":96,"date":"2022-06-09T15:53:46","date_gmt":"2022-06-09T13:53:46","guid":{"rendered":"https:\/\/people.unil.ch\/patrickclastres\/?page_id=96"},"modified":"2023-12-21T17:04:32","modified_gmt":"2023-12-21T16:04:32","slug":"histoire-generale-du-sport","status":"publish","type":"page","link":"https:\/\/people.unil.ch\/patrickclastres\/en\/histoire-generale-du-sport\/","title":{"rendered":"General history of sport"},"content":{"rendered":"<p><\/p>\n\n\n\n<p><strong>\"The French architectural heritage of physical exercises and performances\"<\/strong>Paris, 22 March 2022, National Federation of Guide Interpreters and speakers, webinar<\/p>\n\n\n\n<p><strong>\u2018Where is the history of sport heading?\u2019<\/strong>, Paris, 10 March 2022, French National Archives, webinar \"Describing, disseminating and promoting sports archives\"<\/p>\n\n\n\n<p><strong>\u2018Games and sports from the 16th century to the Belle \u00c9poque\u2019<\/strong>, Paris, 8 March 2022, National Federation of Guide Interpreters and speakers, webinar<\/p>\n\n\n\n<p><strong>\"The origins of sport: towards a paradigm shift\"<\/strong>, Lausanne, 13 October 2020, UNIL, Faculty of Letters, Master's seminar with Prof. Marta Caraion \"Cultural historical sciences\"<\/p>\n\n\n\n<p><strong>\"The history of sport challenged by cultural history\"<\/strong>, Lausanne, 18 May 2020, UNIL, Faculty of Letters, Master's seminar with Prof. Fran\u00e7ois Vallotton \"Cultural historical sciences\"<\/p>\n\n\n\n<p><strong>\u2018Writing the history of tennis clubs\u2019<\/strong>Dijon, 7 March 2020, UFR STAPS, 2nd<sup>e<\/sup> International symposium \u2018Tennis in tomorrow's society\u2019, guest speaker<\/p>\n\n\n\n<p><strong>\u2018Which sports images should be exhibited? From historical research to exhibition curation\u2019<\/strong>, Lausanne, 9 October 2018, ISSUL, research seminar by Prof. Anne Marcellini, \u2018Visual Studies of Sport\u2019<\/p>\n\n\n\n<p><strong>\"Sport, order and protest in the 1960s. Towards a global history\"<\/strong>, Toulouse, 30 May 2018, International Symposium, \u2018May 1968 for athletes and physical educators\u2019, guest speaker,<\/p>\n\n\n\n<p><strong>\"Sport, family, homeland\"<\/strong>, Lyon, 1st<sup>st<\/sup> December 2016, Centre for the History of Resistance and Deportation<\/p>\n\n\n\n<p><strong>\u2018Sport in France faces the challenge of racism\u2019<\/strong>, Paris, 10 September 2016, Humanit\u00e9 Festival<\/p>\n\n\n\n<p><\/p>\n\n\n\n<p><\/p>\n\n\n\n<p><\/p>\n\n\n\n<p><\/p>\n\n\n\n<p><\/p>\n\n\n\n<p><\/p>","protected":false},"excerpt":{"rendered":"<p>\u00ab&nbsp;Le patrimoine architectural fran\u00e7ais&nbsp;des exercices et spectacles corporels&nbsp;\u00bb, Paris, 22 mars 2022, F\u00e9d\u00e9ration nationale des guides interpr\u00e8tes et conf\u00e9renciers, webinaire \u00ab&nbsp;O\u00f9 va l\u2019histoire du sport ?&nbsp;\u00bb, Paris, 10 mars 2022, &hellip; <\/p>","protected":false},"author":1001129,"featured_media":0,"parent":0,"menu_order":0,"comment_status":"closed","ping_status":"closed","template":"","meta":{"_seopress_robots_primary_cat":"","_seopress_titles_title":"","_seopress_titles_desc":"","_seopress_robots_index":"","footnotes":""},"class_list":["post-96","page","type-page","status-publish"],"_links":{"self":[{"href":"https:\/\/people.unil.ch\/patrickclastres\/en\/wp-json\/wp\/v2\/pages\/96","targetHints":{"allow":["GET"]}}],"collection":[{"href":"https:\/\/people.unil.ch\/patrickclastres\/en\/wp-json\/wp\/v2\/pages"}],"about":[{"href":"https:\/\/people.unil.ch\/patrickclastres\/en\/wp-json\/wp\/v2\/types\/page"}],"author":[{"embeddable":true,"href":"https:\/\/people.unil.ch\/patrickclastres\/en\/wp-json\/wp\/v2\/users\/1001129"}],"replies":[{"embeddable":true,"href":"https:\/\/people.unil.ch\/patrickclastres\/en\/wp-json\/wp\/v2\/comments?post=96"}],"version-history":[{"count":0,"href":"https:\/\/people.unil.ch\/patrickclastres\/en\/wp-json\/wp\/v2\/pages\/96\/revisions"}],"wp:attachment":[{"href":"https:\/\/people.unil.ch\/patrickclastres\/en\/wp-json\/wp\/v2\/media?parent=96"}],"curies":[{"name":"wp","href":"https:\/\/api.w.org\/{rel}","templated":true}]}}