{"id":104,"date":"2022-06-09T16:10:21","date_gmt":"2022-06-09T14:10:21","guid":{"rendered":"https:\/\/people.unil.ch\/patrickclastres\/?page_id=104"},"modified":"2025-12-11T15:58:01","modified_gmt":"2025-12-11T14:58:01","slug":"direction-de-these","status":"publish","type":"page","link":"https:\/\/people.unil.ch\/patrickclastres\/direction-de-these\/","title":{"rendered":"Direction de th\u00e8se"},"content":{"rendered":"\n<p class=\"has-medium-font-size\"><strong>Th\u00e8ses soutenues<\/strong><\/p>\n\n\n\n<p><strong>Arthur Gallois (2025)<\/strong>\u00a0:\u00a0<em>Le Comit\u00e9 National des Sports et le Comit\u00e9 Olympique Fran\u00e7ais de 1918 \u00e0 1975<\/em>. Th\u00e8se de doctorat en Sciences du mouvement et du sport et en Histoire contemporaine. Co-tutelle avec Prof. Emmanuel Bellanger (Universit\u00e9 Paris 1 \u2013 Panth\u00e9on Sorbonne)<\/p>\n\n\n\n<p><strong>Fran\u00e7ois Bourmaud (2022)<\/strong>\u00a0: <em>Les Britanniques et le d\u00e9veloppement des sports en France (1814-1914). Une histoire de transferts culturels<\/em>. Th\u00e8se de doctorat en Histoire contemporaine et en Sciences du mouvement et du sport. Co-tutelle avec Prof. Fabrice Bensimon (Sorbonne Universit\u00e9)<\/p>\n\n\n\n<p><strong>Lidia Lesnykh (2021)<\/strong>&nbsp;: <em>Le sport universitaire international au d\u00e9fi de l\u2019autonomie (1919-1961)<\/em>. Th\u00e8se de doctorat en Sciences du mouvement et du sport<\/p>\n\n\n\n<p><strong>Quentin Tonnerre (2021)<\/strong>&nbsp;: <em>Dans les tribunes du prestige. La diplomatie suisse face aux enjeux du sport international (1919-1981)<\/em>. Th\u00e8se de doctorat en Sciences du mouvement et du sport. Codirection avec Prof. Janick Marina Schaufelbuehl (Universit\u00e9 de Lausanne, IEP)<\/p>\n\n\n\n<p><\/p>\n\n\n\n<p class=\"has-medium-font-size\"><strong>Th\u00e8ses en cours<\/strong><\/p>\n\n\n\n<p><strong>Jean-Michel Faidit (depuis 2025)<\/strong>,&nbsp;<em>Hippolyte Triat (1812-1881), gymnasiarque, et son \u0153uvre pour les salles de sport<\/em>, Th\u00e8se de doctorat en histoire du sport. Co-direction avec Prof. Xavier Pujadas-Mart\u00ed<\/p>\n\n\n\n<p><strong>Juan Manuel Montoro (depuis 2024)<\/strong>,&nbsp;<em>Kosovo: sporting and cultural ways to achieve international agency<\/em>, Th\u00e8se de doctorat en Sciences du mouvement et du sport<\/p>\n\n\n\n<p><strong>Romain Crunchant (depuis 2022)<\/strong>&nbsp;:&nbsp;<em>L\u2019alpinisme fran\u00e7ais en Himalaya, une histoire de m\u00e9dias<\/em>. Th\u00e8se de doctorat en Histoire contemporaine. Co-direction avec Prof. \u00c9douard Lynch (Universit\u00e9 Lyon 2)<\/p>\n\n\n\n<p><strong>Rapha\u00ebl Benbouhou (depuis 2021)<\/strong>&nbsp;: <em>Les relations franco-espagnoles au travers du football. Circulations, imaginaires et diplomaties<\/em>, Th\u00e8se de doctorat en \u00c9tudes ib\u00e9riques et en Sciences du mouvement et du sport. Co-tutelle avec Prof. Marie Franco (Universit\u00e9 Sorbonne Nouvelle)<\/p>\n\n\n\n<p><strong>Helena Klima (depuis 2018)<\/strong>\u00a0: <em>Le CIO sous la pr\u00e9sidence d&rsquo;Avery Brundage (1952-1972)<\/em>, Th\u00e8se de doctorat en Sciences du mouvement et du sport<\/p>\n\n\n\n<p><\/p>\n","protected":false},"excerpt":{"rendered":"<p>Th\u00e8ses soutenues Arthur Gallois (2025)\u00a0:\u00a0Le Comit\u00e9 National des Sports et le Comit\u00e9 Olympique Fran\u00e7ais de 1918 \u00e0 1975. Th\u00e8se de doctorat en Sciences du mouvement et du sport et en &hellip; <\/p>\n","protected":false},"author":1001129,"featured_media":0,"parent":0,"menu_order":0,"comment_status":"closed","ping_status":"closed","template":"","meta":{"_seopress_robots_primary_cat":"","_seopress_titles_title":"","_seopress_titles_desc":"","_seopress_robots_index":"","footnotes":""},"class_list":["post-104","page","type-page","status-publish"],"_links":{"self":[{"href":"https:\/\/people.unil.ch\/patrickclastres\/wp-json\/wp\/v2\/pages\/104","targetHints":{"allow":["GET"]}}],"collection":[{"href":"https:\/\/people.unil.ch\/patrickclastres\/wp-json\/wp\/v2\/pages"}],"about":[{"href":"https:\/\/people.unil.ch\/patrickclastres\/wp-json\/wp\/v2\/types\/page"}],"author":[{"embeddable":true,"href":"https:\/\/people.unil.ch\/patrickclastres\/wp-json\/wp\/v2\/users\/1001129"}],"replies":[{"embeddable":true,"href":"https:\/\/people.unil.ch\/patrickclastres\/wp-json\/wp\/v2\/comments?post=104"}],"version-history":[{"count":1,"href":"https:\/\/people.unil.ch\/patrickclastres\/wp-json\/wp\/v2\/pages\/104\/revisions"}],"predecessor-version":[{"id":740,"href":"https:\/\/people.unil.ch\/patrickclastres\/wp-json\/wp\/v2\/pages\/104\/revisions\/740"}],"wp:attachment":[{"href":"https:\/\/people.unil.ch\/patrickclastres\/wp-json\/wp\/v2\/media?parent=104"}],"curies":[{"name":"wp","href":"https:\/\/api.w.org\/{rel}","templated":true}]}}