{"id":111,"date":"2022-06-09T16:19:32","date_gmt":"2022-06-09T14:19:32","guid":{"rendered":"https:\/\/people.unil.ch\/patrickclastres\/?page_id=111"},"modified":"2025-12-11T10:57:47","modified_gmt":"2025-12-11T09:57:47","slug":"theses-soutenues","status":"publish","type":"page","link":"https:\/\/people.unil.ch\/patrickclastres\/theses-soutenues\/","title":{"rendered":"Th\u00e8ses soutenues"},"content":{"rendered":"\n<p><strong>Arthur Gallois (2025)<\/strong>\u00a0: <em>Le Comit\u00e9 National des Sports et le Comit\u00e9 Olympique Fran\u00e7ais de 1918 \u00e0 1975<\/em>. Th\u00e8se de doctorat en Sciences du mouvement et du sport et en Histoire contemporaine. Co-tutelle avec Prof. Emmanuel Bellanger (Universit\u00e9 Paris 1 \u2013 Panth\u00e9on Sorbonne)<\/p>\n\n\n\n<p><strong>Fran\u00e7ois Bourmaud (2022)<\/strong>&nbsp;: <em>Les Britanniques et le d\u00e9veloppement des sports en France (1814-1914). Une histoire de transferts culturels<\/em>. Th\u00e8se de doctorat en Histoire contemporaine et en Sciences du mouvement et du sport. Co-tutelle avec Prof. Fabrice Bensimon (Sorbonne Universit\u00e9)<\/p>\n\n\n\n<p><strong>Lidia Lesnykh (2021)<\/strong>&nbsp;: <em>Le sport universitaire international au d\u00e9fi de l\u2019autonomie (1919-1961)<\/em>. Th\u00e8se de doctorat en Sciences du mouvement et du sport<\/p>\n\n\n\n<p><strong>Quentin Tonnerre (2021)<\/strong>&nbsp;: <em>Dans les tribunes du prestige. La diplomatie suisse face aux enjeux du sport international (1919-1981)<\/em>. Th\u00e8se de doctorat en Sciences du mouvement et du sport. Codirection avec Prof. Janick Marina Schaufelbuehl (Universit\u00e9 de Lausanne, IEP)<\/p>\n","protected":false},"excerpt":{"rendered":"<p>Arthur Gallois (2025)\u00a0: Le Comit\u00e9 National des Sports et le Comit\u00e9 Olympique Fran\u00e7ais de 1918 \u00e0 1975. Th\u00e8se de doctorat en Sciences du mouvement et du sport et en Histoire &hellip; <\/p>\n","protected":false},"author":1001129,"featured_media":0,"parent":0,"menu_order":0,"comment_status":"closed","ping_status":"closed","template":"","meta":{"_seopress_robots_primary_cat":"","_seopress_titles_title":"","_seopress_titles_desc":"","_seopress_robots_index":"","footnotes":""},"class_list":["post-111","page","type-page","status-publish"],"_links":{"self":[{"href":"https:\/\/people.unil.ch\/patrickclastres\/wp-json\/wp\/v2\/pages\/111","targetHints":{"allow":["GET"]}}],"collection":[{"href":"https:\/\/people.unil.ch\/patrickclastres\/wp-json\/wp\/v2\/pages"}],"about":[{"href":"https:\/\/people.unil.ch\/patrickclastres\/wp-json\/wp\/v2\/types\/page"}],"author":[{"embeddable":true,"href":"https:\/\/people.unil.ch\/patrickclastres\/wp-json\/wp\/v2\/users\/1001129"}],"replies":[{"embeddable":true,"href":"https:\/\/people.unil.ch\/patrickclastres\/wp-json\/wp\/v2\/comments?post=111"}],"version-history":[{"count":1,"href":"https:\/\/people.unil.ch\/patrickclastres\/wp-json\/wp\/v2\/pages\/111\/revisions"}],"predecessor-version":[{"id":728,"href":"https:\/\/people.unil.ch\/patrickclastres\/wp-json\/wp\/v2\/pages\/111\/revisions\/728"}],"wp:attachment":[{"href":"https:\/\/people.unil.ch\/patrickclastres\/wp-json\/wp\/v2\/media?parent=111"}],"curies":[{"name":"wp","href":"https:\/\/api.w.org\/{rel}","templated":true}]}}