{"id":115,"date":"2022-06-09T16:21:09","date_gmt":"2022-06-09T14:21:09","guid":{"rendered":"https:\/\/people.unil.ch\/patrickclastres\/?page_id=115"},"modified":"2025-12-11T10:57:20","modified_gmt":"2025-12-11T09:57:20","slug":"theses-en-cours","status":"publish","type":"page","link":"https:\/\/people.unil.ch\/patrickclastres\/theses-en-cours\/","title":{"rendered":"Th\u00e8ses en cours"},"content":{"rendered":"\n<p><strong>Jean-Michel Faidit (depuis 2025)<\/strong>, <em>Hippolyte Triat (1812-1881), gymnasiarque, et son \u0153uvre pour les salles de sport<\/em>, Th\u00e8se de doctorat en histoire du sport. Co-direction avec Prof. Xavier Pujadas-Mart\u00ed<\/p>\n\n\n\n<p><strong>Juan Manuel Montoro (depuis 2024)<\/strong>,&nbsp;<em>Kosovo: sporting and cultural ways to achieve international agency<\/em>, Th\u00e8se de doctorat en Sciences du mouvement et du sport<\/p>\n\n\n\n<p><strong>Romain Crunchant (depuis 2022)<\/strong> : <em>L&rsquo;alpinisme fran\u00e7ais en Himalaya, une histoire de m\u00e9dias<\/em>. Th\u00e8se de doctorat en Histoire contemporaine. Co-direction avec Prof. \u00c9douard Lynch (Universit\u00e9 Lyon 2)<\/p>\n\n\n\n<p><strong>Rapha\u00ebl Benbouhou (depuis 2021)<\/strong>&nbsp;: <em>Les relations franco-espagnoles au travers du football. Circulations, imaginaires et diplomaties<\/em>, Th\u00e8se de doctorat en \u00c9tudes ib\u00e9riques et en Sciences du mouvement et du sport. Co-tutelle avec Prof. Marie Franco (Universit\u00e9 Sorbonne Nouvelle)<\/p>\n\n\n\n<p><strong>Helena Klima (depuis 2018)<\/strong>&nbsp;: <em>Le CIO sous la pr\u00e9sidence d&rsquo;Avery Brundage (1952-1972)<\/em>, Th\u00e8se de doctorat en Sciences du mouvement et du sport<\/p>\n","protected":false},"excerpt":{"rendered":"<p>Jean-Michel Faidit (depuis 2025), Hippolyte Triat (1812-1881), gymnasiarque, et son \u0153uvre pour les salles de sport, Th\u00e8se de doctorat en histoire du sport. Co-direction avec Prof. Xavier Pujadas-Mart\u00ed Juan Manuel &hellip; <\/p>\n","protected":false},"author":1001129,"featured_media":0,"parent":0,"menu_order":0,"comment_status":"closed","ping_status":"closed","template":"","meta":{"_seopress_robots_primary_cat":"","_seopress_titles_title":"","_seopress_titles_desc":"","_seopress_robots_index":"","footnotes":""},"class_list":["post-115","page","type-page","status-publish"],"_links":{"self":[{"href":"https:\/\/people.unil.ch\/patrickclastres\/wp-json\/wp\/v2\/pages\/115","targetHints":{"allow":["GET"]}}],"collection":[{"href":"https:\/\/people.unil.ch\/patrickclastres\/wp-json\/wp\/v2\/pages"}],"about":[{"href":"https:\/\/people.unil.ch\/patrickclastres\/wp-json\/wp\/v2\/types\/page"}],"author":[{"embeddable":true,"href":"https:\/\/people.unil.ch\/patrickclastres\/wp-json\/wp\/v2\/users\/1001129"}],"replies":[{"embeddable":true,"href":"https:\/\/people.unil.ch\/patrickclastres\/wp-json\/wp\/v2\/comments?post=115"}],"version-history":[{"count":2,"href":"https:\/\/people.unil.ch\/patrickclastres\/wp-json\/wp\/v2\/pages\/115\/revisions"}],"predecessor-version":[{"id":727,"href":"https:\/\/people.unil.ch\/patrickclastres\/wp-json\/wp\/v2\/pages\/115\/revisions\/727"}],"wp:attachment":[{"href":"https:\/\/people.unil.ch\/patrickclastres\/wp-json\/wp\/v2\/media?parent=115"}],"curies":[{"name":"wp","href":"https:\/\/api.w.org\/{rel}","templated":true}]}}