{"id":2,"date":"2019-11-28T16:00:36","date_gmt":"2019-11-28T15:00:36","guid":{"rendered":"http:\/\/people.unil.ch\/modele\/?page_id=2"},"modified":"2022-04-21T15:33:56","modified_gmt":"2022-04-21T13:33:56","slug":"home","status":"publish","type":"page","link":"https:\/\/people.unil.ch\/patrickclastres\/","title":{"rendered":"Accueil"},"content":{"rendered":"\n<div class=\"wp-block-columns is-layout-flex wp-container-core-columns-is-layout-9d6595d7 wp-block-columns-is-layout-flex\">\n<div class=\"wp-block-column is-layout-flow wp-block-column-is-layout-flow\" style=\"flex-basis:66.66%\">\n<p><strong>Patrick CLASTRES<\/strong> est un historien du culturel et du politique. Il est professeur \u00e0 la Facult\u00e9 des sciences sociales et politiques.<\/p>\n\n\n\n<p>Ses travaux de recherche portent sur l\u2019histoire et la g\u00e9opolitique du sport international, plus pr\u00e9cis\u00e9ment sur les \u00e9lites dirigeantes des f\u00e9d\u00e9rations internationales sportives et du Comit\u00e9 international olympique (CIO), ainsi que sur la gen\u00e8se et la diffusion des cultures sportives dans le monde. Plus g\u00e9n\u00e9ralement, il s\u2019int\u00e9resse aux concepts de neutralit\u00e9 et d\u2019apolitisme, \u00e0 l\u2019\u00e9pist\u00e9mologie de l\u2019histoire, et \u00e0 la relation entre genre litt\u00e9raire et essai biographique.<\/p>\n\n\n\n<p>Docteur en histoire contemporaine de Sciences Po Paris, il est membre de l\u2019Institut des sciences du sport (ISSUL) et chercheur au Centre d\u2019histoire internationale et d\u2019\u00e9tudes politiques de la mondialisation (CRHIM). Il est aussi chercheur associ\u00e9 au Centre d\u2019histoire sociale des mondes contemporains (Paris 1 Panth\u00e9on-Sorbonne).<\/p>\n\n\n\n<p>Il coordonne les activit\u00e9s du <a href=\"https:\/\/www.unil.ch\/ceogs\/home\/menuinst\/the-gsosc.html\">Centre d\u2019\u00e9tudes olympiques &amp; de la globalisation du sport de l\u2019UNIL<\/a> (CEO&amp;GS).<\/p>\n\n\n\n<p><\/p>\n\n\n\n<p><\/p>\n<\/div>\n\n\n\n<div class=\"wp-block-column is-layout-flow wp-block-column-is-layout-flow\" style=\"flex-basis:33.33%\">\n<div class=\"wp-block-image\"><figure class=\"aligncenter size-full is-resized\"><img alt=\"\" loading=\"lazy\" decoding=\"async\" src=\"https:\/\/people.unil.ch\/patrickclastres\/files\/2022\/04\/Patrick_Clatres.jpg\" alt=\"\" class=\"wp-image-45\" width=\"177\" height=\"177\" srcset=\"https:\/\/people.unil.ch\/patrickclastres\/files\/2022\/04\/Patrick_Clatres.jpg 300w, https:\/\/people.unil.ch\/patrickclastres\/files\/2022\/04\/Patrick_Clatres-150x150.jpg 150w\" sizes=\"auto, (max-width: 177px) 100vw, 177px\" \/><figcaption><a href=\"mailto:patrick.clastres@unil.ch\" data-type=\"URL\" data-id=\"Mailto:patrick.clastres@unil.ch\">patrick.clastres@unil.ch <\/a><br><a href=\"https:\/\/orcid.org\/0000-0001-8353-7855\">ORCID iD<\/a> <br><a href=\"https:\/\/applicationspub.unil.ch\/interpub\/noauth\/php\/Un\/UnPers.php?PerNum=1175186&amp;menu=coord&amp;LanCode=37\">Profil complet<\/a><br><\/figcaption><\/figure><\/div>\n<\/div>\n<\/div>\n","protected":false},"excerpt":{"rendered":"<p>Patrick CLASTRES est un historien du culturel et du politique. Il est professeur \u00e0 la Facult\u00e9 des sciences sociales et politiques. Ses travaux de recherche portent sur l\u2019histoire et la &hellip; <\/p>\n","protected":false},"author":25,"featured_media":0,"parent":0,"menu_order":0,"comment_status":"closed","ping_status":"open","template":"","meta":{"_seopress_robots_primary_cat":"","_seopress_titles_title":"","_seopress_titles_desc":"","_seopress_robots_index":"","footnotes":""},"class_list":["post-2","page","type-page","status-publish"],"_links":{"self":[{"href":"https:\/\/people.unil.ch\/patrickclastres\/wp-json\/wp\/v2\/pages\/2","targetHints":{"allow":["GET"]}}],"collection":[{"href":"https:\/\/people.unil.ch\/patrickclastres\/wp-json\/wp\/v2\/pages"}],"about":[{"href":"https:\/\/people.unil.ch\/patrickclastres\/wp-json\/wp\/v2\/types\/page"}],"author":[{"embeddable":true,"href":"https:\/\/people.unil.ch\/patrickclastres\/wp-json\/wp\/v2\/users\/25"}],"replies":[{"embeddable":true,"href":"https:\/\/people.unil.ch\/patrickclastres\/wp-json\/wp\/v2\/comments?post=2"}],"version-history":[{"count":0,"href":"https:\/\/people.unil.ch\/patrickclastres\/wp-json\/wp\/v2\/pages\/2\/revisions"}],"wp:attachment":[{"href":"https:\/\/people.unil.ch\/patrickclastres\/wp-json\/wp\/v2\/media?parent=2"}],"curies":[{"name":"wp","href":"https:\/\/api.w.org\/{rel}","templated":true}]}}