{"id":26,"date":"2022-04-21T13:45:35","date_gmt":"2022-04-21T11:45:35","guid":{"rendered":"https:\/\/people.unil.ch\/patrickclastres\/?page_id=26"},"modified":"2022-06-09T16:00:55","modified_gmt":"2022-06-09T14:00:55","slug":"conferences","status":"publish","type":"page","link":"https:\/\/people.unil.ch\/patrickclastres\/conferences\/","title":{"rendered":"Conf\u00e9rences publiques et invit\u00e9es"},"content":{"rendered":"\n<p>J&rsquo;ai dispens\u00e9 une quarantaine conf\u00e9rences en Suisse et \u00e0 l&rsquo;\u00e9tranger sur des sujets en lien avec mes axes de recherche, notamment la g\u00e9opolitique du sport international, l&rsquo;histoire du sport et Pierre de Coubertin.<\/p>\n","protected":false},"excerpt":{"rendered":"<p>J&rsquo;ai dispens\u00e9 une quarantaine conf\u00e9rences en Suisse et \u00e0 l&rsquo;\u00e9tranger sur des sujets en lien avec mes axes de recherche, notamment la g\u00e9opolitique du sport international, l&rsquo;histoire du sport et &hellip; <\/p>\n","protected":false},"author":1001130,"featured_media":0,"parent":0,"menu_order":0,"comment_status":"closed","ping_status":"closed","template":"","meta":{"_seopress_robots_primary_cat":"","_seopress_titles_title":"","_seopress_titles_desc":"","_seopress_robots_index":"","footnotes":""},"class_list":["post-26","page","type-page","status-publish"],"_links":{"self":[{"href":"https:\/\/people.unil.ch\/patrickclastres\/wp-json\/wp\/v2\/pages\/26","targetHints":{"allow":["GET"]}}],"collection":[{"href":"https:\/\/people.unil.ch\/patrickclastres\/wp-json\/wp\/v2\/pages"}],"about":[{"href":"https:\/\/people.unil.ch\/patrickclastres\/wp-json\/wp\/v2\/types\/page"}],"author":[{"embeddable":true,"href":"https:\/\/people.unil.ch\/patrickclastres\/wp-json\/wp\/v2\/users\/1001130"}],"replies":[{"embeddable":true,"href":"https:\/\/people.unil.ch\/patrickclastres\/wp-json\/wp\/v2\/comments?post=26"}],"version-history":[{"count":0,"href":"https:\/\/people.unil.ch\/patrickclastres\/wp-json\/wp\/v2\/pages\/26\/revisions"}],"wp:attachment":[{"href":"https:\/\/people.unil.ch\/patrickclastres\/wp-json\/wp\/v2\/media?parent=26"}],"curies":[{"name":"wp","href":"https:\/\/api.w.org\/{rel}","templated":true}]}}