{"id":29,"date":"2022-04-21T13:46:46","date_gmt":"2022-04-21T11:46:46","guid":{"rendered":"https:\/\/people.unil.ch\/patrickclastres\/?page_id=29"},"modified":"2022-06-09T16:13:39","modified_gmt":"2022-06-09T14:13:39","slug":"theses","status":"publish","type":"page","link":"https:\/\/people.unil.ch\/patrickclastres\/theses\/","title":{"rendered":"Th\u00e8ses"},"content":{"rendered":"\n<p>Dans le cadre de mes fonctions, j&rsquo;encadre et \u00e9value des th\u00e8ses de doctorat en sciences du sport mais aussi en Histoire contemporaine et dans d&rsquo;autres fili\u00e8res s&rsquo;int\u00e9ressant aux \u00e9tudes sur le sport comme ph\u00e9nom\u00e8ne social, politique et culturel.<\/p>\n","protected":false},"excerpt":{"rendered":"<p>Dans le cadre de mes fonctions, j&rsquo;encadre et \u00e9value des th\u00e8ses de doctorat en sciences du sport mais aussi en Histoire contemporaine et dans d&rsquo;autres fili\u00e8res s&rsquo;int\u00e9ressant aux \u00e9tudes sur &hellip; <\/p>\n","protected":false},"author":1001130,"featured_media":0,"parent":0,"menu_order":0,"comment_status":"closed","ping_status":"closed","template":"","meta":{"_seopress_robots_primary_cat":"","_seopress_titles_title":"","_seopress_titles_desc":"","_seopress_robots_index":"","footnotes":""},"class_list":["post-29","page","type-page","status-publish"],"_links":{"self":[{"href":"https:\/\/people.unil.ch\/patrickclastres\/wp-json\/wp\/v2\/pages\/29","targetHints":{"allow":["GET"]}}],"collection":[{"href":"https:\/\/people.unil.ch\/patrickclastres\/wp-json\/wp\/v2\/pages"}],"about":[{"href":"https:\/\/people.unil.ch\/patrickclastres\/wp-json\/wp\/v2\/types\/page"}],"author":[{"embeddable":true,"href":"https:\/\/people.unil.ch\/patrickclastres\/wp-json\/wp\/v2\/users\/1001130"}],"replies":[{"embeddable":true,"href":"https:\/\/people.unil.ch\/patrickclastres\/wp-json\/wp\/v2\/comments?post=29"}],"version-history":[{"count":0,"href":"https:\/\/people.unil.ch\/patrickclastres\/wp-json\/wp\/v2\/pages\/29\/revisions"}],"wp:attachment":[{"href":"https:\/\/people.unil.ch\/patrickclastres\/wp-json\/wp\/v2\/media?parent=29"}],"curies":[{"name":"wp","href":"https:\/\/api.w.org\/{rel}","templated":true}]}}