{"id":331,"date":"2024-05-01T11:31:15","date_gmt":"2024-05-01T09:31:15","guid":{"rendered":"https:\/\/people.unil.ch\/patrickclastres\/?page_id=331"},"modified":"2024-07-30T15:23:02","modified_gmt":"2024-07-30T13:23:02","slug":"documentaires","status":"publish","type":"page","link":"https:\/\/people.unil.ch\/patrickclastres\/documentaires\/","title":{"rendered":"Documentaires"},"content":{"rendered":"\n<h1 class=\"wp-block-heading\" style=\"font-size:18px\"><\/h1>\n\n\n\n<p>\u00ab\u00a0<a href=\"https:\/\/www.youtube.com\/watch?v=t299lsMjsf0\">Les Jeux olympiques de Paris sur le point de se tenir : l&rsquo;id\u00e9al et la r\u00e9alit\u00e9 de la \u00ab\u00a0paix par le sport<\/a>\u00a0\u00bb | Les Jeux olympiques dans le tourbillon de la guerre : 180 jours d&rsquo;affrontements et de divisions dans les coulisses|\u00a0\u00bb, Tokyo, NHK, 7 juillet 2024<\/p>\n\n\n\n<p>\u00ab\u00a0<a href=\"https:\/\/www.rts.ch\/audio-podcast\/2024\/audio\/les-jeux-olympiques-de-l-antiquite-a-2024-4-5-la-politique-internationale-s-empare-des-stades-28524598.html\">Les Jeux Olympiques, de l\u2019Antiquit\u00e9 \u00e0 2024 (4\/5) : La politique internationale s\u2019empare des stades<\/a>\u00a0\u00bb et \u00ab\u00a0<a href=\"https:\/\/www.rts.ch\/audio-podcast\/2024\/audio\/les-jeux-olympiques-de-l-antiquite-a-2024-5-5-la-guerre-froide-des-jeux-olympiques-28524600.html\">Les Jeux Olympiques, de l\u2019Antiquit\u00e9 \u00e0 2024 (5\/5) : La guerre froide des Jeux olympiques<\/a>\u00ab\u00a0, Histoire vivante, RTS la 1\u00e8re, diffus\u00e9 en juin 2024<\/p>\n\n\n\n<p>\u00ab&nbsp;<a href=\"https:\/\/www.france.tv\/documentaires\/histoire\/5968176-pierre-de-coubertin-grandeur-et-mysteres-du-pere-des-jo.html#section-about\">Pierre de Coubertin : grandeur et myst\u00e8res du p\u00e8re des JO<\/a>&nbsp;\u00bb,&nbsp;<em>Documentaires histoire<\/em> avec St\u00e9phane Bern, France 2, diffus\u00e9 le 21 mai 2024<\/p>\n\n\n\n<p>\u00ab&nbsp;<a href=\"https:\/\/www.france.tv\/france-2\/affaires-sensibles\/5647059-les-revoltes-des-jeux-olympiques.html\">Les r\u00e9volt\u00e9s des Jeux olympiques<\/a>&nbsp;\u00bb,&nbsp;<em>Affaires sensibles<\/em>, France 2, diffus\u00e9 le 4 f\u00e9vrier 2024<\/p>\n","protected":false},"excerpt":{"rendered":"<p>\u00ab\u00a0Les Jeux olympiques de Paris sur le point de se tenir : l&rsquo;id\u00e9al et la r\u00e9alit\u00e9 de la \u00ab\u00a0paix par le sport\u00a0\u00bb | Les Jeux olympiques dans le tourbillon de &hellip; <\/p>\n","protected":false},"author":1001129,"featured_media":0,"parent":0,"menu_order":0,"comment_status":"closed","ping_status":"closed","template":"","meta":{"_seopress_robots_primary_cat":"","_seopress_titles_title":"","_seopress_titles_desc":"","_seopress_robots_index":"","footnotes":""},"class_list":["post-331","page","type-page","status-publish"],"_links":{"self":[{"href":"https:\/\/people.unil.ch\/patrickclastres\/wp-json\/wp\/v2\/pages\/331","targetHints":{"allow":["GET"]}}],"collection":[{"href":"https:\/\/people.unil.ch\/patrickclastres\/wp-json\/wp\/v2\/pages"}],"about":[{"href":"https:\/\/people.unil.ch\/patrickclastres\/wp-json\/wp\/v2\/types\/page"}],"author":[{"embeddable":true,"href":"https:\/\/people.unil.ch\/patrickclastres\/wp-json\/wp\/v2\/users\/1001129"}],"replies":[{"embeddable":true,"href":"https:\/\/people.unil.ch\/patrickclastres\/wp-json\/wp\/v2\/comments?post=331"}],"version-history":[{"count":3,"href":"https:\/\/people.unil.ch\/patrickclastres\/wp-json\/wp\/v2\/pages\/331\/revisions"}],"predecessor-version":[{"id":549,"href":"https:\/\/people.unil.ch\/patrickclastres\/wp-json\/wp\/v2\/pages\/331\/revisions\/549"}],"wp:attachment":[{"href":"https:\/\/people.unil.ch\/patrickclastres\/wp-json\/wp\/v2\/media?parent=331"}],"curies":[{"name":"wp","href":"https:\/\/api.w.org\/{rel}","templated":true}]}}