{"id":338,"date":"2024-05-01T11:47:03","date_gmt":"2024-05-01T09:47:03","guid":{"rendered":"https:\/\/people.unil.ch\/patrickclastres\/?page_id=338"},"modified":"2024-06-18T11:10:54","modified_gmt":"2024-06-18T09:10:54","slug":"expositions","status":"publish","type":"page","link":"https:\/\/people.unil.ch\/patrickclastres\/expositions\/","title":{"rendered":"Expositions"},"content":{"rendered":"\n<h1 class=\"wp-block-heading\" style=\"font-size:18px\"><\/h1>\n\n\n\n<p>Campus Condorcet, membre scientifique \u00e0 l&rsquo;exposition <a href=\"https:\/\/sportpopulaire.campus-condorcet.fr\/fr\/lexposition\">sport populaire<\/a>, du 28 novembre 2023 au 26 avril 2024<\/p>\n\n\n\n<p>Archives Nationales, contribution \u00e0 l&rsquo;exposition <a href=\"\/\/\/Users\/rbenbouh\/Downloads\/Affiche-ExpositionAN-AVosMarques.pdf\">\u00c0 vos marques\u2026 Pr\u00eats ? Cherchez !<\/a>, Exposition temporaire du 30 mai 2024 au 2 d\u00e9cembre 2024<\/p>\n\n\n\n<p>Mus\u00e9e de la l\u00e9gion d&rsquo;honneur, contribution \u00e0 l&rsquo;exposition <em><a href=\"https:\/\/www.legiondhonneur.fr\/fr\/actualites\/sports-et-distinctions-honorifiques-plus-vite-plus-haut-plus-fort-ensemble\/2043\/2\">Sports et distinctions honorifiques \u2013 Plus vite, plus haut, plus fort \u2013 ensemble<\/a><\/em>, Exposition temporaire du 3 avril 2024 au 3 novembre 2024<\/p>\n\n\n\n<p>Mus\u00e9e du Louvre, contribution au catalogue d\u2019exposition&nbsp;<a href=\"https:\/\/www.louvre.fr\/expositions-et-evenements\/expositions\/l-olympisme\"><em>L\u2019olympisme. Une invention moderne, un h\u00e9ritage antique, Exposition temporaine<\/em>&nbsp;<\/a>du 24 avril au 16 septembre 2024<\/p>\n\n\n\n<p>M\u00e9morial de la Shoah, contribution \u00e0 l&rsquo;exposition <em><a href=\"https:\/\/expos-jeux-olympiques.memorialdelashoah.org\/\">Paris 1924- Paris 2024 : les Jeux olympiques, miroir des soci\u00e9t\u00e9s<\/a><\/em>, Exposition temporaire du dimanche 4 f\u00e9vrier 2024 au dimanche 11 ao\u00fbt 2024<\/p>\n\n\n\n<p>Mus\u00e9e olympique de Lausanne, \u00ab Le Comit\u00e9 international olympique \u00e0 Lausanne (1915-2015) \u00bb, co-expertise avec Florence Carpentier pour l\u2019exposition dite du Centenaire, octobre 2014<\/p>\n\n\n\n<p>Conseil g\u00e9n\u00e9ral du Puy-de-D\u00f4me, \u00ab Jouer \u00e0 la paume au manoir de Veygoux. Projet mus\u00e9ographique \u00bb, conception du projet comme commissaire scientifique avec Jean-Christophe Piffaut, f\u00e9vrier 2013<\/p>\n\n\n\n<p>Mus\u00e9e national du sport (Paris), contribution \u00e0 l\u2019exposition \u00ab Plus vite, plus haut, plus fort ! Les Jeux olympiques d\u2019Ath\u00e8nes \u00e0 Londres, 1896-2012 \u00bb, 20 juin \u2013 29 d\u00e9cembre 2012<\/p>\n\n\n\n<p>M\u00e9morial de la Shoah (Paris)&nbsp;: \u00ab<a href=\"https:\/\/sport.memorialdelashoah.org\/mentions-legales-jeux-olympiques.htm\" target=\"_blank\" rel=\"noreferrer noopener\">&nbsp;Le sport europ\u00e9en \u00e0 l\u2019\u00e9preuve du nazisme des JO de Berlin aux JO de Londres (1936-1948)<\/a>&nbsp;\u00bb, commissariat scientifique de l\u2019exposition, 9 novembre 2011 \u2013 29 avril 2012<\/p>\n\n\n\n<p>Conseil g\u00e9n\u00e9ral d\u2019Indre-et-Loire : \u00ab Le sport dans les ann\u00e9es trente au ch\u00e2teau de Cand\u00e9 \u00bb, commissariat d\u2019exposition, 6 juin \u2013 30 septembre 2009<\/p>\n\n\n\n<p>Mus\u00e9e de la L\u00e9gion d\u2019honneur&nbsp;: \u00ab&nbsp;La L\u00e9gion d\u2019honneur pour faits sportifs&nbsp;\u00bb, expertise, novembre 2006<\/p>\n\n\n\n<h1 class=\"wp-block-heading\" style=\"font-size:18px\"><\/h1>\n\n\n\n<p><\/p>\n","protected":false},"excerpt":{"rendered":"<p>Campus Condorcet, membre scientifique \u00e0 l&rsquo;exposition sport populaire, du 28 novembre 2023 au 26 avril 2024 Archives Nationales, contribution \u00e0 l&rsquo;exposition \u00c0 vos marques\u2026 Pr\u00eats ? Cherchez !, Exposition temporaire &hellip; <\/p>\n","protected":false},"author":1001129,"featured_media":0,"parent":0,"menu_order":0,"comment_status":"closed","ping_status":"closed","template":"","meta":{"_seopress_robots_primary_cat":"","_seopress_titles_title":"","_seopress_titles_desc":"","_seopress_robots_index":"","footnotes":""},"class_list":["post-338","page","type-page","status-publish"],"_links":{"self":[{"href":"https:\/\/people.unil.ch\/patrickclastres\/wp-json\/wp\/v2\/pages\/338","targetHints":{"allow":["GET"]}}],"collection":[{"href":"https:\/\/people.unil.ch\/patrickclastres\/wp-json\/wp\/v2\/pages"}],"about":[{"href":"https:\/\/people.unil.ch\/patrickclastres\/wp-json\/wp\/v2\/types\/page"}],"author":[{"embeddable":true,"href":"https:\/\/people.unil.ch\/patrickclastres\/wp-json\/wp\/v2\/users\/1001129"}],"replies":[{"embeddable":true,"href":"https:\/\/people.unil.ch\/patrickclastres\/wp-json\/wp\/v2\/comments?post=338"}],"version-history":[{"count":2,"href":"https:\/\/people.unil.ch\/patrickclastres\/wp-json\/wp\/v2\/pages\/338\/revisions"}],"predecessor-version":[{"id":498,"href":"https:\/\/people.unil.ch\/patrickclastres\/wp-json\/wp\/v2\/pages\/338\/revisions\/498"}],"wp:attachment":[{"href":"https:\/\/people.unil.ch\/patrickclastres\/wp-json\/wp\/v2\/media?parent=338"}],"curies":[{"name":"wp","href":"https:\/\/api.w.org\/{rel}","templated":true}]}}