{"id":90,"date":"2022-06-09T15:47:54","date_gmt":"2022-06-09T13:47:54","guid":{"rendered":"https:\/\/people.unil.ch\/patrickclastres\/?page_id=90"},"modified":"2025-12-11T11:45:03","modified_gmt":"2025-12-11T10:45:03","slug":"histoire-des-jeux-olympiques-et-des-relations-internationales","status":"publish","type":"page","link":"https:\/\/people.unil.ch\/patrickclastres\/histoire-des-jeux-olympiques-et-des-relations-internationales\/","title":{"rendered":"Histoire des jeux olympiques et des relations internationales"},"content":{"rendered":"\n<p>8 septembre 2025 : \u00e0 l&rsquo;invitation du lyc\u00e9e Denis de Rougemont \u00e0 Neuch\u00e2tel, \u00ab\u00a0Faire l&rsquo;histoire des JO et du CIO indissociablement (1892-2024)\u00a0\u00bb, \u00e0 Neuch\u00e2tel<\/p>\n\n\n\n<p>27 juin 2024 : participation au colloque Politiques sportives et m\u00e9ga-\u00e9v\u00e9nements sportifs : remettre les citoyens dans le jeu&nbsp;, \u00ab&nbsp;Qui sont vraiment les membres du CIO (1894-1972) ? Prosopographie d\u2019une \u00e9lite transnationale, conservatrice et autoritaire, Universit\u00e9 de Strasbourg, Maison interuniversitaire des sciences de l\u2019homme d\u2019Alsace<\/p>\n\n\n\n<p>17 juin 2024 : \u00e0 l\u2019invitation de l\u2019universit\u00e9 d\u2019Orl\u00e9ans, dans le cadre de la c\u00e9r\u00e9monie de remise des dipl\u00f4mes de doctorat et de HDR : \u00ab Devenir historien du sport \u00bb, \u00e0 Orl\u00e9ans<\/p>\n\n\n\n<p>14 juin 2024 : \u00e0 l\u2019invitation de IAFOR \u00e0 la Maison de la chimie, \u00ab <a href=\"https:\/\/pcah.iafor.org\/pcah2024\/#programme\">Olympic Games: the Parallel World of the IOC<\/a> \u00bb, \u00e0 Paris<\/p>\n\n\n\n<p>13 au 17 juin 2024 : participation \u00e0 Conference Report and Intelligence Briefing: PCE\/PCAH2024, \u00ab\u00a0<a href=\"https:\/\/www.youtube.com\/watch?v=PovoljoYNDI\">Olympism and International Relations from Pierre de Coubertin to the Present<\/a>\u00ab\u00a0, \u00e0 Paris<\/p>\n\n\n\n<p><strong>\u00ab <a href=\"https:\/\/www.amisdejaures-toulouse.info\/caf%C3%A9jaur%C3%A8s\">Jeux olympiques : le monde parall\u00e8le du CIO ou Comment le comit\u00e9 international olympique (CIO) \u00e9crit sa propre histoire<\/a> \u00bb<\/strong>, 6 juin 2024, \u00e0 l\u2019invitation de l\u2019Association des Amis de Jean-Jaur\u00e8s de Toulouse<\/p>\n\n\n\n<p>\u00ab Faire l\u2019histoire globale des Jeux olympiques, Paris, lyc\u00e9e Camille S\u00e9e, 6 mai 2024<\/p>\n\n\n\n<p><strong>\u00ab <a href=\"https:\/\/www.fabula.org\/actualites\/118762\/seminaire-d-actualite-de-la-recherche-orleans-rencontre-avec-patrick-clastre.html\"><strong>Faire l\u2019histoire du sport international et des jeux olympiques<\/strong><\/a> \u00bb<\/strong>, 17 avril 2024, S\u00e9minaire d&rsquo;actualit\u00e9 de la recherche, \u00e0 l\u2019invitation du laboratoire Pollen de l\u2019universit\u00e9 d\u2019Orl\u00e9ans<\/p>\n\n\n\n<p><strong>\u00ab&nbsp;<\/strong><a href=\"https:\/\/www.ac-reims.fr\/jeux-olympiques-le-monde-selon-le-cio-126483\"><strong>Jeux olympiques : le monde selon le CIO&nbsp;<\/strong><\/a><strong>\u00bb<\/strong>, 11 avril 2024, \u00e0 l\u2019invitation du Rectorat de l\u2019acad\u00e9mie de Strasbourg<\/p>\n\n\n\n<p><strong>\u00ab&nbsp;<\/strong><a href=\"https:\/\/www.youtube.com\/watch?v=SinHr8mzWHw\"><strong>Paris 1924 : les Jeux de la modernit\u00e9 sportive&nbsp;<\/strong><\/a><strong>\u00bb<\/strong>, 5 avril 2024, au Petit Palais \u00e0 Paris en cl\u00f4ture du cycle de conf\u00e9rences \u00ab&nbsp;Paris de la modernit\u00e9&nbsp;\u00bb<\/p>\n\n\n\n<p><strong>\u00ab&nbsp;<a href=\"https:\/\/unipop.fr\/wp-content\/uploads\/2023\/09\/Unipop-Histoire-programme-2023-2024-page-31.pdf\">Jeux olympiques : le monde selon le CIO&nbsp;<\/a>\u00bb<\/strong>, 25 mars 2024, \u00e0 l\u2019invitation du festival d\u2019histoire du film de Pessac<\/p>\n\n\n\n<p><a href=\"https:\/\/www.ijf.org\/news\/show\/judo-and-olympism-conference\"><strong>\u00ab Judo et olympisme \u00bb<\/strong><\/a>, jeudi 1<sup>er<\/sup> f\u00e9vrier 2024, \u00e0 l\u2019invitation de l\u2019acad\u00e9mie fran\u00e7aise de judo<\/p>\n\n\n\n<p><strong><strong>\u00ab<\/strong> Les mondialisations sportives des ann\u00e9es 1880 au milieu des ann\u00e9es 1930 : cultures, \u00e9v\u00e9nements, institutions<\/strong> <strong>\u00bb<\/strong>, lundi 26 juin 2023, Association des Professeurs d&rsquo;Histoire et de G\u00e9ographie, caf\u00e9 virtuel<\/p>\n\n\n\n<p><strong>\u00ab<\/strong> <strong>Introduction. Que sait-on aujourd\u2019hui de la Guerre froide sportive ?<\/strong> <strong>\u00bb<\/strong>, Nantes, mardi 28 mars 2023, Colloque <em>Ce que la guerre froide a fait au sport mondial<\/em><\/p>\n\n\n\n<p><strong>\u00ab&nbsp;Les Jeux olympiques \u00e0 Ath\u00e8nes en 1896, entre tradition et modernit\u00e9&nbsp;\u00bb<\/strong>, Lausanne, 24 mai 2022, UNIL, Association HELIOS<\/p>\n\n\n\n<p><strong>\u00ab&nbsp;Faire la prosopographie des membres du CIO, 1894-1972&nbsp;\u00bb<\/strong>. Lausanne, 7 avril 2022, UNIL, Journ\u00e9e de la Recherche 2022 de la Facult\u00e9 des sciences sociales et politiques<\/p>\n\n\n\n<p><strong>\u00ab&nbsp;Le Paris sportif et les JO de 1900 et 1924&nbsp;\u00bb<\/strong>, Paris, 29 mars 2022, F\u00e9d\u00e9ration nationale des guides interpr\u00e8tes et conf\u00e9renciers, webinaire<\/p>\n\n\n\n<p><strong><strong>\u00ab<\/strong><\/strong> <strong>Olympism and Cold War: how to review scientific literature? \u00bb<\/strong>, Olympia (Greece), 15-21 novembre 2021, International Olympic Academy, 28<sup>th<\/sup> International seminar on Olympic studies for postgraduate students, supervising professor<\/p>\n\n\n\n<p><strong>\u00ab&nbsp;Les c\u00e9r\u00e9monies d&rsquo;ouverture des Jeux olympiques (1960-2021). Des romans nationaux \u00e0 l&rsquo;\u00e2ge&nbsp;m\u00e9diatique global&nbsp;\u00bb<\/strong>, Lausanne, Mus\u00e9e olympique, 10 novembre 2021, UNIL\/VSQ\/ULB, \u00c9cole doctorale d\u2019automne METIS 2021 \u00ab&nbsp;Spectacle et spectaculaire \u00e0 l&rsquo;\u00e8re contemporaine&nbsp;\u00bb<\/p>\n\n\n\n<p><strong><strong>\u00ab<\/strong><\/strong> <strong>Olympism and Cold War: which history?<\/strong> <strong>\u00bb<\/strong>, Olympia (Greece), 24 septembre 2020, International Olympic Academy, 27<sup>th<\/sup> International seminar on Olympic studies for postgraduate students, supervising professor<\/p>\n\n\n\n<p><strong>\u00ab&nbsp;Enseigner l\u2019histoire du sport : l\u2019exemple des Jeux olympiques&nbsp;\u00bb<\/strong>, Blois, 10 septembre 2020, Rendez-Vous de l\u2019Histoire<\/p>\n\n\n\n<p><strong>\u00ab&nbsp;L\u2019histoire des jeux olympiques&nbsp;\u00bb<\/strong>, Paris, 3 f\u00e9vrier 2020, La Villette, Semaine olympique et paralympique, conf\u00e9rencier invit\u00e9 par le Recteur Gilles P\u00e9cout<\/p>\n\n\n\n<p><strong>\u00ab&nbsp;Olympisme et Guerre froide entre histoire sociale, culturelle et politique&nbsp;\u00bb<\/strong>, Lausanne, 2 octobre 2019, UNIL, Facult\u00e9 des Lettres, s\u00e9minaire de master du Prof. Philippe Kaenel \u00ab&nbsp;La guerre froide et la Suisse : arts et cultures&nbsp;\u00bb<\/p>\n\n\n\n<p><strong>\u00ab&nbsp;L\u2019installation du CIO \u00e0 Lausanne (1906-1946). Une histoire multi-scalaire&nbsp;\u00bb<\/strong>, Lausanne, 23 novembre 2017, UNIL-SSP, S\u00e9minaire de recherche du CRHIM \u00ab&nbsp;Villes globales, globalisation des villes&nbsp;\u00bb<\/p>\n\n\n\n<p><strong>\u00ab&nbsp;Jeux olympiques, mondialisation et modernit\u00e9 depuis 1896&nbsp;\u00bb<\/strong>, Dijon, 31 octobre 2017, 17<sup>e<\/sup> Congr\u00e8s international de l\u2019ACAPS, conf\u00e9rencier invit\u00e9 (pl\u00e9ni\u00e8re)<\/p>\n\n\n\n<p><strong>\u00ab&nbsp;L\u2019ar\u00e8ne olympique de 1905 \u00e0 1916, entre paix et guerre&nbsp;\u00bb<\/strong>, Lausanne, 28 f\u00e9vrier 2017, UNIL-SSP, s\u00e9minaire de recherche du CRHIM \u00ab&nbsp;Aux origines de la guerre&nbsp;: enjeux politiques, \u00e9conomiques et sociaux&nbsp;\u00bb<\/p>\n\n\n\n<p><strong>\u00ab&nbsp;Un stade qui ne meurt pas&nbsp;: le stade panath\u00e9na\u00efque (330 avant J.-C. \u2013 2004)&nbsp;\u00bb<\/strong>, Lausanne, 26 janvier 2017, Mus\u00e9e olympique, \u00ab&nbsp;Stades dating&nbsp;\u00bb<\/p>\n\n\n\n<p><strong>\u00ab&nbsp;Red Army. Un documentaire de Gabe Polsky (2014)&nbsp;\u00bb<\/strong>, Rouen, 18 janvier 2017, Festival Cin\u00e9-Sport<\/p>\n\n\n\n<p><strong>\u00ab&nbsp;L\u2019empire olympique&nbsp;\u00bb<\/strong>, Blois, 9 octobre 2015, Les Rendez-Vous de l\u2019Histoire, \u00e9dition 2015 \u00ab&nbsp;Les empires&nbsp;\u00bb, Cartes blanches : <a href=\"https:\/\/www.rdv-histoire.com\/edition-2015-les-empires\/l-empire-olympique-par-patrick-clastres\">https:\/\/www.rdv-histoire.com\/edition-2015-les-empires\/l-empire-olympique-par-patrick-clastres<\/a><\/p>\n\n\n\n<p><strong>\u00ab&nbsp;Red Army. Un documentaire de Gabe Polsky (2014)&nbsp;\u00bb<\/strong>, Blois, 9 octobre 2015, Les Rendez-Vous de l\u2019Histoire, \u00e9dition 2015 \u00ab&nbsp;Les empires&nbsp;\u00bb, conf\u00e9rence-d\u00e9bat : <a href=\"https:\/\/www.rdv-histoire.com\/edition-2015-les-empires\/red-army\">https:\/\/www.rdv-histoire.com\/edition-2015-les-empires\/red-army<\/a><\/p>\n","protected":false},"excerpt":{"rendered":"<p>8 septembre 2025 : \u00e0 l&rsquo;invitation du lyc\u00e9e Denis de Rougemont \u00e0 Neuch\u00e2tel, \u00ab\u00a0Faire l&rsquo;histoire des JO et du CIO indissociablement (1892-2024)\u00a0\u00bb, \u00e0 Neuch\u00e2tel 27 juin 2024 : participation au &hellip; <\/p>\n","protected":false},"author":1001129,"featured_media":0,"parent":0,"menu_order":0,"comment_status":"closed","ping_status":"closed","template":"","meta":{"_seopress_robots_primary_cat":"","_seopress_titles_title":"","_seopress_titles_desc":"","_seopress_robots_index":"","footnotes":""},"class_list":["post-90","page","type-page","status-publish"],"_links":{"self":[{"href":"https:\/\/people.unil.ch\/patrickclastres\/wp-json\/wp\/v2\/pages\/90","targetHints":{"allow":["GET"]}}],"collection":[{"href":"https:\/\/people.unil.ch\/patrickclastres\/wp-json\/wp\/v2\/pages"}],"about":[{"href":"https:\/\/people.unil.ch\/patrickclastres\/wp-json\/wp\/v2\/types\/page"}],"author":[{"embeddable":true,"href":"https:\/\/people.unil.ch\/patrickclastres\/wp-json\/wp\/v2\/users\/1001129"}],"replies":[{"embeddable":true,"href":"https:\/\/people.unil.ch\/patrickclastres\/wp-json\/wp\/v2\/comments?post=90"}],"version-history":[{"count":5,"href":"https:\/\/people.unil.ch\/patrickclastres\/wp-json\/wp\/v2\/pages\/90\/revisions"}],"predecessor-version":[{"id":734,"href":"https:\/\/people.unil.ch\/patrickclastres\/wp-json\/wp\/v2\/pages\/90\/revisions\/734"}],"wp:attachment":[{"href":"https:\/\/people.unil.ch\/patrickclastres\/wp-json\/wp\/v2\/media?parent=90"}],"curies":[{"name":"wp","href":"https:\/\/api.w.org\/{rel}","templated":true}]}}