{"id":93,"date":"2022-06-09T15:50:27","date_gmt":"2022-06-09T13:50:27","guid":{"rendered":"https:\/\/people.unil.ch\/patrickclastres\/?page_id=93"},"modified":"2024-06-06T14:42:18","modified_gmt":"2024-06-06T12:42:18","slug":"pierre-de-coubertin","status":"publish","type":"page","link":"https:\/\/people.unil.ch\/patrickclastres\/pierre-de-coubertin\/","title":{"rendered":"Pierre de Coubertin"},"content":{"rendered":"\n<p>Conf\u00e9rence pl\u00e9ni\u00e8re \u00e0 l\u2019invitation du Comit\u00e9 des travaux historiques et scientifiques : \u00ab <a href=\"https:\/\/ludocorpus.org\/congres-corps-sport-et-jeux-aubervilliers-du-21-au-24-mai-2024\/amp\/\">Antiquit\u00e9, chevalerie et modernit\u00e9 chez Pierre de Coubertin<\/a> \u00bb, 23 mai 2024 \u00e0 17h \u00e0 Paris<\/p>\n\n\n\n<p>\u00ab Les religions de Pierre de Coubertin de Rome \u00e0 Olympie (1870-1938) \u00bb, Le Havre, Temple protestant, 8 avril 2024<\/p>\n\n\n\n<p>\u00ab Les religions de Pierre de Coubertin de l\u2019Institut catholique au m\u00e9morial d\u2019Olympie (1883-1938) \u00bb, Institut catholique de Paris, 2 avril 2024<\/p>\n\n\n\n<p><strong>\u00ab&nbsp;<\/strong><a href=\"https:\/\/www.revue-eps.com\/index.php?lg=fr&amp;id_nav=5&amp;id_bloc_liaison=4&amp;id_fiche=6235\"><strong>Pierre de Coubertin et Paschal Grousset : cultures sportives, cultures politiques&nbsp;<\/strong><\/a><strong>\u00bb,<\/strong> 14 mars 2024, \u00e0 l\u2019invitation de l\u2019universit\u00e9 de Cergy-Pontoise<\/p>\n\n\n\n<p><strong>\u00ab&nbsp;Pierre de Coubertin et la chevalerie du sport&nbsp;\u00bb<\/strong>, Paris, 15 mars 2022, F\u00e9d\u00e9ration nationale des guides interpr\u00e8tes et conf\u00e9renciers, webinaire<\/p>\n\n\n\n<p><strong>\u201cPierre de Coubertin\u2019s Olympic diplomacy\u201d<\/strong>, Lausanne, 9 f\u00e9vrier 2022, ISSUL, 13th Annual Congress 2022 Swiss Society of Sport Science<\/p>\n\n\n\n<p><strong>\u201cPierre de Coubertin (1863-1937): how to historicize the concept of autonomy of sport and olympics?\u201d<\/strong>, Olympia (Greece), 15-21 novembre 2021, International Olympic Academy, 28<sup>th<\/sup> International seminar on Olympic studies for postgraduate students, supervising professor<\/p>\n\n\n\n<p><strong>\u201cThe autonomy of sport according to&nbsp;Pierre de Coubertin\u201d<\/strong>, Lisbonne, 15 september 2021, European Committee for Sports History (CESH), Congress Lectio<\/p>\n\n\n\n<p><strong>\u201cIs&nbsp;Pierre de Coubertin (1863-1937) a political thinker?\u201d<\/strong>, Olympia (Greece), 21 septembre 2020, International Olympic Academy, 27<sup>th<\/sup> International seminar on Olympic studies for postgraduate students, supervising professor<\/p>\n\n\n\n<p><strong>\u00ab&nbsp;Pierre de Coubertin et les jeux olympiques modernes. L\u2019invention d&rsquo;une tradition sportive globale&nbsp;\u00bb,<\/strong> Lausanne, 3 d\u00e9cembre 2019, UNIL, Cycle de conf\u00e9rences de l\u2019IASA \u00ab&nbsp;Voyage entre tenues antiques et jeux modernes&nbsp;\u00bb<\/p>\n\n\n\n<p><strong>\u00ab&nbsp;Genre de Pierre de Coubertin et r\u00e9gime olympique de genre&nbsp;?&nbsp;\u00bb<\/strong>, Rouen, 10 d\u00e9cembre 2018, Universit\u00e9 de Rouen, CETAPS, conf\u00e9rencier invit\u00e9<\/p>\n\n\n\n<p><strong>\u00ab&nbsp;Les religions de Pierre de Coubertin&nbsp;\u00bb<\/strong>, Lausanne, 15 mars 2018, UNIL, Institut l\u00e9manique de th\u00e9ologie pratique, Cycle de conf\u00e9rences du Prof. Olivier Bauer \u00ab&nbsp;Sport et religion&nbsp;\u00bb<\/p>\n\n\n\n<p><strong>\u00ab&nbsp;Genre de Pierre de Coubertin et genre des sports avant 1914. Un r\u00e9gime olympique de genre&nbsp;?&nbsp;\u00bb<\/strong>, Lausanne, 24 mai 2017, UNIL-SSP, s\u00e9minaire de recherche du Centre \u00e9tudes Genre<\/p>\n\n\n\n<p><strong>\u00ab&nbsp;Les valeurs du sport selon Pierre de Coubertin. Un pass\u00e9 qui ne passe pas&nbsp;\u00bb<\/strong>, Bruxelles, 28 avril 2017, Acad\u00e9mie Royale de Belgique, colloque \u00ab&nbsp;Le dopage et les valeurs du sport&nbsp;\u00bb, conf\u00e9rencier invit\u00e9<\/p>\n","protected":false},"excerpt":{"rendered":"<p>Conf\u00e9rence pl\u00e9ni\u00e8re \u00e0 l\u2019invitation du Comit\u00e9 des travaux historiques et scientifiques : \u00ab Antiquit\u00e9, chevalerie et modernit\u00e9 chez Pierre de Coubertin \u00bb, 23 mai 2024 \u00e0 17h \u00e0 Paris \u00ab &hellip; <\/p>\n","protected":false},"author":1001129,"featured_media":0,"parent":0,"menu_order":0,"comment_status":"closed","ping_status":"closed","template":"","meta":{"_seopress_robots_primary_cat":"","_seopress_titles_title":"","_seopress_titles_desc":"","_seopress_robots_index":"","footnotes":""},"class_list":["post-93","page","type-page","status-publish"],"_links":{"self":[{"href":"https:\/\/people.unil.ch\/patrickclastres\/wp-json\/wp\/v2\/pages\/93","targetHints":{"allow":["GET"]}}],"collection":[{"href":"https:\/\/people.unil.ch\/patrickclastres\/wp-json\/wp\/v2\/pages"}],"about":[{"href":"https:\/\/people.unil.ch\/patrickclastres\/wp-json\/wp\/v2\/types\/page"}],"author":[{"embeddable":true,"href":"https:\/\/people.unil.ch\/patrickclastres\/wp-json\/wp\/v2\/users\/1001129"}],"replies":[{"embeddable":true,"href":"https:\/\/people.unil.ch\/patrickclastres\/wp-json\/wp\/v2\/comments?post=93"}],"version-history":[{"count":3,"href":"https:\/\/people.unil.ch\/patrickclastres\/wp-json\/wp\/v2\/pages\/93\/revisions"}],"predecessor-version":[{"id":492,"href":"https:\/\/people.unil.ch\/patrickclastres\/wp-json\/wp\/v2\/pages\/93\/revisions\/492"}],"wp:attachment":[{"href":"https:\/\/people.unil.ch\/patrickclastres\/wp-json\/wp\/v2\/media?parent=93"}],"curies":[{"name":"wp","href":"https:\/\/api.w.org\/{rel}","templated":true}]}}