{"id":96,"date":"2022-06-09T15:53:46","date_gmt":"2022-06-09T13:53:46","guid":{"rendered":"https:\/\/people.unil.ch\/patrickclastres\/?page_id=96"},"modified":"2023-12-21T17:04:32","modified_gmt":"2023-12-21T16:04:32","slug":"histoire-generale-du-sport","status":"publish","type":"page","link":"https:\/\/people.unil.ch\/patrickclastres\/histoire-generale-du-sport\/","title":{"rendered":"Histoire g\u00e9n\u00e9rale du sport"},"content":{"rendered":"\n<p><\/p>\n\n\n\n<p><strong>\u00ab&nbsp;Le patrimoine architectural fran\u00e7ais&nbsp;des exercices et spectacles corporels&nbsp;\u00bb<\/strong>, Paris, 22 mars 2022, F\u00e9d\u00e9ration nationale des guides interpr\u00e8tes et conf\u00e9renciers, webinaire<\/p>\n\n\n\n<p><strong>\u00ab&nbsp;O\u00f9 va l\u2019histoire du sport ?&nbsp;\u00bb<\/strong>, Paris, 10 mars 2022, Archives de France, webinaire \u00ab D\u00e9crire, diffuser, valoriser les archives du sport \u00bb<\/p>\n\n\n\n<p><strong>\u00ab&nbsp;Des jeux aux sports du XVIe si\u00e8cle \u00e0 la Belle \u00c9poque&nbsp;\u00bb<\/strong>, Paris, 8 mars 2022, F\u00e9d\u00e9ration nationale des guides interpr\u00e8tes et conf\u00e9renciers, webinaire<\/p>\n\n\n\n<p><strong>\u00ab&nbsp;La gen\u00e8se des sports&nbsp;: pour un changement de paradigme&nbsp;\u00bb<\/strong>, Lausanne, 13 octobre 2020, UNIL, Facult\u00e9 des Lettres, s\u00e9minaire de Master de la Prof. Marta Caraion \u00ab Sciences historiques de la culture \u00bb<\/p>\n\n\n\n<p><strong>\u00ab&nbsp;L\u2019histoire du sport au d\u00e9fi de l\u2019histoire culturelle&nbsp;\u00bb<\/strong>, Lausanne, 18 mai 2020, UNIL, Facult\u00e9 des Lettres, s\u00e9minaire de Master du Prof. Fran\u00e7ois Vallotton \u00ab Sciences historiques de la culture \u00bb<\/p>\n\n\n\n<p><strong>\u00ab&nbsp;Faire l\u2019histoire des clubs de tennis&nbsp;\u00bb<\/strong>, Dijon, 7 mars 2020, UFR STAPS, 2<sup>e<\/sup> Colloque international \u00ab&nbsp;Le Tennis dans la soci\u00e9t\u00e9 de demain&nbsp;\u00bb, conf\u00e9rencier invit\u00e9<\/p>\n\n\n\n<p><strong>\u00ab&nbsp;Quelles images de sport exposer&nbsp;? De la recherche en histoire au commissariat d\u2019exposition&nbsp;\u00bb<\/strong>, Lausanne, 9 octobre 2018, ISSUL, s\u00e9minaire de recherche de la Prof. Anne Marcellini, \u00ab&nbsp;\u00c9tudes visuelles du sport&nbsp;\u00bb<\/p>\n\n\n\n<p><strong>\u00ab&nbsp;Sport, ordre et contestation dans les ann\u00e9es 1960. Pour une histoire globale&nbsp;\u00bb<\/strong>, Toulouse, 30 mai 2018, Colloque international, \u00ab&nbsp;Le Mai 68 des sportifs et des \u00e9ducateurs physiques&nbsp;\u00bb, conf\u00e9rencier invit\u00e9,<\/p>\n\n\n\n<p><strong>\u00ab&nbsp;Sport, famille, patrie&nbsp;\u00bb<\/strong>, Lyon, 1<sup>er<\/sup> d\u00e9cembre 2016, Centre d\u2019histoire de la r\u00e9sistance et de la d\u00e9portation<\/p>\n\n\n\n<p><strong>\u00ab&nbsp;Le sport en France \u00e0 l\u2019\u00e9preuve du racisme&nbsp;\u00bb<\/strong>, Paris, 10 septembre 2016, F\u00eate de L\u2019Humanit\u00e9<\/p>\n\n\n\n<p><\/p>\n\n\n\n<p><\/p>\n\n\n\n<p><\/p>\n\n\n\n<p><\/p>\n\n\n\n<p><\/p>\n\n\n\n<p><\/p>\n","protected":false},"excerpt":{"rendered":"<p>\u00ab&nbsp;Le patrimoine architectural fran\u00e7ais&nbsp;des exercices et spectacles corporels&nbsp;\u00bb, Paris, 22 mars 2022, F\u00e9d\u00e9ration nationale des guides interpr\u00e8tes et conf\u00e9renciers, webinaire \u00ab&nbsp;O\u00f9 va l\u2019histoire du sport ?&nbsp;\u00bb, Paris, 10 mars 2022, &hellip; <\/p>\n","protected":false},"author":1001129,"featured_media":0,"parent":0,"menu_order":0,"comment_status":"closed","ping_status":"closed","template":"","meta":{"_seopress_robots_primary_cat":"","_seopress_titles_title":"","_seopress_titles_desc":"","_seopress_robots_index":"","footnotes":""},"class_list":["post-96","page","type-page","status-publish"],"_links":{"self":[{"href":"https:\/\/people.unil.ch\/patrickclastres\/wp-json\/wp\/v2\/pages\/96","targetHints":{"allow":["GET"]}}],"collection":[{"href":"https:\/\/people.unil.ch\/patrickclastres\/wp-json\/wp\/v2\/pages"}],"about":[{"href":"https:\/\/people.unil.ch\/patrickclastres\/wp-json\/wp\/v2\/types\/page"}],"author":[{"embeddable":true,"href":"https:\/\/people.unil.ch\/patrickclastres\/wp-json\/wp\/v2\/users\/1001129"}],"replies":[{"embeddable":true,"href":"https:\/\/people.unil.ch\/patrickclastres\/wp-json\/wp\/v2\/comments?post=96"}],"version-history":[{"count":0,"href":"https:\/\/people.unil.ch\/patrickclastres\/wp-json\/wp\/v2\/pages\/96\/revisions"}],"wp:attachment":[{"href":"https:\/\/people.unil.ch\/patrickclastres\/wp-json\/wp\/v2\/media?parent=96"}],"curies":[{"name":"wp","href":"https:\/\/api.w.org\/{rel}","templated":true}]}}