{"id":35,"date":"2015-01-24T17:10:18","date_gmt":"2015-01-24T16:10:18","guid":{"rendered":"http:\/\/people.unil.ch\/philippebacchetta\/?page_id=35"},"modified":"2025-09-01T18:56:32","modified_gmt":"2025-09-01T16:56:32","slug":"cv","status":"publish","type":"page","link":"https:\/\/people.unil.ch\/philippebacchetta\/cv\/","title":{"rendered":"CV"},"content":{"rendered":"\n<h3 class=\"wp-block-heading\"><a href=\"https:\/\/people.unil.ch\/philippebacchetta\/files\/2025\/09\/cvphb-sep25.pdf\">Full CV<\/a><\/h3>\n\n\n\n<h2 class=\"wp-block-heading\">Education<\/h2>\n\n\n\n<p><em>Harvard University<\/em><br>Ph.D. in Economics, 1988. Thesis: \u00ab\u00a0Restrictions on International Capital Flows\u00a0\u00bb<br>M.A. in Economics, 1986<br><em>Universit\u00e9 de Lausanne<\/em><br>M.S. in Economics, 1983<br>\u201cLicence en sciences \u00e9conomiques\u201d (B.A. in Economics), 1981<\/p>\n\n\n\n<hr class=\"wp-block-separator has-alpha-channel-opacity\" \/>\n\n\n\n<h2 class=\"wp-block-heading\">Present Positions<\/h2>\n\n\n\n<p>Honorary Professor of Economics, <em>Universit\u00e9 de Lausanne<\/em>, 2025 \u2013<\/p>\n\n\n\n<p>Swiss Finance Institute Faculty Member, 2006-<\/p>\n\n\n\n<p>Research Fellow, Center for European Policy Research, 1996-<\/p>\n\n\n\n<hr class=\"wp-block-separator has-alpha-channel-opacity\" \/>\n\n\n\n<h2 class=\"wp-block-heading\">Previous Positions<\/h2>\n\n\n\n<p>Professor of Economics, <em>Universit\u00e9 de Lausanne<\/em>, 2008 \u20132025<\/p>\n\n\n\n<p>Senior Chair, <em>Swiss Finance Institute<\/em>, 2013 \u201320256<\/p>\n\n\n\n<p>Director, <em>Study Center Gerzensee<\/em> (Foundation of Swiss National Bank), 1998 \u2013 2007<br>(Deputy Director, 1993-1997)<\/p>\n\n\n\n<p>Associate Professor, <em>Universit\u00e9 de Lausanne<\/em>, 1998 \u2013 2008<br>(Visiting Professor, 1990-1991, 1994-1998)<\/p>\n\n\n\n<p>Assistant Professor, <em>Instituto de An\u00e1lisis Econ\u00f3mico<\/em> (CSIC), Universitat Aut\u00f2noma de Barcelona, 1991-1993<\/p>\n\n\n\n<p>Assistant Professor, <em>ESADE<\/em>, Barcelona, 1989-1993<br><br>Assistant Professor, <em>Brandeis University<\/em>, USA, 1988-1989<\/p>\n\n\n\n<hr class=\"wp-block-separator has-alpha-channel-opacity\" \/>\n\n\n\n<h2 class=\"wp-block-heading\">Visiting Positions<\/h2>\n\n\n\n<p>Visiting Professor, <em>The Graduate Institute<\/em>, Geneva, 2014, 2021-2024, 2026; <em>Paris School of Economics<\/em>, 2011; <em>Universit\u00e4t Freiburg<\/em>, Germany, Winter 2006-07 and 2008-2009; <em>Universitat Pompeu Fabra<\/em>, Barcelona, Fall 2001; <em>Universit\u00e9 de Gen\u00e8ve<\/em>, Oct. 1999-March 2000; <em>Universitat Aut\u00f2noma de Barcelona<\/em>, 1989-90 and 1992-93; <em>CEMFI<\/em>, Madrid, 1990-1992<\/p>\n\n\n\n<p>Visiting Scholar, <em>Harvard University<\/em>, 2003-2004; <em>NBER<\/em>, USA, July-Dec. 1997, 2003-2004; <em>IMF<\/em>, weeks in 2001, 2002, 2004, 2006, 2008<\/p>\n\n\n\n<p>Duisenberg Research Fellow,<em> European Central Bank<\/em>, Jan-Feb. 2010<\/p>\n\n\n\n<hr class=\"wp-block-separator has-alpha-channel-opacity\" \/>\n\n\n\n<h2 class=\"wp-block-heading\">Previous Professional Activities<\/h2>\n\n\n\n<p>Program Director, <a href=\"https:\/\/cepr.org\" target=\"_blank\" rel=\"noopener noreferrer\">CEPR<\/a> International Macroeconomics and Finance Program, 2015 -2021<\/p>\n\n\n\n<p>Program Chair, EEA Congress 2016, Geneva<\/p>\n\n\n\n<p>President, <em>Swiss Society for Economics and Statistics<\/em>, 2011 \u2013 2014<\/p>\n\n\n\n<p>Member, <em>Swiss National Research Council<\/em>, 2013-2014<\/p>\n\n\n\n<p>Panel Member, Advanced ERC Grants, 2022-2025<\/p>\n\n\n\n<p>Academic consultant or lecturer, <em>Federal Reserve Bank of New York<\/em>, 1997, 2004; <em>Bank of Finland<\/em>, 2000; <em>Hong Kong Institute of Monetary Research<\/em>, 2008, 2012; <em>Central Bank of Peru<\/em>, 2011-2013, 2024; <em>MAS Singapore<\/em>, 2012; <em>Czech National Bank<\/em>, 2012; <em>Banque de France<\/em>, 2010-2012;<em> Swiss National Bank<\/em>, 2016, 2025-2026; <em>Sveriges<\/em>&nbsp;<em>Riksbank<\/em>, 2019-2020; <em>Central Bank of Mongolia<\/em>, 2022-2023; <em>Central Bank of Tunisia<\/em>, 2024.<\/p>\n\n\n\n<p>Chairman, <a href=\"https:\/\/www.unil.ch\/de\/home.html\" target=\"_blank\" rel=\"noopener noreferrer\">Economics Department<\/a>, 2014-2020<\/p>\n\n\n\n<p>Program Director, MScE, Universit\u00e9 de Lausanne, 2009 \u2013 2011<\/p>\n\n\n\n<p>Associate Editor, <em>Journal of the European Economic Association<\/em>, 2003 \u2013 2008; <em>Economie Internationale<\/em>, 2002 \u2013; <em>Macroeconomic Dynamics<\/em>, 2009 \u20132012<\/p>\n\n\n\n<p>Panel Member, <em>Economic Policy<\/em>, 2000-2001; Member, Editorial Board, <em>Spanish Economic Review<\/em>, 1997-2000; Member, Advisory Board, <em>Moneda y Credito<\/em>, 2000 \u2013 2005<\/p>\n\n\n\n<p>Research Affiliate, Instituto de An\u00e1lisis Econ\u00f3mico, Barcelona, 1994-1999; Associate, Center for International Affairs, Harvard University, 1987-1989<\/p>\n\n\n\n<p>Council Member, European Economic Association, 2000-2004. Chairman, Economic Theory working group, Swiss Society of Economics and Statistics, 1999 \u2013 2006, Team leader (CEPR), RTN \u2018The Analysis of International Capital Markets\u2019, 2000-2004.<\/p>\n\n\n\n<p>Direction of PhD theses (U. de Lausanne) and Master&rsquo;s theses (Brandeis U., ESADE, U. Aut\u00f2noma de Barcelona, and U. de Lausanne). Member of doctoral thesis committees or external evaluator (London School of Economics, Cambridge U., U. de la M\u00e9diterran\u00e9e, Aix-Marseilles II, U. Aut\u00f2noma de Barcelona, U. Complutense de Madrid, Helsinki University, U. Pompeu Fabra, U. of Konstanz, U. de Lausanne, U. of Bern, Stockholm School of Economics, EHESS Paris, HEID Geneva, Paris I)<\/p>\n\n\n\n<p><\/p>\n","protected":false},"excerpt":{"rendered":"<p>Curriculum vitae of Professor Philippe Bacchetta, HEC Lausanne, UNIL<\/p>\n","protected":false},"author":1001009,"featured_media":0,"parent":0,"menu_order":6,"comment_status":"closed","ping_status":"closed","template":"","meta":{"_seopress_robots_primary_cat":"","_seopress_titles_title":"","_seopress_titles_desc":"","_seopress_robots_index":"","footnotes":""},"class_list":["post-35","page","type-page","status-publish"],"_links":{"self":[{"href":"https:\/\/people.unil.ch\/philippebacchetta\/wp-json\/wp\/v2\/pages\/35","targetHints":{"allow":["GET"]}}],"collection":[{"href":"https:\/\/people.unil.ch\/philippebacchetta\/wp-json\/wp\/v2\/pages"}],"about":[{"href":"https:\/\/people.unil.ch\/philippebacchetta\/wp-json\/wp\/v2\/types\/page"}],"author":[{"embeddable":true,"href":"https:\/\/people.unil.ch\/philippebacchetta\/wp-json\/wp\/v2\/users\/1001009"}],"replies":[{"embeddable":true,"href":"https:\/\/people.unil.ch\/philippebacchetta\/wp-json\/wp\/v2\/comments?post=35"}],"version-history":[{"count":4,"href":"https:\/\/people.unil.ch\/philippebacchetta\/wp-json\/wp\/v2\/pages\/35\/revisions"}],"predecessor-version":[{"id":813,"href":"https:\/\/people.unil.ch\/philippebacchetta\/wp-json\/wp\/v2\/pages\/35\/revisions\/813"}],"wp:attachment":[{"href":"https:\/\/people.unil.ch\/philippebacchetta\/wp-json\/wp\/v2\/media?parent=35"}],"curies":[{"name":"wp","href":"https:\/\/api.w.org\/{rel}","templated":true}]}}