{"id":37,"date":"2015-01-24T17:12:03","date_gmt":"2015-01-24T16:12:03","guid":{"rendered":"http:\/\/people.unil.ch\/philippebacchetta\/?page_id=37"},"modified":"2025-12-22T16:01:03","modified_gmt":"2025-12-22T15:01:03","slug":"media","status":"publish","type":"page","link":"https:\/\/people.unil.ch\/philippebacchetta\/media\/","title":{"rendered":"Media"},"content":{"rendered":"<p><a href=\"https:\/\/wp.unil.ch\/hecimpact\/the-economic-cycle-of-fear-how-panic-fuelled-a-global-recession\/\"> HEC Impact: The economic cycle of fear<\/a><\/p>\n<h2>Vox articles<\/h2>\n<p><span style=\"color: #000000\"><a style=\"color: #000000\" href=\"https:\/\/voxeu.org\/users\/phbacche\" target=\"_blank\" rel=\"noopener noreferrer\">All Vox articles<\/a><\/span><\/p>\n<div><a href=\"https:\/\/voxeu.org\/article\/puzzling-exchange-rate-dynamics-and-delayed-portfolio-adjustment\">Puzzling exchange rate dynamics and delayed portfolio adjustment<\/a><\/div>\n<div><\/div>\n<div class=\"views-row views-row-1 views-row-bottom-margin\">\n<div><a href=\"https:\/\/voxeu.org\/article\/monetary-reform-vollgeld-initiative-switzerland\">The Swiss Vollgeld initiative<\/a><\/div>\n<div><\/div>\n<div class=\"views-field views-field-title\"><span class=\"field-content text-medium\"><a href=\"https:\/\/www.voxeu.org\/article\/stabilising-role-dollar-borrowing\">The stabilizing role of dollar borrowing<\/a><\/span><\/div>\n<\/div>\n<div><\/div>\n<div class=\"views-row views-row-2 views-row-bottom-margin\">\n<div class=\"views-field views-field-title\"><span class=\"field-content text-medium\"><a href=\"https:\/\/www.voxeu.org\/article\/central-banks-and-sovereign-debt-crises-new-evidence\">Central banks and sovereign debt crises: New evidence<\/a><\/span><\/div>\n<div><\/div>\n<div class=\"views-field views-field-title\"><span class=\"field-content text-medium\"><a href=\"https:\/\/www.voxeu.org\/article\/corporate-cash-piles-and-financial-shocks\">Corporate cash piles and financial shocks<\/a><\/span><\/div>\n<\/div>\n<div class=\"views-row views-row-3 views-row-bottom-margin\">\n<div><\/div>\n<div class=\"views-field views-field-title\"><span class=\"field-content text-medium\"><a href=\"https:\/\/www.voxeu.org\/article\/role-corporate-saving-global-rebalancing\">The role of corporate saving in global rebalancing<\/a><\/span><\/div>\n<\/div>\n<div class=\"views-row views-row-4 views-row-bottom-margin\">\n<div><\/div>\n<div class=\"views-field views-field-title\"><span class=\"field-content text-medium\"><a href=\"https:\/\/www.voxeu.org\/article\/explaining-global-great-recession\">Explaining the global Great Recession<\/a><\/span><\/div>\n<\/div>\n<div class=\"views-row views-row-5 views-row-bottom-margin\">\n<div><\/div>\n<div class=\"views-field views-field-title\"><span class=\"field-content text-medium\"><a href=\"https:\/\/www.voxeu.org\/article\/appreciating-renminbi\">The appreciating renminbi<\/a><\/span><\/div>\n<\/div>\n<div class=\"views-row views-row-6 views-row-bottom-margin\">\n<div><\/div>\n<div class=\"views-field views-field-title\"><span class=\"field-content text-medium\"><a href=\"https:\/\/www.voxeu.org\/article\/risk-panics-when-markets-crash-no-apparent-reason\">Risk panics: When markets crash for no apparent reason <\/a><\/span><\/div>\n<\/div>\n<div class=\"views-row views-row-7 views-row-bottom-margin\">\n<div class=\"views-field views-field-title\"><\/div>\n<\/div>\n<h2>Selected Newspaper articles and interviews<strong><br \/>\n<\/strong><\/h2>\n<p><a href=\"https:\/\/people.unil.ch\/philippebacchetta\/files\/2020\/03\/NZZ2020.pdf\">Die Schweiz m\u00fcsste weniger tugendhaft sein<\/a>, NZZ, 12.3.2020<\/p>\n<p>Interview on the Vollgeld initiative, Swissinfo, 24.4.2018, <a href=\"https:\/\/www.swissinfo.ch\/fre\/votation-du-10-juin-2018_-le-syst%C3%A8me--monnaie-pleine--affaiblirait-la-place-financi%C3%A8re-suisse-\/44059044\">fran\u00e7ais<\/a>, <a href=\"https:\/\/www.swissinfo.ch\/ger\/abstimmung-vom-10--juni-2018_-vollgeld-system-wuerde-finanzplatz-schweiz-schwaechen-\/44062224\">deutsch<\/a>, <a href=\"https:\/\/www.swissinfo.ch\/ita\/votazione-del-10-giugno-2018_-il-sistema--moneta-intera--indebolirebbe-la-piazza-finanziaria-svizzera-\/44067888\">italiano<\/a><\/p>\n<p><a href=\"https:\/\/www.agefi.com\/ageficom\/news\/detail-ageficom\/edition\/online\/article\/le-point-de-vue-academique-sur-linitiative-populaire-%3C%3Cpour-une-monnaie-a-labri-des-crises-emission-monetaire-uniquement-par-la-banque-nationale%3E%3E-les-epargnants-seront-les-premiers-456587.html\">Interview on Monnaie Pleine<\/a>, Ag\u00e9fi, 28.6.2017<\/p>\n<p><a href=\"https:\/\/www.tyden.cz\/rubriky\/byznys\/cesko\/s-prijetim-eura-nespechejte-radi-profesor-lausannske-univerzity_435330.html\">Interview on the Czech Republic and the euro<\/a>, Tyden 27.6.2017 (in Czech)<\/p>\n<p><a href=\"https:\/\/people.unil.ch\/philippebacchetta\/files\/2016\/11\/Pages-de-LeTemps-20161025-2.pdf\">Monnaie pleine: une initiative trop complexe et pas m\u00fbre<\/a>, Le Temps 25.10.2016<\/p>\n<p><a href=\"https:\/\/www.revue.ch\/fr\/editions\/2016\/02\/detail\/news\/detail\/News\/la-banque-nationale-subit-une-double-contrainte\/\">\u201cThe National Bank faced with twin pressures\u201d in the Swiss Review, 17.2016<\/a> (in 5 languages)<\/p>\n<p><a href=\"https:\/\/people.unil.ch\/philippebacchetta\/files\/2015\/01\/\u00abLa-Suisse-doit-choisir-entre-l\u2019ind\u00e9pendance-totale-et-l\u2019euro\u00bb-_-LHebdo.pdf\">\u00abLa Suisse doit choisir entre l\u2019ind\u00e9pendance totale et l\u2019euro\u00bb _ L&rsquo;Hebdo, 22.01.2015<\/a><\/p>\n<p><a href=\"https:\/\/people.unil.ch\/philippebacchetta\/files\/2015\/01\/BNS_-la-grande-d\u00e9sillusion-LeTemps-1.pdf\">BNS: la grande d\u00e9sillusion &#8211; Le Temps 20.1.2015<\/a><\/p>\n<p><a href=\"https:\/\/people.unil.ch\/philippebacchetta\/files\/2015\/01\/agefi_2015-01-08_jeu_01.pdf\">Le taux plancher r\u00e9\u00e9llement menac\u00e9, Ag\u00e9fi, 8.1.2015<\/a><\/p>\n<p><a href=\"https:\/\/people.unil.ch\/philippebacchetta\/files\/2015\/01\/24heures-juin10.pdf\">Le franc suisse et la trinit\u00e9 d\u00e9moniaque 24 heures-juin 2010<\/a><\/p>\n<h2>Radio and TV Interviews<\/h2>\n<p><a href=\"https:\/\/avisdexperts.ch\/fr\/user\/15341\">Swiss TV and radio (Radio T\u00e9l\u00e9vion Suisse)<\/a><\/p>\n<h2>Videos<\/h2>\n<div id=\"title\" class=\"style-scope ytd-watch-metadata\">\n<p class=\"style-scope ytd-watch-metadata\">Interview on Exchange Rates, Self-fulfilling Crises, and De-dollarisation: (Arth Niti, Indian School of Business, 2023<\/p>\n<\/div>\n<p>Panel on <a href=\"https:\/\/www.youtube.com\/watch?v=RlGAp3LTSg0&amp;feature=youtu.be\" target=\"_blank\" rel=\"noopener noreferrer\">International Perspectives on Macroprudential Policy\u201d<\/a> at the <a href=\"https:\/\/www.esrb.europa.eu\/news\/schedule\/2018\/html\/20180927_3rd_annual_conference.en.html\" target=\"_blank\" rel=\"noopener noreferrer\">Third ESRB annual conference<\/a>, 28.9.2018<\/p>\n<p class=\"watch-title-container\"><span id=\"eow-title\" class=\"watch-title\" dir=\"ltr\" title=\"The Exchange Rate as a Monetary Policy Instrument, 31.5.2017, IDEA\"><a href=\"https:\/\/www.youtube.com\/watch?v=nePId-dxJDU\">The Exchange Rate as a Monetary Policy Instrument<\/a>, 31.5.2017 (keynote lecture at CERGE and sponsored by the Swiss Embassy)<br \/>\n<\/span><\/p>\n<p><a href=\"https:\/\/www.youtube.com\/watch?v=dweTPcA1cRk\">Swiss Finance Institute Interview: <span id=\"eow-title\" class=\"watch-title\" dir=\"ltr\" title=\"Prof. Bacchetta on Swiss monetary policy and the Zero Lower Bound\">Swiss monetary policy and the Zero Lower Bound <\/span><\/a><\/p>\n<p><a href=\"https:\/\/www.youtube.com\/watch?v=xaORM17MDoY\">European Research Council project: Liquidity and Risk in Macroeconomic Models<\/a> (<a href=\"https:\/\/www.youtube.com\/watch?v=brLLfBp5_ko\">en fran\u00e7ais<\/a>)<\/p>\n<p><a href=\"https:\/\/www.avisdexperts.ch\/Videos\/search?recherche=bacchetta&amp;institution_id=&amp;faculty_id=&amp;radio_id=&amp;emission_id=&amp;date_in=&amp;date_out=&amp;Tag=\">Monetary Policy and Currency Markets in a Volatile World<\/a><\/p>\n","protected":false},"excerpt":{"rendered":"<p>Contributions in the media by Professor Philippe Bacchetta<\/p>\n","protected":false},"author":1001009,"featured_media":0,"parent":0,"menu_order":6,"comment_status":"closed","ping_status":"closed","template":"","meta":{"_seopress_robots_primary_cat":"","_seopress_titles_title":"","_seopress_titles_desc":"","_seopress_robots_index":"","footnotes":""},"class_list":["post-37","page","type-page","status-publish"],"_links":{"self":[{"href":"https:\/\/people.unil.ch\/philippebacchetta\/wp-json\/wp\/v2\/pages\/37","targetHints":{"allow":["GET"]}}],"collection":[{"href":"https:\/\/people.unil.ch\/philippebacchetta\/wp-json\/wp\/v2\/pages"}],"about":[{"href":"https:\/\/people.unil.ch\/philippebacchetta\/wp-json\/wp\/v2\/types\/page"}],"author":[{"embeddable":true,"href":"https:\/\/people.unil.ch\/philippebacchetta\/wp-json\/wp\/v2\/users\/1001009"}],"replies":[{"embeddable":true,"href":"https:\/\/people.unil.ch\/philippebacchetta\/wp-json\/wp\/v2\/comments?post=37"}],"version-history":[{"count":1,"href":"https:\/\/people.unil.ch\/philippebacchetta\/wp-json\/wp\/v2\/pages\/37\/revisions"}],"predecessor-version":[{"id":823,"href":"https:\/\/people.unil.ch\/philippebacchetta\/wp-json\/wp\/v2\/pages\/37\/revisions\/823"}],"wp:attachment":[{"href":"https:\/\/people.unil.ch\/philippebacchetta\/wp-json\/wp\/v2\/media?parent=37"}],"curies":[{"name":"wp","href":"https:\/\/api.w.org\/{rel}","templated":true}]}}