{"id":9,"date":"2015-01-16T15:28:57","date_gmt":"2015-01-16T14:28:57","guid":{"rendered":"http:\/\/people.unil.ch\/philippebacchetta\/?page_id=9"},"modified":"2025-12-29T10:19:01","modified_gmt":"2025-12-29T09:19:01","slug":"publications","status":"publish","type":"page","link":"https:\/\/people.unil.ch\/philippebacchetta\/publications\/","title":{"rendered":"Publications"},"content":{"rendered":"<h2>Publications in Refereed Journals<\/h2>\n<p><a href=\"https:\/\/people.unil.ch\/philippebacchetta\/files\/2025\/07\/globalzlb-v19.pdf\">The International Transmission of Asset Market Shocks in Liquidity Traps<\/a>, <em>Journal of International Economics<\/em> forthcoming (with K. Benhima, Y. Kalantzis, and M. Phillot)<\/p>\n<p><a href=\"https:\/\/people.unil.ch\/philippebacchetta\/files\/2024\/05\/CBDC_RR2.pdf\">CBDC as Imperfect Substitute to Bank Deposits: A Macroeconomic Perspective<\/a>, <em>Journal of Money, Credit, and Banking <\/em>forthcoming (with Elena Perazzi)<b> <\/b><\/p>\n<p><a href=\"https:\/\/people.unil.ch\/philippebacchetta\/files\/2023\/02\/Portfolio-Paper-January-2023.pdf\">International Portfolio Choice with Frictions: Evidence from Mutual Funds<\/a>, <em>Review of Financial Studies <\/em>36, 4233-4270, 2023 (with S. Ti\u00e8che and E. van Wincoop)\u00a0 \u2013 <a href=\"https:\/\/people.unil.ch\/philippebacchetta\/files\/2022\/09\/Online-Appendix-Portfolio-Paper-September-2022.pdf\">Online Appendix<\/a>, https:\/\/doi.org\/10.1093\/rfs\/hhad027<\/p>\n<p><a href=\"https:\/\/people.unil.ch\/philippebacchetta\/files\/2022\/03\/MS28953manuscript.pdf\">Infrequent Random Portfolio Decisions in an Open Economy Model<\/a>, <em>Review of Economic Studies<\/em> 90, 1125\u20131154, 2023 (with E. van Wincoop and E. Young), https:\/\/doi.org\/10.1093\/restud\/rdac054<\/p>\n<p><a href=\"https:\/\/people.unil.ch\/philippebacchetta\/files\/2022\/09\/BCM_September_2022.pdf\">The Rise in Foreign Currency Bonds: The Role of US Monetary Policy and Capital Controls<\/a>, <em>Journal of International Economics<\/em> 140, 103709, 2023 (with R. Cordonier and O. Merrouche), https:\/\/doi.org\/10.1016\/j.jinteco.2022.103709<\/p>\n<p><span dir=\"ltr\"><a href=\"https:\/\/link.springer.com\/article\/10.1186\/s41937-022-00095-3\" target=\"_blank\" rel=\"noopener\">Understanding Swiss Real Interest Rates in a Financially Globalized World<\/a>, <em>Swiss Journal of Economics and Statistics <\/em>158, 2022 (<\/span><span dir=\"ltr\">with K. Benhima and <\/span><span dir=\"ltr\">J.-P. Renne), https:\/\/doi.org\/10.1186\/s41937-022-00095-3<\/span><span dir=\"ltr\"><br \/>\n<\/span><\/p>\n<p><a href=\"https:\/\/www.sciencedirect.com\/science\/article\/pii\/S0022199622000150?via%3Dihub\" target=\"_blank\" rel=\"noopener\">\u00a0Can Sticky Portfolios Explain International Capital Flows and Asset Prices?<\/a> <em>Journal of International Economics<\/em> 136, 103583, 2022 (with M. Davenport and E. van Wincoop), https:\/\/doi.org\/10.1016\/j.jinteco.2022.103583<\/p>\n<p><a href=\"https:\/\/people.unil.ch\/philippebacchetta\/files\/2023\/07\/Bacchetta_Merrouche_2nd_revision.pdf\">Countercyclical Foreign Currency Borrowing: Eurozone Firms in 2007\u201309<\/a>, <em>Journal of Money, Credit, and Banking <\/em>54, 203-245, 2022 (with Ouarda Merrouche)<b> <\/b><em><a href=\"https:\/\/people.unil.ch\/philippebacchetta\/files\/2019\/11\/Online-Appendix_Ouarda-Merrouche-18-264.pdf\">Onlin<\/a><a href=\"https:\/\/people.unil.ch\/philippebacchetta\/files\/2019\/11\/Online-Appendix_Ouarda-Merrouche-18-264.pdf\">e<\/a><a href=\"https:\/\/people.unil.ch\/philippebacchetta\/files\/2019\/11\/Online-Appendix_Ouarda-Merrouche-18-264.pdf\"> Appendix<\/a><\/em> &#8211;\u00a0<a href=\"https:\/\/www.voxeu.org\/article\/stabilising-role-dollar-borrowing\"><em>Related<\/em><\/a><em><a href=\"https:\/\/www.voxeu.org\/article\/stabilising-role-dollar-borrowing\"> Vox column<\/a><\/em>, https:\/\/doi.org\/10.1111\/jmcb.12818<\/p>\n<p><a href=\"https:\/\/people.unil.ch\/philippebacchetta\/files\/2021\/01\/erate_puzzles_January_4_2021-1.pdf\">Puzzling Exchange Rate Dynamics and Delayed Portfolio Adjustment<\/a>, <em>Journal of International Economics <\/em>131, 103460, 2021 (with Eric van Wincoop) &#8211; <a href=\"https:\/\/people.unil.ch\/philippebacchetta\/files\/2021\/01\/Online-Appendix-Exchange-Rate-Paper-December-31-2020.pdf\"><em>Online Appendix<\/em><\/a><em>, <a href=\"https:\/\/www.youtube.com\/watch?v=SNwlc5dGIK8&amp;t=1962s\">Video<\/a> IMFC5 conference presentation, <a href=\"https:\/\/doi.org\/10.1016\/j.jinteco.2021.103460\">https:\/\/doi.org\/10.1016\/j.jinteco.2021.103460<\/a><\/em><\/p>\n<p><a href=\"https:\/\/people.unil.ch\/philippebacchetta\/files\/2019\/07\/liquidity_trap_current_WP.pdf\">Money and Capital in a Persistent Liquidity Trap<\/a>, <em>Journal of Monetary Economics <\/em>116, 70-87, 2020 (with Kenza Benhima, and Yannick Kalantzis) <em><a href=\"https:\/\/people.unil.ch\/philippebacchetta\/files\/2019\/07\/liquidity_trap_appendix_JME4.pdf\">Online Appendix<\/a>, <a href=\"https:\/\/doi.org\/10.1016\/j.jmoneco.2019.09.005\">https:\/\/doi.org\/10.1016\/j.jmoneco.2019.09.005<\/a><\/em><\/p>\n<p><a href=\"https:\/\/people.unil.ch\/philippebacchetta\/files\/2019\/07\/AEJMacro19.pdf\">Corporate Cash and Employment<\/a>, <em>American Economic Journal:<\/em> <em>Macroeconomics<\/em> 11, 30-66, 2019 (with Kenza Benhima and C\u00e9line Poilly) <em><a href=\"https:\/\/people.unil.ch\/philippebacchetta\/files\/2018\/06\/BBP_appendix_final.pdf\">Online Appendix<\/a>, <a href=\"https:\/\/www.voxeu.org\/article\/corporate-cash-piles-and-financial-shocks\">Related Vox column<\/a><\/em><\/p>\n<p><a href=\"https:\/\/people.unil.ch\/philippebacchetta\/files\/2017\/11\/debt_November_6_2017.pdf\">Self-Fulfilling Debt Crises: What Can Monetary Policy Do?<\/a> <em>Journal of International Economics<\/em> 110, 119-134, 2018 (with Elena Perazzi and Eric van Wincoop),\u00a0<a href=\"https:\/\/people.unil.ch\/philippebacchetta\/files\/2017\/11\/Online_Appendix_debt_May_17_2017.pdf\"><em>Online Appendix<\/em><\/a><strong> \u2014 <\/strong><em><a href=\"https:\/\/www.voxeu.org\/article\/central-banks-and-sovereign-debt-crises-new-evidence\">Related Vox column<\/a><\/em><strong><br \/>\n<\/strong><\/p>\n<p><a href=\"https:\/\/people.unil.ch\/philippebacchetta\/files\/2018\/02\/SJES18.pdf\">The Sovereign Money Initiative in Switzerland: An Economic Assessment<\/a>\u00a0 <em>Swiss Journal of Economics and Statistics, <\/em>154:3, 1-16, 2018<\/p>\n<p><a href=\"https:\/\/people.unil.ch\/philippebacchetta\/files\/2016\/10\/AEJMacro16.pdf\">The Great Recession: A Self-Fulfilling Global Panic<\/a>, <em>American Economic Journal: Macroeconomics<\/em>, 8(4), 177\u2013198, 2016 (with E. van Wincoop)\u00a0 <em><a href=\"https:\/\/people.unil.ch\/philippebacchetta\/files\/2015\/01\/panic_Dec_3_2014.pdf\">More complete working paper version<\/a><\/em><strong>\u00a0 <\/strong><em><a href=\"https:\/\/www.voxeu.org\/article\/explaining-global-great-recession\">Related Vox column <\/a><\/em><\/p>\n<p><a href=\"https:\/\/people.unil.ch\/philippebacchetta\/files\/2015\/01\/LiquidityandCapitalFlows_2014_1011.pdf\" rel=\"\">The Demand for Liquid Assets, Corporate Saving, and International Capital Flows,<\/a> <em>Journal of the European Economic Association, <\/em>13, 1101-1135, 2015 (with K. Benhima), <a href=\"https:\/\/people.unil.ch\/philippebacchetta\/technical_appendix\/\" rel=\"\">Technical Appendix<\/a><\/p>\n<p><a href=\"https:\/\/people.unil.ch\/philippebacchetta\/files\/2015\/07\/imfer20146a.pdf\">Optimal Exchange Rate Policy in a Growing Semi-Open Economy,<\/a>\u00a0<em>IMF Economic Review<\/em> 62, 48-76,\u00a02014 (with K. Benhima and Y. Kalantzis), <i><a href=\"https:\/\/www.voxeu.org\/article\/appreciating-renminbi\">Related Vox column<\/a><\/i><\/p>\n<p><a href=\"https:\/\/people.unil.ch\/philippebacchetta\/files\/2015\/07\/JIE13-2.pdf\">On the Unstable Relationship between Exchange Rates and Macroeconomic Fundamentals <\/a><em>Journal of International Economics <\/em>91, 18-26, 2013 (with E. van Wincoop), https:\/\/doi.org\/10.1016\/j.jinteco.2013.06.001<\/p>\n<p><a href=\"https:\/\/people.unil.ch\/philippebacchetta\/files\/2015\/07\/AEJMacro13.pdf\">Capital Controls with International Reserve Accumulation: Can this Be Optimal?<\/a> <em>American Economic Journal: Macroeconomics, <\/em>5, 229\u2013262, 2013<em>\u00a0<\/em> (with K. Benhima and Y. Kalantzis)<\/p>\n<p><a href=\"https:\/\/people.unil.ch\/philippebacchetta\/files\/2015\/07\/JIE13.pdf\">Sudden Spikes in Global Risk,<\/a> <em>Journal of International Economics<\/em> 89, 511-521, 2013 (with E. van Wincoop), https:\/\/doi.org\/10.1016\/j.jinteco.2012.07.006<\/p>\n<p><a href=\"https:\/\/people.unil.ch\/philippebacchetta\/files\/2015\/07\/aer12.pdf\">Self-Fulfilling Risk Panics,<\/a> <em>American Economic Review, 102, 3674\u20133700, December 2012\u00a0 (<\/em>with C. Tille and E. van Wincoop), \u00a0<em><a href=\"https:\/\/www.voxeu.org\/index.php?q=node\/5306\">Related Vox column<\/a><\/em><\/p>\n<p><a href=\"https:\/\/people.unil.ch\/philippebacchetta\/files\/2015\/07\/aer11.pdf\">Regulating Asset Price Risk,<\/a> <em>American Economic Review, Papers and Proceedings<\/em> 101, 410-412, May 2011 (with C. Tille and E. van Wincoop)<\/p>\n<p><a href=\"https:\/\/people.unil.ch\/philippebacchetta\/files\/2015\/07\/aer10.pdf\">Infrequent Portfolio Decisions: A Solution to the Forward Discount Puzzle,<\/a> <em>American Economic Review<\/em> 100, 837-869, 2010 (with E. van Wincoop) Technical Appendix<\/p>\n<p><a href=\"https:\/\/people.unil.ch\/philippebacchetta\/files\/2015\/07\/JME09.pdf\">Exchange Rate Volatility and Productivity Growth: The Role of Financial Development,<\/a> <em>Journal of Monetary Economics<\/em> 56, 494-513, 2009 (with Ph. Aghion, R. Ranci\u00e8re, and K. Rogoff)<\/p>\n<p><a href=\"https:\/\/people.unil.ch\/philippebacchetta\/files\/2015\/07\/JIMF09.pdf\">Predictability in Financial Markets: What Do Survey Expectations Tell Us?<\/a>, <em>Journal of International Money and Finance<\/em> 28, 406-426, 2009\u00a0(with E. Mertens and E. van Wincoop)<\/p>\n<p><a href=\"https:\/\/people.unil.ch\/philippebacchetta\/files\/2015\/07\/JMCB08.pdf\">Higher Order Expectations in Asset Pricing<\/a>, <em>Journal of Money, Credit, and Banking<\/em> 40, 837-866, 2008 (with E. van Wincoop)<\/p>\n<p><a href=\"https:\/\/people.unil.ch\/philippebacchetta\/files\/2015\/07\/aer07.pdf\">Random Walk Expectations and the Forward Discount Puzzle<\/a>, <em>American Economic Review, Papers and Proceedings<\/em>, 97, 346-350, May 2007 (with E. van Wincoop)\u00a0Version with Technical Appendix<\/p>\n<p><a href=\"https:\/\/people.unil.ch\/philippebacchetta\/files\/2015\/07\/aer06.pdf\">Can Information Heterogeneity Explain the Exchange Rate Determination Puzzle?<\/a> <em>American Economic Review <\/em>96, 552-576, 2006 (with E. van Wincoop)<\/p>\n<p><a href=\"https:\/\/people.unil.ch\/philippebacchetta\/files\/2015\/07\/jie05.pdf\">A Theory of the Currency Denomination of International Trade<\/a>, <em>Journal of International Economics<\/em> 67, 295-319, 2005 (with E. van Wincoop), https:\/\/doi.org\/10.1016\/j.jinteco.2004.01.006<\/p>\n<p><a href=\"https:\/\/people.unil.ch\/philippebacchetta\/files\/2015\/07\/JET04.pdf\">A Corporate Balance-Sheet Approach to Currency Crises,<\/a> <em>Journal of Economic Theory<\/em> 119, 6-30, 2004 (with Ph. Aghion and A. Banerjee)<\/p>\n<p><a href=\"https:\/\/people.unil.ch\/philippebacchetta\/files\/2015\/07\/aer04.pdf\">A Scapegoat Model of Exchange Rate Fluctuations,<\/a> <em>American Economic Review, Papers and Proceedings<\/em>, 94, 114-118, May 2004 (with E. van Wincoop) Version with Technical Appendix.<\/p>\n<p><a href=\"https:\/\/people.unil.ch\/philippebacchetta\/files\/2015\/07\/JME04.pdf\">Financial Development and the Instability of Open Economies,<\/a> <em>Journal of Monetary Economics<\/em> 51, 1077-1106, 2004 (with Ph. Aghion and A. Banerjee)<\/p>\n<p><a href=\"https:\/\/people.unil.ch\/philippebacchetta\/files\/2015\/07\/jeea03.pdf\">Why Do Consumer Prices React less than Import Prices to Exchange Rates?<\/a>, <em>Journal of the European Economic Association<\/em>, <em>Papers and Proceedings<\/em>, 1, 662-670, 2003 (with E. van Wincoop). Version with Technical Appendix.<\/p>\n<p><a href=\"https:\/\/people.unil.ch\/philippebacchetta\/files\/2015\/07\/eer01.pdf\">Currency Crises and Monetary Policy in a Credit-Constrained Economy,<\/a> <em>European Economic Review<\/em> 45, 1121-1150, 2001 (with Ph. Aghion and A. Banerjee)<\/p>\n<p><a href=\"https:\/\/people.unil.ch\/philippebacchetta\/files\/2015\/07\/aer00.pdf\">Does Exchange Rate Stability Increase Trade and Welfare?,<\/a> <em>American Economic Review<\/em>\u00a0 90, 1093-1109, 2000 (with E. van Wincoop)<\/p>\n<p><a href=\"https:\/\/people.unil.ch\/philippebacchetta\/files\/2015\/07\/eer00BC.pdf\">Do Capital Market Imperfections Exacerbate Output Fluctuations?,<\/a> <em>European Economic Review<\/em> 44, 449-468, 2000 (with R. Caminal)<\/p>\n<p><a href=\"https:\/\/people.unil.ch\/philippebacchetta\/files\/2015\/07\/ITAX00.pdf\">Exchange-of-Information Clauses in International Tax Treaties,<\/a> <em>International Tax and Public Finance<\/em>, Vol. 7, No. 3, 275-294, May 2000 (with M.P. Espinosa)<\/p>\n<p><a href=\"https:\/\/people.unil.ch\/philippebacchetta\/files\/2015\/07\/jimf00.pdf\">Trade in Nominal Assets and Net International Capital Flows,<\/a> <em>Journal of International Money and Finance,<\/em> vol. 19, No. 1, 55-72, February 2000 \u00a0(with E. van Wincoop)<\/p>\n<p><a href=\"https:\/\/people.unil.ch\/philippebacchetta\/files\/2015\/07\/eer-00.pdf\">Do Capital Market ImperfectionsA Simple Model of Monetary Policy and Currency Crises,<\/a> <em>European Economic Review, Papers and Proceedings<\/em>, 44, 728-738, 2000 (with Ph. Aghion and A. Banerjee)<\/p>\n<p><a href=\"https:\/\/people.unil.ch\/philippebacchetta\/files\/2015\/07\/AFE00.pdf\">The Impact of Monetary Policy and Bank Lending: Some International Evidence,<\/a> <em>Applied Financial Economics<\/em> 10<em>,<\/em> 15-26, 2000. (with F. Ballabriga)<\/p>\n<p><a href=\"https:\/\/people.unil.ch\/philippebacchetta\/files\/2015\/07\/jme97.pdf\">Consumption and Credit Constraints: International Evidence,<\/a>\u201d <em>Journal of Monetary Economics <\/em>40, 207-238, 1997 (with S. Gerlach)<\/p>\n<p>\u201c<a href=\"https:\/\/people.unil.ch\/philippebacchetta\/files\/2015\/07\/oep97.pdf\">Firm Restructuring and the Optimal Speed of Trade Reform,<\/a> <em>Oxford<\/em> <em>Economic Papers<\/em> 49, 291-306, 1997 (with H. Dellas)<\/p>\n<p>\u201c<a href=\"https:\/\/people.unil.ch\/philippebacchetta\/files\/2015\/07\/WE97.pdf\">Exchange Rate Policy and Disinflation: The Spanish Experience in the ERM,<\/a>\u201d <em>The World Economy<\/em>, vol. 20 No. 2, 221-238, March 1997<\/p>\n<p>Capital Controls and the Political Discount: The Spanish Experience in the Late 1980s, <em>Open Economies Review <\/em>7, 349-369, 1996<\/p>\n<p><a href=\"https:\/\/people.unil.ch\/philippebacchetta\/files\/2015\/07\/jie95.pdf\">Information Sharing and Tax Competition among Governments,<\/a> <em>Journal of International Economics <\/em>39, 103-121, 1995\u00a0 (with M.P. Espinosa), https:\/\/doi.org\/10.1016\/0022-1996(94)01356-W<\/p>\n<p><a href=\"https:\/\/people.unil.ch\/philippebacchetta\/files\/2015\/07\/Econletter94.pdf\">Sticky Import Prices and J-curves,<\/a> <em>Economics Letters<\/em> 44, 281-285, 1994 (with S. Gerlach)<\/p>\n<p><a href=\"https:\/\/people.unil.ch\/philippebacchetta\/files\/2015\/07\/IREF94.pdf\">A Note on Reserve Requirements and Public Finance,<\/a> <em>International Review of Economics and Finance<\/em>, vol. 3, N\u00b0 1, 107-118, 1994 (with R. Caminal)<\/p>\n<p><a href=\"https:\/\/people.unil.ch\/philippebacchetta\/files\/2015\/07\/JIMF92.pdf\">Optimal Seigniorage and Financial Liberalization,<\/a> <em>Journal of International Money and Finance<\/em>, Vol.11, N\u00b0 6, 518-38, 1992 (with R. Caminal).<\/p>\n<p><a href=\"https:\/\/people.unil.ch\/philippebacchetta\/files\/2015\/07\/economica92.pdf\">Liberalization of Capital Movements and of the Domestic Financial Sector,<\/a>\u00a0 <em>Economica<\/em>, 59, 465-74, 1992<\/p>\n<p><a href=\"https:\/\/people.unil.ch\/philippebacchetta\/files\/2024\/05\/REE92.pdf\">Fiscal Deficits, Capital Controls, and the Dual Exchange Rate<\/a>, <em>Revista Espa\u00f1ola de Econom\u00eda<\/em>, Vol.9, No. 1, 31-51, 1992<\/p>\n<p><a href=\"https:\/\/people.unil.ch\/philippebacchetta\/files\/2015\/07\/JIMF90.pdf\">Temporary Capital Controls in a Balance-of Payments Crisis,<\/a> <em>Journal of International Money and Finance<\/em>, Vol. 9, No. 3, 246-257, 1990<\/p>\n<h2>Other Publications in English<\/h2>\n<p>\u201c<a href=\"https:\/\/www.riksbank.se\/globalassets\/media\/rapporter\/pov\/artiklar\/engelska\/2021\/210319\/2021_1-on-the-weakness-of-the-swedish-krona_er.pdf\">On the Weakness of the Swedish Krona<\/a>,\u201d <em>Sveriges Riksbank Economic Review<\/em>, \u00a02021:1, 6-26 (with P. Chikhani)<\/p>\n<p>\u201c<a href=\"https:\/\/people.unil.ch\/philippebacchetta\/files\/2016\/10\/Public-Debt.pdf\">Is Swiss Public Debt too Small?<\/a>\u201d in <em>Monetary Economics Issues Today \u2013 Festschrift in honour of Ernst Baltensperger<\/em>, Orell F\u00fcssli, 2017, 193-202.<\/p>\n<p><a href=\"https:\/\/papers.ssrn.com\/sol3\/papers.cfm?abstract_id=2440618\" target=\"_blank\" rel=\"noopener noreferrer\">Corporate Saving in Global Rebalancing<\/a>, in Raddatz, C., D. Saravia and J. Ventura (eds), <em>Global Liquidity, Spillovers to Emerging Markets and Policy Responses<\/em>. Santiago, Chile: Central Bank of Chile, 79-103, 2015 (with K. Benhima) <em><a href=\"https:\/\/www.voxeu.org\/article\/role-corporate-saving-global-rebalancing\">Related Vox column<\/a><\/em><\/p>\n<p><a href=\"https:\/\/people.unil.ch\/philippebacchetta\/files\/2015\/07\/ER-chapter13.pdf\">Modeling Exchange Rates with Incomplete Information,<\/a> in James, J., Marsh, I.W. and Sarno, L. (eds.),<em> Handbook of Exchange Rates, <\/em>Wiley, 2012 (with E. van Wincoop)<\/p>\n<p><a href=\"https:\/\/people.unil.ch\/philippebacchetta\/files\/2017\/03\/00023.pdf\">Explaining Deviations from Uncovered Interest Rate Parity<\/a>, in G. Caprio (ed.), <em>Handbook of Safeguarding Global Financial Stability: Political, Social, Cultural, and Economic Theories and Models<\/em>, Vol. 2, 209-212, Elsevier, 2013.<\/p>\n<p>Can Parameter Instability Explain the Meese-Rogoff Puzzle?, in <em>NBER International Seminar on Macroeonomics 2009<\/em>, 125-173, 2010 (with E. van Wincoop and T. Beutler)<\/p>\n<p>Capital Flows to Emerging Markets: Liberalization, Overshooting, and Volatility, in S. Edwards (ed.), <em>Capital Flows and the Emerging Economies \u2013 Theory, Evidence, and Controversies<\/em>, The University of Chicago Press, 61-98, 2000 (with E. van Wincoop)<\/p>\n<p><span style=\"color: #000000\">Capital Flows, Output Volatility, and Financial Crises in Emerging Markets,<\/span> in <em>Governance, Equity and Global Markets \u2013 Proceedings of the Annual Bank Conference on Development Economics in Europe<\/em>, 573-578 (with Ph. Aghion and A. Banerjee)<\/p>\n<p>Financial Liberalization and Volatility in Emerging Market Economies, in P.R. Ag\u00e9nor, M. Miller, D. Vines, and A. Weber (eds.), <em>The Asian Financial Crises: Causes, Contagion and Consequences<\/em>, Cambridge University Press, 1999. p. 167-190. (with Ph. Aghion and A. Banerjee) Published under the wrong title \u201cCapital Markets and the Instability of Open Economies\u201d<\/p>\n<p>Spain and the Real Exchange Rate Problem, in C. Johnson and S. Collignon (eds.), <em>The Monetary Economics of Europe &#8211; Causes of the EMS Crisis<\/em>, Pinter Publishers, 18-32, 1994<\/p>\n<p>The Lessons from Fiscal Reform in Democratic Spain, in K. Mizsei (ed.), <em>Developing Public Finance in Emerging Market Economies<\/em>, Institute for EastWest Studies, 183-202, 1994<\/p>\n<p>Abolishing Capital Controls in Spain: A Challenge for the 90s, in H. Gibson and E. Tsakalotos (eds.), <em>Economic Integration and Financial Liberalization: Prospects for Southern Europe<\/em>, MacMillan Press,\u00a0 173-194, 1992<\/p>\n<p>National Saving and International Investment, in\u00a0 D. Bernheim and J. Shoven (eds.), <em>National Saving and Economic Performance<\/em>, University of Chicago Press, 1991 (with M.\u00a0 Feldstein)<\/p>\n<p>How Far Has the Dollar Fallen ?\u00a0 <em>Business Economics<\/em>, October 1987, 35-39 (with M. Feldstein)<\/p>\n<h2>Publications in Spanish<\/h2>\n<p>\u201cAhorro empresarial y rebalanceo global,\u201d Econom\u00eda Chilena, Vol. 17, N\u00ba2, August 2014 (with K. Benhima)<\/p>\n<p>Pol\u00edtica monetaria con deuda denominada en moneda extranjera, <em>Moneda y Cr\u00e9dito<\/em>, No. 210, 69-105, 2000.<\/p>\n<p>La desaparici\u00f3n de la peseta: aspectos macroecon\u00f3micos, in A. Mas-Colell and M. Motta (eds),<em> Nuevas Fronteras de la Politica Economica<\/em>, CREI, 1998, 77-110. (with M. Sebasti\u00e1n)<\/p>\n<p>La relaci\u00f3n ahorro-inversi\u00f3n en el proceso de integraci\u00f3n econ\u00f3mica y monetaria, <em>Papeles de Econom\u00eda Espa\u00f1ola<\/em>, 70, 186-195, 1997. (with R. Mart\u00ednez)<\/p>\n<p>Inversi\u00f3n regional y crecimiento en la comunidad europea, in J.M. Esteban y X. Vives (eds.), <em>Crecimiento y convergencia regional en Espa\u00f1a y Europa<\/em>, Vol. 2, Instituto de An\u00e1lisis Econ\u00f3mico, 405-449, 1994.<\/p>\n<p>Transmisi\u00f3n de informaci\u00f3n fiscal entre gobiernos por motivos estrat\u00e9gicos, <em>Hacienda P\u00fablica Espa\u00f1ola<\/em>, 1994. (with M.P. Espinosa)<\/p>\n<p>Por que es necesaria una devaluaci\u00f3n de la peseta, in J. P\u00e9rez-Campanero (ed.),\u00a0 <em>El\u00a0 tipo de cambio de la peseta ante el Mercado Unico y la Uni\u00f3n Monetaria Europea<\/em>, Fedea y Ediciones Mundi-Prensa, Madrid, 47-62, 1992.<\/p>\n<p>Es deseable la coordinaci\u00f3n internacional de la imposici\u00f3n sobre el capital?, <em>Moneda y Cr\u00e9dito<\/em>, No. 192, 1991. (with R. Caminal)<\/p>\n<p>La pol\u00edtica presupuestaria en la Uni\u00f3n Econ\u00f3mica y Monetaria, <em>Papeles de Econom\u00eda Espa\u00f1ola<\/em>, 48, 1991. (with R. Caminal)<\/p>\n<p>Ahorro, inversi\u00f3n y movilidad de capitales, <em>Moneda y Cr\u00e9dito<\/em>, No. 191, 13-40, 1990.<\/p>\n<p>Pol\u00edtica macroecon\u00f3mica y mercado \u00fanico, <em>Hacienda P\u00fablica Espa\u00f1ola<\/em>, April 1990. (with R. Caminal).<\/p>\n<h2>Edited volumes and journals<\/h2>\n<p>Taxation of Financial Income, <em>Journal of Public Economics<\/em> 87, Jan. 2003. Edited with Roger Gordon<\/p>\n<p>Lessons of Intranational Economics for International Economics, <em>Journal of International Economics<\/em> 55, October 2001. Edited with Andy Rose and Eric van Wincoop<\/p>\n<p><em>Economic Policy in Switzerland<\/em>, Macmillan Press, 1997. Book edited with W. Wasserfallen.<\/p>\n<p>Mercados y Tipos de Cambio &#8211; Presentaci\u00f3n, <em>Cuadernos Econ\u00f3micos de ICE<\/em>\u00a0 53, 1993.<\/p>\n<h2>See also<\/h2>\n<p><a href=\"https:\/\/www.researchgate.net\/profile\/Philippe_Bacchetta\" target=\"_blank\" rel=\"noopener noreferrer\">Philippe Bacchetta&rsquo;s profile on ResearchGate<\/a><\/p>\n<p><a href=\"https:\/\/www.unil.ch\/unisciences\/philippebacchetta\" target=\"_blank\" rel=\"noopener noreferrer\">Philippe Bacchetta&rsquo;s profile on Unisciences<\/a><\/p>\n","protected":false},"excerpt":{"rendered":"<p>Publications by Professor Philippe Bacchetta in Refereed Journals and in Edited volumes and journals<\/p>\n","protected":false},"author":1001009,"featured_media":0,"parent":0,"menu_order":2,"comment_status":"closed","ping_status":"closed","template":"","meta":{"_seopress_robots_primary_cat":"","_seopress_titles_title":"","_seopress_titles_desc":"","_seopress_robots_index":"","footnotes":""},"class_list":["post-9","page","type-page","status-publish"],"_links":{"self":[{"href":"https:\/\/people.unil.ch\/philippebacchetta\/wp-json\/wp\/v2\/pages\/9","targetHints":{"allow":["GET"]}}],"collection":[{"href":"https:\/\/people.unil.ch\/philippebacchetta\/wp-json\/wp\/v2\/pages"}],"about":[{"href":"https:\/\/people.unil.ch\/philippebacchetta\/wp-json\/wp\/v2\/types\/page"}],"author":[{"embeddable":true,"href":"https:\/\/people.unil.ch\/philippebacchetta\/wp-json\/wp\/v2\/users\/1001009"}],"replies":[{"embeddable":true,"href":"https:\/\/people.unil.ch\/philippebacchetta\/wp-json\/wp\/v2\/comments?post=9"}],"version-history":[{"count":3,"href":"https:\/\/people.unil.ch\/philippebacchetta\/wp-json\/wp\/v2\/pages\/9\/revisions"}],"predecessor-version":[{"id":835,"href":"https:\/\/people.unil.ch\/philippebacchetta\/wp-json\/wp\/v2\/pages\/9\/revisions\/835"}],"wp:attachment":[{"href":"https:\/\/people.unil.ch\/philippebacchetta\/wp-json\/wp\/v2\/media?parent=9"}],"curies":[{"name":"wp","href":"https:\/\/api.w.org\/{rel}","templated":true}]}}