{"id":38,"date":"2021-07-09T12:48:22","date_gmt":"2021-07-09T10:48:22","guid":{"rendered":"https:\/\/people.unil.ch\/pirminbundi\/?page_id=38"},"modified":"2025-11-04T11:41:28","modified_gmt":"2025-11-04T10:41:28","slug":"publications","status":"publish","type":"page","link":"https:\/\/people.unil.ch\/pirminbundi\/publications\/","title":{"rendered":"Publications"},"content":{"rendered":"\n<p>You can visit my Google Scholar Profile here: <a href=\"https:\/\/scholar.google.ch\/citations?user=Mol6g_8AAAAJ&amp;hl=de&amp;oi=ao\">Link<\/a><\/p>\n\n\n\n<p><strong>Articles<\/strong><\/p>\n\n\n\n<p>2025. \u00ab\u00a0How politicians (mis)perceive issue salience\u00a0\u00bb, <a href=\"https:\/\/link.springer.com\/journal\/11109\"><em>Political Behavior<\/em><\/a>, with Chris Butler, Julie Sevenans, Fr\u00e9d\u00e9ric Varone, and Stefaan Walgrave. <\/p>\n\n\n\n<p>2025. \u00ab\u00a0Personality Traits and Preferences for Territorial Scales\u00a0\u00bb, <a href=\"https:\/\/doi.org\/10.1093\/publius\/pjaf050\"><em>Publius: The Journal of Federalism<\/em><\/a>, with Ilirjana Ajazaj and Sean Mueller.<\/p>\n\n\n\n<p>2025. \u00ab\u00a0Too honest and humble to run for office? The impact of personality traits on citizens\u2019 nascent political ambition and recruitment\u00a0\u00bb, <a href=\"https:\/\/doi.org\/10.1017\/S1475676525100224\"><em>European Journal of Political Research<\/em><\/a>, with Marc van de Wardt, Peter Loewen, Anne Rasmussen, Lior Sheffer, and Fr\u00e9d\u00e9ric Varone. <\/p>\n\n\n\n<p>2025. \u00ab\u00a0Making Sense of Federalism \u2013 Insights from an Open-Ended Survey Question\u00a0\u00bb, <a href=\"https:\/\/www.tandfonline.com\/doi\/full\/10.1080\/13597566.2025.2533759\"><em>Regional &amp; Federal Studies<\/em><\/a>, with Achim Hildebrandt, Eva-Maria Tr\u00fcdinger, Simon Stocker and Ilirjana Ajazaj.<\/p>\n\n\n\n<p>2025. \u00ab\u00a0The Future Might be Female: How Does the Public Perceive Experts?\u00a0\u00bb, <em><a href=\"https:\/\/doi.org\/10.1080\/13501763.2024.2324014\">Journal of European Public Policy<\/a><\/em> 32(4): 843-869, with Anina Hanimann, Lea Portmann, and Fr\u00e9d\u00e9ric Varone.<\/p>\n\n\n\n<p>2025. \u00ab\u00a0Multilingual Federalism in Times of Crisis\u00a0\u00bb, <em><a href=\"https:\/\/www.tandfonline.com\/doi\/full\/10.1080\/13597566.2024.2314081\">Regional &amp; Federal Studies<\/a><\/em> 35(4): 631- 665, with Sean Mueller.<\/p>\n\n\n\n<p>2025. \u00ab\u00a0Politicians\u2019 Theories of Voting Behaviour\u00a0\u00bb, conditionally accepted at the <em><a href=\"https:\/\/www.cambridge.org\/core\/journals\/american-political-science-review\">American Political Science Review<\/a>, <\/em>119(3): 1304-1321<em>,<\/em> with Jack Lucas, Lior Sheffer, Peter Loewen, Stefaan Walgrave, Karolin Soontjens, Eran Amsalem, Stefanie Bailer, Nathalie Brack, Christian Breunig, Linda Coufalov\u00e1, Patrick Dumont, Sarah Lachance, Miguel Pereira, Mikael Persson, Jean-Benoit Pilet, Anne Rasmussen, Maj-Britt Sterba, and Fr\u00e9d\u00e9ric Varone<\/p>\n\n\n\n<p>2025. \u00ab\u00a0Conscientiousness of Representatives and Agreement with their Party Positions\u00a0\u00bb, <a href=\"https:\/\/www.tandfonline.com\/toc\/fjls20\/current\"><em>Journal of Legislative Studies<\/em><\/a> 31(3): 612-631, with Peter Loewen, Christian Breunig, and Fr\u00e9d\u00e9ric Varone.<\/p>\n\n\n\n<p>2024. \u00ab\u00a0Does Anxiety Increase Policy Learning?\u00a0\u00bb, <em><a href=\"https:\/\/doi.org\/10.1111\/psj.12529\">Policy Studies Journal <\/a><\/em><a href=\"https:\/\/doi.org\/10.1111\/psj.12529\">52(3): 603-622<\/a><em><a href=\"https:\/\/doi.org\/10.1111\/psj.12529\">,<\/a><\/em> with Moulay Lablih and Lea Portmann.<\/p>\n\n\n\n<p>2024. \u00ab\u00a0A Francophone Political Culture? Similarities and differences among French speak- ers in Canada, Belgium, Switzerland, and France\u00a0\u00bb, <em><a href=\"https:\/\/doi.org\/10.1057\/s41253-024-00244-5\">French Politics<\/a><\/em> 22(2): 115\u2013135, with Sean Mueller, Paolo Dardanelli, Min Reuchamps, Andr\u00e9 Lecours, and Christoph Niessen.<\/p>\n\n\n\n<p>2023. \u00ab\u00a0A Policy-Centred Approach to Inter-Municipal Cooperation\u00a0\u00bb, accepted for publication in the <em><a href=\"https:\/\/www.tandfonline.com\/toc\/rpxm20\/current\">Public Management Review<\/a><\/em> 22(2): 115\u2013135, with Michael A. Strebel.<\/p>\n\n\n\n<p>2023. \u00ab\u00a0Trust, but Verify? Understanding Citizen Attitudes Towards Evidence-Informed Policy Making\u00a0\u00bb, <em><a href=\"https:\/\/doi.org\/10.1111\/padm.12852\">Public Administration<\/a><\/em> 101(4): 1227-1246, with Val\u00e9rie Pattyn. <\/p>\n\n\n\n<p>2023. \u00ab\u00a0Citizens and Evaluation: A Review of Evaluation Models\u00a0\u00bb, <em><a href=\"https:\/\/doi.org\/10.1177\/10982140211047219\">American Journal of Evaluation<\/a><\/em> 44(4): 571-669, with Val\u00e9rie Pattyn<\/p>\n\n\n\n<p>2022. \u00ab\u00a0Evaluation Use and Learning in Public Policy\u00a0\u00bb, <a href=\"https:\/\/www.springer.com\/journal\/11077?gclid=CjwKCAjwuYWSBhByEiwAKd_n_i2Bo-IWqCYhFvoGUTiO2iqiItT8MgLkPJFQANtsuiYit3NFzyIioRoCCosQAvD_BwE\"><em>Policy Sciences<\/em><\/a> 55(2): 283\u2013309, with Philipp Trein. <\/p>\n\n\n\n<p>2021. \u00ab\u00a0Does Evaluation Quality Enhance Evaluation Use?\u00a0\u00bb, <em><a href=\"https:\/\/doi.org\/10.1332\/174426421X16141794148067\">Evidence &amp; Policy<\/a><\/em> 17(4): 661-687, with Kathrin Frey and Thomas Widmer.<\/p>\n\n\n\n<p>2020. \u00ab\u00a0Managing the Rise of the Digital State: Implementation of Digital Education by Local Government\u00a0\u00bb, <em><a href=\"https:\/\/www.ssas-yearbook.com\/articles\/10.5334\/ssas.144\/\">Yearbook of Swiss Administrative Sciences<\/a> <\/em>11(1): 145\u2013157, with Tereza Cahlikova<\/p>\n\n\n\n<p>2020. \u00ab\u00a0Economic Hardship and Social Capital in Europe. A Comparative Analysis of 27 Democracies\u00a0\u00bb, <em><a href=\"https:\/\/onlinelibrary.wiley.com\/journal\/14756765\">European Journal of Political Research<\/a> <\/em>59(2): 290-311, with Markus Freitag. <\/p>\n\n\n\n<p>2020. \u00ab\u00a0Policy Evaluation in Parliament: Interest Groups as Catalysts?\u00a0\u00bb, <em><a href=\"https:\/\/doi.org\/10.1177\/0020852317750461\">International Review of Administrative Sciences<\/a> <\/em>86(1): 98-114, with Fr\u00e9d\u00e9ric Varone and Roy Gava. <\/p>\n\n\n\n<p>2018. \u00ab\u00a0Self-Selection and Misreporting in Legislative Surveys\u00a0\u00bb, <em><a href=\"https:\/\/dx.doi.org\/10.1017\/psrm.2016.35\">Political Science Research and Methods<\/a><\/em> 6(4): 771-789, with Fr\u00e9d\u00e9ric Varone, Roy Gava and Thomas Widmer. <\/p>\n\n\n\n<p>2018. \u00ab\u00a0Parliamentarians&rsquo; Strategies for Policy Evaluations\u00a0\u00bb,&nbsp; <em><a href=\"https:\/\/dx.doi.org\/10.1016\/j.evalprogplan.2017.02.003\">Evaluation and Program Planning<\/a><\/em> 69(3): 130-138. <\/p>\n\n\n\n<p>2018. \u00ab\u00a0Varieties of Accountability. How Attributes of Policy Fields Shape Parliamentary Oversight\u00a0\u00bb, <em><a href=\"https:\/\/dx.doi.org\/10.1111\/gove.12282\">Governance<\/a> <\/em>31(1): 163-183<em>.<\/em> <\/p>\n\n\n\n<p>2017. \u00ab\u00a0Between Occupation and Politics. Legislative Professionalization in the Swiss Cantons\u00a0\u00bb, <em><a href=\"https:\/\/dx.doi.org\/10.1111\/spsr.12228\">Swiss Political Science Review<\/a><\/em> 27(1): 1-20, with Daniela Eberli and Sarah B\u00fctikofer. <\/p>\n\n\n\n<p>2016. \u00ab\u00a0What Do We Know About the Demand for Evaluation? Insights from the Parliamentary Arena\u00a0\u00bb, <em><a href=\"https:\/\/dx.doi.org\/10.1177\/1098214015621788\">American Journal of Evaluation<\/a> <\/em>37(4): 522-541. <\/p>\n\n\n\n<p>\u2013&gt; <a href=\"https:\/\/www.degeval.de\/ueber-uns\/degeval-preise\/\">Winner of the 2016 Young Scholar Award of the German Evaluation Society<\/a><\/p>\n\n\n\n<p>2016. \u00ab\u00a0Forschung \u00fcber Evaluation in der Schweiz: Stand und Aussichten\u00a0\u00bb, <em><a href=\"https:\/\/leges.weblaw.ch\/legesissues\/2016\/3\/20163459-483.html\">LeGes &#8211; Gesetzgebung und Evaluation<\/a><\/em> 27(3), with Thomas Widmer et al. <\/p>\n\n\n\n<p><\/p>\n\n\n\n<p><strong>Books<\/strong><\/p>\n\n\n\n<p>2025. <a href=\"https:\/\/www.epflpress.org\/open_access_download\/2153\/1069\">Understanding and shaping public administration: The IDHEAP model<\/a>, Lausanne: EPFL Press. with Nils Soguel, Tobias Mettler and Sophie Weerts.<\/p>\n\n\n\n<p>2023. <a href=\"https:\/\/www.e-elgar.com\/shop\/gbp\/handbook-of-public-policy-evaluation-9781800884885.html\"><em>Handbook of Public Policy Evaluation<\/em><\/a>, Cheltenham: Edward Elgar, with Fr\u00e9d\u00e9ric Varone and Steve Jacob. <\/p>\n\n\n\n<p>2023. <a href=\"https:\/\/serval.unil.ch\/resource\/serval:BIB_8175500293A1.P001\/REF.pdf\"><em>Die \u00f6ffentliche Verwaltung verstehen und gestalten: Das IDHEAP-Modell<\/em><\/a>, Chur\/ Glarus: Somedia, with Nils Soguel, Tobias Mettler and Sophie Weerts. <\/p>\n\n\n\n<p>2023. <a href=\"https:\/\/www.unil.ch\/files\/live\/sites\/idheap\/files\/modele_IDHEAP\/Chapitres\/Soguel%2c%20N.%20et%20al.%202023.%20Mod%c3%a8le%20IDHEAP%20d%e2%80%99administration%20publique.%20vue%20d%e2%80%99ensemble.%20In.%20Soguel%2c%20N.%2c%20Bundi%2c%20P.%2c%20Mettler%2c%20T.%2c%20Weerts%2c%20S.%20%c3%a9ds.%2c%20Comprendre%20et%20concevoir%20l%e2%80%99administration%20publique.%20Le%20mod%c3%a8le%20IDHEAP.%20Lausan.pdf\"><em>Comprendre et concevoir l\u2019administration publique. Le Mod\u00e8le IDHEAP<\/em><\/a>, Lausanne: EPFL Press. with Nils Soguel, Tobias Mettler and Sophie Weerts.<\/p>\n\n\n\n<p>2019. <a href=\"https:\/\/www.nzz-libro.ch\/milizarbeit-in-der-schweiz-zahlen-fakten-politik-gesellschaft.html\"><em>Milizarbeit in der Schweiz<\/em><\/a>, Z\u00fcrich: NZZ Libro, with Markus Freitag and Martina Flick Witzig.<\/p>\n\n\n\n<p><\/p>\n\n\n\n<p><strong>Book Chapters<\/strong> <strong>&amp; Reviews<\/strong><\/p>\n\n\n\n<p><\/p>\n\n\n\n<p>2026. \u00ab\u00a0Policy Evaluation and the Role of Interest Groups\u00a0\u00bb, in: Raj Chari, Michele Crepaz, Emilia Korkea-aho and Wiebke Marie Junk (eds.). Oxford Handbook of Lobbying. Oxford University Press, with Fr\u00e9d\u00e9ric Varone and Val\u00e9rie Pattyn.<\/p>\n\n\n\n<p>2025. \u00ab\u00a0Evaluation influence? Mobilizing policy evaluation advice into the policy process\u00a0\u00bb in: Michael Howlett and Ishani Mukherjee (eds.). The Edward Elgar Handbook of Policy Advice. Cheltenham: Edward Elgar, with Val\u00e9rie Pattyn<\/p>\n\n\n\n<p>2024. \u00ab\u00a0The Use of Quantitative Text Analysis in Evaluations\u00a0\u00bb, in: Steffen Bohni Nielsen, Francesco Mazzeo Rinaldi, and Gustav Jakob Petersson (eds). <a href=\"https:\/\/www.taylorfrancis.com\/books\/oa-edit\/10.4324\/9781003512493\/artificial-intelligence-evaluation-steffen-bohni-nielsen-francesco-mazzeo-rinaldi-gustav-jakob-petersson?_gl=1*6i11ij*_gcl_au*MjA1MTk2Mzk4NC4xNzM2MzIyNjQz*_ga*MTAxMTczNDI1Ni4xNzM2MzIyNjQz*_ga_0HYE8YG0M6*MTczNjMyMjY0My4xLjAuMTczNjMyMjY0My42MC4wLjA.\">Artificial Intelligence and Evaluation. Emerging Technologies and their Implications for Evaluation<\/a>. London: Routledge, with Laura Gatto<\/p>\n\n\n\n<p>2024. \u00ab\u00a0Do Citizens Even Want to Hear the Truth? Public Attitudes Towards Evidence- Informed Policy Making\u00a0\u00bb, in: Mita Marra, Karol Olejniczak and Arne Paulson (eds.). <a href=\"https:\/\/www.routledge.com\/Evaluation-in-the-Post-Truth-World\/Marra-Olejniczak-Paulson\/p\/book\/9781032719313\">Evaluation in the Post-Truth World. London<\/a>: Routledge: 116-133, with Val\u00e9rie Pattyn<\/p>\n\n\n\n<p>2022. \u00ab\u00a0Formal Agenda-Setting Government Tools: Periodic Evaluations and Reviews\u00a0\u00bb, in: Michael Howlett (ed.). <a href=\"https:\/\/www.taylorfrancis.com\/books\/edit\/10.4324\/9781003163954\/routledge-handbook-policy-tools-michael-howlett\"><em>Routledge Handbook of Policy Tools<\/em><\/a>. London: Routledge, with Val\u00e9rie Pattyn<\/p>\n\n\n\n<p>2021. \u00ab\u00a0Changing bureaucracies: Adapting to uncertainty, and how evaluation can help\u00a0\u00bb, <a href=\"https:\/\/doi.org\/10.1080\/12294659.2021.1925427\"><em>International Review of Public Administration<\/em><\/a>.<\/p>\n\n\n\n<p>2019. \u00ab\u00a0La professionnalisation dans les parlements cantonaux\u00a0\u00bb, in: Andrea Pilotti and Oscar Mazzoleni (eds.). <em><a href=\"https:\/\/www.alphil.com\/index.php\/le-systeme-de-milice-et-la-professionnalisation-politique-en-suisse.html\">Milice et professionnalisation<\/a><\/em>. Neuch\u00e2tel: Editions Alphil, with Daniela Eberli and Sarah B\u00fctikofer.<\/p>\n\n\n\n<p>2018. \u00ab\u00a0Zwischen Beruf und Politik: Die Professionalisierung in den Parlamenten\u00a0\u00bb, in: Adrian Vatter (ed.). <em><a href=\"https:\/\/www.nzz-libro.ch\/vatter-parlament-schweiz-volksvertretung-buch.html\">Das Parlament in der Schweiz &#8211; Macht und Ohnmacht der Volksvertretungen<\/a><\/em>. Z\u00fcrich: NZZ Libro, with Daniela Eberli and Sarah B\u00fctikofer. [<a href=\"https:\/\/www.nzz-libro.ch\/vatter-parlament-schweiz-volksvertretung-buch.html\">Link<\/a>]<\/p>\n\n\n\n<p>2018. \u00ab\u00a0La professionalizzazione dei parlamenti cantonali\u00a0\u00bb, in: Andrea Pilotti and Oscar Mazzoleni (eds.). <em><a href=\"https:\/\/www.editore.ch\/shopvm\/le-sfide-della-svizzera\/milizia-e-professionismo-nella-politica-svizzera-detail.html\">Milizia e professionismo nella politica svizzera<\/a><\/em>. Locarno: Armando Dad\u00f2 editore: 75-102, with Daniela Eberli and Sarah B\u00fctikofer.<\/p>\n\n\n\n<p>2017. \u00ab\u00a0Parlament und Evaluation: Guts Meets Brain\u00a0\u00bb, in: in Fritz Sager, Thomas Widmer and Andreas Balthasar (ed.): <em><a href=\"https:\/\/www.nzz-libro.ch\/evaluation-im-politischen-system-der-schweiz.html\">Evaluation im politischen System der Schweiz &#8211; Entwicklung, Bedeutung und Wechselwirkungen<\/a><\/em>. Z\u00fcrich: NZZ Libro, with Daniela Eberli. [<a href=\"https:\/\/www.nzz-libro.ch\/evaluation-im-politischen-system-der-schweiz.html\">Link<\/a>]<\/p>\n\n\n\n<p><\/p>\n","protected":false},"excerpt":{"rendered":"<p>You can visit my Google Scholar Profile here: Link Articles 2025. \u00ab\u00a0How politicians (mis)perceive issue salience\u00a0\u00bb, Political Behavior, with Chris Butler, Julie Sevenans, Fr\u00e9d\u00e9ric Varone, and Stefaan Walgrave. 2025. \u00ab\u00a0Personality Traits and Preferences for Territorial Scales\u00a0\u00bb, Publius: The Journal of Federalism, with Ilirjana Ajazaj and Sean Mueller. 2025. \u00ab\u00a0Too honest and humble to run for &hellip; <\/p>\n<p class=\"link-more\"><a href=\"https:\/\/people.unil.ch\/pirminbundi\/publications\/\" class=\"more-link\">Continuer la lecture<span class=\"screen-reader-text\"> de &laquo;&nbsp;Publications&nbsp;&raquo;<\/span><\/a><\/p>\n","protected":false},"author":1001117,"featured_media":0,"parent":0,"menu_order":0,"comment_status":"closed","ping_status":"closed","template":"","meta":{"_seopress_robots_primary_cat":"","_seopress_titles_title":"","_seopress_titles_desc":"","_seopress_robots_index":"","footnotes":""},"class_list":["post-38","page","type-page","status-publish"],"_links":{"self":[{"href":"https:\/\/people.unil.ch\/pirminbundi\/wp-json\/wp\/v2\/pages\/38","targetHints":{"allow":["GET"]}}],"collection":[{"href":"https:\/\/people.unil.ch\/pirminbundi\/wp-json\/wp\/v2\/pages"}],"about":[{"href":"https:\/\/people.unil.ch\/pirminbundi\/wp-json\/wp\/v2\/types\/page"}],"author":[{"embeddable":true,"href":"https:\/\/people.unil.ch\/pirminbundi\/wp-json\/wp\/v2\/users\/1001117"}],"replies":[{"embeddable":true,"href":"https:\/\/people.unil.ch\/pirminbundi\/wp-json\/wp\/v2\/comments?post=38"}],"version-history":[{"count":5,"href":"https:\/\/people.unil.ch\/pirminbundi\/wp-json\/wp\/v2\/pages\/38\/revisions"}],"predecessor-version":[{"id":144,"href":"https:\/\/people.unil.ch\/pirminbundi\/wp-json\/wp\/v2\/pages\/38\/revisions\/144"}],"wp:attachment":[{"href":"https:\/\/people.unil.ch\/pirminbundi\/wp-json\/wp\/v2\/media?parent=38"}],"curies":[{"name":"wp","href":"https:\/\/api.w.org\/{rel}","templated":true}]}}