{"id":316,"date":"2014-10-22T08:57:58","date_gmt":"2014-10-22T06:57:58","guid":{"rendered":"http:\/\/people.unil.ch\/rachelfalconer\/?page_id=316"},"modified":"2023-06-01T08:12:39","modified_gmt":"2023-06-01T06:12:39","slug":"cv","status":"publish","type":"page","link":"https:\/\/people.unil.ch\/rachelfalconer\/cv\/","title":{"rendered":"CV"},"content":{"rendered":"<p><strong>CURRENT APPOINTMENT\u00a0\u00a0\u00a0\u00a0\u00a0\u00a0\u00a0\u00a0 <\/strong><\/p>\n<p>Professor and Chair of Modern English Literature, University of Lausanne<\/p>\n<p><strong>PREVIOUS APPOINTMENTS\u00a0\u00a0\u00a0\u00a0\u00a0 <\/strong><\/p>\n<p>Professor of 20-21C Literature, University of Sheffield (Lecturer + from 1993)<\/p>\n<p>Tutor in English Literature, Manchester College, University of Oxford (1992-93)<\/p>\n<p>Tutor in English Literature, Royal Holloway and Bedford New College, London (1992-93)<\/p>\n<p>Visiting Lecturer in English Literature, Charles University, Prague (1990-92)<\/p>\n<p>Temporary Lecturer in English Literature, Exeter College, University of Oxford (1989-90)<\/p>\n<p><strong>QUALIFICATIONS<\/strong><\/p>\n<p>DPhil, \u2018The Influence of Virgil on Milton\u2019s Style,\u2019 supervised by Profs John Carey and Anthony Nuttall, University of Oxford, December 1989<\/p>\n<p>Hons BA\/MA in English Language and Literature, University of Oxford, June 1986\/1987<\/p>\n<p>Hons BA in Classical Languages and Literatures, <em>magna cum laude<\/em>, distinction in Latin Literature, Yale University, June 1984<\/p>\n<p><strong>Learned Societies <\/strong><\/p>\n<p>British Comparative Literature Association (Executive Committee, 2004-2010)<br \/>\n<em>R\u00e9seau Europ\u00e9en d&rsquo;Etudes Litt\u00e9raires Compar\u00e9es<br \/>\n<\/em><em>Neke: New Zealand Journal of Translation Studies.<br \/>\nC21: A Journal of Twenty First Century Writings<\/em><br \/>\nFiction-Network (UK)<br \/>\nModern Fiction Studies<br \/>\n<em>Centre Interdisciplinaire d&rsquo;\u00e9tude des litt\u00e9ratures (CIEL), Universit\u00e9 de Lausanne<\/em><br \/>\nSwiss Association of University Teachers of English (SAUTE)<\/p>\n<p><strong>International Consultancy, Grant Assessment, and Reviewing <\/strong><\/p>\n<p>Peer Reviewer for <em>Comparative Critical Studies<\/em>, journal of the British Comparative Literature Association (UK, 2006 &#8211; 2011)<br \/>\nAssessor for Arts and Humanities Research Council (UK, 2007)<br \/>\nEvaluator for Killam Research Fellowship Selection Committee, Canada Council for the Arts: each two-year fellowship is worth $70,000 (Canada, 2007)<br \/>\nAssessor for John Simon Guggenheim Memorial Foundation (USA, 2007)<br \/>\nMember of Distinguished Professor Selection Committee, for the College of Humanities and Social Sciences, North Carolina State University (USA, 2007)<br \/>\nConsultant for Open University, Faculty of Education and Language Studies (UK, 2008)<br \/>\nAssessor for Palgrave Macmillan Publishing (UK, 2007-2009)<br \/>\nReading Committee member for <em>E-rea<\/em>, Revue \u00e9lectronique d\u2019\u00e9tudes sur le monde anglophone (France, 2007- 2009)<br \/>\nPeer Reviewer for <em>Children\u2019s Literature in Education <\/em>(UK, 2008 &#8211; 2012)<br \/>\nPeer Reviewer for <em>Critical Engagements,<\/em> Modern Fiction Studies Network (UK, 2009)<br \/>\nAssessor for Leverhulme Trust Research Awards (UK, 2011)<br \/>\nPeer Reviewer for <em>Children\u2019s Literature Association Quarterly<\/em> (USA, 2011 &#8211; 2012)<br \/>\nPeer Reviewer for HARTS &amp; <em>Minds: Journal for Interdisciplinary Studies in Humanities and the Arts, <\/em>University of Bristol (UK, 2013)<br \/>\nReferee for Leverhulme Trust Research Award for poet Kathleen Jamie (UK, 2013).<br \/>\nPeer Reviewer for <em>Comparative Literature, <\/em>University of Oregon (USA, 2014)<br \/>\nPeer Reviewer for <em>C21: A Journal of Twenty-First Century Writings<\/em> (UK, 2014)<br \/>\nPeer Reviewer for <em>Lion and Unicorn<\/em> (Canada, 2008, 2015)<br \/>\nAssessor for QS World University Rankings (UK, 2015)<br \/>\nPeer Reviewer for <em>Children\u2019s Literature, <\/em>annual journal of Children\u2019s Literature Association, University of Chicago (USA, 2016)<br \/>\nPeer Reviewer for <em>SPELL: Swiss Papers in English Language and Literature <\/em>(2016)<br \/>\nPeer Reviewer for <em>A<\/em><em>nglia\/Journal of English Philology<\/em> (Augsburg, Germany, 2016)<br \/>\nExternal Assessor for appointment of Professor of Children\u2019s Literature, Newcastle University (UK, 2016)<br \/>\nPeer Reviewer for Yale University Press (London branch, 2016)<br \/>\nPeer Reviewer for Palgrave Macmillan (Basingstoke, UK, 2016)<br \/>\nSelection Committee, Yeats International Summer School, University of Zurich (2018)<br \/>\nExternal Assessor for Professorial Promotions Committee, University of Leeds (2020)<br \/>\nPeer Reviewer for <em>Text Matters <\/em>(University of Llodz, Poland, 2021)<br \/>\nPeer Reviewer for\u00a0<em>Translation and Literature,\u00a0<\/em>Edinburgh University Press (2022)<br \/>\nInternal MS Reviewer for Manchester University Press (2022)<br \/>\nJudge for PLUME: UNIL-EPFL association litt\u00e9raire Poetry competition: &lsquo;R\u00eaver dans un monde qui br\u00fble&rsquo; (2023)<\/p>\n","protected":false},"excerpt":{"rendered":"<p>CURRENT APPOINTMENT\u00a0\u00a0\u00a0\u00a0\u00a0\u00a0\u00a0\u00a0 Professor and Chair of Modern English Literature, University of Lausanne PREVIOUS APPOINTMENTS\u00a0\u00a0\u00a0\u00a0\u00a0 Professor of 20-21C Literature, University of Sheffield (Lecturer + from 1993) Tutor in English Literature, Manchester College, University of Oxford (1992-93) Tutor in English Literature, Royal Holloway and Bedford New College, London (1992-93) Visiting Lecturer in English Literature, Charles University, Prague &hellip; <\/p>\n<p class=\"link-more\"><a href=\"https:\/\/people.unil.ch\/rachelfalconer\/cv\/\" class=\"more-link\">Continuer la lecture<span class=\"screen-reader-text\"> de &laquo;&nbsp;CV&nbsp;&raquo;<\/span><\/a><\/p>\n","protected":false},"author":21,"featured_media":705,"parent":0,"menu_order":5,"comment_status":"closed","ping_status":"closed","template":"","meta":{"_seopress_robots_primary_cat":"","_seopress_titles_title":"","_seopress_titles_desc":"","_seopress_robots_index":"","footnotes":""},"class_list":["post-316","page","type-page","status-publish","has-post-thumbnail"],"_links":{"self":[{"href":"https:\/\/people.unil.ch\/rachelfalconer\/wp-json\/wp\/v2\/pages\/316","targetHints":{"allow":["GET"]}}],"collection":[{"href":"https:\/\/people.unil.ch\/rachelfalconer\/wp-json\/wp\/v2\/pages"}],"about":[{"href":"https:\/\/people.unil.ch\/rachelfalconer\/wp-json\/wp\/v2\/types\/page"}],"author":[{"embeddable":true,"href":"https:\/\/people.unil.ch\/rachelfalconer\/wp-json\/wp\/v2\/users\/21"}],"replies":[{"embeddable":true,"href":"https:\/\/people.unil.ch\/rachelfalconer\/wp-json\/wp\/v2\/comments?post=316"}],"version-history":[{"count":0,"href":"https:\/\/people.unil.ch\/rachelfalconer\/wp-json\/wp\/v2\/pages\/316\/revisions"}],"wp:featuredmedia":[{"embeddable":true,"href":"https:\/\/people.unil.ch\/rachelfalconer\/wp-json\/wp\/v2\/media\/705"}],"wp:attachment":[{"href":"https:\/\/people.unil.ch\/rachelfalconer\/wp-json\/wp\/v2\/media?parent=316"}],"curies":[{"name":"wp","href":"https:\/\/api.w.org\/{rel}","templated":true}]}}