{"id":47,"date":"2012-06-25T21:03:40","date_gmt":"2012-06-25T19:03:40","guid":{"rendered":"http:\/\/people.unil.ch\/rachelfalconer\/?page_id=47"},"modified":"2025-01-27T11:03:53","modified_gmt":"2025-01-27T10:03:53","slug":"publications","status":"publish","type":"page","link":"https:\/\/people.unil.ch\/rachelfalconer\/publications\/","title":{"rendered":"Publications"},"content":{"rendered":"<p><strong>BOOKS<\/strong><\/p>\n<p><em><strong>Seamus Heaney, Virgil and the Good of Poetry.<\/strong> <\/em>Sole author. Edinburgh: Edinburgh University Press, Feb. 2022. ISBN 978-1-474-45439-1<br \/><a href=\"https:\/\/edinburghuniversitypress.com\/book-seamus-heaney-virgil-and-the-good-of-poetry.html\">https:\/\/edinburghuniversitypress.com\/book-seamus-heaney-virgil-and-the-good-of-poetry.html<\/a><br \/><strong>Review:<\/strong>\u00a0<em>Translation and Literature\u00a0<\/em>31 (2022), 268-273;\u00a0<em>Times Literary Supplement,\u00a0<\/em>2 Sept 2022.<\/p>\n<p><strong><em>A Quest for Remembrance: The Underworld in Classical and Modern Literature<\/em>.<\/strong> Contributing editor, with Madeleine Scherer. London: Routledge, 2019. ISBN 978 0 367 35886 0<br \/><a href=\"https:\/\/www.routledge.com\/A-Quest-for-Remembrance-The-Underworld-in-Classical-and-Modern-Literature\/Scherer-Falconer\/p\/book\/9781032239576\">https:\/\/www.routledge.com\/A-Quest-for-Remembrance-The-Underworld-in-Classical-and-Modern-Literature\/Scherer-Falconer\/p\/book\/9781032239576<\/a><br \/><strong>Review: <\/strong><em>The Polish Review<\/em> (2022) 67 (2): 111\u2013114.<\/p>\n<p><strong><em>Kathleen Jamie: Essays and Poems on her Work.<\/em><\/strong> Contributing editor. Edinburgh: Edinburgh University Press, 2014. ISBN-13: 978-0748696000; 9781474431453<br \/><a href=\"https:\/\/edinburgh.universitypressscholarship.com\/view\/10.3366\/edinburgh\/9780748696000.001.0001\/upso-9780748696000\">https:\/\/edinburgh.universitypressscholarship.com\/view\/10.3366\/edinburgh\/9780748696000.001.0001\/upso-9780748696000<\/a><br \/><a href=\"https:\/\/www.amazon.com\/Kathleen-Jamie-Essays-Poems-work\/dp\/0748696008\">https:\/\/www.amazon.com\/Kathleen-Jamie-Essays-Poems-work\/dp\/0748696008<\/a><br \/><strong>Review:<\/strong> <span style=\"font-size: 1rem\">Scottish Literary Review, 2015, Vol.7 (2), p.184-186<\/span><\/p>\n<p><strong><em>Medieval and Early Modern Literature, Science and Medicine<\/em>.<\/strong> Guest editor, with Denis Renevey, Tubingen: Gunter Narr, 2013. Special issue of Swiss Publications of English Language and Literature.<br \/><a href=\"https:\/\/www.e-periodica.ch\/digbib\/view?pid=spe-001:2013:28#3\">https:\/\/www.e-periodica.ch\/digbib\/view?pid=spe-001:2013:28#3<\/a><\/p>\n<p><strong><em>Re-reading \/ La relecture: essays in honour of Graham Falconer. <\/em><\/strong>Contributing editor, with Andrew Oliver.\u00a0 Newcastle: Cambridge Scholars Press, 2012, 1-331. ISBN 978-1-4438-3760-6.<br \/><a href=\"https:\/\/www.cambridgescholars.com\/product\/978-1-4438-3760-6\">https:\/\/www.cambridgescholars.com\/product\/978-1-4438-3760-6<\/a><br \/><strong>Review:\u00a0<\/strong>French studies, 2014, Vol.68 (1), p.141-142<\/p>\n<p><strong><em>The Crossover Novel: Contemporary Children\u2019s Fiction and Its Adult Readership. <\/em><\/strong>Sole author. \u00a0Routledge: London, New York, 2009, pp. 1-263. ISBN 978-0-415-97888-0; 978-0415879378<br \/><a href=\"https:\/\/www.routledge.com\/The-Crossover-Novel-Contemporary-Childrens-Fiction-and-Its-Adult-Readership\/Falconer\/p\/book\/9780415879378\">https:\/\/www.routledge.com\/The-Crossover-Novel-Contemporary-Childrens-Fiction-and-Its-Adult-Readership\/Falconer\/p\/book\/9780415879378<\/a><\/p>\n<p><strong>Reviews: <\/strong>CHOICE, 2009-06-01, Vol.46 (10), p.1873; <span data-field-selector=\"ispartof\"><span dir=\"auto\"><em>Children&rsquo;s Literature Association Quarterly,<\/em> 2009, Vol.34 (2), p.198;\u00a0 <\/span><\/span><em style=\"font-size: revert\">Bookbird: A Journal of International Children&rsquo;s Literature<\/em><span style=\"font-size: revert\">, Volume 48, Number 1, January 2010, pp. 69-70 (Johns Hopkins Press); <\/span><em style=\"font-size: revert\">The Looking Glass<\/em><span style=\"font-size: revert\">, Volume 13, Issue 3, September\/October, 2009; <\/span><em style=\"font-size: revert\">Journal of the Fantastic in the Arts,<\/em><span style=\"font-size: revert\"> 2010, Vol.21 (2), p.310; <\/span><em style=\"font-size: revert\">Lion and the Unicorn: a critical journal of children&rsquo;s literature,<\/em><span style=\"font-size: revert\"> 2009, Vol.33 (3), p.397; Bulletin of the Center for Children&rsquo;s Books, 2008-12-01, Vol.62 (4), p.178; Reference &amp; Research Book News, 2008-11-01, Vol.23 (4).<\/span><\/p>\n<p><strong><em>Hell in Contemporary Literature: Western Descent Narratives since 1945.<\/em><\/strong> Sole author. Edinburgh: Edinburgh University Press and Columbia University Press, 2005\/ 2007, pp. 1-262. ISBN 0-7486-1763-9; 978-0-7486-3443-9<br \/>https:\/\/edinburgh.universitypressscholarship.com\/view\/10.3366\/edinburgh\/9780748617630.001.0001\/upso-9780748617630<br \/><a href=\"https:\/\/www.amazon.com\/Hell-Contemporary-Literature-Western-Narratives\/dp\/0748634436\">https:\/\/www.amazon.com\/Hell-Contemporary-Literature-Western-Narratives\/dp\/0748634436<\/a><br \/><strong>Reviews: <\/strong>CHOICE: <em>Current Reviews for Academic Libraries<\/em>, 2005-12-01, Vol.43 (4), p.653; <em>Literature &amp; Theology<\/em>, 2007-06-01, Vol.21 (2), p.232-234; <em>The Use of English,<\/em> Vol. 57.1 Autumn 2005.<\/p>\n<p><strong><em>Invention: Literature and Science. <\/em><\/strong>Guest editor, with Karin Littau. Comparative Critical Studies Vol. 2.2. Edinburgh University Press: Edinburgh, 2005, pp. 1-301. ISSN 1744-1854.<br \/><a href=\"https:\/\/www.euppublishing.com\/loi\/ccs\">https:\/\/www.euppublishing.com\/loi\/ccs<\/a><\/p>\n<p><strong><em>Face to Face: Bakhtin Studies in Russia and the West. <\/em><\/strong>Contributing editor, with Adlam, Makhlin, Renfrew. London: Bloomsbury, 1997, 20 contributors, pp.1-394. ISBN 185075696.<br \/><a href=\"https:\/\/www.bloomsbury.com\/us\/face-to-face-9780567105318\/\">https:\/\/www.bloomsbury.com\/us\/face-to-face-9780567105318\/<\/a><br \/><strong>Reviews: <\/strong>Caryl Emerson, <em>Slavonic and East European Review<\/em>, 1999-04-01, Vol.77 (2), p.280-294; <em>Slavic Review,<\/em> 1999-12-01, Vol.58 (4), p.943-944: <em>Canadian Slavonic Papers,<\/em> 1998-09-01, Vol.40 (3\/4), p.461-463; <em>Journal of European Studies<\/em>, 1999-06-01, Vol.29 (114), p.228<\/p>\n<p><strong><em>Orpheus Dis(re)membered: Milton and the Myth of the Poet-Hero<\/em><\/strong>. Sole author. London: Bloomsbury, 1996, pp. 1-227. ISBN 1850756090.<br \/><a href=\"https:\/\/www.bloomsbury.com\/us\/orpheus-disremembered-9781850756095\/\">https:\/\/www.bloomsbury.com\/us\/orpheus-disremembered-9781850756095\/<\/a><\/p>\n<p><strong><br \/>BOOK CHAPTERS AND PEER-REVIEWED ARTICLES<\/strong><\/p>\n<p>\u2018Introduction\u2019, Face to Face: Bakhtin Studies in Russia and the West, ed. by Adlam, Falconer, Makhlin, Renfrew (1997), pp. 23-43.<\/p>\n<p>\u2018Bakhtin, Milton and the Epic Chronotope\u2019, in Face to Face: Bakhtin Studies in Russia and the West, ed. by Adlam, Falconer, Makhlin, Renfrew (1997), pp. 254-272.<\/p>\n<p>&lsquo;Bakhtin\u2019s Chronotope and the Contemporary Short Story\u2019, in Bakhtin\/\u201cBakhtin\u201d: Studies in the Archive and Beyond, special issue of South Atlantic Quarterly 97:3\/4, ed. Peter Hitchcock (Summer\/Fall 1998), pp. 699-732, ISBN 0-8223-6461-1<\/p>\n<p>\u2018Telescoping Timescapes: Short Fiction and the Contemporary Sense of Time\u2019, in Moments of Moment: Aspects of the Literary Epiphany, ed. by Wim Tiggs (Rodopi: Amsterdam, 1999), pp. 445-466. ISBN 90-420-0636-6<\/p>\n<p>\u2018Genres and Modes: Epic\u2019, in A Companion to English Renaissance Literature and Culture, ed. by Michael Hattaway (Oxford: Blackwell, 2000), pp.327-339. ISBN 0-631-21668-5<\/p>\n<p>\u2018Readings: a Wyatt Sonnet\u2019, in A Companion to English Renaissance Literature and Culture, ed. by Michael Hattaway (Oxford: Blackwell, 2000), pp. 176-186. ISBN 0-631-21668-5<\/p>\n<p>\u2018Bouncing Down to Hell: Rushdie\u2019s The Ground Beneath her Feet and classical katabasis\u2019, in Twentieth Century Literature 47.4, special issue on Salman Rushdie, eds. Sabina and Simona Sawhney (Winter 2001), pp. 467-509, ISSN 0041-462X<\/p>\n<p>\u2018Selfhood in Descent: Primo Levi\u2019s The Search for Roots and If This is a Man\u2019, in Representing the Holocaust, ed. by Sue Vice (London: Valentine Mitchell, 2003), pp. 203-230. ISBN 0-8530-3495-8<\/p>\n<p>\u2018The Epic\u2019, in The Continuum Encyclopaedia of British Literature, ed. by Steven Serafin and Valerie Grosvenor Myer (New York: Continuum Press, 2003). ISBN 0-8264-1456-7<\/p>\n<p>\u2018Tolkien, Dante, and Crossover Epic\u2019, in Books and Their Boundaries: Writers and Their Audiences, ed. by Patricia Pinsent (Staffordshire: Pied Piper Publishing, 2004), pp. 98-113. ISBN 09546384-3-3<\/p>\n<p>\u2018Shape-Changing in Hell: Metamorphosis and Katabasis in Rushdie\u2019s The Ground Beneath Her Feet and Levi\u2019s The Truce\u2019, E-REA: e-Revue d\u2019\u00c9tudes Anglophones 2.2 (Autumn 2004), pp. 1-10, ISSN 1638-1718 www.e-rea.org<\/p>\n<p>\u2018Crossover Literature\u2019, in The International Companion Encyclopaedia of Children\u2019s Literature, ed. by Peter Hunt, 2nd edn, 2 vols (Routledge: London, 2004), Vol 1, pp. 556-575. ISBN 0-415-29053-8<\/p>\n<p>\u2018Thomas May\u2019, in Dictionary of British Classicists, 1500-1960, ed., by Robert Todd, 3 vols (London: Thoemmes Continuum, 2004). ISBN 1-85506-997-0<\/p>\n<p>\u2018Teaching Primo Levi\u2019, in Teaching Holocaust Literature and Film, ed. by Robert Eaglestone and Barry Langford (Basingstoke: Palgrave, 2007), pp. 114-125. ISBN-13:978-0-230-01936-2, ISBN-10:0-230-01936-6.<\/p>\n<p>\u2018Crossover Literature and Abjection: Geraldine McCaughrean\u2019s The White Darkness\u2019, Children\u2019s Literature in Education 38:1 (March 2007), pp. 35-44, ISSN: 0045-6713. https:\/\/dx.doi.org\/10.1007\/s10583-006-9026-0<\/p>\n<p>\u2018Underworld Portmanteaux: Dante\u2019s Hell and Carroll\u2019s Wonderland in Women\u2019s Memoirs of Mental Illness,\u2019 in Alice Beyond Wonderland: Essays for the Twenty-first Century, ed. by Cristopher Hollingsworth (University of Iowa Press: 2009), pp. 3-22. ISBN-10: 1587298198; ISBN-13: 978-1587298196<\/p>\n<p>\u2018Cross-reading and Crossover Books,\u2019 in Children\u2019s Literature: Approaches and Territories, ed. by J. Maybin and N.J. Watson (Basingstoke: Palgrave Macmillan, 2009).<\/p>\n<p>\u2018Genres and Modes: Epic\u2019, revised for second edition of A Companion to English Renaissance Literature and Culture, ed. by Michael Hattaway (Oxford: Blackwell, 2010).<\/p>\n<p>\u2018Readings: a Wyatt Sonnet\u2019, revised for second edition of A Companion to English Renaissance Literature and Culture, ed. by Michael Hattaway (Oxford: Blackwell, 2010).<\/p>\n<p>\u2018Young Adult Fiction and the Crossover Phenomenon,\u2019 in The Routledge Companion to Children\u2019s Literature, ed. David Rudd (Routledge: London, 2010).<\/p>\n<p>Glossary entries for the following terms: \u2018Kiddult\u2019, \u2018Bakhtin, Mikhail\u2019, \u2018Dialogism\u2019, \u2018Chronotope\u2019, \u2018Ecriture F\u00e9minine\u2019, and \u2018Reader-Response Criticism\u2019, in David Rudd (ed), The Routledge Companion to Children\u2019s Literature (2010).<\/p>\n<p>\u2018Heterochronic Representations of the Fall: Bakhtin, Milton, DeLillo,\u2019 in Bakhtin\u2019s Theory of the Literary Chronotope: Reflections, Applications, Perspectives, eds. Nele Bemong, Pieter Borghart, Michel De Dobbeleer, Kristoffel Demoen, Koen De Temmerman (Academia Press, 2010). ISBN: 9038215630; 9789038215631<\/p>\n<p>\u2018Hell in our time: reading 9\/11 and its aftermath as a Dantean descent into Hell,\u2019 in Hell and Its Afterlife: Historical and Contemporary Perspectives, eds. M. Toscano and I. Moreira (Ashgate Publishing, 2010), pp. 217-236.<\/p>\n<p>\u2018Heaney, Virgil and contemporary katabasis\u2019 in Blackwell Companions to Literature and Culture: A Companion to Poetic Genre, ed. Erik Martiny (Oxford: Oxford University Press, 2011, pp. 404-419.<\/p>\n<p>\u2018Katabatic Narratives\u2019, The Literary Encyclopedia, ed. Cristina Sandru (October 2011). https:\/\/www.litencyc.com\/php\/stopics.php?rec=true&amp;UID=17641<\/p>\n<p>\u2018Recasting John Milton\u2019s <em>Paradise Lost<\/em>: Intertextuality, Storytelling and Music\u2019 in <em>Reading \u2018The Heavenly Republic\u2019: <\/em><em>Critical Perspectives on Philip Pullman\u2019s <\/em>His Dark Materials, eds. Steven Barfield and Katharine Cox (Jefferson, NC: McFarland Publishing, 2011),\u00a0 pp.11-27.<\/p>\n<p>\u2018Seamus Heaney, \u2018District and Circle\u2019, The Literary Encyclopedia, ed. Cristina Sandru (February 2012) https:\/\/www.litencyc.com\/php\/sworks.php?rec=true&amp;UID=30917<\/p>\n<p>\u2018Is There Freedom Afterwards? A Dialogue between Paradise Lost and DeLillo\u2019s Falling Man\u2019. <em>Milton Studies<\/em> 53 (2012), ed. Laura Knoppers, Duquesne University Press, pp. 235-255. ISBN-10: 0820704512; ISBN-13: 978-0820704517<\/p>\n<p>\u2018Introduction: On Re-reading\u2019, in <em>Re-reading \/ La relecture,<\/em> eds. Rachel Falconer and Andrew Oliver (Newcastle: Cambridge Scholars Press, 2012), pp. 1 -12.<\/p>\n<p>with Philip Lindholm, \u201cJohn Keats.\u201d<em> Oxford Bibliographies in British and Irish Literature.<\/em> Ed. Andrew Hadfield. New York: Oxford University Press, 2013, revised 2017. https:\/\/www.oxfordbibliographies.com<\/p>\n<p>\u2018Tolkien\u2019s predecessors: William Morris, Lord Dunsany, David Lindsay\u2019 in Stuart D. Lee, ed., <em>A Companion to J. R.R. Tolkien<\/em>, pp. 303-316. Oxford: Wiley-Blackwell, 2014. ISBN: 978-0-470-65982-3; Second edition, 2021: ISBN-13: 9781119691402.<\/p>\n<p>\u2018Introduction\u2019 in <em>Kathleen Jamie: Essays and Poems on her Work<\/em>. Edinburgh: Edinburgh University Press, 2014.<\/p>\n<p>\u2018Midlife Music: Kathleen Jamie\u2019s The Overhaul and Frissure\u2019 in K<em>athleen Jamie: Essays and Poems on her Work.<\/em> Edinburgh: Edinburgh University Press, 2014.<\/p>\n<p>\u2018Facing the Other through Metaphor: Primo Levi\u2019s The Periodic Table and other writings\u2019, <em>JLS (British Journal of Literature and Science)<\/em> 8.2 (2015), pp. 53-71, ISSN 1754-646X. https:\/\/www.literatureandscience.org<\/p>\n<p>\u2018Faire face \u00e0 l\u2019Autre au travers de la m\u00e9taphore : Le Syst\u00e8me p\u00e9riodique de Primo Levi et autres \u0153uvres\u2019, trans. Juliette Loesch, in L. Guido, M. Hennard, B. Maire, F. Panese, et N. Roelens, eds, <em>Visages. Histoires, repr\u00e9sentations, cr\u00e9ations,<\/em> Lausanne: Editions Biblioth\u00e8que d\u2019histoire de la m\u00e9decine et de la sant\u00e9, 2016, pp. 183-208.<\/p>\n<p>\u2018The Music of Heaney\u2019s Aeneid VI\u2019, <em>Comparative Literature<\/em> 69:4 (December 2017), pp. 430-448. DOI 10.1215\/00104124-4260409<\/p>\n<p>\u2018Wordsworth Unenglished\u2019, in <em>Fashioning England and the English: Literature, Nation, Gender,<\/em> eds. Rahel Orgis and Matthias Heim (Basingstoke: Palgrave Macmillan, 2018), pp. 171-200.<\/p>\n<p>\u2018Heaney, Pascoli and the Ends of Poetry\u2019, in Thomas Harrison, guest ed., <em>The Ends of Poetry,<\/em> California Italian Studies Vol 8 (Feb 2019). Online: https:\/\/escholarship.org\/uc\/item\/9cf9h0qc<\/p>\n<p>\u2018Heaney and Virgil\u2019s Underworld Journey\u2019 in eds., Stephen Harrison, Fiona Macintosh, Claire Kenward and Helen Eastman, <em>Seamus Heaney and the Classics: Bann Valley Muses.<\/em> Oxford: Oxford University Press, 2019.<\/p>\n<p>\u2018Memory and Forgetfulness in Seamus Heaney\u2019s Underworlds\u2019, in Scherer and Falconer, eds., <em>Katabasis and the Quest for Remembrance.<\/em> London: Routledge, 2019 .<\/p>\n<p>\u2018Wordsworth\u2019s Soundings in the <em>Aeneid<\/em>\u2019, in <em>Romanticism <\/em>26:1 (2020), pp. 23-37. ISSN 1354-991x. Online ISSN:\u00a01750-0192. DOI 10.3366\/rom.2020.0445<\/p>\n<p>\u2018<em>Terra tremens<\/em>: <em>katabasis<\/em> in Seamus Heaney\u2019s <em>District and Circle<\/em>\u2019, in Margaret Kean, ed., <em>The Literature of Hell<\/em><em>.<\/em> Martlesham, Suffolk: Boydell &amp; Brewer, June 2021, pp. 133-158. ISBN-10: \u200e1843846098; ISBN-13:978-1843846093.<\/p>\n<p>\u2018Animal Studies\u2019 in Karen Coats and Deborah Stevenson, eds., <em>A Companion to Children\u2019s Literature<\/em>. Oxford: Wiley-Blackwell, June 2022. ISBN 9781119038221<\/p>\n<p>&lsquo;Entre Belfast y Madrid: Seamus Heaney en el Inframundo&rsquo;, translated into Spanish by Claudia Alea Parrondo and Elena Castellanos Ortol\u00e1 asin <i>El relato m\u00edtico: Sus nuevas materialidades y dimensiones en las culturas contempor\u00e1eas\u00a0<\/i>(Comares Literatura, 2023), pp. 19-33. ISBN 978-84-1369-543-3.<\/p>\n<p>\u2018Between Belfast and Madrid: Seamus Heaney in the Underworld\u2019, in <em>CompLit: Journal of European Literature, Arts and Society <\/em>(Paris: Classiques Garnier, 2024).<\/p>\n<p>\u2018Migration and Exile in Heaney\u2019s Virgilian Pastoral\u2019 in <em>Irish Migrations and Classical Antiquity, <\/em>ed. Isabelle Torrance (London: Bloomsbury, 2024).<\/p>\n<p>&lsquo;Katabasis and Climate Change&rsquo;, in<em> Urban Undergrounds: Contemporary Literary and Cultural Perspectives<\/em>, eds. Patricia Garc\u00eda and David Pike (Oxon, New York: Routledge, 2025): 39-55. ISBN: 978\u20111\u2011032\u201190554\u20119 (hbk); ISBN: 978\u20111\u2011032\u201191463\u20113 (pbk); ISBN: 978\u20111\u2011003\u201155855\u20112 (ebk). <br \/>DOI: 10.4324\/9781003558552<\/p>\n<p><strong>REVIEWS<\/strong><\/p>\n<p>\u2018Cutting the Heroics: Ferdowsi\u2019s The Legend of Seyavash translated by Dick Davis\u2019. In <em>Edebiyat: the Journal of Middle Eastern Literatures<\/em> 6:1 (1995): 143-66, ISSN 0364-6505<\/p>\n<p>&lsquo;Colin Graham, Ideologies of Epic: Nation, Empire and Victorian Epic Poetry.&rsquo; In: <em>The Tennyson Research Bulletin<\/em>\u00a07:2 (November 1998): 103-106, ISSN 0082-2841<\/p>\n<p>&lsquo;Sue Vice, Introducing Bakhtin.&rsquo; In: <em>Dialogism: an International Journal of Bakhtin Studies<\/em> 1 (1998): 118-19, ISSN 1365-0367<\/p>\n<p>&lsquo;William Kilbrener, Milton\u2019s Warring Angels: a Study of Critical Engagements\u2019. In: English Language Notes 36:3 (March 1999): 82-85, ISSN 00138282<\/p>\n<p>&lsquo;David Norbrook, Writing the English Republic.&rsquo; In: Milton Quarterly 34:1 (March 2000): 25-29, ISSN 0026-4326<\/p>\n<p>&lsquo;Catherine Maxwell, The Female Sublime from Milton to Swinburne: Bearing Blindness.&rsquo; In: The Tennyson Research Bulletin 7:5 (November 2001): 270-272, ISSN 0082-2841<\/p>\n<p>&lsquo;Jennifer Fraser, Rite of Passage in the Narratives of Dante and Joyce.&rsquo; In: Canadian Review of Comparative Literature\/Revue Canadienne de Litt\u00e9rature Compar\u00e9e 2004.<\/p>\n<p>&lsquo;Zoe Waxman, Writing the Holocaust: Identity, Testimony, Representation.&rsquo; In: <em>The Journal of Jewish Culture and History<\/em> 2006.<\/p>\n<p>&lsquo;Valeria Tinkler-Villani and C. C. Barfoot, eds., Restoring the Mystery of the Rainbow: Literature\u2019s Refraction of Science (Amsterdam: Rodopi, 2011), 2 vols.&rsquo; In: <em>Comparative Critical Studies<\/em> 2011.<\/p>\n<p>&lsquo;Robert Harrison, Juvenescence&rsquo; (Chicago: Chicago University Press, 2015). In: <em>Children\u2019s Literature<\/em> 46 (2016): 284-92.<\/p>\n<p>&lsquo;Jonathan Culler, Theory of the Lyric&rsquo; (Cambridge, MASS: Harvard University Press, 2015). In <em>Wenshan Review of Literature and Culture,<\/em> Dec 2016.<\/p>\n<p>&lsquo;Marie-Luise Egbert (ed.). The Life of Birds in Literature (Trier: Wissenschaftlicher Verlag Trier, 2015).&rsquo; In: <em>Anglia\/Journal of English Philology<\/em> 135\/1 (March 2017).<\/p>\n<div class=\"page\" title=\"Page 8\">\n<div class=\"layoutArea\">\n<div class=\"column\">\n<div class=\"page\" title=\"Page 1\">\n<div class=\"layoutArea\">\n<div class=\"column\">\n<p>Juan Christian Pellicer, &lsquo;Preposterous Virgil: Reading through Stoppard, Auden, Wordsworth, Heaney&rsquo;. In: <em>Translation and Literature<\/em> 31 (2022), pp. 381-388. DOI: 10.3366\/tal.2022.0523<\/p>\n<\/div>\n<\/div>\n<\/div>\n<\/div>\n<\/div>\n<\/div>\n<p><strong>JOURNALISM, THEATRE REVIEWS AND OTHER WRITING<\/strong><\/p>\n<p>Around twenty articles for <em>The Patent Trader, <\/em>Chappaqua, New York (1979-80).<\/p>\n<p>\u2018Theatre in Prague, Past and Present\u2019, Contemporary Review 262 (January 1993), pp. 32-39.<\/p>\n<p>\u2018Edinburgh International Festival and Fringe\u2019, review article in <em>Divadelni Noviny,<\/em> Prague (September, 1992).<\/p>\n<p>\u2018Divadlo Na Zabradli: Back Again\u2019, in <em>Prognosis<\/em>, Prague (12 June, 1992): article on the history and re-opening of Vaclav Havel\u2019s Theatre on the Balustrade.<\/p>\n<p>Around twenty 200 to 500-word theatre reviews for <em>Plays and Players<\/em> and <em>The Oxford Times<\/em> (1992-93).<\/p>\n<p>\u2018Prague Impromptu\u2019, Exeter College Register 1992, pp. 61-67.<\/p>\n<p><em>Reptile Rhymes<\/em>, poems by Gaston Hall, illustrations by Rachel Falconer. Kenilworth, Warks.: Richmond House, 2002. ISBN 0-9543814-1-6<\/p>\n<p>\u2018The man not chosen\u2019 (poem), translated into Czech by Tom\u00e1\u0161 M\u00edka and published as \u2018Ten neprav\u00fd\u2019, in <em>Den\u00edk rychl\u00e9ho ?lov?ka<\/em> (Prague: Argo, 2007), pp. 82-83, ISBN 978-80-7203-908-1<\/p>\n<p><strong>EDUCATIONAL VIDEOS AND ONLINE LECTURES<\/strong><\/p>\n<p>Living Literature, the Classics and You: Milton\u2019s Paradise Lost. Educational video for Governors State University Education Series (Illinois, 1994).<\/p>\n<p>Kiddult Fiction. Educational video for University of Sheffield (2002).<\/p>\n<p>The Crossover Novel. Recorded for CILIP Education Librarians Group (2009) <a href=\"https:\/\/www.cilip.org.uk\">https:\/\/www.cilip.org.uk<\/a><\/p>\n<p>\u2018Hot Poets: Poetry in a Time of Climate Change\u2019, Cours public,\u00a0<em>Durabilitt\u00e9rature,\u00a0<\/em>Centre interdisciplinaire d\u2019\u00e9tude des litt\u00e9ratures de l\u2019Universit\u00e9 de Lausanne (12 Oct 2022) <a href=\"https:\/\/www.youtube.com\/watch?v=w3PUIJmVwMo\">https:\/\/www.youtube.com\/watch?v=w3PUIJmVwMo<\/a><\/p>\n<p><strong>INTERVIEWS FOR RADIO, TV, INTERNET AND FILM<\/strong><\/p>\n<p>\u2018Representations of Hell in literature and film.\u2019 Interview for Odyssey, Chicago Public Radio (4 March 2005).\u00a0<a href=\"https:\/\/www.wbez.org\/\">https:\/\/www.wbez.org\/<\/a><\/p>\n<p>\u2018Hell in contemporary literature\u2019. Interview for \u2018The Current\u2019, Canadian Broadcasting Corporation, CBC Radio 1 (9 April 2007).\u00a0<a href=\"https:\/\/www.cbc.ca\/thecurrent\/\">https:\/\/www.cbc.ca\/thecurrent\/<\/a><\/p>\n<p>\u2018How to be Creative\u2019. Interview for Professor Noel Sharkey\u2019s \u2018The Sound of Science\u2019 Programme, Sheffield Live! Promoting the first event in the Arts-Science Encounters at University of Sheffield (93.2FM; 10 April 2009).<a href=\"https:\/\/soundofscience.wordpress.com\/\">https:\/\/soundofscience.wordpress.com\/<\/a><\/p>\n<p>\u2018Heaney and Virgil\u2019. Film interview for Michael Parker, Esther Armstrong and Stephen Regan, A Holding Field: Seamus Heaney and Translation, National Library of Ireland, Dublin (27 Sept 2018).\u00a0<a href=\"https:\/\/ualresearchonline.arts.ac.uk\/id\/eprint\/9869\/\">https:\/\/ualresearchonline.arts.ac.uk\/id\/eprint\/9869\/<\/a><\/p>\n<p>\u2018The Crossover Phenomenon\u2019, Interview for BBC Radio 4, Archive on 4, \u2018Once Upon a Time\u2019, presented by Katherine Rundell (recorded 8 Dec 2021). <a href=\"https:\/\/www.bbc.co.uk\/programmes\/b00hg8dq\">https:\/\/www.bbc.co.uk\/programmes\/b00hg8dq<\/a><\/p>\n<p>\u2018Urban Badgers in South Oxfordshire: Under Threat from Development\u2019, Interview for BBC South TV (broadcast 27 January 2022) <a href=\"https:\/\/www.bbc.co.uk\/programmes\/b006pfl4\">https:\/\/www.bbc.co.uk\/programmes\/b006pfl4<\/a><\/p>\n<p>\u2018Research Records\u2019, Rachel Falconer interviewed by Professor Anthony Ryan, Director of Grantham Institute for Sustainable Futures, 11 July 2023. Available on Spotify and Mixcloud\u2018<\/p>\n<p>Conversation with the UK Poet Laureate, Simon Armitage\u2019, recorded May 20, 2022. Film available to members of the <a href=\"https:\/\/www.societe-de-lecture.ch\/en\/\">Societ\u00e9 de Lecture, Geneva.<\/a><\/p>\n<p>\u2018Conversation with the Scots Makar [Poet Laureate for Scotland], Kathleen Jamie\u2019, recorded May 8, 2024. Film available to members of the <a href=\"https:\/\/www.societe-de-lecture.ch\/en\/\">Societ\u00e9 de Lecture, Geneva.<\/a><\/p>\n<p>&nbsp;<\/p>\n\n\n<p><\/p>\n\n\n\n<p><\/p>\n","protected":false},"excerpt":{"rendered":"<p>BOOKS Seamus Heaney, Virgil and the Good of Poetry. Sole author. Edinburgh: Edinburgh University Press, Feb. 2022. ISBN 978-1-474-45439-1https:\/\/edinburghuniversitypress.com\/book-seamus-heaney-virgil-and-the-good-of-poetry.htmlReview:\u00a0Translation and Literature\u00a031 (2022), 268-273;\u00a0Times Literary Supplement,\u00a02 Sept 2022. A Quest for Remembrance: The Underworld in Classical and Modern Literature. Contributing editor, with Madeleine Scherer. London: Routledge, 2019. ISBN 978 0 367 35886 0https:\/\/www.routledge.com\/A-Quest-for-Remembrance-The-Underworld-in-Classical-and-Modern-Literature\/Scherer-Falconer\/p\/book\/9781032239576Review: The Polish Review &hellip; <\/p>\n<p class=\"link-more\"><a href=\"https:\/\/people.unil.ch\/rachelfalconer\/publications\/\" class=\"more-link\">Continuer la lecture<span class=\"screen-reader-text\"> de &laquo;&nbsp;Publications&nbsp;&raquo;<\/span><\/a><\/p>\n","protected":false},"author":21,"featured_media":782,"parent":0,"menu_order":1,"comment_status":"closed","ping_status":"closed","template":"","meta":{"_seopress_robots_primary_cat":"","_seopress_titles_title":"","_seopress_titles_desc":"","_seopress_robots_index":"","footnotes":""},"class_list":["post-47","page","type-page","status-publish","has-post-thumbnail"],"_links":{"self":[{"href":"https:\/\/people.unil.ch\/rachelfalconer\/wp-json\/wp\/v2\/pages\/47","targetHints":{"allow":["GET"]}}],"collection":[{"href":"https:\/\/people.unil.ch\/rachelfalconer\/wp-json\/wp\/v2\/pages"}],"about":[{"href":"https:\/\/people.unil.ch\/rachelfalconer\/wp-json\/wp\/v2\/types\/page"}],"author":[{"embeddable":true,"href":"https:\/\/people.unil.ch\/rachelfalconer\/wp-json\/wp\/v2\/users\/21"}],"replies":[{"embeddable":true,"href":"https:\/\/people.unil.ch\/rachelfalconer\/wp-json\/wp\/v2\/comments?post=47"}],"version-history":[{"count":2,"href":"https:\/\/people.unil.ch\/rachelfalconer\/wp-json\/wp\/v2\/pages\/47\/revisions"}],"predecessor-version":[{"id":916,"href":"https:\/\/people.unil.ch\/rachelfalconer\/wp-json\/wp\/v2\/pages\/47\/revisions\/916"}],"wp:featuredmedia":[{"embeddable":true,"href":"https:\/\/people.unil.ch\/rachelfalconer\/wp-json\/wp\/v2\/media\/782"}],"wp:attachment":[{"href":"https:\/\/people.unil.ch\/rachelfalconer\/wp-json\/wp\/v2\/media?parent=47"}],"curies":[{"name":"wp","href":"https:\/\/api.w.org\/{rel}","templated":true}]}}