{"id":841,"date":"2023-05-31T10:37:29","date_gmt":"2023-05-31T08:37:29","guid":{"rendered":"https:\/\/people.unil.ch\/rachelfalconer\/?page_id=841"},"modified":"2023-12-31T00:14:44","modified_gmt":"2023-12-30T23:14:44","slug":"keynotes-and-invited-papers","status":"publish","type":"page","link":"https:\/\/people.unil.ch\/rachelfalconer\/keynotes-and-invited-papers\/","title":{"rendered":"Keynotes &amp; Invited Papers"},"content":{"rendered":"\n<p>\u2018Crossover Literature: definitions, boundaries, and educational possibilities\u2019, Southwest\/Texas Popular Culture\/ American Culture Associations Annual Conference, New Mexico, March 2001.<\/p>\n\n\n\n<p>\u2018Hell and Back: the Katabatic Imagination,\u2019 keynote address for <em>Undergrounds<\/em>, a British Comparative Literature Conference, University of Manchester, Jan 2003.<\/p>\n\n\n\n<p>\u2018Tolkien, Dante and Crossover Epic,\u2019 Tenth Annual NCRCL\/British IBBY Conference, Books and Boundaries: Writers and their Audiences, University of Surrey, Roehampton Institute, 15 Nov 2003.<\/p>\n\n\n\n<p>\u2018Teaching Primo Levi,\u2019 English Subject Centre Conference, Teaching Holocaust Writing and Film, London University, 18-19 Feb 2005.<\/p>\n\n\n\n<p>\u2018Teaching \u201cDual-aged\u201d Fiction,\u2019 English Subject Centre Conference, Teaching Children\u2019s Literature, Durham University, 20 May 2005.<\/p>\n\n\n\n<p>\u2018Philip Pullman\u2019s <em>His Dark Materials<\/em> and its adult cross-readers\u2019, University of West of England, 15 Oct 2005.<\/p>\n\n\n\n<p>\u2018The London Underground and the Descent to the Underworld,\u2019 keynote address for <em>Urban Underworld: London&rsquo;s cultural and spatial undergrounds from 1820 to the present<\/em><em>,<\/em> University of Cambridge, Sept 2006.<\/p>\n\n\n\n<p>\u2018Katabatic narratives, global politics and religion,\u2019 opening address for <em>Hell and Its Afterlife,<\/em> a week-long international, inter-disciplinary conference organised by the University of Utah, Oct 2006.<\/p>\n\n\n\n<p>\u2018Heterochronic Representations of the Fall: Bakhtin, Milton, DeLillo\u2019; one of fifteen invited international speakers delivering papers at Bakhtin\u2019s Theory of the Literary Chronotope: Reflections, Applications, Perspectives, University of Ghent in Brussels, 28-29 June 2008.<\/p>\n\n\n\n<p>\u2018Imagination in Children\u2019s Literature,\u2019 University of Newcastle Research Seminar series, 20 April 2009.<\/p>\n\n\n\n<p>\u2018Releasing your Inner Angel: David Almond&rsquo;s&nbsp;<em>Skellig<\/em>&nbsp;for&nbsp;children&nbsp;and&nbsp;adults\u2019, Crucible Theatre, Sheffield, Oct 2009.<\/p>\n\n\n\n<p>\u2018Can Literature Help Save the Planet?\u2019 <em>What Happens Now: 21C Writing in English \u2013 the First Decade, <\/em>University of Lincoln, July 2010.<\/p>\n\n\n\n<p>&lsquo;Primo Levi&rsquo;s <em>If This is a Man<\/em>&lsquo;. <em>Literature and the Human. <\/em>University of Neuchatel, MA Seminar, 20 April 2011.<\/p>\n\n\n\n<p>&lsquo;Afflatious Encounters: les oiseaux dans la po\u00e9sie contemporaine britannique&rsquo;, Inaugural Lecture, University of Lausanne, 22 March 2012.<\/p>\n\n\n\n<p>&lsquo;Litt\u00e9rature et musique anglaise du 17<sup>e<\/sup> au 21<sup>e<\/sup> si\u00e8cle: r\u00e9flexion et interrogation autour de l&rsquo;\u00e9volution de la litt\u00e9rature et de la musique \u00e0 l&rsquo;int\u00e9rieure d&rsquo;un m\u00eame pays&rsquo;. Lecture and concert of English music performed by cellist Pascal Desarzens and other musicians, for <em>Association \u00e0 Piacere<\/em>. Caveau du Singe Vert, Lutry, 13 April 2012. Repeat performance at Eglise Saint-Vincent, Montreux, 20 April 2012.<\/p>\n\n\n\n<p>&lsquo;Afflatious Encounters: birds in contemporary British poetry&rsquo;, keynote address, SAUTE (Swiss Association of University Teachers of English), University of Neuch\u00e2tel, 27 April 2012.<\/p>\n\n\n\n<p>\u2018Birds, Poetry and Music\u2019. Interdisciplinary conference, <em>Inspiration for Life, Lectures in Celebration of the Life of Dr Tim Richardson, <\/em>Department of Physics, University of Sheffield, March 2013.<\/p>\n\n\n\n<p>&lsquo;Yeats and Heaney: reading and discussion&rsquo;, <em>To the waters and the wild: A Selection of Irish Maritime Poetry through the Ages<\/em>, Lausanne Irish Study Group. 20 April 2013.<\/p>\n\n\n\n<p>\u2018Wonderstruck, the Threshold Crossing into Other Worlds: <em>Alice&rsquo;s Adventures in Wonderland <\/em>and <em>The Narnian Chronicles<\/em>\u2019. Formation Continue, University of Lausanne, 12 Sept 2014.<\/p>\n\n\n\n<p>&lsquo;Listening with Poetry: Jean-Luc Nancy and Seamus Heaney&rsquo;. University of Geneva, Modern and Contemporary Literature Doctoral Workshop, 16 Oct 2014.<\/p>\n\n\n\n<p>\u2018Seamus Heaney and the Underworld Journey in Virgil\u2019s <em>Aeneid 6<\/em>\u2019.&nbsp; <em>Classical Presences in Seamus Heaney\u2019s Poetry. <\/em>University of Oxford, 17 July 2015.<\/p>\n\n\n\n<p>\u2018Gravitas and Light: Heaney\u2019s Virgilian Measure\u2019, <em>Traduire le rythme, <\/em>Centre for Translation Studies, University of Lausanne, 29 April 2016.<\/p>\n\n\n\n<p>\u2018Byron, the Shelleys and the Summer of 1816\u2019, public event organised by Prof Patrick Vincent (Neuchatel University), Chateau de Chillon, Veytaux, 23 May 2016. Participant in reading of \u2018Prisoner of Chillon\u2019 and panel discussion.<\/p>\n\n\n\n<p>\u2018Hosting Otherness: Lyric, Epic, Rhythm, Voice\u2019, Interdisciplinary CUSO conference, \u2018Internationaliser les \u00e9tudes lyriques\u2019, Leysin &amp; Grand Chalet, Kuklos, 6-7 Oct 2016.<\/p>\n\n\n\n<p>\u2018Epic Distortions of Lyric in Heaney\u2019s \u2018Riverbank Field\u2019 <em>First International Conference of the Network for the Study of Lyric, <\/em>Boston University, June 2017.<\/p>\n\n\n\n<p>\u2018Of Bugs, Birds, and Poets: Undersongs of the Natural World\u2019, <em>Green Thought in a Green Shade: Literature and the Environment, <\/em>Formation Continue, Lausanne, Sept 2017.<\/p>\n\n\n\n<p>\u2018Seamus Heaney\u2019s \u201cRoute 110\u201d and Virgil\u2019, guest seminar in \u2018Seamus Heaney and Translation\u2019, Department of Continuing Education, University of Oxford, April 2019.<\/p>\n\n\n\n<p>\u2018Wordsworth UnEnglished: the <em>Aeneid <\/em>translations\u2019, keynote lecture for The Wordsworth International Summer Conference, Rydal, Cumbria, 12 August 2019.<\/p>\n\n\n\n<p>\u2018Coming of Age in a Fantasy World: Pullman\u2019s <em>His Dark Materials<\/em>\u2019, Formation Continue. University of Lausanne, 6 Sept 2019.<\/p>\n\n\n\n<p>\u2018Afflatious Encounters: Human and Avian Encounters in Modern and Contemporary Poetry\u2019 for <em>The Place of Poetry in 21<sup>st<\/sup> Century Culture<\/em>. University of Lausanne, Sept 2021.<\/p>\n\n\n\n<p>\u2018Heaney and Virgil\u2019, <em>LA TRADUCTION LITT\u00c9RAIRE AUJOURD\u2019HUI&nbsp;: La PO\u00c9SIE entre le XIX<sup>e<\/sup>&nbsp;et XXI<sup>e<\/sup>&nbsp;si\u00e8cle.<\/em> Bergame University Summer School, 3 &#8211; 8 June 2021.<\/p>\n\n\n\n<p>\u2018From the Prado to Hades&nbsp;: Seamus Heaney in the Underworld\u2019, plenary lecture, <em>Mythos, Pathos, Ethos, <\/em>Complutense University, Madrid, 17 June 2022.<\/p>\n\n\n\n<p>\u2018Hot Poets: Poetry in a Time of Climate Change\u2019, Cours public, <em>Durabilitt\u00e9rature, <\/em>Centre interdisciplinaire d\u2019\u00e9tude des litt\u00e9ratures de l\u2019Universit\u00e9 de Lausanne, 12 Oct 2022. <a href=\"https:\/\/www.youtube.com\/watch?v=w3PUIJmVwMo\">https:\/\/www.youtube.com\/watch?v=w3PUIJmVwMo<\/a><\/p>\n\n\n\n<p>\u2018Migration and Exile in Heaney\u2019s Virgilian Pastoral\u2019, <em>Irish Migrations and Classical Antiquity, <\/em>Aarhus University, Denmark, 1-3 November 2022.<\/p>\n\n\n\n<p>\u2018Tolkien\u2019s Environmentalist Vision\u2019, lecture for SCOPE (Students\u2019 Committee Obsessively Passionate about English), plus Q&amp;A, University of Lausanne, 21 March, 2023.<\/p>\n\n\n\n<p>\u2018Contemporary ecofeminist poetry\u2019, introductory lecture for <em>\u00c9crire les eaux <\/em>(<em>Writing water<\/em>), dans le cadre du <em>Printemps de la Po\u00e9sie<\/em>, Centre Interdisciplinaire d\u2019\u00e9tude des litt\u00e9ratures (CIEL), in conjunction with Pascale Petit poetry reading, University of Lausanne, 29 March, 2023.<\/p>\n\n\n\n<p>\u2018Katabasis and the Anthropocene\u2019, opening keynote lecture, <em>Underground Imaginaries, <\/em>Universidad de Alcal\u00e1, Spain, ESCL (European Society of Comparative Literature), 24-26 May 2023.<\/p>\n\n\n\n<p>\u2018Mapping a Life through the Elements: Earth, Water, Fire and Air in Seamus Heaney\u2019s Poetry\u2019, Department of English, University of Oslo, Norway, 13 October 2023.<\/p>\n","protected":false},"excerpt":{"rendered":"<p>\u2018Crossover Literature: definitions, boundaries, and educational possibilities\u2019, Southwest\/Texas Popular Culture\/ American Culture Associations Annual Conference, New Mexico, March 2001. \u2018Hell and Back: the Katabatic Imagination,\u2019 keynote address for Undergrounds, a British Comparative Literature Conference, University of Manchester, Jan 2003. \u2018Tolkien, Dante and Crossover Epic,\u2019 Tenth Annual NCRCL\/British IBBY Conference, Books and Boundaries: Writers and their &hellip; <\/p>\n<p class=\"link-more\"><a href=\"https:\/\/people.unil.ch\/rachelfalconer\/keynotes-and-invited-papers\/\" class=\"more-link\">Continuer la lecture<span class=\"screen-reader-text\"> de &laquo;&nbsp;Keynotes &amp; Invited Papers&nbsp;&raquo;<\/span><\/a><\/p>\n","protected":false},"author":21,"featured_media":0,"parent":0,"menu_order":0,"comment_status":"closed","ping_status":"closed","template":"","meta":{"_seopress_robots_primary_cat":"","_seopress_titles_title":"","_seopress_titles_desc":"","_seopress_robots_index":"","footnotes":""},"class_list":["post-841","page","type-page","status-publish"],"_links":{"self":[{"href":"https:\/\/people.unil.ch\/rachelfalconer\/wp-json\/wp\/v2\/pages\/841","targetHints":{"allow":["GET"]}}],"collection":[{"href":"https:\/\/people.unil.ch\/rachelfalconer\/wp-json\/wp\/v2\/pages"}],"about":[{"href":"https:\/\/people.unil.ch\/rachelfalconer\/wp-json\/wp\/v2\/types\/page"}],"author":[{"embeddable":true,"href":"https:\/\/people.unil.ch\/rachelfalconer\/wp-json\/wp\/v2\/users\/21"}],"replies":[{"embeddable":true,"href":"https:\/\/people.unil.ch\/rachelfalconer\/wp-json\/wp\/v2\/comments?post=841"}],"version-history":[{"count":0,"href":"https:\/\/people.unil.ch\/rachelfalconer\/wp-json\/wp\/v2\/pages\/841\/revisions"}],"wp:attachment":[{"href":"https:\/\/people.unil.ch\/rachelfalconer\/wp-json\/wp\/v2\/media?parent=841"}],"curies":[{"name":"wp","href":"https:\/\/api.w.org\/{rel}","templated":true}]}}