{"id":105,"date":"2020-10-14T21:01:24","date_gmt":"2020-10-14T19:01:24","guid":{"rendered":"https:\/\/people.unil.ch\/seanmuller\/?page_id=105"},"modified":"2022-03-04T11:02:10","modified_gmt":"2022-03-04T10:02:10","slug":"survey","status":"publish","type":"page","link":"https:\/\/people.unil.ch\/seanmuller\/survey\/","title":{"rendered":"Federal Political Culture"},"content":{"rendered":"\n<p>In fall 2020, we began a research project on culture, federalism and politics &#8211; or &#8220;federal political culture&#8221;, for short. We cover the following countries: Switzerland, Belgium, France, Canada, the US and Australia. We thank all the people who participated in our online survey in winter 2020\/21. 4 papers are currently being worked on.<\/p>\n\n\n\n<p class=\"has-normal-font-size\"><strong>Project leaders:<\/strong><\/p>\n\n\n\n<p><a href=\"https:\/\/people.unil.ch\/seanmuller\/\" data-type=\"page\" data-id=\"6\">Prof. Sean Mueller<\/a>, IEP Universit\u00e9 de Lausanne, Switzerland<\/p>\n\n\n\n<p><a rel=\"noreferrer noopener\" href=\"https:\/\/pirminbundi.com\" target=\"_blank\">Prof. Pirmin Bundi<\/a>, IDHEAP Universit\u00e9 de Lausanne, Switzerland<\/p>\n\n\n\n<p><strong>Team members:<\/strong><\/p>\n\n\n\n<p><a href=\"https:\/\/www.concordia.ca\/faculty\/antoine-bilodeau.html\" target=\"_blank\" rel=\"noreferrer noopener\">Prof. Antoine Bilodeau<\/a>, Universit\u00e9 Concordia \u00e0 Montr\u00e9al, Canada<\/p>\n\n\n\n<p><a href=\"https:\/\/www.griffith.edu.au\/griffith-business-school\/departments\/government-international-relations\/contact-us\/aj-brown\" target=\"_blank\" rel=\"noreferrer noopener\">Prof. AJ Brown<\/a>, Griffith University, Australia<\/p>\n\n\n\n<p><a href=\"https:\/\/dardanelli.net\" target=\"_blank\" rel=\"noreferrer noopener\">Dr. Paolo Dardanelli<\/a>, University of Kent, UK<\/p>\n\n\n\n<p><a href=\"https:\/\/staff-profiles.cqu.edu.au\/home\/view\/24803?ignoreLogin=1\" target=\"_blank\" rel=\"noreferrer noopener\">Dr. Jacob Deem<\/a>, Central Queensland University, Australia<\/p>\n\n\n\n<p><a href=\"https:\/\/govlaw.lafayette.edu\/people\/john-kincaid\/\" target=\"_blank\" rel=\"noreferrer noopener\">Prof. John Kincaid<\/a>, Lafayette College, USA<\/p>\n\n\n\n<p><a href=\"https:\/\/uniweb.uottawa.ca\/members\/809\" target=\"_blank\" rel=\"noreferrer noopener\">Prof. Andr\u00e9 Lecours<\/a>, University of Ottawa, Canada<\/p>\n\n\n\n<p><a rel=\"noreferrer noopener\" href=\"https:\/\/applicationspub.unil.ch\/interpub\/noauth\/php\/Un\/UnPers.php?PerNum=870629&amp;LanCode=8\" target=\"_blank\">Prof. Oscar Mazzoleni<\/a>, OVPR University of Lausanne, Switzerland<\/p>\n\n\n\n<p><a href=\"https:\/\/directory.unamur.be\/staff\/cniessen?_LOCALE_=en\" target=\"_blank\" rel=\"noreferrer noopener\">Christoph Niessen<\/a>, Universit\u00e9 Catholique de Louvain &amp; Universit\u00e9 de Namur, Belgium<\/p>\n\n\n\n<p><a rel=\"noreferrer noopener\" href=\"https:\/\/uclouvain.be\/fr\/repertoires\/min.reuchamps\" target=\"_blank\">Prof. Min Reuchamps<\/a>, Universit\u00e9 Catholique de Louvain, Belgium<\/p>\n\n\n\n<p><a href=\"https:\/\/cdp-hrc.uottawa.ca\/en\/people\/rocher-francois\" target=\"_blank\" rel=\"noreferrer noopener\">Prof. Fran\u00e7ois Rocher<\/a>, University of Ottawa, Canada<\/p>\n\n\n\n<p><\/p>\n","protected":false},"excerpt":{"rendered":"<p>In fall 2020, we began a research project on culture, federalism and politics &#8211; or &#8220;federal political culture&#8221;, for short. We cover the following countries: Switzerland, Belgium, France, Canada, the US and Australia. We thank all the people who participated in our online survey in winter 2020\/21. 4 papers are currently being worked on. Project [&hellip;]<\/p>\n","protected":false},"author":1001104,"featured_media":0,"parent":0,"menu_order":0,"comment_status":"closed","ping_status":"closed","template":"","meta":{"_seopress_robots_primary_cat":"","_seopress_titles_title":"","_seopress_titles_desc":"","_seopress_robots_index":"","footnotes":""},"class_list":["post-105","page","type-page","status-publish"],"_links":{"self":[{"href":"https:\/\/people.unil.ch\/seanmuller\/wp-json\/wp\/v2\/pages\/105","targetHints":{"allow":["GET"]}}],"collection":[{"href":"https:\/\/people.unil.ch\/seanmuller\/wp-json\/wp\/v2\/pages"}],"about":[{"href":"https:\/\/people.unil.ch\/seanmuller\/wp-json\/wp\/v2\/types\/page"}],"author":[{"embeddable":true,"href":"https:\/\/people.unil.ch\/seanmuller\/wp-json\/wp\/v2\/users\/1001104"}],"replies":[{"embeddable":true,"href":"https:\/\/people.unil.ch\/seanmuller\/wp-json\/wp\/v2\/comments?post=105"}],"version-history":[{"count":0,"href":"https:\/\/people.unil.ch\/seanmuller\/wp-json\/wp\/v2\/pages\/105\/revisions"}],"wp:attachment":[{"href":"https:\/\/people.unil.ch\/seanmuller\/wp-json\/wp\/v2\/media?parent=105"}],"curies":[{"name":"wp","href":"https:\/\/api.w.org\/{rel}","templated":true}]}}