{"id":134,"date":"2022-03-04T12:25:56","date_gmt":"2022-03-04T11:25:56","guid":{"rendered":"https:\/\/people.unil.ch\/seanmuller\/?page_id=134"},"modified":"2025-01-14T11:29:13","modified_gmt":"2025-01-14T10:29:13","slug":"supervisions","status":"publish","type":"page","link":"https:\/\/people.unil.ch\/seanmuller\/supervisions\/","title":{"rendered":"Supervisions"},"content":{"rendered":"\n<p class=\"has-accent-color has-text-color\">PhD Theses (main supervisor)<\/p>\n\n\n\n<p>Alessia Setti: &#8220;Bridging Borders:\u00a0Theorising and Explaining European Cross-Border Integration&#8221; (<a href=\"https:\/\/wp.unil.ch\/subrise\/b-eu-borderlands\/\">2020\u201325<\/a>)<\/p>\n\n\n\n<p>Carlo Epifanio: &#8220;Governing the European Union City: An Urban Governance Comparative Analysis&#8221; (<a href=\"https:\/\/wp.unil.ch\/subrise\/c-urban-resistance\/\">2020\u201325<\/a>)<\/p>\n\n\n\n<p>May Thant Cynn: &#8220;A Federal Army for Myanmar?&#8221; (2022\u2013 25)<\/p>\n\n\n\n<p class=\"has-accent-color has-text-color\">PhD Theses (co-supervision)<\/p>\n\n\n\n<p>Kinga Koranyi, <a href=\"https:\/\/www.hertie-school.org\/en\/who-we-are\/profile\/person\/koranyi\">Hertie School of Governance<\/a> &#8211; fiscal federalism<\/p>\n\n\n\n<p>Great Udochi, <a href=\"https:\/\/nccr-onthemove.ch\/people\/udochi\/\">NCCR on the move\/Universit\u00e9 de Neuch\u00e2tel<\/a> &#8211; emigration and economic development<\/p>\n\n\n\n<p>Ilirjana Ajazaj, <a href=\"https:\/\/www.unil.ch\/idheap\/home\/menuinst\/unitescompetences\/politiques-publiques-et-evaluation\/collaborateurtrices.html\">IDHEAP Universit\u00e9 de Lausanne<\/a> &#8211; attitudes to federalism<\/p>\n\n\n\n<p class=\"has-accent-color has-text-color\">MA + BA theses<\/p>\n\n\n\n<p>C\u00e9ine Putto (MA, Uni Berne 2025): &#8220;Neutralit\u00e9 et politique de s\u00e9curit\u00e9 ext\u00e9rieure de la Suisse&#8221;<\/p>\n\n\n\n<p>R\u00fctil T\u00fcrkmen (BA, Uni Berne 2024): &#8220;Minderheiten und direkte Demokratie in den Kantonen, 2016\u20132024&#8221;<\/p>\n\n\n\n<p>Darryl Ackermann (MA, Uni Berne 2024): &#8220;Faktoren f\u00fcr den Wahlerfolg unabh\u00e4ngiger Kandidatinnen und Kandidaten&#8221;<\/p>\n\n\n\n<p>Yann Jaccard (MA, Uni Lausanne 2023): &#8220;La d\u00e9fense des int\u00e9r\u00eats des cantons romands&#8221;<\/p>\n\n\n\n<p>Flavia Stalder (MA, Uni Lucerne, 2022): &#8220;Die GLP zwischen Wirtschaft und Umwelt&#8221;<\/p>\n\n\n\n<p>Mateo Landolt (BA, Uni Lucerne, 2022): &nbsp;&#8220;Der Einfluss bestimmter Themenbereiche und der Themenvielfalt auf die Stimmbeteiligung&#8221;<\/p>\n\n\n\n<p>Benjamin Kurmann (BA, Uni Lucerne, 2022): &#8220;Nutzung und Erfolg parlamentarischer Instrumente im Obwaldner Kantonsrat (2010\u201320)&#8221;&nbsp;&#8211; <strong>pr\u00e4miert<\/strong><\/p>\n\n\n\n<p>Eva Affolter (BA, Uni Lucerne, 2021): &#8220;Polarisierung des Schweizer Parteiensystems?&#8221;<\/p>\n\n\n\n<p>Etienne Gerber (BA, Uni Lucerne, 2021): &#8220;Suburbanisierungsprozesse und Wahlverhalten in 25 Z\u00fcrcher Agglomerationsgemeinden&#8221;<\/p>\n\n\n\n<p>Urs Joller (BA, Uni Lucerne, 2021): &#8220;Wahlversprechen und Abstimmungsverhalten: Empirische Mixed Methods Studie zu Positionsver\u00e4nderungen von Nationalr\u00e4t*innen&#8221; &#8211; <strong>pr\u00e4miert<\/strong><\/p>\n\n\n\n<p>Nathalie Eggenberg (BA, Uni Bern, 2018): &#8220;Auswirkungen von kantonaler Integrationspolitik auf die Arbeitsmarktintegration von vorl\u00e4ufig Aufgenommenen&#8221;<\/p>\n","protected":false},"excerpt":{"rendered":"<p>PhD Theses (main supervisor) Alessia Setti: &#8220;Bridging Borders:\u00a0Theorising and Explaining European Cross-Border Integration&#8221; (2020\u201325) Carlo Epifanio: &#8220;Governing the European Union City: An Urban Governance Comparative Analysis&#8221; (2020\u201325) May Thant Cynn: &#8220;A Federal Army for Myanmar?&#8221; (2022\u2013 25) PhD Theses (co-supervision) Kinga Koranyi, Hertie School of Governance &#8211; fiscal federalism Great Udochi, NCCR on the move\/Universit\u00e9 [&hellip;]<\/p>\n","protected":false},"author":1001104,"featured_media":0,"parent":0,"menu_order":0,"comment_status":"closed","ping_status":"closed","template":"","meta":{"_seopress_robots_primary_cat":"","_seopress_titles_title":"","_seopress_titles_desc":"","_seopress_robots_index":"","footnotes":""},"class_list":["post-134","page","type-page","status-publish"],"_links":{"self":[{"href":"https:\/\/people.unil.ch\/seanmuller\/wp-json\/wp\/v2\/pages\/134","targetHints":{"allow":["GET"]}}],"collection":[{"href":"https:\/\/people.unil.ch\/seanmuller\/wp-json\/wp\/v2\/pages"}],"about":[{"href":"https:\/\/people.unil.ch\/seanmuller\/wp-json\/wp\/v2\/types\/page"}],"author":[{"embeddable":true,"href":"https:\/\/people.unil.ch\/seanmuller\/wp-json\/wp\/v2\/users\/1001104"}],"replies":[{"embeddable":true,"href":"https:\/\/people.unil.ch\/seanmuller\/wp-json\/wp\/v2\/comments?post=134"}],"version-history":[{"count":3,"href":"https:\/\/people.unil.ch\/seanmuller\/wp-json\/wp\/v2\/pages\/134\/revisions"}],"predecessor-version":[{"id":337,"href":"https:\/\/people.unil.ch\/seanmuller\/wp-json\/wp\/v2\/pages\/134\/revisions\/337"}],"wp:attachment":[{"href":"https:\/\/people.unil.ch\/seanmuller\/wp-json\/wp\/v2\/media?parent=134"}],"curies":[{"name":"wp","href":"https:\/\/api.w.org\/{rel}","templated":true}]}}