{"id":161,"date":"2022-09-05T17:30:45","date_gmt":"2022-09-05T15:30:45","guid":{"rendered":"https:\/\/people.unil.ch\/seanmuller\/?page_id=161"},"modified":"2023-12-05T11:20:33","modified_gmt":"2023-12-05T10:20:33","slug":"glossary","status":"publish","type":"page","link":"https:\/\/people.unil.ch\/seanmuller\/glossary\/","title":{"rendered":"Glossaire"},"content":{"rendered":"\n<p class=\"has-text-align-center has-primary-color has-text-color has-link-color has-small-font-size wp-elements-343288ace364a9933799a753ca0a1cb3\"><em>Voici le glossaire pour l&#8217;enqu\u00eate en cours en Belgique.<\/em><br><em><a href=\"https:\/\/people.unil.ch\/seanmuller\/woordenlijst\/\" data-type=\"page\" data-id=\"226\"><mark class=\"has-inline-color has-accent-color\">Klik hier voor de nederlandse versie<\/mark><\/a><\/em><\/p>\n\n\n\n<p class=\"has-accent-color has-text-color\"><strong>Questions politiques<\/strong><\/p>\n\n\n\n<ul class=\"wp-block-list\">\n<li>Une assembl\u00e9e citoyenne sur le <em>changement climatique<\/em> examinerait les mesures que la Belgique devrait adopter, le cas \u00e9ch\u00e9ant, pour r\u00e9duire ses \u00e9missions de gaz \u00e0 effet de serre (CO2 etc.)<\/li>\n\n\n\n<li>Une sur <em>l&#8217;int\u00e9gration des immigrant\u00b7es<\/em> aborderait les mesures que les r\u00e9gions et communaut\u00e9s auraient \u00e0 prendre pour permettre le&nbsp;vivre-ensemble harmonieux.<\/li>\n\n\n\n<li>Une sur la <em>r\u00e9forme de l&#8217;\u00c9tat<\/em> analyserait la r\u00e9partition des t\u00e2ches entre les diff\u00e9rents niveaux gouvernementaux (f\u00e9d\u00e9ration, r\u00e9gions, communaut\u00e9s, communes).<\/li>\n\n\n\n<li>Une sur la <em>p\u00e9r\u00e9quation financi\u00e8re<\/em> discuterait comment r\u00e9organiser les transferts fiscaux entre la Flandre et la Wallonie. Donc qui devrait payer ou recevoir plus ou moins d&#8217;argent.<\/li>\n<\/ul>\n\n\n\n<p class=\"has-accent-color has-text-color\"><strong>Conception<\/strong><\/p>\n\n\n\n<ul class=\"wp-block-list\">\n<li><em>Taille<\/em>&nbsp;: Une assembl\u00e9e citoyenne peut r\u00e9unir un petit (environ 20), un moyen (environ 150) ou un grand (environ 500) nombre de participants.<\/li>\n\n\n\n<li><em>Communaut\u00e9s<\/em>&nbsp;: Une assembl\u00e9e citoyenne peut \u00eatre cr\u00e9\u00e9e pour refl\u00e9ter toute la population adulte de la Belgique telle qu&#8217;elle est actuellement, ou pour garantir un nombre \u00e9gal de francophones et de flamand\u00b7es.<\/li>\n\n\n\n<li><em>Membres<\/em>&nbsp;: Une assembl\u00e9e citoyenne peut \u00eatre compos\u00e9e de citoyen\u00b7nes ordinaires et de politicien\u00b7nes \u00e9lus ou uniquement de citoyen\u00b7nes ordinaires.<\/li>\n\n\n\n<li><em>R\u00e9compense financi\u00e8re<\/em>&nbsp;: Les participant\u00b7es peuvent recevoir un salaire pour leur participation, n&#8217;avoir que leurs frais couverts (voyage et h\u00e9bergement) ou ne pas recevoir de compensation du tout.<\/li>\n\n\n\n<li><em>Transparence<\/em>&nbsp;: Une assembl\u00e9e citoyenne peut se r\u00e9unir en public ou \u00e0 huis clos, et ses d\u00e9cisions peuvent \u00eatre prises \u00e0 bulletin secret ou par un vote public (\u00e0 main lev\u00e9e, par exemple).<\/li>\n\n\n\n<li><em>Prise de d\u00e9cision<\/em>&nbsp;: Une d\u00e9cision peut \u00eatre prise \u00e0 majorit\u00e9 simple (50 % + 1). Les d\u00e9cisions peuvent \u00e9galement \u00eatre prises \u00e0 majorit\u00e9 qualifi\u00e9e (par exemple, au moins deux tiers du total ou des majorit\u00e9s s\u00e9par\u00e9es parmi les francophones et les flamand\u00b7es).<\/li>\n\n\n\n<li><em>R\u00e9sultat<\/em>&nbsp;: Une assembl\u00e9e citoyenne peut prendre une d\u00e9cision contraignante qui est directement mise en \u0153uvre. Alternativement, elle peut formuler une recommandation politique non contraignante et c&#8217;est aux \u00e9lu\u00b7es ou aux citoyen\u00b7nes, lors d&#8217;un r\u00e9f\u00e9rendum, de prendre la d\u00e9cision finale.<\/li>\n<\/ul>\n\n\n\n<p class=\"has-accent-color has-text-color\"><strong>Compromis<\/strong><\/p>\n\n\n\n<ul class=\"wp-block-list\">\n<li>Une assembl\u00e9e&nbsp;citoyenne<em>&nbsp;nombreuse<\/em>&nbsp;est&nbsp;plus repr\u00e9sentative&nbsp;du grand public. Mais elle&nbsp;est&nbsp;aussi&nbsp;plus compliqu\u00e9e&nbsp;\u00e0 g\u00e9rer.<\/li>\n\n\n\n<li>Une assembl\u00e9e&nbsp;s\u00e9lectionn\u00e9&nbsp;\u00e0 la&nbsp;<em>proportionnelle<\/em>&nbsp;refl\u00e8te mieux la population&nbsp;belge. En m\u00eame temps, il y aura une&nbsp;majorit\u00e9&nbsp;flamande&nbsp;et&nbsp;une minorit\u00e9 francophone.<\/li>\n\n\n\n<li>Si seule une&nbsp;<em>majorit\u00e9 simple<\/em>&nbsp;(50% + 1) est requise&nbsp;pour d\u00e9cider, l&#8217;assembl\u00e9e&nbsp;sera&nbsp;plus&nbsp;efficace. Cependant, la d\u00e9cision pourrait&nbsp;ne&nbsp;pas avoir le soutien&nbsp;\u00e9gal&nbsp;des francophones et des flamand\u00b7es.<\/li>\n\n\n\n<li>Permettre au&nbsp;grand public&nbsp;<em>d&#8217;observer<\/em>&nbsp;une assembl\u00e9e citoyenne rend le processus&nbsp;plus transparent. Mais les membres de l&#8217;assembl\u00e9e risquent d&#8217;\u00eatre&nbsp;moins \u00e0 l&#8217;aise&nbsp;dans leur engagement.<\/li>\n\n\n\n<li><em>L&#8217;inclusion de politicien\u00b7nes<\/em>&nbsp;augmente&nbsp;les chances qu&#8217;une assembl\u00e9e&nbsp;ait un&nbsp;impact&nbsp;sur la politique. Mais les politicien\u00b7nes pourraient&nbsp;aussi&nbsp;\u00e9touffer&nbsp;les&nbsp;citoyen\u00b7nes ordinaires.<\/li>\n\n\n\n<li>L&#8217;octroi d&#8217;une&nbsp;<em>compensation&nbsp;financi\u00e8re<\/em>&nbsp;aux participant\u00b7es garanti que des&nbsp;personnes de tous horizons&nbsp;puissent participer. Mais cela rend les assembl\u00e9es citoyennes aussi&nbsp;plus ch\u00e8res.<\/li>\n\n\n\n<li>Laisser les assembl\u00e9es citoyennes prendre des&nbsp;<em>d\u00e9cisions contraignantes<\/em>&nbsp;risque&nbsp;d&#8217;\u00e9branler&nbsp;les formes \u00e9tablies de prise de d\u00e9cision politique. D&#8217;autre part, les recommandations <em>non<\/em> contraignantes risquent de&nbsp;ne jamais \u00eatre mises en \u0153uvre.<\/li>\n<\/ul>\n","protected":false},"excerpt":{"rendered":"<p>Voici le glossaire pour l&#8217;enqu\u00eate en cours en Belgique.Klik hier voor de nederlandse versie Questions politiques Conception Compromis<\/p>\n","protected":false},"author":1001104,"featured_media":0,"parent":0,"menu_order":0,"comment_status":"closed","ping_status":"closed","template":"","meta":{"_seopress_robots_primary_cat":"","_seopress_titles_title":"","_seopress_titles_desc":"","_seopress_robots_index":"","footnotes":""},"class_list":["post-161","page","type-page","status-publish"],"_links":{"self":[{"href":"https:\/\/people.unil.ch\/seanmuller\/wp-json\/wp\/v2\/pages\/161","targetHints":{"allow":["GET"]}}],"collection":[{"href":"https:\/\/people.unil.ch\/seanmuller\/wp-json\/wp\/v2\/pages"}],"about":[{"href":"https:\/\/people.unil.ch\/seanmuller\/wp-json\/wp\/v2\/types\/page"}],"author":[{"embeddable":true,"href":"https:\/\/people.unil.ch\/seanmuller\/wp-json\/wp\/v2\/users\/1001104"}],"replies":[{"embeddable":true,"href":"https:\/\/people.unil.ch\/seanmuller\/wp-json\/wp\/v2\/comments?post=161"}],"version-history":[{"count":0,"href":"https:\/\/people.unil.ch\/seanmuller\/wp-json\/wp\/v2\/pages\/161\/revisions"}],"wp:attachment":[{"href":"https:\/\/people.unil.ch\/seanmuller\/wp-json\/wp\/v2\/media?parent=161"}],"curies":[{"name":"wp","href":"https:\/\/api.w.org\/{rel}","templated":true}]}}